{"id":9532,"date":"2025-03-11T16:42:52","date_gmt":"2025-03-11T15:42:52","guid":{"rendered":"https:\/\/rldev.dts.dmcit.tech\/ibiza\/aktivitaeten\/https-dertouristik-reiseleitung-com-ibiza-ausflug-100-ibiza-vip-i-s\/"},"modified":"2026-04-10T11:46:28","modified_gmt":"2026-04-10T09:46:28","slug":"100-ibiza-vip-dds-001-1","status":"publish","type":"product","link":"https:\/\/www.dertour-reiseleitung.com\/ibiza\/aktivitaeten\/100-ibiza-vip-dds-001-1\/","title":{"rendered":"100% Ibiza VIP"},"content":{"rendered":"<h3>Der perfekte Ausflug in kleiner Gruppe<\/h3>\n<p>Entdecken Sie die faszinierende Insel Ibiza!<\/p>\n<p>Diese Tour ist ein Muss f\u00fcr jeden Besucher und zeigt Ihnen die Vielseitigkeit und das Geheimnisvolle dieser wundersch\u00f6nen Insel. Ibiza hat viele Namen, wie Partyinsel, Hippie-Insel, Insel der Reichen und die wei\u00dfe Insel.<\/p>\n<p>Die Tour f\u00fchrt Sie durch bunte Natur und vorbei an malerischen Buchten. Erleben Sie die magische Atmosph\u00e4re mit Aussicht auf den Es Vedra Felsen und erfahren Sie die faszinierende Tanzkultur im allerersten Club der Insel, wo Sie tolle Fotos machen k\u00f6nnen.<\/p>\n<p>Faszinierende Legenden, Magie und Mehr erwarten Sie.<\/p>\n<p>Ein deutschsprachiger Reiseleiter begleitet Sie in kleiner Gruppe auf einer unvergesslichen Inseltour. Sp\u00fcren Sie den Zauber der Insel in dem kosmopolitischen \u00d6rtchen Santa Gertrudis. Echte Ibicencos zeigen ihre Gastfreundschaft bei einem Picknick auf dem Land. Auch ein Hippiemarkt wird besucht. Dieser unterhaltsame Tag bringt Sie zu den sch\u00f6nsten versteckten Pl\u00e4tzen der Insel in einer gem\u00fctlichen und entspannten Atmosph\u00e4re.<\/p>\n<p>Die sch\u00f6nsten und geheimnisvollsten Pl\u00e4tze lernen Sie am besten kennen mit jemandem, der die Insel kennt und liebt!<\/p>\n<p><strong>Ausflugsveranstalter:<\/strong> Go Vacation Spain SLU, CIF B-57828360,AVBAL\/643<\/p>\n","protected":false},"excerpt":{"rendered":"<p>Der perfekte Ausflug in kleiner Gruppe Entdecken Sie die faszinierende Insel Ibiza! Diese Tour ist ein Muss f\u00fcr jeden Besucher und zeigt Ihnen die Vielseitigkeit und das Geheimnisvolle dieser wundersch\u00f6nen Insel. Ibiza hat viele Namen, wie Partyinsel, Hippie-Insel, Insel der Reichen und die wei\u00dfe Insel. Die Tour f\u00fchrt Sie durch bunte Natur und vorbei an [&hellip;]<\/p>\n","protected":false},"featured_media":9534,"template":"","meta":{"_acf_changed":false,"ocean_post_layout":"","ocean_both_sidebars_style":"","ocean_both_sidebars_content_width":0,"ocean_both_sidebars_sidebars_width":0,"ocean_sidebar":"0","ocean_second_sidebar":"0","ocean_disable_margins":"enable","ocean_add_body_class":"","ocean_shortcode_before_top_bar":"","ocean_shortcode_after_top_bar":"","ocean_shortcode_before_header":"","ocean_shortcode_after_header":"","ocean_has_shortcode":"","ocean_shortcode_after_title":"","ocean_shortcode_before_footer_widgets":"","ocean_shortcode_after_footer_widgets":"","ocean_shortcode_before_footer_bottom":"","ocean_shortcode_after_footer_bottom":"","ocean_display_top_bar":"default","ocean_display_header":"default","ocean_header_style":"","ocean_center_header_left_menu":"0","ocean_custom_header_template":"0","ocean_custom_logo":0,"ocean_custom_retina_logo":0,"ocean_custom_logo_max_width":0,"ocean_custom_logo_tablet_max_width":0,"ocean_custom_logo_mobile_max_width":0,"ocean_custom_logo_max_height":0,"ocean_custom_logo_tablet_max_height":0,"ocean_custom_logo_mobile_max_height":0,"ocean_header_custom_menu":"0","ocean_menu_typo_font_family":"0","ocean_menu_typo_font_subset":"","ocean_menu_typo_font_size":0,"ocean_menu_typo_font_size_tablet":0,"ocean_menu_typo_font_size_mobile":0,"ocean_menu_typo_font_size_unit":"px","ocean_menu_typo_font_weight":"","ocean_menu_typo_font_weight_tablet":"","ocean_menu_typo_font_weight_mobile":"","ocean_menu_typo_transform":"","ocean_menu_typo_transform_tablet":"","ocean_menu_typo_transform_mobile":"","ocean_menu_typo_line_height":0,"ocean_menu_typo_line_height_tablet":0,"ocean_menu_typo_line_height_mobile":0,"ocean_menu_typo_line_height_unit":"","ocean_menu_typo_spacing":0,"ocean_menu_typo_spacing_tablet":0,"ocean_menu_typo_spacing_mobile":0,"ocean_menu_typo_spacing_unit":"","ocean_menu_link_color":"","ocean_menu_link_color_hover":"","ocean_menu_link_color_active":"","ocean_menu_link_background":"","ocean_menu_link_hover_background":"","ocean_menu_link_active_background":"","ocean_menu_social_links_bg":"","ocean_menu_social_hover_links_bg":"","ocean_menu_social_links_color":"","ocean_menu_social_hover_links_color":"","ocean_disable_title":"default","ocean_disable_heading":"default","ocean_post_title":"","ocean_post_subheading":"","ocean_post_title_style":"background-image","ocean_post_title_background_color":"","ocean_post_title_background":10816,"ocean_post_title_bg_image_position":"","ocean_post_title_bg_image_attachment":"","ocean_post_title_bg_image_repeat":"","ocean_post_title_bg_image_size":"","ocean_post_title_height":0,"ocean_post_title_bg_overlay":0.5,"ocean_post_title_bg_overlay_color":"","ocean_disable_breadcrumbs":"default","ocean_breadcrumbs_color":"","ocean_breadcrumbs_separator_color":"","ocean_breadcrumbs_links_color":"","ocean_breadcrumbs_links_hover_color":"","ocean_display_footer_widgets":"default","ocean_display_footer_bottom":"default","ocean_custom_footer_template":"0","omw_enable_modal_window":"enable","osh_disable_topbar_sticky":"default","osh_disable_header_sticky":"default","osh_sticky_header_style":"default","osh_sticky_header_effect":"","osh_custom_sticky_logo":0,"osh_custom_retina_sticky_logo":0,"osh_custom_sticky_logo_height":0,"osh_background_color":"","osh_links_color":"","osh_links_hover_color":"","osh_links_active_color":"","osh_links_bg_color":"","osh_links_hover_bg_color":"","osh_links_active_bg_color":"","osh_menu_social_links_color":"","osh_menu_social_hover_links_color":""},"ort":[474,469,478,471,461,466,458,463,459,462,468,465],"sichtbarkeit":[],"templateoption":[177],"product_brand":[],"product_cat":[182],"product_tag":[],"class_list":{"0":"post-9532","1":"product","2":"type-product","3":"status-publish","4":"has-post-thumbnail","6":"ort-cala-codolar","7":"ort-cala-gracio","8":"ort-cala-llonga","9":"ort-es-canar","10":"ort-figueretas","11":"ort-ibiza-stadt","12":"ort-playa-den-bossa","13":"ort-sargamassa","14":"ort-san-antonio","15":"ort-santa-eulalia","16":"ort-siesta","17":"ort-talamanca","18":"templateoption-dds","19":"product_cat-ausfluege","21":"entry","22":"has-media","24":"first","25":"instock","26":"virtual","27":"purchasable","28":"product-type-simple","29":"has-product-nav","30":"col","31":"span_1_of_3","32":"owp-content-center","33":"owp-thumbs-layout-horizontal","34":"owp-btn-normal","35":"owp-tabs-layout-section"},"acf":[],"_links":{"self":[{"href":"https:\/\/www.dertour-reiseleitung.com\/ibiza\/wp-json\/wp\/v2\/product\/9532","targetHints":{"allow":["GET"]}}],"collection":[{"href":"https:\/\/www.dertour-reiseleitung.com\/ibiza\/wp-json\/wp\/v2\/product"}],"about":[{"href":"https:\/\/www.dertour-reiseleitung.com\/ibiza\/wp-json\/wp\/v2\/types\/product"}],"version-history":[{"count":15,"href":"https:\/\/www.dertour-reiseleitung.com\/ibiza\/wp-json\/wp\/v2\/product\/9532\/revisions"}],"predecessor-version":[{"id":14350,"href":"https:\/\/www.dertour-reiseleitung.com\/ibiza\/wp-json\/wp\/v2\/product\/9532\/revisions\/14350"}],"wp:featuredmedia":[{"embeddable":true,"href":"https:\/\/www.dertour-reiseleitung.com\/ibiza\/wp-json\/wp\/v2\/media\/9534"}],"wp:attachment":[{"href":"https:\/\/www.dertour-reiseleitung.com\/ibiza\/wp-json\/wp\/v2\/media?parent=9532"}],"wp:term":[{"taxonomy":"ort","embeddable":true,"href":"https:\/\/www.dertour-reiseleitung.com\/ibiza\/wp-json\/wp\/v2\/ort?post=9532"},{"taxonomy":"sichtbarkeit","embeddable":true,"href":"https:\/\/www.dertour-reiseleitung.com\/ibiza\/wp-json\/wp\/v2\/sichtbarkeit?post=9532"},{"taxonomy":"templateoption","embeddable":true,"href":"https:\/\/www.dertour-reiseleitung.com\/ibiza\/wp-json\/wp\/v2\/templateoption?post=9532"},{"taxonomy":"product_brand","embeddable":true,"href":"https:\/\/www.dertour-reiseleitung.com\/ibiza\/wp-json\/wp\/v2\/product_brand?post=9532"},{"taxonomy":"product_cat","embeddable":true,"href":"https:\/\/www.dertour-reiseleitung.com\/ibiza\/wp-json\/wp\/v2\/product_cat?post=9532"},{"taxonomy":"product_tag","embeddable":true,"href":"https:\/\/www.dertour-reiseleitung.com\/ibiza\/wp-json\/wp\/v2\/product_tag?post=9532"}],"curies":[{"name":"wp","href":"https:\/\/api.w.org\/{rel}","templated":true}]}}