{"id":9581,"date":"2025-03-11T16:42:52","date_gmt":"2025-03-11T15:42:52","guid":{"rendered":"https:\/\/rldev.dts.dmcit.tech\/ibiza\/aktivitaeten\/https-dertouristik-reiseleitung-com-ibiza-ausflug-stadt-abenteuer-ibiza\/"},"modified":"2026-05-01T12:49:08","modified_gmt":"2026-05-01T10:49:08","slug":"stadt-abenteuer-ibiza-dds-011-1","status":"publish","type":"product","link":"https:\/\/www.dertour-reiseleitung.com\/ibiza\/aktivitaeten\/stadt-abenteuer-ibiza-dds-011-1\/","title":{"rendered":"Stadt-Abenteuer Ibiza"},"content":{"rendered":"<h3>Entdecken Sie Ibiza Stadt!<\/h3>\n<p><strong>SMARTPHONE<\/strong><br \/>\nEntdecken Sie Ibiza Stadt auf eigene Faust mit dieser unterhaltsamen und informativen Tour. Sie entscheiden wann Sie die Tour laufen. Lassen Sie sich \u00fcber Ihr Smartphone von Korsar Antonio Riquer auf einer interaktiven Tour durch Ibiza Stadt f\u00fchren.<\/p>\n<p><strong>UNESCO<\/strong><br \/>\nDie Hauptstadt Ibiza hat eine Geschichte, die 2500 Jahre zur\u00fcck geht. Ein Teil der Stadt ist Dalt Vila, das auf der Liste des UNESCO-Weltkulturerbes steht. Schlendern Sie durch die kleinen Gassen und tauchen Sie ein in fr\u00fchere Zeiten. W\u00e4hrend dieser interaktiven Tour<br \/>\nerfahren Sie mehr \u00fcber die faszinierende und bunte Geschichte dieser lebhaften Stadt.<\/p>\n<p><strong>WALK &amp; PLAY<\/strong><br \/>\nDie Tour enth\u00e4lt Aufgaben und Fragen um die Stadt auf spielerische Weise zu entdecken und besser kennen zu lernen. Nebenbei entdecken Sie die herrlichsten Aussichtspl\u00e4tze. Mit einen Ticket k\u00f6nnen bis zu 4 Personen zur Tour aufbrechen. Genie\u00dfen Sie eine unterhaltsame Tour und entdecken Sie Ibiza Stadt gemeinsam.<\/p>\n<p><strong>Startpunkt:<\/strong> Hafen von Ibiza Stadt<br \/>\n<strong>Distanz:<\/strong> ca. 5km<br \/>\n<strong>Hinweis:<\/strong> Die Startzeit und die Dauer des Ausfluges k\u00f6nnen Sie individuell bestimmen.<\/p>\n<p><strong>Ausflugsveranstalter:<\/strong> Go Vacation Spain SLU, CIF B-57828360, AVBAL\/643<\/p>\n","protected":false},"excerpt":{"rendered":"<p>Entdecken Sie Ibiza Stadt! SMARTPHONE Entdecken Sie Ibiza Stadt auf eigene Faust mit dieser unterhaltsamen und informativen Tour. Sie entscheiden wann Sie die Tour laufen. Lassen Sie sich \u00fcber Ihr Smartphone von Korsar Antonio Riquer auf einer interaktiven Tour durch Ibiza Stadt f\u00fchren. UNESCO Die Hauptstadt Ibiza hat eine Geschichte, die 2500 Jahre zur\u00fcck geht. [&hellip;]<\/p>\n","protected":false},"featured_media":9583,"template":"","meta":{"_acf_changed":false,"ocean_post_layout":"","ocean_both_sidebars_style":"","ocean_both_sidebars_content_width":0,"ocean_both_sidebars_sidebars_width":0,"ocean_sidebar":"0","ocean_second_sidebar":"0","ocean_disable_margins":"enable","ocean_add_body_class":"","ocean_shortcode_before_top_bar":"","ocean_shortcode_after_top_bar":"","ocean_shortcode_before_header":"","ocean_shortcode_after_header":"","ocean_has_shortcode":"","ocean_shortcode_after_title":"","ocean_shortcode_before_footer_widgets":"","ocean_shortcode_after_footer_widgets":"","ocean_shortcode_before_footer_bottom":"","ocean_shortcode_after_footer_bottom":"","ocean_display_top_bar":"default","ocean_display_header":"default","ocean_header_style":"","ocean_center_header_left_menu":"0","ocean_custom_header_template":"0","ocean_custom_logo":0,"ocean_custom_retina_logo":0,"ocean_custom_logo_max_width":0,"ocean_custom_logo_tablet_max_width":0,"ocean_custom_logo_mobile_max_width":0,"ocean_custom_logo_max_height":0,"ocean_custom_logo_tablet_max_height":0,"ocean_custom_logo_mobile_max_height":0,"ocean_header_custom_menu":"0","ocean_menu_typo_font_family":"0","ocean_menu_typo_font_subset":"","ocean_menu_typo_font_size":0,"ocean_menu_typo_font_size_tablet":0,"ocean_menu_typo_font_size_mobile":0,"ocean_menu_typo_font_size_unit":"px","ocean_menu_typo_font_weight":"","ocean_menu_typo_font_weight_tablet":"","ocean_menu_typo_font_weight_mobile":"","ocean_menu_typo_transform":"","ocean_menu_typo_transform_tablet":"","ocean_menu_typo_transform_mobile":"","ocean_menu_typo_line_height":0,"ocean_menu_typo_line_height_tablet":0,"ocean_menu_typo_line_height_mobile":0,"ocean_menu_typo_line_height_unit":"","ocean_menu_typo_spacing":0,"ocean_menu_typo_spacing_tablet":0,"ocean_menu_typo_spacing_mobile":0,"ocean_menu_typo_spacing_unit":"","ocean_menu_link_color":"","ocean_menu_link_color_hover":"","ocean_menu_link_color_active":"","ocean_menu_link_background":"","ocean_menu_link_hover_background":"","ocean_menu_link_active_background":"","ocean_menu_social_links_bg":"","ocean_menu_social_hover_links_bg":"","ocean_menu_social_links_color":"","ocean_menu_social_hover_links_color":"","ocean_disable_title":"default","ocean_disable_heading":"default","ocean_post_title":"","ocean_post_subheading":"","ocean_post_title_style":"background-image","ocean_post_title_background_color":"","ocean_post_title_background":9591,"ocean_post_title_bg_image_position":"","ocean_post_title_bg_image_attachment":"","ocean_post_title_bg_image_repeat":"","ocean_post_title_bg_image_size":"","ocean_post_title_height":0,"ocean_post_title_bg_overlay":0.5,"ocean_post_title_bg_overlay_color":"","ocean_disable_breadcrumbs":"default","ocean_breadcrumbs_color":"","ocean_breadcrumbs_separator_color":"","ocean_breadcrumbs_links_color":"","ocean_breadcrumbs_links_hover_color":"","ocean_display_footer_widgets":"default","ocean_display_footer_bottom":"default","ocean_custom_footer_template":"0","omw_enable_modal_window":"enable","osh_disable_topbar_sticky":"default","osh_disable_header_sticky":"default","osh_sticky_header_style":"default","osh_sticky_header_effect":"","osh_custom_sticky_logo":0,"osh_custom_retina_sticky_logo":0,"osh_custom_sticky_logo_height":0,"osh_background_color":"","osh_links_color":"","osh_links_hover_color":"","osh_links_active_color":"","osh_links_bg_color":"","osh_links_hover_bg_color":"","osh_links_active_bg_color":"","osh_menu_social_links_color":"","osh_menu_social_hover_links_color":""},"ort":[474,475,469,481,478,476,467,471,461,466,458,460,463,459,464,462,468,465],"sichtbarkeit":[],"templateoption":[177],"product_brand":[],"product_cat":[182],"product_tag":[],"class_list":{"0":"post-9581","1":"product","2":"type-product","3":"status-publish","4":"has-post-thumbnail","6":"ort-cala-codolar","7":"ort-cala-figueral","8":"ort-cala-gracio","9":"ort-cala-llenya","10":"ort-cala-llonga","11":"ort-cala-san-vicente","12":"ort-cala-tarida","13":"ort-es-canar","14":"ort-figueretas","15":"ort-ibiza-stadt","16":"ort-playa-den-bossa","17":"ort-portinatx","18":"ort-sargamassa","19":"ort-san-antonio","20":"ort-san-miguel","21":"ort-santa-eulalia","22":"ort-siesta","23":"ort-talamanca","24":"templateoption-dds","25":"product_cat-ausfluege","27":"entry","28":"has-media","30":"first","31":"instock","32":"virtual","33":"purchasable","34":"product-type-simple","35":"has-product-nav","36":"col","37":"span_1_of_3","38":"owp-content-center","39":"owp-thumbs-layout-horizontal","40":"owp-btn-normal","41":"owp-tabs-layout-section"},"acf":[],"_links":{"self":[{"href":"https:\/\/www.dertour-reiseleitung.com\/ibiza\/wp-json\/wp\/v2\/product\/9581","targetHints":{"allow":["GET"]}}],"collection":[{"href":"https:\/\/www.dertour-reiseleitung.com\/ibiza\/wp-json\/wp\/v2\/product"}],"about":[{"href":"https:\/\/www.dertour-reiseleitung.com\/ibiza\/wp-json\/wp\/v2\/types\/product"}],"version-history":[{"count":7,"href":"https:\/\/www.dertour-reiseleitung.com\/ibiza\/wp-json\/wp\/v2\/product\/9581\/revisions"}],"predecessor-version":[{"id":14685,"href":"https:\/\/www.dertour-reiseleitung.com\/ibiza\/wp-json\/wp\/v2\/product\/9581\/revisions\/14685"}],"wp:featuredmedia":[{"embeddable":true,"href":"https:\/\/www.dertour-reiseleitung.com\/ibiza\/wp-json\/wp\/v2\/media\/9583"}],"wp:attachment":[{"href":"https:\/\/www.dertour-reiseleitung.com\/ibiza\/wp-json\/wp\/v2\/media?parent=9581"}],"wp:term":[{"taxonomy":"ort","embeddable":true,"href":"https:\/\/www.dertour-reiseleitung.com\/ibiza\/wp-json\/wp\/v2\/ort?post=9581"},{"taxonomy":"sichtbarkeit","embeddable":true,"href":"https:\/\/www.dertour-reiseleitung.com\/ibiza\/wp-json\/wp\/v2\/sichtbarkeit?post=9581"},{"taxonomy":"templateoption","embeddable":true,"href":"https:\/\/www.dertour-reiseleitung.com\/ibiza\/wp-json\/wp\/v2\/templateoption?post=9581"},{"taxonomy":"product_brand","embeddable":true,"href":"https:\/\/www.dertour-reiseleitung.com\/ibiza\/wp-json\/wp\/v2\/product_brand?post=9581"},{"taxonomy":"product_cat","embeddable":true,"href":"https:\/\/www.dertour-reiseleitung.com\/ibiza\/wp-json\/wp\/v2\/product_cat?post=9581"},{"taxonomy":"product_tag","embeddable":true,"href":"https:\/\/www.dertour-reiseleitung.com\/ibiza\/wp-json\/wp\/v2\/product_tag?post=9581"}],"curies":[{"name":"wp","href":"https:\/\/api.w.org\/{rel}","templated":true}]}}