{"id":9759,"date":"2025-03-11T16:49:34","date_gmt":"2025-03-11T15:49:34","guid":{"rendered":"https:\/\/rldev.dts.dmcit.tech\/ibiza\/aktivitaeten\/https-dertouristik-reiseleitung-com-ibiza-ausflug-formentera-bus-ab-cala-figueral-san-miguel-portinatx-cala-tarida\/"},"modified":"2026-04-10T11:48:44","modified_gmt":"2026-04-10T09:48:44","slug":"formentera-bus-dds-014-2","status":"publish","type":"product","link":"https:\/\/www.dertour-reiseleitung.com\/ibiza\/aktivitaeten\/formentera-bus-dds-014-2\/","title":{"rendered":"Formentera Bus"},"content":{"rendered":"<h3>Insel des Lichts und der Farbe<\/h3>\n<p>Entdecken Sie Formentera, das Juwel der Balearen. Bei der Schiffs\u00fcberfahrt k\u00f6nnen Sie die Altstadt Ibizas von der Seeseite aus betrachten, w\u00e4hrend Sie in der Ferne die kleine Schwesterinsel erwartet.<\/p>\n<p>Starten Sie Ihre Inseltour bequem im klimatisierten Reisebus. Besuchen Sie die Inselhauptstadt Sant Francesc de Formentera und genie\u00dfen Sie das atemberaubende Farbenspiel, welches Sie von der Aussichtsplattform El Mirador entdecken k\u00f6nnen. Sp\u00fcren Sie den Geist des weltber\u00fchmten Schriftstellers Jules Verne, der dort im Leuchtturm von La Mola das Buch \u201eDie Reise durch das Sonnensystem\u201c schrieb.<\/p>\n<p>Das Gef\u00fchl, in der Karibik zu sein, \u00fcberkommt Sie beim Schwimmen und Br\u00e4unen an den Traumstr\u00e4nden der kleinsten Insel der Pityusen.<\/p>\n<p><strong>Hinweis:<\/strong> Bei diesem Ausflug ist das Schiffsticket inklusive.<\/p>\n<p><strong>Ausflugsveranstalter:<\/strong> Go Vacation Spain SLU, CIF B-57828360, AVBAL\/643<\/p>\n","protected":false},"excerpt":{"rendered":"<p>Insel des Lichts und der Farbe Entdecken Sie Formentera, das Juwel der Balearen. Bei der Schiffs\u00fcberfahrt k\u00f6nnen Sie die Altstadt Ibizas von der Seeseite aus betrachten, w\u00e4hrend Sie in der Ferne die kleine Schwesterinsel erwartet. Starten Sie Ihre Inseltour bequem im klimatisierten Reisebus. Besuchen Sie die Inselhauptstadt Sant Francesc de Formentera und genie\u00dfen Sie das [&hellip;]<\/p>\n","protected":false},"featured_media":9561,"template":"","meta":{"_acf_changed":false,"ocean_post_layout":"","ocean_both_sidebars_style":"","ocean_both_sidebars_content_width":0,"ocean_both_sidebars_sidebars_width":0,"ocean_sidebar":"0","ocean_second_sidebar":"0","ocean_disable_margins":"enable","ocean_add_body_class":"","ocean_shortcode_before_top_bar":"","ocean_shortcode_after_top_bar":"","ocean_shortcode_before_header":"","ocean_shortcode_after_header":"","ocean_has_shortcode":"","ocean_shortcode_after_title":"","ocean_shortcode_before_footer_widgets":"","ocean_shortcode_after_footer_widgets":"","ocean_shortcode_before_footer_bottom":"","ocean_shortcode_after_footer_bottom":"","ocean_display_top_bar":"default","ocean_display_header":"default","ocean_header_style":"","ocean_center_header_left_menu":"0","ocean_custom_header_template":"0","ocean_custom_logo":0,"ocean_custom_retina_logo":0,"ocean_custom_logo_max_width":0,"ocean_custom_logo_tablet_max_width":0,"ocean_custom_logo_mobile_max_width":0,"ocean_custom_logo_max_height":0,"ocean_custom_logo_tablet_max_height":0,"ocean_custom_logo_mobile_max_height":0,"ocean_header_custom_menu":"0","ocean_menu_typo_font_family":"0","ocean_menu_typo_font_subset":"","ocean_menu_typo_font_size":0,"ocean_menu_typo_font_size_tablet":0,"ocean_menu_typo_font_size_mobile":0,"ocean_menu_typo_font_size_unit":"px","ocean_menu_typo_font_weight":"","ocean_menu_typo_font_weight_tablet":"","ocean_menu_typo_font_weight_mobile":"","ocean_menu_typo_transform":"","ocean_menu_typo_transform_tablet":"","ocean_menu_typo_transform_mobile":"","ocean_menu_typo_line_height":0,"ocean_menu_typo_line_height_tablet":0,"ocean_menu_typo_line_height_mobile":0,"ocean_menu_typo_line_height_unit":"","ocean_menu_typo_spacing":0,"ocean_menu_typo_spacing_tablet":0,"ocean_menu_typo_spacing_mobile":0,"ocean_menu_typo_spacing_unit":"","ocean_menu_link_color":"","ocean_menu_link_color_hover":"","ocean_menu_link_color_active":"","ocean_menu_link_background":"","ocean_menu_link_hover_background":"","ocean_menu_link_active_background":"","ocean_menu_social_links_bg":"","ocean_menu_social_hover_links_bg":"","ocean_menu_social_links_color":"","ocean_menu_social_hover_links_color":"","ocean_disable_title":"default","ocean_disable_heading":"default","ocean_post_title":"","ocean_post_subheading":"","ocean_post_title_style":"background-image","ocean_post_title_background_color":"","ocean_post_title_background":9565,"ocean_post_title_bg_image_position":"","ocean_post_title_bg_image_attachment":"","ocean_post_title_bg_image_repeat":"","ocean_post_title_bg_image_size":"","ocean_post_title_height":0,"ocean_post_title_bg_overlay":0.5,"ocean_post_title_bg_overlay_color":"","ocean_disable_breadcrumbs":"default","ocean_breadcrumbs_color":"","ocean_breadcrumbs_separator_color":"","ocean_breadcrumbs_links_color":"","ocean_breadcrumbs_links_hover_color":"","ocean_display_footer_widgets":"default","ocean_display_footer_bottom":"default","ocean_custom_footer_template":"0","omw_enable_modal_window":"enable","osh_disable_topbar_sticky":"default","osh_disable_header_sticky":"default","osh_sticky_header_style":"default","osh_sticky_header_effect":"","osh_custom_sticky_logo":0,"osh_custom_retina_sticky_logo":0,"osh_custom_sticky_logo_height":0,"osh_background_color":"","osh_links_color":"","osh_links_hover_color":"","osh_links_active_color":"","osh_links_bg_color":"","osh_links_hover_bg_color":"","osh_links_active_bg_color":"","osh_menu_social_links_color":"","osh_menu_social_hover_links_color":""},"ort":[474,475,467,460,464],"sichtbarkeit":[],"templateoption":[177],"product_brand":[],"product_cat":[182],"product_tag":[],"class_list":{"0":"post-9759","1":"product","2":"type-product","3":"status-publish","4":"has-post-thumbnail","6":"ort-cala-codolar","7":"ort-cala-figueral","8":"ort-cala-tarida","9":"ort-portinatx","10":"ort-san-miguel","11":"templateoption-dds","12":"product_cat-ausfluege","14":"entry","15":"has-media","17":"first","18":"instock","19":"virtual","20":"purchasable","21":"product-type-simple","22":"has-product-nav","23":"col","24":"span_1_of_3","25":"owp-content-center","26":"owp-thumbs-layout-horizontal","27":"owp-btn-normal","28":"owp-tabs-layout-section"},"acf":[],"_links":{"self":[{"href":"https:\/\/www.dertour-reiseleitung.com\/ibiza\/wp-json\/wp\/v2\/product\/9759","targetHints":{"allow":["GET"]}}],"collection":[{"href":"https:\/\/www.dertour-reiseleitung.com\/ibiza\/wp-json\/wp\/v2\/product"}],"about":[{"href":"https:\/\/www.dertour-reiseleitung.com\/ibiza\/wp-json\/wp\/v2\/types\/product"}],"version-history":[{"count":6,"href":"https:\/\/www.dertour-reiseleitung.com\/ibiza\/wp-json\/wp\/v2\/product\/9759\/revisions"}],"predecessor-version":[{"id":14363,"href":"https:\/\/www.dertour-reiseleitung.com\/ibiza\/wp-json\/wp\/v2\/product\/9759\/revisions\/14363"}],"wp:featuredmedia":[{"embeddable":true,"href":"https:\/\/www.dertour-reiseleitung.com\/ibiza\/wp-json\/wp\/v2\/media\/9561"}],"wp:attachment":[{"href":"https:\/\/www.dertour-reiseleitung.com\/ibiza\/wp-json\/wp\/v2\/media?parent=9759"}],"wp:term":[{"taxonomy":"ort","embeddable":true,"href":"https:\/\/www.dertour-reiseleitung.com\/ibiza\/wp-json\/wp\/v2\/ort?post=9759"},{"taxonomy":"sichtbarkeit","embeddable":true,"href":"https:\/\/www.dertour-reiseleitung.com\/ibiza\/wp-json\/wp\/v2\/sichtbarkeit?post=9759"},{"taxonomy":"templateoption","embeddable":true,"href":"https:\/\/www.dertour-reiseleitung.com\/ibiza\/wp-json\/wp\/v2\/templateoption?post=9759"},{"taxonomy":"product_brand","embeddable":true,"href":"https:\/\/www.dertour-reiseleitung.com\/ibiza\/wp-json\/wp\/v2\/product_brand?post=9759"},{"taxonomy":"product_cat","embeddable":true,"href":"https:\/\/www.dertour-reiseleitung.com\/ibiza\/wp-json\/wp\/v2\/product_cat?post=9759"},{"taxonomy":"product_tag","embeddable":true,"href":"https:\/\/www.dertour-reiseleitung.com\/ibiza\/wp-json\/wp\/v2\/product_tag?post=9759"}],"curies":[{"name":"wp","href":"https:\/\/api.w.org\/{rel}","templated":true}]}}