{"id":11362,"date":"2025-07-25T12:45:39","date_gmt":"2025-07-25T09:45:39","guid":{"rendered":"https:\/\/www.dertour-reiseleitung.com\/korfu\/?post_type=product&#038;p=11362"},"modified":"2026-04-14T14:00:34","modified_gmt":"2026-04-14T11:00:34","slug":"sunset-tour-dds-013-1","status":"publish","type":"product","link":"https:\/\/www.dertour-reiseleitung.com\/korfu\/aktivitaeten\/sunset-tour-dds-013-1\/","title":{"rendered":"Sunset Tour"},"content":{"rendered":"<h3>Altstadtbummel mit anschlie\u00dfender Abendbootsfahrt nach Kanoni<\/h3>\n<p>Dieser Ausflug ist die perfekte Mischung aus Sightseeing, Shopping und einer malerischen Bootsfahrt.<\/p>\n<p>Erkunden Sie am Nachmittag ab ca. 16:00 Uhr auf eigene Faust die charmante Inselhauptstadt. Probieren Sie lokale Spezialit\u00e4ten in den zahlreichen Caf\u00e9s und Tavernen rund um die Promenade am Liston. Erstehen Sie handgefertigten Schmuck und traditionelle korfiotische Produkte in den kleinen L\u00e4den der verwinkelten Gassen.<\/p>\n<p>Am Abend gehen Sie im Hafen von Bord zum n\u00e4chsten Highlight. Genie\u00dfen Sie bei einem Glas Wein oder einem Erfrischungsgetr\u00e4nk (inklusive) die atemberaubende Aussicht vom Schiff aus auf die Altstadt mit der imposanten Venezianischen Alten Festung und den vorgelagerten Inselchen. Sie schippern entlang der Bucht von Garitsa und ihren Yachten, am Mon-Repos-Park vorbei, bis nach Kanoni.<\/p>\n<p>Sie werden auch die Gelegenheit haben, sich im k\u00fchlen Meer zu erfrischen. Der Sonnenuntergang bei der M\u00e4useinsel und vorbeifliegende Flugzeuge garantieren tolle Fotos.<\/p>\n<p>Die R\u00fcckkehr treten Sie dann mit Live-DJ unter einem funkelnden Sternenhimmel an.<\/p>\n<p>Zur\u00fcck im Hafen erfolgt die Fahrt zu den Hotels gegen 22:00 Uhr.<\/p>\n<p><strong>Ausflugsveranstalter:<\/strong> DTS Incoming Hellas S.A.<\/p>\n","protected":false},"excerpt":{"rendered":"<p>Altstadtbummel mit anschlie\u00dfender Abendbootsfahrt nach Kanoni Dieser Ausflug ist die perfekte Mischung aus Sightseeing, Shopping und einer malerischen Bootsfahrt. Erkunden Sie am Nachmittag ab ca. 16:00 Uhr auf eigene Faust die charmante Inselhauptstadt. Probieren Sie lokale Spezialit\u00e4ten in den zahlreichen Caf\u00e9s und Tavernen rund um die Promenade am Liston. Erstehen Sie handgefertigten Schmuck und traditionelle [&hellip;]<\/p>\n","protected":false},"featured_media":11364,"template":"","meta":{"_acf_changed":false,"ocean_post_layout":"","ocean_both_sidebars_style":"","ocean_both_sidebars_content_width":0,"ocean_both_sidebars_sidebars_width":0,"ocean_sidebar":"0","ocean_second_sidebar":"0","ocean_disable_margins":"enable","ocean_add_body_class":"","ocean_shortcode_before_top_bar":"","ocean_shortcode_after_top_bar":"","ocean_shortcode_before_header":"","ocean_shortcode_after_header":"","ocean_has_shortcode":"","ocean_shortcode_after_title":"","ocean_shortcode_before_footer_widgets":"","ocean_shortcode_after_footer_widgets":"","ocean_shortcode_before_footer_bottom":"","ocean_shortcode_after_footer_bottom":"","ocean_display_top_bar":"default","ocean_display_header":"default","ocean_header_style":"","ocean_center_header_left_menu":"0","ocean_custom_header_template":"0","ocean_custom_logo":0,"ocean_custom_retina_logo":0,"ocean_custom_logo_max_width":0,"ocean_custom_logo_tablet_max_width":0,"ocean_custom_logo_mobile_max_width":0,"ocean_custom_logo_max_height":0,"ocean_custom_logo_tablet_max_height":0,"ocean_custom_logo_mobile_max_height":0,"ocean_header_custom_menu":"0","ocean_menu_typo_font_family":"0","ocean_menu_typo_font_subset":"","ocean_menu_typo_font_size":0,"ocean_menu_typo_font_size_tablet":0,"ocean_menu_typo_font_size_mobile":0,"ocean_menu_typo_font_size_unit":"px","ocean_menu_typo_font_weight":"","ocean_menu_typo_font_weight_tablet":"","ocean_menu_typo_font_weight_mobile":"","ocean_menu_typo_transform":"","ocean_menu_typo_transform_tablet":"","ocean_menu_typo_transform_mobile":"","ocean_menu_typo_line_height":0,"ocean_menu_typo_line_height_tablet":0,"ocean_menu_typo_line_height_mobile":0,"ocean_menu_typo_line_height_unit":"","ocean_menu_typo_spacing":0,"ocean_menu_typo_spacing_tablet":0,"ocean_menu_typo_spacing_mobile":0,"ocean_menu_typo_spacing_unit":"","ocean_menu_link_color":"","ocean_menu_link_color_hover":"","ocean_menu_link_color_active":"","ocean_menu_link_background":"","ocean_menu_link_hover_background":"","ocean_menu_link_active_background":"","ocean_menu_social_links_bg":"","ocean_menu_social_hover_links_bg":"","ocean_menu_social_links_color":"","ocean_menu_social_hover_links_color":"","ocean_disable_title":"default","ocean_disable_heading":"default","ocean_post_title":"","ocean_post_subheading":"","ocean_post_title_style":"background-image","ocean_post_title_background_color":"","ocean_post_title_background":11629,"ocean_post_title_bg_image_position":"","ocean_post_title_bg_image_attachment":"","ocean_post_title_bg_image_repeat":"","ocean_post_title_bg_image_size":"","ocean_post_title_height":0,"ocean_post_title_bg_overlay":0.5,"ocean_post_title_bg_overlay_color":"","ocean_disable_breadcrumbs":"default","ocean_breadcrumbs_color":"","ocean_breadcrumbs_separator_color":"","ocean_breadcrumbs_links_color":"","ocean_breadcrumbs_links_hover_color":"","ocean_display_footer_widgets":"default","ocean_display_footer_bottom":"default","ocean_custom_footer_template":"0","omw_enable_modal_window":"enable","osh_disable_topbar_sticky":"default","osh_disable_header_sticky":"default","osh_sticky_header_style":"default","osh_sticky_header_effect":"","osh_custom_sticky_logo":0,"osh_custom_retina_sticky_logo":0,"osh_custom_sticky_logo_height":0,"osh_background_color":"","osh_links_color":"","osh_links_hover_color":"","osh_links_active_color":"","osh_links_bg_color":"","osh_links_hover_bg_color":"","osh_links_active_bg_color":"","osh_menu_social_links_color":"","osh_menu_social_hover_links_color":""},"ort":[536,517,537,532,525,528,515,516,530,524,533,527,529,531,534,538,526,535],"sichtbarkeit":[],"templateoption":[179],"product_brand":[],"product_cat":[182],"product_tag":[],"class_list":{"0":"post-11362","1":"product","2":"type-product","3":"status-publish","4":"has-post-thumbnail","6":"ort-acharavi","7":"ort-agios-gordios","8":"ort-almyros","9":"ort-alykes","10":"ort-barbati","11":"ort-dassia","12":"ort-ermones","13":"ort-glyfada","14":"ort-gouvia","15":"ort-kalami","16":"ort-kanoni","17":"ort-kato-korakiana","18":"ort-kommeno","19":"ort-kontokali","20":"ort-korfu-stadt","21":"ort-perithia","22":"ort-pyrgi","23":"ort-roda","24":"templateoption-dertrip-bc","25":"product_cat-ausfluege","27":"entry","28":"has-media","30":"first","31":"instock","32":"virtual","33":"purchasable","34":"product-type-simple","35":"has-product-nav","36":"col","37":"span_1_of_3","38":"owp-content-center","39":"owp-thumbs-layout-horizontal","40":"owp-btn-normal","41":"owp-tabs-layout-section"},"acf":[],"_links":{"self":[{"href":"https:\/\/www.dertour-reiseleitung.com\/korfu\/wp-json\/wp\/v2\/product\/11362","targetHints":{"allow":["GET"]}}],"collection":[{"href":"https:\/\/www.dertour-reiseleitung.com\/korfu\/wp-json\/wp\/v2\/product"}],"about":[{"href":"https:\/\/www.dertour-reiseleitung.com\/korfu\/wp-json\/wp\/v2\/types\/product"}],"version-history":[{"count":10,"href":"https:\/\/www.dertour-reiseleitung.com\/korfu\/wp-json\/wp\/v2\/product\/11362\/revisions"}],"predecessor-version":[{"id":13133,"href":"https:\/\/www.dertour-reiseleitung.com\/korfu\/wp-json\/wp\/v2\/product\/11362\/revisions\/13133"}],"wp:featuredmedia":[{"embeddable":true,"href":"https:\/\/www.dertour-reiseleitung.com\/korfu\/wp-json\/wp\/v2\/media\/11364"}],"wp:attachment":[{"href":"https:\/\/www.dertour-reiseleitung.com\/korfu\/wp-json\/wp\/v2\/media?parent=11362"}],"wp:term":[{"taxonomy":"ort","embeddable":true,"href":"https:\/\/www.dertour-reiseleitung.com\/korfu\/wp-json\/wp\/v2\/ort?post=11362"},{"taxonomy":"sichtbarkeit","embeddable":true,"href":"https:\/\/www.dertour-reiseleitung.com\/korfu\/wp-json\/wp\/v2\/sichtbarkeit?post=11362"},{"taxonomy":"templateoption","embeddable":true,"href":"https:\/\/www.dertour-reiseleitung.com\/korfu\/wp-json\/wp\/v2\/templateoption?post=11362"},{"taxonomy":"product_brand","embeddable":true,"href":"https:\/\/www.dertour-reiseleitung.com\/korfu\/wp-json\/wp\/v2\/product_brand?post=11362"},{"taxonomy":"product_cat","embeddable":true,"href":"https:\/\/www.dertour-reiseleitung.com\/korfu\/wp-json\/wp\/v2\/product_cat?post=11362"},{"taxonomy":"product_tag","embeddable":true,"href":"https:\/\/www.dertour-reiseleitung.com\/korfu\/wp-json\/wp\/v2\/product_tag?post=11362"}],"curies":[{"name":"wp","href":"https:\/\/api.w.org\/{rel}","templated":true}]}}