{"id":9651,"date":"2025-03-23T17:50:34","date_gmt":"2025-03-23T16:50:34","guid":{"rendered":"https:\/\/www.dertour-reiseleitung.com\/korfu\/aktivitaeten\/jeep-safari\/"},"modified":"2026-04-14T13:17:44","modified_gmt":"2026-04-14T10:17:44","slug":"jeep-safari-dds-008-1","status":"publish","type":"product","link":"https:\/\/www.dertour-reiseleitung.com\/korfu\/aktivitaeten\/jeep-safari-dds-008-1\/","title":{"rendered":"Jeep Safari"},"content":{"rendered":"<h3>Sicher eine besondere Art, Ihre Urlaubsinsel kennenzulernen<\/h3>\n<p>Abgelegene Pfade, traumhafte Aussichten, vom Tourismus unber\u00fchrte D\u00f6rfer und \u00fcber allem ein Hauch von Abenteuer \u2013 das erwartet Sie bei einem Trip mit dem Gel\u00e4ndewagen.<\/p>\n<p>Zun\u00e4chst werden Sie per Jeep oder Bus zum Ausgangspunkt nach Gouvia gebracht und von dort starten Sie, einer schmalen Stra\u00dfe folgend, zur friedlichen Siedlung von Poulades, umgeben von \u00fcppig gr\u00fcner Landschaft.<\/p>\n<p>Den nord-\u00f6stlichen Teil des Feuchtgebiets Ropavalley durchquerend, geht es zum traditionellen Dorf Doukades und von dort weiter nach Aleimatades. Das Dorf liegt in der bergigen Nord-West Region der Insel und bietet einen fantastischen Ausblick auf Korfu Stadt und die gesamte Ostk\u00fcste.<\/p>\n<p>Dann geht es \u00fcber den Troumpeta Pass weiter auf einer Schotterstra\u00dfe durch unber\u00fchrte Natur, entlang dem Hang des Pantokrator Berges, dem h\u00f6chsten Gipfel der Insel. Fernab von asphaltierten Stra\u00dfen f\u00fchrt die Route durch typisch korfiotische D\u00f6rfer nach Strinilas. Hier haben Sie die Gelegenheit in einer traditionellen Taverne zum Mittagessen einzukehren (nicht inklusive).<\/p>\n<p>Nach einer Pause geht es weiter nach Paleo Perithia \u2013 eine der \u00e4ltesten, aus Stein erbauten Siedlung der Insel und Weltkulturerbe. Abgelegen und umgeben vom Duft wilden Oreganos, Salbeis und Thymians erscheint das Dorf wie ein Fenster in die Vergangenheit.<\/p>\n<p>Der alten einheimischen Serpentinenstra\u00dfe folgend f\u00fchrt der Weg durch Lafki, Petalia und Spartillas, an uralten Olivenb\u00e4umen vorbei, entlang einer malerischen Panoramastra\u00dfe zur\u00fcck nach Gouvia.<\/p>\n<p><strong>Ausflugsveranstalter:<\/strong> DTS Incoming Hellas S.A.<\/p>\n","protected":false},"excerpt":{"rendered":"<p>Sicher eine besondere Art, Ihre Urlaubsinsel kennenzulernen Abgelegene Pfade, traumhafte Aussichten, vom Tourismus unber\u00fchrte D\u00f6rfer und \u00fcber allem ein Hauch von Abenteuer \u2013 das erwartet Sie bei einem Trip mit dem Gel\u00e4ndewagen. Zun\u00e4chst werden Sie per Jeep oder Bus zum Ausgangspunkt nach Gouvia gebracht und von dort starten Sie, einer schmalen Stra\u00dfe folgend, zur friedlichen [&hellip;]<\/p>\n","protected":false},"featured_media":9654,"template":"","meta":{"_acf_changed":false,"ocean_post_layout":"","ocean_both_sidebars_style":"","ocean_both_sidebars_content_width":0,"ocean_both_sidebars_sidebars_width":0,"ocean_sidebar":"0","ocean_second_sidebar":"0","ocean_disable_margins":"enable","ocean_add_body_class":"","ocean_shortcode_before_top_bar":"","ocean_shortcode_after_top_bar":"","ocean_shortcode_before_header":"","ocean_shortcode_after_header":"","ocean_has_shortcode":"","ocean_shortcode_after_title":"","ocean_shortcode_before_footer_widgets":"","ocean_shortcode_after_footer_widgets":"","ocean_shortcode_before_footer_bottom":"","ocean_shortcode_after_footer_bottom":"","ocean_display_top_bar":"default","ocean_display_header":"default","ocean_header_style":"","ocean_center_header_left_menu":"0","ocean_custom_header_template":"0","ocean_custom_logo":0,"ocean_custom_retina_logo":0,"ocean_custom_logo_max_width":0,"ocean_custom_logo_tablet_max_width":0,"ocean_custom_logo_mobile_max_width":0,"ocean_custom_logo_max_height":0,"ocean_custom_logo_tablet_max_height":0,"ocean_custom_logo_mobile_max_height":0,"ocean_header_custom_menu":"0","ocean_menu_typo_font_family":"0","ocean_menu_typo_font_subset":"","ocean_menu_typo_font_size":0,"ocean_menu_typo_font_size_tablet":0,"ocean_menu_typo_font_size_mobile":0,"ocean_menu_typo_font_size_unit":"px","ocean_menu_typo_font_weight":"","ocean_menu_typo_font_weight_tablet":"","ocean_menu_typo_font_weight_mobile":"","ocean_menu_typo_transform":"","ocean_menu_typo_transform_tablet":"","ocean_menu_typo_transform_mobile":"","ocean_menu_typo_line_height":0,"ocean_menu_typo_line_height_tablet":0,"ocean_menu_typo_line_height_mobile":0,"ocean_menu_typo_line_height_unit":"","ocean_menu_typo_spacing":0,"ocean_menu_typo_spacing_tablet":0,"ocean_menu_typo_spacing_mobile":0,"ocean_menu_typo_spacing_unit":"","ocean_menu_link_color":"","ocean_menu_link_color_hover":"","ocean_menu_link_color_active":"","ocean_menu_link_background":"","ocean_menu_link_hover_background":"","ocean_menu_link_active_background":"","ocean_menu_social_links_bg":"","ocean_menu_social_hover_links_bg":"","ocean_menu_social_links_color":"","ocean_menu_social_hover_links_color":"","ocean_disable_title":"default","ocean_disable_heading":"default","ocean_post_title":"","ocean_post_subheading":"","ocean_post_title_style":"background-image","ocean_post_title_background_color":"","ocean_post_title_background":0,"ocean_post_title_bg_image_position":"","ocean_post_title_bg_image_attachment":"","ocean_post_title_bg_image_repeat":"","ocean_post_title_bg_image_size":"","ocean_post_title_height":0,"ocean_post_title_bg_overlay":0.5,"ocean_post_title_bg_overlay_color":"","ocean_disable_breadcrumbs":"default","ocean_breadcrumbs_color":"","ocean_breadcrumbs_separator_color":"","ocean_breadcrumbs_links_color":"","ocean_breadcrumbs_links_hover_color":"","ocean_display_footer_widgets":"default","ocean_display_footer_bottom":"default","ocean_custom_footer_template":"0","omw_enable_modal_window":"enable","osh_disable_topbar_sticky":"default","osh_disable_header_sticky":"default","osh_sticky_header_style":"default","osh_sticky_header_effect":"","osh_custom_sticky_logo":0,"osh_custom_retina_sticky_logo":0,"osh_custom_sticky_logo_height":0,"osh_background_color":"","osh_links_color":"","osh_links_hover_color":"","osh_links_active_color":"","osh_links_bg_color":"","osh_links_hover_bg_color":"","osh_links_active_bg_color":"","osh_menu_social_links_color":"","osh_menu_social_hover_links_color":""},"ort":[536,521,517,519,537,532,525,520,528,515,516,530,533,527,522,529,531,534,556,540,541,518,538,526,535],"sichtbarkeit":[],"templateoption":[179],"product_brand":[],"product_cat":[182],"product_tag":[],"class_list":{"0":"post-9651","1":"product","2":"type-product","3":"status-publish","4":"has-post-thumbnail","6":"ort-acharavi","7":"ort-agios-georgios-argirades","8":"ort-agios-gordios","9":"ort-agios-ioannis-peristeron","10":"ort-almyros","11":"ort-alykes","12":"ort-barbati","13":"ort-benitses","14":"ort-dassia","15":"ort-ermones","16":"ort-glyfada","17":"ort-gouvia","18":"ort-kanoni","19":"ort-kato-korakiana","20":"ort-kavos","21":"ort-kommeno","22":"ort-kontokali","23":"ort-korfu-stadt","24":"ort-lefkimi","25":"ort-messonghi","26":"ort-moraitika","27":"ort-perama","28":"ort-perithia","29":"ort-pyrgi","30":"ort-roda","31":"templateoption-dertrip-bc","32":"product_cat-ausfluege","34":"entry","35":"has-media","37":"first","38":"instock","39":"virtual","40":"purchasable","41":"product-type-simple","42":"has-product-nav","43":"col","44":"span_1_of_3","45":"owp-content-center","46":"owp-thumbs-layout-horizontal","47":"owp-btn-normal","48":"owp-tabs-layout-section"},"acf":[],"_links":{"self":[{"href":"https:\/\/www.dertour-reiseleitung.com\/korfu\/wp-json\/wp\/v2\/product\/9651","targetHints":{"allow":["GET"]}}],"collection":[{"href":"https:\/\/www.dertour-reiseleitung.com\/korfu\/wp-json\/wp\/v2\/product"}],"about":[{"href":"https:\/\/www.dertour-reiseleitung.com\/korfu\/wp-json\/wp\/v2\/types\/product"}],"version-history":[{"count":11,"href":"https:\/\/www.dertour-reiseleitung.com\/korfu\/wp-json\/wp\/v2\/product\/9651\/revisions"}],"predecessor-version":[{"id":13127,"href":"https:\/\/www.dertour-reiseleitung.com\/korfu\/wp-json\/wp\/v2\/product\/9651\/revisions\/13127"}],"wp:featuredmedia":[{"embeddable":true,"href":"https:\/\/www.dertour-reiseleitung.com\/korfu\/wp-json\/wp\/v2\/media\/9654"}],"wp:attachment":[{"href":"https:\/\/www.dertour-reiseleitung.com\/korfu\/wp-json\/wp\/v2\/media?parent=9651"}],"wp:term":[{"taxonomy":"ort","embeddable":true,"href":"https:\/\/www.dertour-reiseleitung.com\/korfu\/wp-json\/wp\/v2\/ort?post=9651"},{"taxonomy":"sichtbarkeit","embeddable":true,"href":"https:\/\/www.dertour-reiseleitung.com\/korfu\/wp-json\/wp\/v2\/sichtbarkeit?post=9651"},{"taxonomy":"templateoption","embeddable":true,"href":"https:\/\/www.dertour-reiseleitung.com\/korfu\/wp-json\/wp\/v2\/templateoption?post=9651"},{"taxonomy":"product_brand","embeddable":true,"href":"https:\/\/www.dertour-reiseleitung.com\/korfu\/wp-json\/wp\/v2\/product_brand?post=9651"},{"taxonomy":"product_cat","embeddable":true,"href":"https:\/\/www.dertour-reiseleitung.com\/korfu\/wp-json\/wp\/v2\/product_cat?post=9651"},{"taxonomy":"product_tag","embeddable":true,"href":"https:\/\/www.dertour-reiseleitung.com\/korfu\/wp-json\/wp\/v2\/product_tag?post=9651"}],"curies":[{"name":"wp","href":"https:\/\/api.w.org\/{rel}","templated":true}]}}