{"id":9710,"date":"2025-03-23T17:52:02","date_gmt":"2025-03-23T16:52:02","guid":{"rendered":"https:\/\/www.dertour-reiseleitung.com\/korfu\/aktivitaeten\/albanien-mit-butrint-ausflug\/"},"modified":"2026-04-21T15:43:33","modified_gmt":"2026-04-21T12:43:33","slug":"albanien-mit-butrint-ausflug-dds-001-1","status":"publish","type":"product","link":"https:\/\/www.dertour-reiseleitung.com\/korfu\/aktivitaeten\/albanien-mit-butrint-ausflug-dds-001-1\/","title":{"rendered":"Albanien mit Butrint-Ausflug"},"content":{"rendered":"<h3>Ein Besuch im Land der Skipetaren<\/h3>\n<p>Zu Beginn des Ausfluges geht es mit dem Schiff nach Agioi Saranda, einem der \u00e4ltesten H\u00e4fen Albaniens, der ganz im S\u00fcden des Landes, gegen\u00fcber dem n\u00f6rdlichen Korfu, liegt.<\/p>\n<p>Gleich nach der Ankunft fahren Sie im klimatisierten Bus und in Begleitung eines \u00f6rtlichen, deutschsprachi\u00adgen Reisef\u00fchrers zur ca. 20 km entfernten Ruinenstadt Butrint, die seit 1992 auf der UNESCO-Weltkulturerbeliste steht. Dieses Kulturdenkmal liegt gesch\u00fctzt auf einer Halbinsel in einer Lagune und zieht seit jeher Eroberer, Reisende und Erholungsuchende an. Butrint ist ein zweites Troja im Kleinformat &#8211; so schrieb bereits der r\u00f6mische Dichter Vergil. Schon vor zweieinhalbtausend Jahren war die Stadt f\u00fcr ihre mineralhaltigen Quellen bekannt und in der Antike entwickelte sie sich zu einem Kur- und Festspielort.<\/p>\n<p>Bei einer ausf\u00fchrlichen F\u00fchrung quer durch diese Rui\u00adnenstadt sehen Sie Reste einer griechischen Kolonie (z.B. Amphitheater), einer r\u00f6mischen Stadt und eines byzantinischen Bistums.<\/p>\n<p>Nachdem Sie hier viele Eindr\u00fccke gesammelt haben, erwartet Sie ein Mittagsbuffet (inklusive) in dem Hafenst\u00e4dtchen Agioi Saranda.<\/p>\n<p>Am Nachmittag f\u00fchrt Sie der Reisef\u00fchrer entlang der Uferpromenade und durch die Innenstadt. Nat\u00fcrlich haben Sie auch ein wenig Zeit, um ein Andenken f\u00fcr sich oder die Lieben daheim zu erstehen. Euro wird akzep\u00adtiert.<\/p>\n<p><strong>Ausflugsveranstalter:<\/strong> DTS Incoming Hellas S.A.<\/p>\n","protected":false},"excerpt":{"rendered":"<p>Ein Besuch im Land der Skipetaren Zu Beginn des Ausfluges geht es mit dem Schiff nach Agioi Saranda, einem der \u00e4ltesten H\u00e4fen Albaniens, der ganz im S\u00fcden des Landes, gegen\u00fcber dem n\u00f6rdlichen Korfu, liegt. Gleich nach der Ankunft fahren Sie im klimatisierten Bus und in Begleitung eines \u00f6rtlichen, deutschsprachi\u00adgen Reisef\u00fchrers zur ca. 20 km entfernten [&hellip;]<\/p>\n","protected":false},"featured_media":9712,"template":"","meta":{"_acf_changed":false,"ocean_post_layout":"","ocean_both_sidebars_style":"","ocean_both_sidebars_content_width":0,"ocean_both_sidebars_sidebars_width":0,"ocean_sidebar":"0","ocean_second_sidebar":"0","ocean_disable_margins":"enable","ocean_add_body_class":"","ocean_shortcode_before_top_bar":"","ocean_shortcode_after_top_bar":"","ocean_shortcode_before_header":"","ocean_shortcode_after_header":"","ocean_has_shortcode":"","ocean_shortcode_after_title":"","ocean_shortcode_before_footer_widgets":"","ocean_shortcode_after_footer_widgets":"","ocean_shortcode_before_footer_bottom":"","ocean_shortcode_after_footer_bottom":"","ocean_display_top_bar":"default","ocean_display_header":"default","ocean_header_style":"","ocean_center_header_left_menu":"0","ocean_custom_header_template":"0","ocean_custom_logo":0,"ocean_custom_retina_logo":0,"ocean_custom_logo_max_width":0,"ocean_custom_logo_tablet_max_width":0,"ocean_custom_logo_mobile_max_width":0,"ocean_custom_logo_max_height":0,"ocean_custom_logo_tablet_max_height":0,"ocean_custom_logo_mobile_max_height":0,"ocean_header_custom_menu":"0","ocean_menu_typo_font_family":"0","ocean_menu_typo_font_subset":"","ocean_menu_typo_font_size":0,"ocean_menu_typo_font_size_tablet":0,"ocean_menu_typo_font_size_mobile":0,"ocean_menu_typo_font_size_unit":"px","ocean_menu_typo_font_weight":"","ocean_menu_typo_font_weight_tablet":"","ocean_menu_typo_font_weight_mobile":"","ocean_menu_typo_transform":"","ocean_menu_typo_transform_tablet":"","ocean_menu_typo_transform_mobile":"","ocean_menu_typo_line_height":0,"ocean_menu_typo_line_height_tablet":0,"ocean_menu_typo_line_height_mobile":0,"ocean_menu_typo_line_height_unit":"","ocean_menu_typo_spacing":0,"ocean_menu_typo_spacing_tablet":0,"ocean_menu_typo_spacing_mobile":0,"ocean_menu_typo_spacing_unit":"","ocean_menu_link_color":"","ocean_menu_link_color_hover":"","ocean_menu_link_color_active":"","ocean_menu_link_background":"","ocean_menu_link_hover_background":"","ocean_menu_link_active_background":"","ocean_menu_social_links_bg":"","ocean_menu_social_hover_links_bg":"","ocean_menu_social_links_color":"","ocean_menu_social_hover_links_color":"","ocean_disable_title":"default","ocean_disable_heading":"default","ocean_post_title":"","ocean_post_subheading":"","ocean_post_title_style":"background-image","ocean_post_title_background_color":"","ocean_post_title_background":9719,"ocean_post_title_bg_image_position":"","ocean_post_title_bg_image_attachment":"","ocean_post_title_bg_image_repeat":"","ocean_post_title_bg_image_size":"","ocean_post_title_height":0,"ocean_post_title_bg_overlay":0.5,"ocean_post_title_bg_overlay_color":"","ocean_disable_breadcrumbs":"default","ocean_breadcrumbs_color":"","ocean_breadcrumbs_separator_color":"","ocean_breadcrumbs_links_color":"","ocean_breadcrumbs_links_hover_color":"","ocean_display_footer_widgets":"default","ocean_display_footer_bottom":"default","ocean_custom_footer_template":"0","omw_enable_modal_window":"enable","osh_disable_topbar_sticky":"default","osh_disable_header_sticky":"default","osh_sticky_header_style":"default","osh_sticky_header_effect":"","osh_custom_sticky_logo":0,"osh_custom_retina_sticky_logo":0,"osh_custom_sticky_logo_height":0,"osh_background_color":"","osh_links_color":"","osh_links_hover_color":"","osh_links_active_color":"","osh_links_bg_color":"","osh_links_hover_bg_color":"","osh_links_active_bg_color":"","osh_menu_social_links_color":"","osh_menu_social_hover_links_color":""},"ort":[536,521,517,519,537,532,525,520,523,528,515,516,530,524,533,527,522,529,531,534,556,540,541,518,538,526,535],"sichtbarkeit":[],"templateoption":[179],"product_brand":[],"product_cat":[182],"product_tag":[],"class_list":{"0":"post-9710","1":"product","2":"type-product","3":"status-publish","4":"has-post-thumbnail","6":"ort-acharavi","7":"ort-agios-georgios-argirades","8":"ort-agios-gordios","9":"ort-agios-ioannis-peristeron","10":"ort-almyros","11":"ort-alykes","12":"ort-barbati","13":"ort-benitses","14":"ort-boukari","15":"ort-dassia","16":"ort-ermones","17":"ort-glyfada","18":"ort-gouvia","19":"ort-kalami","20":"ort-kanoni","21":"ort-kato-korakiana","22":"ort-kavos","23":"ort-kommeno","24":"ort-kontokali","25":"ort-korfu-stadt","26":"ort-lefkimi","27":"ort-messonghi","28":"ort-moraitika","29":"ort-perama","30":"ort-perithia","31":"ort-pyrgi","32":"ort-roda","33":"templateoption-dertrip-bc","34":"product_cat-ausfluege","36":"entry","37":"has-media","39":"first","40":"instock","41":"virtual","42":"purchasable","43":"product-type-simple","44":"has-product-nav","45":"col","46":"span_1_of_3","47":"owp-content-center","48":"owp-thumbs-layout-horizontal","49":"owp-btn-normal","50":"owp-tabs-layout-section"},"acf":[],"_links":{"self":[{"href":"https:\/\/www.dertour-reiseleitung.com\/korfu\/wp-json\/wp\/v2\/product\/9710","targetHints":{"allow":["GET"]}}],"collection":[{"href":"https:\/\/www.dertour-reiseleitung.com\/korfu\/wp-json\/wp\/v2\/product"}],"about":[{"href":"https:\/\/www.dertour-reiseleitung.com\/korfu\/wp-json\/wp\/v2\/types\/product"}],"version-history":[{"count":19,"href":"https:\/\/www.dertour-reiseleitung.com\/korfu\/wp-json\/wp\/v2\/product\/9710\/revisions"}],"predecessor-version":[{"id":13205,"href":"https:\/\/www.dertour-reiseleitung.com\/korfu\/wp-json\/wp\/v2\/product\/9710\/revisions\/13205"}],"wp:featuredmedia":[{"embeddable":true,"href":"https:\/\/www.dertour-reiseleitung.com\/korfu\/wp-json\/wp\/v2\/media\/9712"}],"wp:attachment":[{"href":"https:\/\/www.dertour-reiseleitung.com\/korfu\/wp-json\/wp\/v2\/media?parent=9710"}],"wp:term":[{"taxonomy":"ort","embeddable":true,"href":"https:\/\/www.dertour-reiseleitung.com\/korfu\/wp-json\/wp\/v2\/ort?post=9710"},{"taxonomy":"sichtbarkeit","embeddable":true,"href":"https:\/\/www.dertour-reiseleitung.com\/korfu\/wp-json\/wp\/v2\/sichtbarkeit?post=9710"},{"taxonomy":"templateoption","embeddable":true,"href":"https:\/\/www.dertour-reiseleitung.com\/korfu\/wp-json\/wp\/v2\/templateoption?post=9710"},{"taxonomy":"product_brand","embeddable":true,"href":"https:\/\/www.dertour-reiseleitung.com\/korfu\/wp-json\/wp\/v2\/product_brand?post=9710"},{"taxonomy":"product_cat","embeddable":true,"href":"https:\/\/www.dertour-reiseleitung.com\/korfu\/wp-json\/wp\/v2\/product_cat?post=9710"},{"taxonomy":"product_tag","embeddable":true,"href":"https:\/\/www.dertour-reiseleitung.com\/korfu\/wp-json\/wp\/v2\/product_tag?post=9710"}],"curies":[{"name":"wp","href":"https:\/\/api.w.org\/{rel}","templated":true}]}}