{"id":9747,"date":"2025-03-23T17:53:36","date_gmt":"2025-03-23T16:53:36","guid":{"rendered":"https:\/\/www.dertour-reiseleitung.com\/korfu\/aktivitaeten\/kapitaen-michalis-blaue-lagune\/"},"modified":"2026-04-13T17:13:00","modified_gmt":"2026-04-13T14:13:00","slug":"kapitaen-michalis-blaue-lagune-dds-011-1","status":"publish","type":"product","link":"https:\/\/www.dertour-reiseleitung.com\/korfu\/aktivitaeten\/kapitaen-michalis-blaue-lagune-dds-011-1\/","title":{"rendered":"Kapit\u00e4n Michalis Blaue Lagune"},"content":{"rendered":"<h3>Kapit\u00e4n Michalis&#8216; Bootstour zur Blauen Lagune<\/h3>\n<p>Gehen Sie direkt am Fluss von Messonghi an Bord (ohne Transfer) und genie\u00dfen Sie die typisch griechische Sommeridylle von Sonne und Meer auf der Fahrt mit einem kleinen Ausflugsboot zur Blauen Lagune am griechischen Festland.<\/p>\n<p>Dort haben Sie den ersten erfrischenden Badestopp im kristallklaren, azurfarbenen Wasser der Blauen Lagune. Schwimmen Sie vom Boot aus an den wei\u00dfen Sandstrand oder entdecken Sie zahlreiche Fischarten beim Schnorcheln. Weiter geht es an \u00fcppig bewachsenen Felsen und kleinen Buchten entlang zum Hafenst\u00e4dtchen Sivota.<\/p>\n<p>Kehren Sie ein in einer der zahlreichen Tavernen und Caf\u00e9s oder spazieren Sie \u00fcber eine schmale Landzunge zum nahe gelegenen Strand von Bella Vraka.<\/p>\n<p>Bevor Sie der Kapit\u00e4n wieder \u00fcber das offene Meer in Richtung Korfu schippert, geht es f\u00fcr einen Fotostopp zur Grotte von Sivota.<\/p>\n<p>Im S\u00fcden der Insel Korfu erwartet Sie dann der n\u00e4chste Badestopp in der N\u00e4he der Bucht Petriti, wo Sie nochmals die Gelegenheit haben sich im k\u00fchlen Wasser zu erfrischen oder eine kleine Kaffeepause in der Taverne oberhalb des Anlegestegs einzulegen.<\/p>\n<p>Am Nachmittag sind Sie wieder zur\u00fcck in Messonghi, wo sich der Kapit\u00e4n und sein Skipper von Ihnen verabschieden und Sie mit vielen tollen Bildern im Gep\u00e4ck wieder in Ihre Hotels gehen.<\/p>\n<p><strong>Ausflugsveranstalter:<\/strong> DTS Incoming Hellas S.A.<\/p>\n","protected":false},"excerpt":{"rendered":"<p>Kapit\u00e4n Michalis&#8216; Bootstour zur Blauen Lagune Gehen Sie direkt am Fluss von Messonghi an Bord (ohne Transfer) und genie\u00dfen Sie die typisch griechische Sommeridylle von Sonne und Meer auf der Fahrt mit einem kleinen Ausflugsboot zur Blauen Lagune am griechischen Festland. Dort haben Sie den ersten erfrischenden Badestopp im kristallklaren, azurfarbenen Wasser der Blauen Lagune. [&hellip;]<\/p>\n","protected":false},"featured_media":9749,"template":"","meta":{"_acf_changed":false,"ocean_post_layout":"","ocean_both_sidebars_style":"","ocean_both_sidebars_content_width":0,"ocean_both_sidebars_sidebars_width":0,"ocean_sidebar":"0","ocean_second_sidebar":"0","ocean_disable_margins":"enable","ocean_add_body_class":"","ocean_shortcode_before_top_bar":"","ocean_shortcode_after_top_bar":"","ocean_shortcode_before_header":"","ocean_shortcode_after_header":"","ocean_has_shortcode":"","ocean_shortcode_after_title":"","ocean_shortcode_before_footer_widgets":"","ocean_shortcode_after_footer_widgets":"","ocean_shortcode_before_footer_bottom":"","ocean_shortcode_after_footer_bottom":"","ocean_display_top_bar":"default","ocean_display_header":"default","ocean_header_style":"","ocean_center_header_left_menu":"0","ocean_custom_header_template":"0","ocean_custom_logo":0,"ocean_custom_retina_logo":0,"ocean_custom_logo_max_width":0,"ocean_custom_logo_tablet_max_width":0,"ocean_custom_logo_mobile_max_width":0,"ocean_custom_logo_max_height":0,"ocean_custom_logo_tablet_max_height":0,"ocean_custom_logo_mobile_max_height":0,"ocean_header_custom_menu":"0","ocean_menu_typo_font_family":"0","ocean_menu_typo_font_subset":"","ocean_menu_typo_font_size":0,"ocean_menu_typo_font_size_tablet":0,"ocean_menu_typo_font_size_mobile":0,"ocean_menu_typo_font_size_unit":"px","ocean_menu_typo_font_weight":"","ocean_menu_typo_font_weight_tablet":"","ocean_menu_typo_font_weight_mobile":"","ocean_menu_typo_transform":"","ocean_menu_typo_transform_tablet":"","ocean_menu_typo_transform_mobile":"","ocean_menu_typo_line_height":0,"ocean_menu_typo_line_height_tablet":0,"ocean_menu_typo_line_height_mobile":0,"ocean_menu_typo_line_height_unit":"","ocean_menu_typo_spacing":0,"ocean_menu_typo_spacing_tablet":0,"ocean_menu_typo_spacing_mobile":0,"ocean_menu_typo_spacing_unit":"","ocean_menu_link_color":"","ocean_menu_link_color_hover":"","ocean_menu_link_color_active":"","ocean_menu_link_background":"","ocean_menu_link_hover_background":"","ocean_menu_link_active_background":"","ocean_menu_social_links_bg":"","ocean_menu_social_hover_links_bg":"","ocean_menu_social_links_color":"","ocean_menu_social_hover_links_color":"","ocean_disable_title":"default","ocean_disable_heading":"default","ocean_post_title":"","ocean_post_subheading":"","ocean_post_title_style":"background-image","ocean_post_title_background_color":"","ocean_post_title_background":9753,"ocean_post_title_bg_image_position":"","ocean_post_title_bg_image_attachment":"","ocean_post_title_bg_image_repeat":"","ocean_post_title_bg_image_size":"","ocean_post_title_height":0,"ocean_post_title_bg_overlay":0.5,"ocean_post_title_bg_overlay_color":"","ocean_disable_breadcrumbs":"default","ocean_breadcrumbs_color":"","ocean_breadcrumbs_separator_color":"","ocean_breadcrumbs_links_color":"","ocean_breadcrumbs_links_hover_color":"","ocean_display_footer_widgets":"default","ocean_display_footer_bottom":"default","ocean_custom_footer_template":"0","omw_enable_modal_window":"enable","osh_disable_topbar_sticky":"default","osh_disable_header_sticky":"default","osh_sticky_header_style":"default","osh_sticky_header_effect":"","osh_custom_sticky_logo":0,"osh_custom_retina_sticky_logo":0,"osh_custom_sticky_logo_height":0,"osh_background_color":"","osh_links_color":"","osh_links_hover_color":"","osh_links_active_color":"","osh_links_bg_color":"","osh_links_hover_bg_color":"","osh_links_active_bg_color":"","osh_menu_social_links_color":"","osh_menu_social_hover_links_color":""},"ort":[540,541],"sichtbarkeit":[],"templateoption":[179],"product_brand":[],"product_cat":[182],"product_tag":[],"class_list":{"0":"post-9747","1":"product","2":"type-product","3":"status-publish","4":"has-post-thumbnail","6":"ort-messonghi","7":"ort-moraitika","8":"templateoption-dertrip-bc","9":"product_cat-ausfluege","11":"entry","12":"has-media","14":"first","15":"instock","16":"virtual","17":"purchasable","18":"product-type-simple","19":"has-product-nav","20":"col","21":"span_1_of_3","22":"owp-content-center","23":"owp-thumbs-layout-horizontal","24":"owp-btn-normal","25":"owp-tabs-layout-section"},"acf":[],"_links":{"self":[{"href":"https:\/\/www.dertour-reiseleitung.com\/korfu\/wp-json\/wp\/v2\/product\/9747","targetHints":{"allow":["GET"]}}],"collection":[{"href":"https:\/\/www.dertour-reiseleitung.com\/korfu\/wp-json\/wp\/v2\/product"}],"about":[{"href":"https:\/\/www.dertour-reiseleitung.com\/korfu\/wp-json\/wp\/v2\/types\/product"}],"version-history":[{"count":14,"href":"https:\/\/www.dertour-reiseleitung.com\/korfu\/wp-json\/wp\/v2\/product\/9747\/revisions"}],"predecessor-version":[{"id":13116,"href":"https:\/\/www.dertour-reiseleitung.com\/korfu\/wp-json\/wp\/v2\/product\/9747\/revisions\/13116"}],"wp:featuredmedia":[{"embeddable":true,"href":"https:\/\/www.dertour-reiseleitung.com\/korfu\/wp-json\/wp\/v2\/media\/9749"}],"wp:attachment":[{"href":"https:\/\/www.dertour-reiseleitung.com\/korfu\/wp-json\/wp\/v2\/media?parent=9747"}],"wp:term":[{"taxonomy":"ort","embeddable":true,"href":"https:\/\/www.dertour-reiseleitung.com\/korfu\/wp-json\/wp\/v2\/ort?post=9747"},{"taxonomy":"sichtbarkeit","embeddable":true,"href":"https:\/\/www.dertour-reiseleitung.com\/korfu\/wp-json\/wp\/v2\/sichtbarkeit?post=9747"},{"taxonomy":"templateoption","embeddable":true,"href":"https:\/\/www.dertour-reiseleitung.com\/korfu\/wp-json\/wp\/v2\/templateoption?post=9747"},{"taxonomy":"product_brand","embeddable":true,"href":"https:\/\/www.dertour-reiseleitung.com\/korfu\/wp-json\/wp\/v2\/product_brand?post=9747"},{"taxonomy":"product_cat","embeddable":true,"href":"https:\/\/www.dertour-reiseleitung.com\/korfu\/wp-json\/wp\/v2\/product_cat?post=9747"},{"taxonomy":"product_tag","embeddable":true,"href":"https:\/\/www.dertour-reiseleitung.com\/korfu\/wp-json\/wp\/v2\/product_tag?post=9747"}],"curies":[{"name":"wp","href":"https:\/\/api.w.org\/{rel}","templated":true}]}}