{"id":9762,"date":"2025-03-23T17:54:16","date_gmt":"2025-03-23T16:54:16","guid":{"rendered":"https:\/\/www.dertour-reiseleitung.com\/korfu\/aktivitaeten\/korfu-highlights-ab-alle-regionen\/"},"modified":"2026-04-15T16:35:20","modified_gmt":"2026-04-15T13:35:20","slug":"korfu-highlights-dds-003-1","status":"publish","type":"product","link":"https:\/\/www.dertour-reiseleitung.com\/korfu\/aktivitaeten\/korfu-highlights-dds-003-1\/","title":{"rendered":"Korfu Highlights"},"content":{"rendered":"<h3>M\u00e4useinsel, Achillion und Paleokastritsa<\/h3>\n<p>Dieser Ausflug geh\u00f6rt sicherlich zu einem der H\u00f6hepunkte Ihres Urlaubes.<\/p>\n<p>Die au\u00dferordentlich reizvolle Landschaft Korfus in Kombination mit dem Wahrzeichen und der traumhaften Sommerresidenz sollte in keinem Urlaubsprogramm fehlen.<\/p>\n<p>In Kanoni erwartet Sie das erste Highlight, die einzigartige Aussicht auf das Wahrzeichen von Korfu. Der Blick auf die zwei kleinen Inselchen, Klosterinsel Vlacherna und M\u00e4useinsel Pontikonissi, ist das am meisten fotografierte Motiv von Korfu.<\/p>\n<p>Den Spuren der ber\u00fchmten Kaiserin Elisabeth von \u00d6sterreich und Kaiser Wilhelm II. folgend, erreichen Sie den Ort Gastouri. Hier befindet sich die ehemalige Sommerresidenz von Sissi, das Achillion. Der Palast beherbergt wertvolle Erinnerungsst\u00fccke beider Regenten und ist mit zahlreichen Decken- und Wandgem\u00e4lden verziert, die gerade aufwendig restauriert werden. Der Schlossgarten, wo die Kaiserin ihre Spazierg\u00e4nge machte, ist endlich wieder ge\u00f6ffnet (Eintritt nicht inklusive, zahlbar vor Ort). Genie\u00dfen Sie den traumhaften Blick \u00fcber ganz Korfu-Stadt und bewundern Sie u.a. die ber\u00fchmten Statuen von Achilles, die Sissi extra aufstellen lie\u00df.<\/p>\n<p>Die Weiterfahrt f\u00fchrt Sie quer durch das Landesinnere in Richtung Westen, wo sich an der zerkl\u00fcfteten Westk\u00fcste der malerische Ort Paleokastritsa mit seinen vielen Buchten und t\u00fcrkisfarbenem Wasser befindet. Eine traditionelle Taverne l\u00e4dt zum Verweilen ein und das kristallklare Wasser zum Baden. Oder wie w\u00e4re es mit einem Abstecher ins M\u00e4nnerkloster von Paleokastritsa oder einer Bootsfahrt in die umliegenden Grotten (nicht inklusive, zahlbar vor Ort)?<\/p>\n<p>Danach fahren Sie die Steilk\u00fcste hinauf nach Lakones, auch \u201cBalkon des Ionischen Meeres\u201c genannt und genie\u00dfen die einmalige Aussicht \u201cBella Vista\u201c. Hier liegt Ihnen Paleokastritsa zu F\u00fc\u00dfen.<\/p>\n<p>Weiter geht es durch die Orte Makrades und Vistonas, bekannt f\u00fcr ihre Kr\u00e4uter und andere einheimische Produkte, zu einer Olivenm\u00fchle. Hier erfahren Sie alles \u00fcber die Herstellung und k\u00f6nnen ganz besondere Produkte aus eigener Oliven\u00f6lherstellung probieren.<\/p>\n<p>Als eindrucksvoller Abschluss werden am Trombeta-Pass die K\u00fcsten aller Himmelsrichtungen gleichzeitig sichtbar.<\/p>\n<p><strong>Ausflugsveranstalter:<\/strong> DTS Incoming Hellas S.A.<\/p>\n","protected":false},"excerpt":{"rendered":"<p>M\u00e4useinsel, Achillion und Paleokastritsa Dieser Ausflug geh\u00f6rt sicherlich zu einem der H\u00f6hepunkte Ihres Urlaubes. Die au\u00dferordentlich reizvolle Landschaft Korfus in Kombination mit dem Wahrzeichen und der traumhaften Sommerresidenz sollte in keinem Urlaubsprogramm fehlen. In Kanoni erwartet Sie das erste Highlight, die einzigartige Aussicht auf das Wahrzeichen von Korfu. Der Blick auf die zwei kleinen Inselchen, [&hellip;]<\/p>\n","protected":false},"featured_media":9660,"template":"","meta":{"_acf_changed":false,"ocean_post_layout":"","ocean_both_sidebars_style":"","ocean_both_sidebars_content_width":0,"ocean_both_sidebars_sidebars_width":0,"ocean_sidebar":"0","ocean_second_sidebar":"0","ocean_disable_margins":"enable","ocean_add_body_class":"","ocean_shortcode_before_top_bar":"","ocean_shortcode_after_top_bar":"","ocean_shortcode_before_header":"","ocean_shortcode_after_header":"","ocean_has_shortcode":"","ocean_shortcode_after_title":"","ocean_shortcode_before_footer_widgets":"","ocean_shortcode_after_footer_widgets":"","ocean_shortcode_before_footer_bottom":"","ocean_shortcode_after_footer_bottom":"","ocean_display_top_bar":"default","ocean_display_header":"default","ocean_header_style":"","ocean_center_header_left_menu":"0","ocean_custom_header_template":"0","ocean_custom_logo":0,"ocean_custom_retina_logo":0,"ocean_custom_logo_max_width":0,"ocean_custom_logo_tablet_max_width":0,"ocean_custom_logo_mobile_max_width":0,"ocean_custom_logo_max_height":0,"ocean_custom_logo_tablet_max_height":0,"ocean_custom_logo_mobile_max_height":0,"ocean_header_custom_menu":"0","ocean_menu_typo_font_family":"0","ocean_menu_typo_font_subset":"","ocean_menu_typo_font_size":0,"ocean_menu_typo_font_size_tablet":0,"ocean_menu_typo_font_size_mobile":0,"ocean_menu_typo_font_size_unit":"px","ocean_menu_typo_font_weight":"","ocean_menu_typo_font_weight_tablet":"","ocean_menu_typo_font_weight_mobile":"","ocean_menu_typo_transform":"","ocean_menu_typo_transform_tablet":"","ocean_menu_typo_transform_mobile":"","ocean_menu_typo_line_height":0,"ocean_menu_typo_line_height_tablet":0,"ocean_menu_typo_line_height_mobile":0,"ocean_menu_typo_line_height_unit":"","ocean_menu_typo_spacing":0,"ocean_menu_typo_spacing_tablet":0,"ocean_menu_typo_spacing_mobile":0,"ocean_menu_typo_spacing_unit":"","ocean_menu_link_color":"","ocean_menu_link_color_hover":"","ocean_menu_link_color_active":"","ocean_menu_link_background":"","ocean_menu_link_hover_background":"","ocean_menu_link_active_background":"","ocean_menu_social_links_bg":"","ocean_menu_social_hover_links_bg":"","ocean_menu_social_links_color":"","ocean_menu_social_hover_links_color":"","ocean_disable_title":"default","ocean_disable_heading":"default","ocean_post_title":"","ocean_post_subheading":"","ocean_post_title_style":"background-image","ocean_post_title_background_color":"","ocean_post_title_background":9675,"ocean_post_title_bg_image_position":"","ocean_post_title_bg_image_attachment":"","ocean_post_title_bg_image_repeat":"","ocean_post_title_bg_image_size":"","ocean_post_title_height":0,"ocean_post_title_bg_overlay":0.5,"ocean_post_title_bg_overlay_color":"","ocean_disable_breadcrumbs":"default","ocean_breadcrumbs_color":"","ocean_breadcrumbs_separator_color":"","ocean_breadcrumbs_links_color":"","ocean_breadcrumbs_links_hover_color":"","ocean_display_footer_widgets":"default","ocean_display_footer_bottom":"default","ocean_custom_footer_template":"0","omw_enable_modal_window":"enable","osh_disable_topbar_sticky":"default","osh_disable_header_sticky":"default","osh_sticky_header_style":"default","osh_sticky_header_effect":"","osh_custom_sticky_logo":0,"osh_custom_retina_sticky_logo":0,"osh_custom_sticky_logo_height":0,"osh_background_color":"","osh_links_color":"","osh_links_hover_color":"","osh_links_active_color":"","osh_links_bg_color":"","osh_links_hover_bg_color":"","osh_links_active_bg_color":"","osh_menu_social_links_color":"","osh_menu_social_hover_links_color":""},"ort":[536,521,539,517,519,537,532,525,520,523,528,515,516,530,524,533,527,522,529,531,534,556,540,541,518,538,526,535],"sichtbarkeit":[],"templateoption":[179],"product_brand":[],"product_cat":[182],"product_tag":[],"class_list":{"0":"post-9762","1":"product","2":"type-product","3":"status-publish","4":"has-post-thumbnail","6":"ort-acharavi","7":"ort-agios-georgios-argirades","8":"ort-agios-georgios-pagon","9":"ort-agios-gordios","10":"ort-agios-ioannis-peristeron","11":"ort-almyros","12":"ort-alykes","13":"ort-barbati","14":"ort-benitses","15":"ort-boukari","16":"ort-dassia","17":"ort-ermones","18":"ort-glyfada","19":"ort-gouvia","20":"ort-kalami","21":"ort-kanoni","22":"ort-kato-korakiana","23":"ort-kavos","24":"ort-kommeno","25":"ort-kontokali","26":"ort-korfu-stadt","27":"ort-lefkimi","28":"ort-messonghi","29":"ort-moraitika","30":"ort-perama","31":"ort-perithia","32":"ort-pyrgi","33":"ort-roda","34":"templateoption-dertrip-bc","35":"product_cat-ausfluege","37":"entry","38":"has-media","40":"first","41":"instock","42":"virtual","43":"purchasable","44":"product-type-simple","45":"has-product-nav","46":"col","47":"span_1_of_3","48":"owp-content-center","49":"owp-thumbs-layout-horizontal","50":"owp-btn-normal","51":"owp-tabs-layout-section"},"acf":[],"_links":{"self":[{"href":"https:\/\/www.dertour-reiseleitung.com\/korfu\/wp-json\/wp\/v2\/product\/9762","targetHints":{"allow":["GET"]}}],"collection":[{"href":"https:\/\/www.dertour-reiseleitung.com\/korfu\/wp-json\/wp\/v2\/product"}],"about":[{"href":"https:\/\/www.dertour-reiseleitung.com\/korfu\/wp-json\/wp\/v2\/types\/product"}],"version-history":[{"count":20,"href":"https:\/\/www.dertour-reiseleitung.com\/korfu\/wp-json\/wp\/v2\/product\/9762\/revisions"}],"predecessor-version":[{"id":13095,"href":"https:\/\/www.dertour-reiseleitung.com\/korfu\/wp-json\/wp\/v2\/product\/9762\/revisions\/13095"}],"wp:featuredmedia":[{"embeddable":true,"href":"https:\/\/www.dertour-reiseleitung.com\/korfu\/wp-json\/wp\/v2\/media\/9660"}],"wp:attachment":[{"href":"https:\/\/www.dertour-reiseleitung.com\/korfu\/wp-json\/wp\/v2\/media?parent=9762"}],"wp:term":[{"taxonomy":"ort","embeddable":true,"href":"https:\/\/www.dertour-reiseleitung.com\/korfu\/wp-json\/wp\/v2\/ort?post=9762"},{"taxonomy":"sichtbarkeit","embeddable":true,"href":"https:\/\/www.dertour-reiseleitung.com\/korfu\/wp-json\/wp\/v2\/sichtbarkeit?post=9762"},{"taxonomy":"templateoption","embeddable":true,"href":"https:\/\/www.dertour-reiseleitung.com\/korfu\/wp-json\/wp\/v2\/templateoption?post=9762"},{"taxonomy":"product_brand","embeddable":true,"href":"https:\/\/www.dertour-reiseleitung.com\/korfu\/wp-json\/wp\/v2\/product_brand?post=9762"},{"taxonomy":"product_cat","embeddable":true,"href":"https:\/\/www.dertour-reiseleitung.com\/korfu\/wp-json\/wp\/v2\/product_cat?post=9762"},{"taxonomy":"product_tag","embeddable":true,"href":"https:\/\/www.dertour-reiseleitung.com\/korfu\/wp-json\/wp\/v2\/product_tag?post=9762"}],"curies":[{"name":"wp","href":"https:\/\/api.w.org\/{rel}","templated":true}]}}