{"id":10331,"date":"2025-07-07T16:03:02","date_gmt":"2025-07-07T13:03:02","guid":{"rendered":"https:\/\/www.dertour-reiseleitung.com\/kos\/?post_type=product&#038;p=10331"},"modified":"2026-01-16T16:27:35","modified_gmt":"2026-01-16T13:27:35","slug":"drei-insel-bootstour-dds-008-2","status":"publish","type":"product","link":"https:\/\/www.dertour-reiseleitung.com\/kos\/aktivitaeten\/drei-insel-bootstour-dds-008-2\/","title":{"rendered":"Drei-Insel-Bootstour"},"content":{"rendered":"<h3>Verbringen Sie einen Tag mit Sonne, Wind und Meer<\/h3>\n<p>Der Sage nach werden Sie w\u00e4hrend der ca. 1-st\u00fcndigen Bootsfahrt von Kos zur Insel Kalymnos von Poseidon und 50 seiner sch\u00f6nsten Nymphen, den Nereiden, begleitet.<\/p>\n<p>Die Insel ist bekannt als \u201eInsel der Schwammtaucher\u201c, ein Handwerk, welches eine lange Tradition auf Kalymnos hat. Beim Besuch eines Familienbetriebes erfahren Sie dazu mehr.<\/p>\n<p>Im Anschluss haben Sie Gelegenheit, einen Bummel durch die Hafenstadt Pothia zu machen oder die Atmosph\u00e4re von einem der typisch griechischen Kaffeneions aus zu genie\u00dfen.<\/p>\n<p>Auf der Weiterfahrt zur Insel Pserimos machen wir einen Stopp nahe der kleinen unbewohnten Insel Plathi. Dort l\u00e4dt das kristallklare, t\u00fcrkisfarbene Wasser zu einem Sprung ins k\u00fchle Nass ein.<\/p>\n<p>Nach dem Badestopp erreichen wir Pserimos, die lediglich 11 km\u00b2 gro\u00dfe und 80 Einwohner z\u00e4hlende Insel mit ihrem einladenden Sandstrand gilt als Juwel der s\u00fcdlichen \u00c4g\u00e4is.<\/p>\n<p>Hier ist ausgiebig Zeit zum Baden und Erkunden der Insel, bevor es am Nachmittag wieder an Bord geht.<\/p>\n<p><strong>Ausflugsveranstalter:<\/strong> DTS Hellas S.A.<\/p>\n","protected":false},"excerpt":{"rendered":"<p>Verbringen Sie einen Tag mit Sonne, Wind und Meer Der Sage nach werden Sie w\u00e4hrend der ca. 1-st\u00fcndigen Bootsfahrt von Kos zur Insel Kalymnos von Poseidon und 50 seiner sch\u00f6nsten Nymphen, den Nereiden, begleitet. Die Insel ist bekannt als \u201eInsel der Schwammtaucher\u201c, ein Handwerk, welches eine lange Tradition auf Kalymnos hat. Beim Besuch eines Familienbetriebes [&hellip;]<\/p>\n","protected":false},"featured_media":9535,"template":"","meta":{"_acf_changed":false,"ocean_post_layout":"","ocean_both_sidebars_style":"","ocean_both_sidebars_content_width":0,"ocean_both_sidebars_sidebars_width":0,"ocean_sidebar":"0","ocean_second_sidebar":"0","ocean_disable_margins":"enable","ocean_add_body_class":"","ocean_shortcode_before_top_bar":"","ocean_shortcode_after_top_bar":"","ocean_shortcode_before_header":"","ocean_shortcode_after_header":"","ocean_has_shortcode":"","ocean_shortcode_after_title":"","ocean_shortcode_before_footer_widgets":"","ocean_shortcode_after_footer_widgets":"","ocean_shortcode_before_footer_bottom":"","ocean_shortcode_after_footer_bottom":"","ocean_display_top_bar":"default","ocean_display_header":"default","ocean_header_style":"","ocean_center_header_left_menu":"0","ocean_custom_header_template":"0","ocean_custom_logo":0,"ocean_custom_retina_logo":0,"ocean_custom_logo_max_width":0,"ocean_custom_logo_tablet_max_width":0,"ocean_custom_logo_mobile_max_width":0,"ocean_custom_logo_max_height":0,"ocean_custom_logo_tablet_max_height":0,"ocean_custom_logo_mobile_max_height":0,"ocean_header_custom_menu":"0","ocean_menu_typo_font_family":"0","ocean_menu_typo_font_subset":"","ocean_menu_typo_font_size":0,"ocean_menu_typo_font_size_tablet":0,"ocean_menu_typo_font_size_mobile":0,"ocean_menu_typo_font_size_unit":"px","ocean_menu_typo_font_weight":"","ocean_menu_typo_font_weight_tablet":"","ocean_menu_typo_font_weight_mobile":"","ocean_menu_typo_transform":"","ocean_menu_typo_transform_tablet":"","ocean_menu_typo_transform_mobile":"","ocean_menu_typo_line_height":0,"ocean_menu_typo_line_height_tablet":0,"ocean_menu_typo_line_height_mobile":0,"ocean_menu_typo_line_height_unit":"","ocean_menu_typo_spacing":0,"ocean_menu_typo_spacing_tablet":0,"ocean_menu_typo_spacing_mobile":0,"ocean_menu_typo_spacing_unit":"","ocean_menu_link_color":"","ocean_menu_link_color_hover":"","ocean_menu_link_color_active":"","ocean_menu_link_background":"","ocean_menu_link_hover_background":"","ocean_menu_link_active_background":"","ocean_menu_social_links_bg":"","ocean_menu_social_hover_links_bg":"","ocean_menu_social_links_color":"","ocean_menu_social_hover_links_color":"","ocean_disable_title":"default","ocean_disable_heading":"default","ocean_post_title":"","ocean_post_subheading":"","ocean_post_title_style":"background-image","ocean_post_title_background_color":"","ocean_post_title_background":9538,"ocean_post_title_bg_image_position":"","ocean_post_title_bg_image_attachment":"","ocean_post_title_bg_image_repeat":"","ocean_post_title_bg_image_size":"","ocean_post_title_height":0,"ocean_post_title_bg_overlay":0.5,"ocean_post_title_bg_overlay_color":"","ocean_disable_breadcrumbs":"default","ocean_breadcrumbs_color":"","ocean_breadcrumbs_separator_color":"","ocean_breadcrumbs_links_color":"","ocean_breadcrumbs_links_hover_color":"","ocean_display_footer_widgets":"default","ocean_display_footer_bottom":"default","ocean_custom_footer_template":"0","omw_enable_modal_window":"enable","osh_disable_topbar_sticky":"default","osh_disable_header_sticky":"default","osh_sticky_header_style":"default","osh_sticky_header_effect":"","osh_custom_sticky_logo":0,"osh_custom_retina_sticky_logo":0,"osh_custom_sticky_logo_height":0,"osh_background_color":"","osh_links_color":"","osh_links_hover_color":"","osh_links_active_color":"","osh_links_bg_color":"","osh_links_hover_bg_color":"","osh_links_active_bg_color":"","osh_menu_social_links_color":"","osh_menu_social_hover_links_color":""},"ort":[459],"sichtbarkeit":[],"templateoption":[179],"product_brand":[],"product_cat":[182],"product_tag":[],"class_list":{"0":"post-10331","1":"product","2":"type-product","3":"status-publish","4":"has-post-thumbnail","6":"ort-kardamena","7":"templateoption-dertrip-bc","8":"product_cat-ausfluege","10":"entry","11":"has-media","13":"first","14":"instock","15":"virtual","16":"purchasable","17":"product-type-simple","18":"has-product-nav","19":"col","20":"span_1_of_3","21":"owp-content-center","22":"owp-thumbs-layout-horizontal","23":"owp-btn-normal","24":"owp-tabs-layout-section"},"acf":[],"_links":{"self":[{"href":"https:\/\/www.dertour-reiseleitung.com\/kos\/wp-json\/wp\/v2\/product\/10331","targetHints":{"allow":["GET"]}}],"collection":[{"href":"https:\/\/www.dertour-reiseleitung.com\/kos\/wp-json\/wp\/v2\/product"}],"about":[{"href":"https:\/\/www.dertour-reiseleitung.com\/kos\/wp-json\/wp\/v2\/types\/product"}],"version-history":[{"count":9,"href":"https:\/\/www.dertour-reiseleitung.com\/kos\/wp-json\/wp\/v2\/product\/10331\/revisions"}],"predecessor-version":[{"id":11239,"href":"https:\/\/www.dertour-reiseleitung.com\/kos\/wp-json\/wp\/v2\/product\/10331\/revisions\/11239"}],"wp:featuredmedia":[{"embeddable":true,"href":"https:\/\/www.dertour-reiseleitung.com\/kos\/wp-json\/wp\/v2\/media\/9535"}],"wp:attachment":[{"href":"https:\/\/www.dertour-reiseleitung.com\/kos\/wp-json\/wp\/v2\/media?parent=10331"}],"wp:term":[{"taxonomy":"ort","embeddable":true,"href":"https:\/\/www.dertour-reiseleitung.com\/kos\/wp-json\/wp\/v2\/ort?post=10331"},{"taxonomy":"sichtbarkeit","embeddable":true,"href":"https:\/\/www.dertour-reiseleitung.com\/kos\/wp-json\/wp\/v2\/sichtbarkeit?post=10331"},{"taxonomy":"templateoption","embeddable":true,"href":"https:\/\/www.dertour-reiseleitung.com\/kos\/wp-json\/wp\/v2\/templateoption?post=10331"},{"taxonomy":"product_brand","embeddable":true,"href":"https:\/\/www.dertour-reiseleitung.com\/kos\/wp-json\/wp\/v2\/product_brand?post=10331"},{"taxonomy":"product_cat","embeddable":true,"href":"https:\/\/www.dertour-reiseleitung.com\/kos\/wp-json\/wp\/v2\/product_cat?post=10331"},{"taxonomy":"product_tag","embeddable":true,"href":"https:\/\/www.dertour-reiseleitung.com\/kos\/wp-json\/wp\/v2\/product_tag?post=10331"}],"curies":[{"name":"wp","href":"https:\/\/api.w.org\/{rel}","templated":true}]}}