{"id":9526,"date":"2025-03-23T17:08:39","date_gmt":"2025-03-23T16:08:39","guid":{"rendered":"https:\/\/www.dertour-reiseleitung.com\/kos\/aktivitaeten\/inselrundfahrt\/"},"modified":"2026-03-25T14:44:39","modified_gmt":"2026-03-25T11:44:39","slug":"inselrundfahrt-dds-004-1","status":"publish","type":"product","link":"https:\/\/www.dertour-reiseleitung.com\/kos\/aktivitaeten\/inselrundfahrt-dds-004-1\/","title":{"rendered":"Inselrundfahrt"},"content":{"rendered":"<h2>Erkunden Sie die Insel des Hippokrates<\/h2>\n<p>Unsere Inselrundfahrt ist der beste Weg, um Kos kennenzulernen. W\u00e4hrend der Fahrt erz\u00e4hlt Ihnen Ihr Reisef\u00fchrer ahrt alles Wissenswerte und Wichtige \u00fcber die Insel und ihre Bewohner. Und ganz nebenbei sehen und erkunden Sie die sch\u00f6nsten Landschaften und D\u00f6rfer von Kos.<\/p>\n<p>Die erste Station ist das Asklepion, eine der bedeutendsten Heilst\u00e4tten der Antike, die dem Gott der Medizin, Askleipios, gewidmet war. Erstmals wurde hier die moderne Heilmethode des Hippokrates angewandt, der bereits in der Antike die Bedeutung der Psyche bei der Behandlung von Krankheiten erkannte.<\/p>\n<p>Auf der Weiterfahrt erwartet Sie der Besuch einer \u00d6lpresse, wo die Einheimischen allj\u00e4hrlich Ihre geernteten Oliven zu Oliven\u00f6l verarbeiten lassen. In einem kleinen Museum mit Hofladen k\u00f6nnen Sie sich umschauen und einkaufen.<\/p>\n<p>Danach geht es weiter bergauf nach Z\u00eda, einem reizvollen Bergdorf mit wei\u00dfgekalkten H\u00e4usern und einem fantastischen Ausblick \u00fcber Kos und die Nachbarinseln. Hier erwartet Sie der Besuch einer griechische Taverne, wo Sie bei einem Gl\u00e4schen Ouzo die Zubereitung der ber\u00fchmten \u201eMoussaka\u201c erleben k\u00f6nnen.<\/p>\n<p>Anschliessend haben Sie bei einem Bummel durch das Dorf Gelegenheit, den inseltypischen Zimtsirup zu probieren und Souvenirs zu kaufen.<\/p>\n<p>Durch das gr\u00fcne Dikaios \u2013 Gebirge geht es durch kleine D\u00f6rfer bis nach Pyli mit seinem sagenumwobenen Brunnen.<\/p>\n<p>Auf dem Weg in den S\u00fcden der Insel besuchen Sie eine Imkerei, in der eine weitere f\u00fcr Kos typische Spezialit\u00e4t hergestellt wird: der Thymianhonig. Hier haben Sie die Gelegenheit zum Probieren der verschiedenen Honigsorten und S\u00fcssigkeiten.<\/p>\n<p>Ganz im S\u00fcden der Insel liegt oberhalb der ehemaligen Inselhauptstadt Kefalos das authentische Dorf \u201eMylotopi\u201c.\u00a0 Von hier aus geniessen Sie den Panoramablick \u00fcber die Bucht von Kefalos und k\u00f6nnen den Nachmittag bei einem Spaziergang oder einer Erfrischung ausklingen lassen.<\/p>\n<p><strong>Ausflugsveranstalter:<\/strong> DTS Hellas S.A.<\/p>\n","protected":false},"excerpt":{"rendered":"<p>Erkunden Sie die Insel des Hippokrates Unsere Inselrundfahrt ist der beste Weg, um Kos kennenzulernen. W\u00e4hrend der Fahrt erz\u00e4hlt Ihnen Ihr Reisef\u00fchrer ahrt alles Wissenswerte und Wichtige \u00fcber die Insel und ihre Bewohner. Und ganz nebenbei sehen und erkunden Sie die sch\u00f6nsten Landschaften und D\u00f6rfer von Kos. Die erste Station ist das Asklepion, eine der [&hellip;]<\/p>\n","protected":false},"featured_media":9528,"template":"","meta":{"_acf_changed":false,"ocean_post_layout":"","ocean_both_sidebars_style":"","ocean_both_sidebars_content_width":0,"ocean_both_sidebars_sidebars_width":0,"ocean_sidebar":"0","ocean_second_sidebar":"0","ocean_disable_margins":"enable","ocean_add_body_class":"","ocean_shortcode_before_top_bar":"","ocean_shortcode_after_top_bar":"","ocean_shortcode_before_header":"","ocean_shortcode_after_header":"","ocean_has_shortcode":"","ocean_shortcode_after_title":"","ocean_shortcode_before_footer_widgets":"","ocean_shortcode_after_footer_widgets":"","ocean_shortcode_before_footer_bottom":"","ocean_shortcode_after_footer_bottom":"","ocean_display_top_bar":"default","ocean_display_header":"default","ocean_header_style":"","ocean_center_header_left_menu":"0","ocean_custom_header_template":"0","ocean_custom_logo":0,"ocean_custom_retina_logo":0,"ocean_custom_logo_max_width":0,"ocean_custom_logo_tablet_max_width":0,"ocean_custom_logo_mobile_max_width":0,"ocean_custom_logo_max_height":0,"ocean_custom_logo_tablet_max_height":0,"ocean_custom_logo_mobile_max_height":0,"ocean_header_custom_menu":"0","ocean_menu_typo_font_family":"0","ocean_menu_typo_font_subset":"","ocean_menu_typo_font_size":0,"ocean_menu_typo_font_size_tablet":0,"ocean_menu_typo_font_size_mobile":0,"ocean_menu_typo_font_size_unit":"px","ocean_menu_typo_font_weight":"","ocean_menu_typo_font_weight_tablet":"","ocean_menu_typo_font_weight_mobile":"","ocean_menu_typo_transform":"","ocean_menu_typo_transform_tablet":"","ocean_menu_typo_transform_mobile":"","ocean_menu_typo_line_height":0,"ocean_menu_typo_line_height_tablet":0,"ocean_menu_typo_line_height_mobile":0,"ocean_menu_typo_line_height_unit":"","ocean_menu_typo_spacing":0,"ocean_menu_typo_spacing_tablet":0,"ocean_menu_typo_spacing_mobile":0,"ocean_menu_typo_spacing_unit":"","ocean_menu_link_color":"","ocean_menu_link_color_hover":"","ocean_menu_link_color_active":"","ocean_menu_link_background":"","ocean_menu_link_hover_background":"","ocean_menu_link_active_background":"","ocean_menu_social_links_bg":"","ocean_menu_social_hover_links_bg":"","ocean_menu_social_links_color":"","ocean_menu_social_hover_links_color":"","ocean_disable_title":"default","ocean_disable_heading":"default","ocean_post_title":"","ocean_post_subheading":"","ocean_post_title_style":"background-image","ocean_post_title_background_color":"","ocean_post_title_background":9532,"ocean_post_title_bg_image_position":"","ocean_post_title_bg_image_attachment":"","ocean_post_title_bg_image_repeat":"","ocean_post_title_bg_image_size":"","ocean_post_title_height":0,"ocean_post_title_bg_overlay":0.5,"ocean_post_title_bg_overlay_color":"","ocean_disable_breadcrumbs":"default","ocean_breadcrumbs_color":"","ocean_breadcrumbs_separator_color":"","ocean_breadcrumbs_links_color":"","ocean_breadcrumbs_links_hover_color":"","ocean_display_footer_widgets":"default","ocean_display_footer_bottom":"default","ocean_custom_footer_template":"0","omw_enable_modal_window":"enable","osh_disable_topbar_sticky":"default","osh_disable_header_sticky":"default","osh_sticky_header_style":"default","osh_sticky_header_effect":"","osh_custom_sticky_logo":0,"osh_custom_retina_sticky_logo":0,"osh_custom_sticky_logo_height":0,"osh_background_color":"","osh_links_color":"","osh_links_hover_color":"","osh_links_active_color":"","osh_links_bg_color":"","osh_links_hover_bg_color":"","osh_links_active_bg_color":"","osh_menu_social_links_color":"","osh_menu_social_hover_links_color":""},"ort":[462,459,460,458,461,463,466],"sichtbarkeit":[],"templateoption":[179],"product_brand":[],"product_cat":[182],"product_tag":[],"class_list":{"0":"post-9526","1":"product","2":"type-product","3":"status-publish","4":"has-post-thumbnail","6":"ort-agios-fokas","7":"ort-kardamena","8":"ort-marmari","9":"ort-mastichari","10":"ort-nea-halikarnassos","11":"ort-psalidi","12":"ort-tigaki","13":"templateoption-dertrip-bc","14":"product_cat-ausfluege","16":"entry","17":"has-media","19":"first","20":"instock","21":"virtual","22":"purchasable","23":"product-type-simple","24":"has-product-nav","25":"col","26":"span_1_of_3","27":"owp-content-center","28":"owp-thumbs-layout-horizontal","29":"owp-btn-normal","30":"owp-tabs-layout-section"},"acf":[],"_links":{"self":[{"href":"https:\/\/www.dertour-reiseleitung.com\/kos\/wp-json\/wp\/v2\/product\/9526","targetHints":{"allow":["GET"]}}],"collection":[{"href":"https:\/\/www.dertour-reiseleitung.com\/kos\/wp-json\/wp\/v2\/product"}],"about":[{"href":"https:\/\/www.dertour-reiseleitung.com\/kos\/wp-json\/wp\/v2\/types\/product"}],"version-history":[{"count":14,"href":"https:\/\/www.dertour-reiseleitung.com\/kos\/wp-json\/wp\/v2\/product\/9526\/revisions"}],"predecessor-version":[{"id":11241,"href":"https:\/\/www.dertour-reiseleitung.com\/kos\/wp-json\/wp\/v2\/product\/9526\/revisions\/11241"}],"wp:featuredmedia":[{"embeddable":true,"href":"https:\/\/www.dertour-reiseleitung.com\/kos\/wp-json\/wp\/v2\/media\/9528"}],"wp:attachment":[{"href":"https:\/\/www.dertour-reiseleitung.com\/kos\/wp-json\/wp\/v2\/media?parent=9526"}],"wp:term":[{"taxonomy":"ort","embeddable":true,"href":"https:\/\/www.dertour-reiseleitung.com\/kos\/wp-json\/wp\/v2\/ort?post=9526"},{"taxonomy":"sichtbarkeit","embeddable":true,"href":"https:\/\/www.dertour-reiseleitung.com\/kos\/wp-json\/wp\/v2\/sichtbarkeit?post=9526"},{"taxonomy":"templateoption","embeddable":true,"href":"https:\/\/www.dertour-reiseleitung.com\/kos\/wp-json\/wp\/v2\/templateoption?post=9526"},{"taxonomy":"product_brand","embeddable":true,"href":"https:\/\/www.dertour-reiseleitung.com\/kos\/wp-json\/wp\/v2\/product_brand?post=9526"},{"taxonomy":"product_cat","embeddable":true,"href":"https:\/\/www.dertour-reiseleitung.com\/kos\/wp-json\/wp\/v2\/product_cat?post=9526"},{"taxonomy":"product_tag","embeddable":true,"href":"https:\/\/www.dertour-reiseleitung.com\/kos\/wp-json\/wp\/v2\/product_tag?post=9526"}],"curies":[{"name":"wp","href":"https:\/\/api.w.org\/{rel}","templated":true}]}}