{"id":9539,"date":"2025-03-23T17:09:08","date_gmt":"2025-03-23T16:09:08","guid":{"rendered":"https:\/\/www.dertour-reiseleitung.com\/kos\/aktivitaeten\/nissyros-2\/"},"modified":"2026-01-16T16:26:43","modified_gmt":"2026-01-16T13:26:43","slug":"nissyros-dds-005-1","status":"publish","type":"product","link":"https:\/\/www.dertour-reiseleitung.com\/kos\/aktivitaeten\/nissyros-dds-005-1\/","title":{"rendered":"Nissyros"},"content":{"rendered":"<h3>Schiffsausflug zur Vulkaninsel<\/h3>\n<p>Nach einer etwa 1-st\u00fcndigen Schiffsfahrt ab Kardamena erreichen Sie die nur 40 qkm gro\u00dfe und beinahe kreisrunde Insel Nissyros. Bei Ankunft im Hafen der kleinen Inselhauptstadt Mandraki hat man den Eindruck, als habe dieser Flecken Erde den Sprung in unser Jahrhundert verschlafen.<\/p>\n<p>Kalkwei\u00df get\u00fcnchte H\u00e4user und enge Gassen laden zum Erkunden ein. Mit dem Bus fahren Sie zum gr\u00f6\u00dften begehbaren und noch aktiven Krater Europas (fakultativ). Faszinierende Fotomotive im Krater sowie ein herrlicher Rundblick vom malerischen Bergkloster Panagia Spiliani ergeben sich quasi von selbst.<\/p>\n<p>Vor Ablegen des Schiffes sollten Sie unbedingt in einem der kleinen Kafenions die hiesige Getr\u00e4nkespezialit\u00e4t probieren: Suma, eine k\u00f6stliche Mandelmilch.<\/p>\n<p><strong>Ausflugsveranstalter:<\/strong> DTS Hellas S.A.<\/p>\n","protected":false},"excerpt":{"rendered":"<p>Schiffsausflug zur Vulkaninsel Nach einer etwa 1-st\u00fcndigen Schiffsfahrt ab Kardamena erreichen Sie die nur 40 qkm gro\u00dfe und beinahe kreisrunde Insel Nissyros. Bei Ankunft im Hafen der kleinen Inselhauptstadt Mandraki hat man den Eindruck, als habe dieser Flecken Erde den Sprung in unser Jahrhundert verschlafen. Kalkwei\u00df get\u00fcnchte H\u00e4user und enge Gassen laden zum Erkunden ein. [&hellip;]<\/p>\n","protected":false},"featured_media":9541,"template":"","meta":{"_acf_changed":false,"ocean_post_layout":"","ocean_both_sidebars_style":"","ocean_both_sidebars_content_width":0,"ocean_both_sidebars_sidebars_width":0,"ocean_sidebar":"0","ocean_second_sidebar":"0","ocean_disable_margins":"enable","ocean_add_body_class":"","ocean_shortcode_before_top_bar":"","ocean_shortcode_after_top_bar":"","ocean_shortcode_before_header":"","ocean_shortcode_after_header":"","ocean_has_shortcode":"","ocean_shortcode_after_title":"","ocean_shortcode_before_footer_widgets":"","ocean_shortcode_after_footer_widgets":"","ocean_shortcode_before_footer_bottom":"","ocean_shortcode_after_footer_bottom":"","ocean_display_top_bar":"default","ocean_display_header":"default","ocean_header_style":"","ocean_center_header_left_menu":"0","ocean_custom_header_template":"0","ocean_custom_logo":0,"ocean_custom_retina_logo":0,"ocean_custom_logo_max_width":0,"ocean_custom_logo_tablet_max_width":0,"ocean_custom_logo_mobile_max_width":0,"ocean_custom_logo_max_height":0,"ocean_custom_logo_tablet_max_height":0,"ocean_custom_logo_mobile_max_height":0,"ocean_header_custom_menu":"0","ocean_menu_typo_font_family":"0","ocean_menu_typo_font_subset":"","ocean_menu_typo_font_size":0,"ocean_menu_typo_font_size_tablet":0,"ocean_menu_typo_font_size_mobile":0,"ocean_menu_typo_font_size_unit":"px","ocean_menu_typo_font_weight":"","ocean_menu_typo_font_weight_tablet":"","ocean_menu_typo_font_weight_mobile":"","ocean_menu_typo_transform":"","ocean_menu_typo_transform_tablet":"","ocean_menu_typo_transform_mobile":"","ocean_menu_typo_line_height":0,"ocean_menu_typo_line_height_tablet":0,"ocean_menu_typo_line_height_mobile":0,"ocean_menu_typo_line_height_unit":"","ocean_menu_typo_spacing":0,"ocean_menu_typo_spacing_tablet":0,"ocean_menu_typo_spacing_mobile":0,"ocean_menu_typo_spacing_unit":"","ocean_menu_link_color":"","ocean_menu_link_color_hover":"","ocean_menu_link_color_active":"","ocean_menu_link_background":"","ocean_menu_link_hover_background":"","ocean_menu_link_active_background":"","ocean_menu_social_links_bg":"","ocean_menu_social_hover_links_bg":"","ocean_menu_social_links_color":"","ocean_menu_social_hover_links_color":"","ocean_disable_title":"default","ocean_disable_heading":"default","ocean_post_title":"","ocean_post_subheading":"","ocean_post_title_style":"background-image","ocean_post_title_background_color":"","ocean_post_title_background":9547,"ocean_post_title_bg_image_position":"","ocean_post_title_bg_image_attachment":"","ocean_post_title_bg_image_repeat":"","ocean_post_title_bg_image_size":"","ocean_post_title_height":0,"ocean_post_title_bg_overlay":0.5,"ocean_post_title_bg_overlay_color":"","ocean_disable_breadcrumbs":"default","ocean_breadcrumbs_color":"","ocean_breadcrumbs_separator_color":"","ocean_breadcrumbs_links_color":"","ocean_breadcrumbs_links_hover_color":"","ocean_display_footer_widgets":"default","ocean_display_footer_bottom":"default","ocean_custom_footer_template":"0","omw_enable_modal_window":"enable","osh_disable_topbar_sticky":"default","osh_disable_header_sticky":"default","osh_sticky_header_style":"default","osh_sticky_header_effect":"","osh_custom_sticky_logo":0,"osh_custom_retina_sticky_logo":0,"osh_custom_sticky_logo_height":0,"osh_background_color":"","osh_links_color":"","osh_links_hover_color":"","osh_links_active_color":"","osh_links_bg_color":"","osh_links_hover_bg_color":"","osh_links_active_bg_color":"","osh_menu_social_links_color":"","osh_menu_social_hover_links_color":""},"ort":[462,465,464,460,458,461,463,466],"sichtbarkeit":[],"templateoption":[179],"product_brand":[],"product_cat":[182],"product_tag":[],"class_list":{"0":"post-9539","1":"product","2":"type-product","3":"status-publish","4":"has-post-thumbnail","6":"ort-agios-fokas","7":"ort-kos-stadt","8":"ort-lambi","9":"ort-marmari","10":"ort-mastichari","11":"ort-nea-halikarnassos","12":"ort-psalidi","13":"ort-tigaki","14":"templateoption-dertrip-bc","15":"product_cat-ausfluege","17":"entry","18":"has-media","20":"first","21":"instock","22":"virtual","23":"purchasable","24":"product-type-simple","25":"has-product-nav","26":"col","27":"span_1_of_3","28":"owp-content-center","29":"owp-thumbs-layout-horizontal","30":"owp-btn-normal","31":"owp-tabs-layout-section"},"acf":[],"_links":{"self":[{"href":"https:\/\/www.dertour-reiseleitung.com\/kos\/wp-json\/wp\/v2\/product\/9539","targetHints":{"allow":["GET"]}}],"collection":[{"href":"https:\/\/www.dertour-reiseleitung.com\/kos\/wp-json\/wp\/v2\/product"}],"about":[{"href":"https:\/\/www.dertour-reiseleitung.com\/kos\/wp-json\/wp\/v2\/types\/product"}],"version-history":[{"count":11,"href":"https:\/\/www.dertour-reiseleitung.com\/kos\/wp-json\/wp\/v2\/product\/9539\/revisions"}],"predecessor-version":[{"id":11200,"href":"https:\/\/www.dertour-reiseleitung.com\/kos\/wp-json\/wp\/v2\/product\/9539\/revisions\/11200"}],"wp:featuredmedia":[{"embeddable":true,"href":"https:\/\/www.dertour-reiseleitung.com\/kos\/wp-json\/wp\/v2\/media\/9541"}],"wp:attachment":[{"href":"https:\/\/www.dertour-reiseleitung.com\/kos\/wp-json\/wp\/v2\/media?parent=9539"}],"wp:term":[{"taxonomy":"ort","embeddable":true,"href":"https:\/\/www.dertour-reiseleitung.com\/kos\/wp-json\/wp\/v2\/ort?post=9539"},{"taxonomy":"sichtbarkeit","embeddable":true,"href":"https:\/\/www.dertour-reiseleitung.com\/kos\/wp-json\/wp\/v2\/sichtbarkeit?post=9539"},{"taxonomy":"templateoption","embeddable":true,"href":"https:\/\/www.dertour-reiseleitung.com\/kos\/wp-json\/wp\/v2\/templateoption?post=9539"},{"taxonomy":"product_brand","embeddable":true,"href":"https:\/\/www.dertour-reiseleitung.com\/kos\/wp-json\/wp\/v2\/product_brand?post=9539"},{"taxonomy":"product_cat","embeddable":true,"href":"https:\/\/www.dertour-reiseleitung.com\/kos\/wp-json\/wp\/v2\/product_cat?post=9539"},{"taxonomy":"product_tag","embeddable":true,"href":"https:\/\/www.dertour-reiseleitung.com\/kos\/wp-json\/wp\/v2\/product_tag?post=9539"}],"curies":[{"name":"wp","href":"https:\/\/api.w.org\/{rel}","templated":true}]}}