{"id":9554,"date":"2025-03-23T17:09:28","date_gmt":"2025-03-23T16:09:28","guid":{"rendered":"https:\/\/www.dertour-reiseleitung.com\/kos\/aktivitaeten\/aegean-adventure\/"},"modified":"2026-01-16T16:27:18","modified_gmt":"2026-01-16T13:27:18","slug":"nissyros-und-giali-dds-007-1","status":"publish","type":"product","link":"https:\/\/www.dertour-reiseleitung.com\/kos\/aktivitaeten\/nissyros-und-giali-dds-007-1\/","title":{"rendered":"Nissyros und Giali"},"content":{"rendered":"<h3>Abenteuer Vulkan mit Badespa\u00df<\/h3>\n<p>Vom Hafen in Kardamena geht es auf einem traditionellen Boot in Richtung der kleinen Insel Agios Antonios. Die unbewohnte Insel lockt mit kristallklarem Wasser und einem Sandstrand. Nach dem Ankern ist Gelegenheit zum Baden. Wer m\u00f6chte, kann zur Insel schwimmen und die kleine Kapelle auf dem H\u00fcgel besuchen<\/p>\n<p>Nach dem Badestopp geht es weiter zur Insel Nissyros, die durch zahlreiche Ausbr\u00fcche des noch heute aktiven Vulkans entstanden ist. Der Vulkankrater im Zentrum der Insel hat einen Durchmesser von 4 km\u00b2. Er ist der gr\u00f6\u00dfte begehbare Krater in Europa. Inmitten einer Mondlandschaft steigen aus L\u00f6chern im Boden Schwefeld\u00e4mpfe auf. \u00dcber einen nat\u00fcrlichen Fu\u00dfweg gelangen Sie bis in die Caldera und k\u00f6nnen so den Vulkan hautnah erleben.<\/p>\n<p>Danach geht es zum kleinen Dorf Mandraki. Mit seinen blau-wei\u00dfen H\u00e4usern und engen Gassen spiegelt es das urspr\u00fcngliche Griechenland wider. Sie haben ausreichend Zeit, das Dorf und das kleine Kloster Panagia I Spiliani zu erkunden, das einen fantastischen Ausblick \u00fcber die \u00c4g\u00e4is bietet.<\/p>\n<p><strong>Ausflugsveranstalter:<\/strong>\u00a0DTS Hellas S.A.<\/p>\n","protected":false},"excerpt":{"rendered":"<p>Abenteuer Vulkan mit Badespa\u00df Vom Hafen in Kardamena geht es auf einem traditionellen Boot in Richtung der kleinen Insel Agios Antonios. Die unbewohnte Insel lockt mit kristallklarem Wasser und einem Sandstrand. Nach dem Ankern ist Gelegenheit zum Baden. Wer m\u00f6chte, kann zur Insel schwimmen und die kleine Kapelle auf dem H\u00fcgel besuchen Nach dem Badestopp [&hellip;]<\/p>\n","protected":false},"featured_media":9556,"template":"","meta":{"_acf_changed":false,"ocean_post_layout":"","ocean_both_sidebars_style":"","ocean_both_sidebars_content_width":0,"ocean_both_sidebars_sidebars_width":0,"ocean_sidebar":"0","ocean_second_sidebar":"0","ocean_disable_margins":"enable","ocean_add_body_class":"","ocean_shortcode_before_top_bar":"","ocean_shortcode_after_top_bar":"","ocean_shortcode_before_header":"","ocean_shortcode_after_header":"","ocean_has_shortcode":"","ocean_shortcode_after_title":"","ocean_shortcode_before_footer_widgets":"","ocean_shortcode_after_footer_widgets":"","ocean_shortcode_before_footer_bottom":"","ocean_shortcode_after_footer_bottom":"","ocean_display_top_bar":"default","ocean_display_header":"default","ocean_header_style":"","ocean_center_header_left_menu":"0","ocean_custom_header_template":"0","ocean_custom_logo":0,"ocean_custom_retina_logo":0,"ocean_custom_logo_max_width":0,"ocean_custom_logo_tablet_max_width":0,"ocean_custom_logo_mobile_max_width":0,"ocean_custom_logo_max_height":0,"ocean_custom_logo_tablet_max_height":0,"ocean_custom_logo_mobile_max_height":0,"ocean_header_custom_menu":"0","ocean_menu_typo_font_family":"0","ocean_menu_typo_font_subset":"","ocean_menu_typo_font_size":0,"ocean_menu_typo_font_size_tablet":0,"ocean_menu_typo_font_size_mobile":0,"ocean_menu_typo_font_size_unit":"px","ocean_menu_typo_font_weight":"","ocean_menu_typo_font_weight_tablet":"","ocean_menu_typo_font_weight_mobile":"","ocean_menu_typo_transform":"","ocean_menu_typo_transform_tablet":"","ocean_menu_typo_transform_mobile":"","ocean_menu_typo_line_height":0,"ocean_menu_typo_line_height_tablet":0,"ocean_menu_typo_line_height_mobile":0,"ocean_menu_typo_line_height_unit":"","ocean_menu_typo_spacing":0,"ocean_menu_typo_spacing_tablet":0,"ocean_menu_typo_spacing_mobile":0,"ocean_menu_typo_spacing_unit":"","ocean_menu_link_color":"","ocean_menu_link_color_hover":"","ocean_menu_link_color_active":"","ocean_menu_link_background":"","ocean_menu_link_hover_background":"","ocean_menu_link_active_background":"","ocean_menu_social_links_bg":"","ocean_menu_social_hover_links_bg":"","ocean_menu_social_links_color":"","ocean_menu_social_hover_links_color":"","ocean_disable_title":"default","ocean_disable_heading":"default","ocean_post_title":"","ocean_post_subheading":"","ocean_post_title_style":"background-image","ocean_post_title_background_color":"","ocean_post_title_background":9559,"ocean_post_title_bg_image_position":"","ocean_post_title_bg_image_attachment":"","ocean_post_title_bg_image_repeat":"","ocean_post_title_bg_image_size":"","ocean_post_title_height":0,"ocean_post_title_bg_overlay":0.5,"ocean_post_title_bg_overlay_color":"","ocean_disable_breadcrumbs":"default","ocean_breadcrumbs_color":"","ocean_breadcrumbs_separator_color":"","ocean_breadcrumbs_links_color":"","ocean_breadcrumbs_links_hover_color":"","ocean_display_footer_widgets":"default","ocean_display_footer_bottom":"default","ocean_custom_footer_template":"0","omw_enable_modal_window":"enable","osh_disable_topbar_sticky":"default","osh_disable_header_sticky":"default","osh_sticky_header_style":"default","osh_sticky_header_effect":"","osh_custom_sticky_logo":0,"osh_custom_retina_sticky_logo":0,"osh_custom_sticky_logo_height":0,"osh_background_color":"","osh_links_color":"","osh_links_hover_color":"","osh_links_active_color":"","osh_links_bg_color":"","osh_links_hover_bg_color":"","osh_links_active_bg_color":"","osh_menu_social_links_color":"","osh_menu_social_hover_links_color":""},"ort":[462,459,467,465,464,460,458,461,463,466],"sichtbarkeit":[],"templateoption":[179],"product_brand":[],"product_cat":[182],"product_tag":[],"class_list":{"0":"post-9554","1":"product","2":"type-product","3":"status-publish","4":"has-post-thumbnail","6":"ort-agios-fokas","7":"ort-kardamena","8":"ort-kefalos","9":"ort-kos-stadt","10":"ort-lambi","11":"ort-marmari","12":"ort-mastichari","13":"ort-nea-halikarnassos","14":"ort-psalidi","15":"ort-tigaki","16":"templateoption-dertrip-bc","17":"product_cat-ausfluege","19":"entry","20":"has-media","22":"first","23":"instock","24":"virtual","25":"purchasable","26":"product-type-simple","27":"has-product-nav","28":"col","29":"span_1_of_3","30":"owp-content-center","31":"owp-thumbs-layout-horizontal","32":"owp-btn-normal","33":"owp-tabs-layout-section"},"acf":[],"_links":{"self":[{"href":"https:\/\/www.dertour-reiseleitung.com\/kos\/wp-json\/wp\/v2\/product\/9554","targetHints":{"allow":["GET"]}}],"collection":[{"href":"https:\/\/www.dertour-reiseleitung.com\/kos\/wp-json\/wp\/v2\/product"}],"about":[{"href":"https:\/\/www.dertour-reiseleitung.com\/kos\/wp-json\/wp\/v2\/types\/product"}],"version-history":[{"count":10,"href":"https:\/\/www.dertour-reiseleitung.com\/kos\/wp-json\/wp\/v2\/product\/9554\/revisions"}],"predecessor-version":[{"id":11202,"href":"https:\/\/www.dertour-reiseleitung.com\/kos\/wp-json\/wp\/v2\/product\/9554\/revisions\/11202"}],"wp:featuredmedia":[{"embeddable":true,"href":"https:\/\/www.dertour-reiseleitung.com\/kos\/wp-json\/wp\/v2\/media\/9556"}],"wp:attachment":[{"href":"https:\/\/www.dertour-reiseleitung.com\/kos\/wp-json\/wp\/v2\/media?parent=9554"}],"wp:term":[{"taxonomy":"ort","embeddable":true,"href":"https:\/\/www.dertour-reiseleitung.com\/kos\/wp-json\/wp\/v2\/ort?post=9554"},{"taxonomy":"sichtbarkeit","embeddable":true,"href":"https:\/\/www.dertour-reiseleitung.com\/kos\/wp-json\/wp\/v2\/sichtbarkeit?post=9554"},{"taxonomy":"templateoption","embeddable":true,"href":"https:\/\/www.dertour-reiseleitung.com\/kos\/wp-json\/wp\/v2\/templateoption?post=9554"},{"taxonomy":"product_brand","embeddable":true,"href":"https:\/\/www.dertour-reiseleitung.com\/kos\/wp-json\/wp\/v2\/product_brand?post=9554"},{"taxonomy":"product_cat","embeddable":true,"href":"https:\/\/www.dertour-reiseleitung.com\/kos\/wp-json\/wp\/v2\/product_cat?post=9554"},{"taxonomy":"product_tag","embeddable":true,"href":"https:\/\/www.dertour-reiseleitung.com\/kos\/wp-json\/wp\/v2\/product_tag?post=9554"}],"curies":[{"name":"wp","href":"https:\/\/api.w.org\/{rel}","templated":true}]}}