{"id":9570,"date":"2025-03-23T17:10:20","date_gmt":"2025-03-23T16:10:20","guid":{"rendered":"https:\/\/www.dertour-reiseleitung.com\/kos\/aktivitaeten\/bodrum\/"},"modified":"2026-01-16T16:28:14","modified_gmt":"2026-01-16T13:28:14","slug":"bodrum-dds-006-1","status":"publish","type":"product","link":"https:\/\/www.dertour-reiseleitung.com\/kos\/aktivitaeten\/bodrum-dds-006-1\/","title":{"rendered":"Bodrum"},"content":{"rendered":"<h3>Das Tor zum Orient<\/h3>\n<p>An nur einem Tag erleben Sie zwei Kontinente: Europa und Asien.<\/p>\n<p>In Bodrum erwartet Sie Kleinasien mit der orientalischen Atmosph\u00e4re einer t\u00fcrkischen Hafenstadt. Nur wenige Kilometer trennen Europa von der kleinasiatischen K\u00fcste.<\/p>\n<p>Direkt nach der Ankunft im Hafen von Bodrum k\u00f6nnen Sie (fakultativ) an einer Panoramafahrt mit Fotostopp teilnehmen \u2013 Ihre t\u00fcrkischen Reisef\u00fchrer warten daf\u00fcr auf Sie.<\/p>\n<p>Besuchen Sie auf eigene Faust das pr\u00e4chtige, um 1400 erbaute Johanniter-Kastell St. Peter mit dem Gef\u00e4ngnis, dem Unterwassermuseum und dem Glasmuseum, das weltweit zu den bedeutendsten geh\u00f6rt (jeweils mit Eintrittsgeb\u00fchr).<\/p>\n<p>In Bodrum stand in der Antike eines der sieben Weltwunder, das enorme Grabmal des K\u00f6nigs Mausolos. Seitdem werden derartige Bauten Mausoleen genannt. \u00dcberreste des Grabmals k\u00f6nnen heute noch besichtigt werden.<\/p>\n<p>Bodrum \u00f6ffnet Ihnen aber auch seine modernen T\u00fcren. Im Basar k\u00f6nnen Sie beim Shopping nach Herzenslust um preisg\u00fcnstige Lederwaren, Sportartikel und Souvenirs feilschen.<\/p>\n<p>Oder Sie lauschen dem Ruf des Muezzins, der von den Moscheen erklingt, bestaunen die sch\u00f6nen Holzschiffe im Hafen und genie\u00dfen in einem der Restaurants im Freien die eine oder andere leckere t\u00fcrkische Spezialit\u00e4t.<\/p>\n<p><strong>Hinweis:<\/strong> Zur Anmeldung und Teilnahme ist je nach Herkunftsland der Personalausweis oder Reisepass erforderlich. Bitte beachten Sie, dass Sie die EU verlassen und Minderj\u00e4hrige nur in Begleitung eines erziehungsberechtigten Elternteils am Ausflug teilnehmen k\u00f6nnen.<\/p>\n<p><strong>Ausflugsveranstalter:<\/strong>\u00a0DTS Hellas S.A.<\/p>\n","protected":false},"excerpt":{"rendered":"<p>Das Tor zum Orient An nur einem Tag erleben Sie zwei Kontinente: Europa und Asien. In Bodrum erwartet Sie Kleinasien mit der orientalischen Atmosph\u00e4re einer t\u00fcrkischen Hafenstadt. Nur wenige Kilometer trennen Europa von der kleinasiatischen K\u00fcste. Direkt nach der Ankunft im Hafen von Bodrum k\u00f6nnen Sie (fakultativ) an einer Panoramafahrt mit Fotostopp teilnehmen \u2013 Ihre [&hellip;]<\/p>\n","protected":false},"featured_media":9572,"template":"","meta":{"_acf_changed":false,"ocean_post_layout":"","ocean_both_sidebars_style":"","ocean_both_sidebars_content_width":0,"ocean_both_sidebars_sidebars_width":0,"ocean_sidebar":"0","ocean_second_sidebar":"0","ocean_disable_margins":"enable","ocean_add_body_class":"","ocean_shortcode_before_top_bar":"","ocean_shortcode_after_top_bar":"","ocean_shortcode_before_header":"","ocean_shortcode_after_header":"","ocean_has_shortcode":"","ocean_shortcode_after_title":"","ocean_shortcode_before_footer_widgets":"","ocean_shortcode_after_footer_widgets":"","ocean_shortcode_before_footer_bottom":"","ocean_shortcode_after_footer_bottom":"","ocean_display_top_bar":"default","ocean_display_header":"default","ocean_header_style":"","ocean_center_header_left_menu":"0","ocean_custom_header_template":"0","ocean_custom_logo":0,"ocean_custom_retina_logo":0,"ocean_custom_logo_max_width":0,"ocean_custom_logo_tablet_max_width":0,"ocean_custom_logo_mobile_max_width":0,"ocean_custom_logo_max_height":0,"ocean_custom_logo_tablet_max_height":0,"ocean_custom_logo_mobile_max_height":0,"ocean_header_custom_menu":"0","ocean_menu_typo_font_family":"0","ocean_menu_typo_font_subset":"","ocean_menu_typo_font_size":0,"ocean_menu_typo_font_size_tablet":0,"ocean_menu_typo_font_size_mobile":0,"ocean_menu_typo_font_size_unit":"px","ocean_menu_typo_font_weight":"","ocean_menu_typo_font_weight_tablet":"","ocean_menu_typo_font_weight_mobile":"","ocean_menu_typo_transform":"","ocean_menu_typo_transform_tablet":"","ocean_menu_typo_transform_mobile":"","ocean_menu_typo_line_height":0,"ocean_menu_typo_line_height_tablet":0,"ocean_menu_typo_line_height_mobile":0,"ocean_menu_typo_line_height_unit":"","ocean_menu_typo_spacing":0,"ocean_menu_typo_spacing_tablet":0,"ocean_menu_typo_spacing_mobile":0,"ocean_menu_typo_spacing_unit":"","ocean_menu_link_color":"","ocean_menu_link_color_hover":"","ocean_menu_link_color_active":"","ocean_menu_link_background":"","ocean_menu_link_hover_background":"","ocean_menu_link_active_background":"","ocean_menu_social_links_bg":"","ocean_menu_social_hover_links_bg":"","ocean_menu_social_links_color":"","ocean_menu_social_hover_links_color":"","ocean_disable_title":"default","ocean_disable_heading":"default","ocean_post_title":"","ocean_post_subheading":"","ocean_post_title_style":"background-image","ocean_post_title_background_color":"","ocean_post_title_background":9577,"ocean_post_title_bg_image_position":"","ocean_post_title_bg_image_attachment":"","ocean_post_title_bg_image_repeat":"","ocean_post_title_bg_image_size":"","ocean_post_title_height":0,"ocean_post_title_bg_overlay":0.5,"ocean_post_title_bg_overlay_color":"","ocean_disable_breadcrumbs":"default","ocean_breadcrumbs_color":"","ocean_breadcrumbs_separator_color":"","ocean_breadcrumbs_links_color":"","ocean_breadcrumbs_links_hover_color":"","ocean_display_footer_widgets":"default","ocean_display_footer_bottom":"default","ocean_custom_footer_template":"0","omw_enable_modal_window":"enable","osh_disable_topbar_sticky":"default","osh_disable_header_sticky":"default","osh_sticky_header_style":"default","osh_sticky_header_effect":"","osh_custom_sticky_logo":0,"osh_custom_retina_sticky_logo":0,"osh_custom_sticky_logo_height":0,"osh_background_color":"","osh_links_color":"","osh_links_hover_color":"","osh_links_active_color":"","osh_links_bg_color":"","osh_links_hover_bg_color":"","osh_links_active_bg_color":"","osh_menu_social_links_color":"","osh_menu_social_hover_links_color":""},"ort":[462,459,465,464,460,458,461,463,466],"sichtbarkeit":[],"templateoption":[179],"product_brand":[],"product_cat":[182],"product_tag":[],"class_list":{"0":"post-9570","1":"product","2":"type-product","3":"status-publish","4":"has-post-thumbnail","6":"ort-agios-fokas","7":"ort-kardamena","8":"ort-kos-stadt","9":"ort-lambi","10":"ort-marmari","11":"ort-mastichari","12":"ort-nea-halikarnassos","13":"ort-psalidi","14":"ort-tigaki","15":"templateoption-dertrip-bc","16":"product_cat-ausfluege","18":"entry","19":"has-media","21":"first","22":"instock","23":"virtual","24":"purchasable","25":"product-type-simple","26":"has-product-nav","27":"col","28":"span_1_of_3","29":"owp-content-center","30":"owp-thumbs-layout-horizontal","31":"owp-btn-normal","32":"owp-tabs-layout-section"},"acf":[],"_links":{"self":[{"href":"https:\/\/www.dertour-reiseleitung.com\/kos\/wp-json\/wp\/v2\/product\/9570","targetHints":{"allow":["GET"]}}],"collection":[{"href":"https:\/\/www.dertour-reiseleitung.com\/kos\/wp-json\/wp\/v2\/product"}],"about":[{"href":"https:\/\/www.dertour-reiseleitung.com\/kos\/wp-json\/wp\/v2\/types\/product"}],"version-history":[{"count":10,"href":"https:\/\/www.dertour-reiseleitung.com\/kos\/wp-json\/wp\/v2\/product\/9570\/revisions"}],"predecessor-version":[{"id":11205,"href":"https:\/\/www.dertour-reiseleitung.com\/kos\/wp-json\/wp\/v2\/product\/9570\/revisions\/11205"}],"wp:featuredmedia":[{"embeddable":true,"href":"https:\/\/www.dertour-reiseleitung.com\/kos\/wp-json\/wp\/v2\/media\/9572"}],"wp:attachment":[{"href":"https:\/\/www.dertour-reiseleitung.com\/kos\/wp-json\/wp\/v2\/media?parent=9570"}],"wp:term":[{"taxonomy":"ort","embeddable":true,"href":"https:\/\/www.dertour-reiseleitung.com\/kos\/wp-json\/wp\/v2\/ort?post=9570"},{"taxonomy":"sichtbarkeit","embeddable":true,"href":"https:\/\/www.dertour-reiseleitung.com\/kos\/wp-json\/wp\/v2\/sichtbarkeit?post=9570"},{"taxonomy":"templateoption","embeddable":true,"href":"https:\/\/www.dertour-reiseleitung.com\/kos\/wp-json\/wp\/v2\/templateoption?post=9570"},{"taxonomy":"product_brand","embeddable":true,"href":"https:\/\/www.dertour-reiseleitung.com\/kos\/wp-json\/wp\/v2\/product_brand?post=9570"},{"taxonomy":"product_cat","embeddable":true,"href":"https:\/\/www.dertour-reiseleitung.com\/kos\/wp-json\/wp\/v2\/product_cat?post=9570"},{"taxonomy":"product_tag","embeddable":true,"href":"https:\/\/www.dertour-reiseleitung.com\/kos\/wp-json\/wp\/v2\/product_tag?post=9570"}],"curies":[{"name":"wp","href":"https:\/\/api.w.org\/{rel}","templated":true}]}}