{"id":9587,"date":"2025-03-23T17:11:34","date_gmt":"2025-03-23T16:11:34","guid":{"rendered":"https:\/\/www.dertour-reiseleitung.com\/kos\/aktivitaeten\/safaritour\/"},"modified":"2026-04-08T14:44:29","modified_gmt":"2026-04-08T11:44:29","slug":"safaritour-dds-002-1","status":"publish","type":"product","link":"https:\/\/www.dertour-reiseleitung.com\/kos\/aktivitaeten\/safaritour-dds-002-1\/","title":{"rendered":"Safaritour Kos"},"content":{"rendered":"<h3>Explore more in Kos<\/h3>\n<p>Entdecken Sie mehr von der Insel des Hippokrates und lernen Sie Kos von einer ganz anderen Seite kennen!<\/p>\n<p>Bei dieser exklusiven Tour sind Sie in kleinen Gruppen von maximal 7 Personen\/Fahrzeug unterwegs.<\/p>\n<p>Da die Safaritour \u00fcber Sondergenehmigungen verf\u00fcgt, f\u00fchrt die Route in Regionen, die f\u00fcr Einheimische und Touristen sonst unzug\u00e4nglich sind. Die erfahrenen Reisef\u00fchrer holen Sie mit modernen Landrovern ab und stehen Ihnen w\u00e4hrend des gesamten Tages zur Verf\u00fcgung.<\/p>\n<p>Von Kos-Stadt aus geht es, abseits der asphaltierten Stra\u00dfen und Wege, mitten hinein in das Dikeosgebirge. Durch traditionelle D\u00f6rfer und unber\u00fchrte Natur geht die Fahrt stetig bergan.<\/p>\n<p>Unterwegs genie\u00dfen Sie atemberaubende Ausblicke auf Kos und die Nachbarinseln und entdecken abgelegene Kapellen und versteckte Sch\u00f6nheiten.<\/p>\n<p>W\u00e4hrend der Fahrt erz\u00e4hlen Ihnen die Reisef\u00fchrer alles Wissenswerte \u00fcber griechische Kultur und Traditionen und haben auch den ein oder anderen Insidertipp im Gep\u00e4ck.<\/p>\n<p>Im Bergdorf Zia erwartet Sie in einer urigen Taverne ein typisch griechisches \u201eMoussaka\u201c zum Mittagessen. Das Mittagessen ist im Preis inbegriffen.<\/p>\n<p>Nach der Mittagspause erkunden Sie den Salzsee \u201eAlikes\u201c, zwischen Tigaki und Marmari. \u00a0Der See wird im Fr\u00fchjahr und Herbst regelm\u00e4\u00dfig von einer Vielzahl von Flamingos besucht.<\/p>\n<p>Angef\u00fcllt mit neuen Eindr\u00fccken und fantastischen Bildern geht es dann zur\u00fcck ins Hotel.<\/p>\n<p><strong>Ausflugsveranstalter:<\/strong>\u00a0DTS Hellas S.A.<\/p>\n","protected":false},"excerpt":{"rendered":"<p>Explore more in Kos Entdecken Sie mehr von der Insel des Hippokrates und lernen Sie Kos von einer ganz anderen Seite kennen! Bei dieser exklusiven Tour sind Sie in kleinen Gruppen von maximal 7 Personen\/Fahrzeug unterwegs. Da die Safaritour \u00fcber Sondergenehmigungen verf\u00fcgt, f\u00fchrt die Route in Regionen, die f\u00fcr Einheimische und Touristen sonst unzug\u00e4nglich sind. [&hellip;]<\/p>\n","protected":false},"featured_media":9589,"template":"","meta":{"_acf_changed":false,"ocean_post_layout":"","ocean_both_sidebars_style":"","ocean_both_sidebars_content_width":0,"ocean_both_sidebars_sidebars_width":0,"ocean_sidebar":"0","ocean_second_sidebar":"0","ocean_disable_margins":"enable","ocean_add_body_class":"","ocean_shortcode_before_top_bar":"","ocean_shortcode_after_top_bar":"","ocean_shortcode_before_header":"","ocean_shortcode_after_header":"","ocean_has_shortcode":"","ocean_shortcode_after_title":"","ocean_shortcode_before_footer_widgets":"","ocean_shortcode_after_footer_widgets":"","ocean_shortcode_before_footer_bottom":"","ocean_shortcode_after_footer_bottom":"","ocean_display_top_bar":"default","ocean_display_header":"default","ocean_header_style":"","ocean_center_header_left_menu":"0","ocean_custom_header_template":"0","ocean_custom_logo":0,"ocean_custom_retina_logo":0,"ocean_custom_logo_max_width":0,"ocean_custom_logo_tablet_max_width":0,"ocean_custom_logo_mobile_max_width":0,"ocean_custom_logo_max_height":0,"ocean_custom_logo_tablet_max_height":0,"ocean_custom_logo_mobile_max_height":0,"ocean_header_custom_menu":"0","ocean_menu_typo_font_family":"0","ocean_menu_typo_font_subset":"","ocean_menu_typo_font_size":0,"ocean_menu_typo_font_size_tablet":0,"ocean_menu_typo_font_size_mobile":0,"ocean_menu_typo_font_size_unit":"px","ocean_menu_typo_font_weight":"","ocean_menu_typo_font_weight_tablet":"","ocean_menu_typo_font_weight_mobile":"","ocean_menu_typo_transform":"","ocean_menu_typo_transform_tablet":"","ocean_menu_typo_transform_mobile":"","ocean_menu_typo_line_height":0,"ocean_menu_typo_line_height_tablet":0,"ocean_menu_typo_line_height_mobile":0,"ocean_menu_typo_line_height_unit":"","ocean_menu_typo_spacing":0,"ocean_menu_typo_spacing_tablet":0,"ocean_menu_typo_spacing_mobile":0,"ocean_menu_typo_spacing_unit":"","ocean_menu_link_color":"","ocean_menu_link_color_hover":"","ocean_menu_link_color_active":"","ocean_menu_link_background":"","ocean_menu_link_hover_background":"","ocean_menu_link_active_background":"","ocean_menu_social_links_bg":"","ocean_menu_social_hover_links_bg":"","ocean_menu_social_links_color":"","ocean_menu_social_hover_links_color":"","ocean_disable_title":"default","ocean_disable_heading":"default","ocean_post_title":"","ocean_post_subheading":"","ocean_post_title_style":"background-image","ocean_post_title_background_color":"","ocean_post_title_background":9594,"ocean_post_title_bg_image_position":"","ocean_post_title_bg_image_attachment":"","ocean_post_title_bg_image_repeat":"","ocean_post_title_bg_image_size":"","ocean_post_title_height":0,"ocean_post_title_bg_overlay":0.5,"ocean_post_title_bg_overlay_color":"","ocean_disable_breadcrumbs":"default","ocean_breadcrumbs_color":"","ocean_breadcrumbs_separator_color":"","ocean_breadcrumbs_links_color":"","ocean_breadcrumbs_links_hover_color":"","ocean_display_footer_widgets":"default","ocean_display_footer_bottom":"default","ocean_custom_footer_template":"0","omw_enable_modal_window":"enable","osh_disable_topbar_sticky":"default","osh_disable_header_sticky":"default","osh_sticky_header_style":"default","osh_sticky_header_effect":"","osh_custom_sticky_logo":0,"osh_custom_retina_sticky_logo":0,"osh_custom_sticky_logo_height":0,"osh_background_color":"","osh_links_color":"","osh_links_hover_color":"","osh_links_active_color":"","osh_links_bg_color":"","osh_links_hover_bg_color":"","osh_links_active_bg_color":"","osh_menu_social_links_color":"","osh_menu_social_hover_links_color":""},"ort":[462,459,467,465,464,460,458,461,463,466],"sichtbarkeit":[],"templateoption":[179],"product_brand":[],"product_cat":[182],"product_tag":[],"class_list":{"0":"post-9587","1":"product","2":"type-product","3":"status-publish","4":"has-post-thumbnail","6":"ort-agios-fokas","7":"ort-kardamena","8":"ort-kefalos","9":"ort-kos-stadt","10":"ort-lambi","11":"ort-marmari","12":"ort-mastichari","13":"ort-nea-halikarnassos","14":"ort-psalidi","15":"ort-tigaki","16":"templateoption-dertrip-bc","17":"product_cat-ausfluege","19":"entry","20":"has-media","22":"first","23":"instock","24":"virtual","25":"purchasable","26":"product-type-simple","27":"has-product-nav","28":"col","29":"span_1_of_3","30":"owp-content-center","31":"owp-thumbs-layout-horizontal","32":"owp-btn-normal","33":"owp-tabs-layout-section"},"acf":[],"_links":{"self":[{"href":"https:\/\/www.dertour-reiseleitung.com\/kos\/wp-json\/wp\/v2\/product\/9587","targetHints":{"allow":["GET"]}}],"collection":[{"href":"https:\/\/www.dertour-reiseleitung.com\/kos\/wp-json\/wp\/v2\/product"}],"about":[{"href":"https:\/\/www.dertour-reiseleitung.com\/kos\/wp-json\/wp\/v2\/types\/product"}],"version-history":[{"count":9,"href":"https:\/\/www.dertour-reiseleitung.com\/kos\/wp-json\/wp\/v2\/product\/9587\/revisions"}],"predecessor-version":[{"id":11269,"href":"https:\/\/www.dertour-reiseleitung.com\/kos\/wp-json\/wp\/v2\/product\/9587\/revisions\/11269"}],"wp:featuredmedia":[{"embeddable":true,"href":"https:\/\/www.dertour-reiseleitung.com\/kos\/wp-json\/wp\/v2\/media\/9589"}],"wp:attachment":[{"href":"https:\/\/www.dertour-reiseleitung.com\/kos\/wp-json\/wp\/v2\/media?parent=9587"}],"wp:term":[{"taxonomy":"ort","embeddable":true,"href":"https:\/\/www.dertour-reiseleitung.com\/kos\/wp-json\/wp\/v2\/ort?post=9587"},{"taxonomy":"sichtbarkeit","embeddable":true,"href":"https:\/\/www.dertour-reiseleitung.com\/kos\/wp-json\/wp\/v2\/sichtbarkeit?post=9587"},{"taxonomy":"templateoption","embeddable":true,"href":"https:\/\/www.dertour-reiseleitung.com\/kos\/wp-json\/wp\/v2\/templateoption?post=9587"},{"taxonomy":"product_brand","embeddable":true,"href":"https:\/\/www.dertour-reiseleitung.com\/kos\/wp-json\/wp\/v2\/product_brand?post=9587"},{"taxonomy":"product_cat","embeddable":true,"href":"https:\/\/www.dertour-reiseleitung.com\/kos\/wp-json\/wp\/v2\/product_cat?post=9587"},{"taxonomy":"product_tag","embeddable":true,"href":"https:\/\/www.dertour-reiseleitung.com\/kos\/wp-json\/wp\/v2\/product_tag?post=9587"}],"curies":[{"name":"wp","href":"https:\/\/api.w.org\/{rel}","templated":true}]}}