{"id":14135,"date":"2026-04-30T14:07:45","date_gmt":"2026-04-30T11:07:45","guid":{"rendered":"https:\/\/www.dertour-reiseleitung.com\/kreta\/?post_type=product&#038;p=14135"},"modified":"2026-04-30T14:10:42","modified_gmt":"2026-04-30T11:10:42","slug":"santorini-dds-008-3","status":"publish","type":"product","link":"https:\/\/www.dertour-reiseleitung.com\/kreta\/aktivitaeten\/santorini-dds-008-3\/","title":{"rendered":"Santorini"},"content":{"rendered":"<h3>Einer der sch\u00f6nsten Orte Griechenlands<\/h3>\n<p>Schwarzer Sand und wei\u00dfe H\u00e4user, tiefblaues Meer und graue Erde, gr\u00fcne Felder und tote Lavalandschaft \u2013 das ist Santorini.<\/p>\n<p>Santorini, die sch\u00f6nste griechische Insel, liegt 110 Kilometer n\u00f6rdlich von Kreta. Mit dem Schnellboot ist die Vulkaninsel wirklich nur einen Katzensprung von Kreta entfernt \u2013 Sie fahren rund 2 Stunden von Heraklion und etwa 2\u00bd von Rethymnon. Allein die Fahrt mit dem Schnellboot ist ein besonderes Erlebnis. Bei der Einfahrt in den Hafen bietet sich Ihnen ein \u00fcberw\u00e4ltigender Blick auf die steile Kraterwand mit ihren typischen wei\u00dfen H\u00e4usern, die im Sonnenlicht leuchten.<\/p>\n<p>Farbenpr\u00e4chtige Ablagerungen von Bimsstein und Santorinerde zeigen deutlich den Verlauf des gro\u00dfen Vulkanausbruchs, bei dem vor rund 3.500 Jahren etwa drei Viertel der Insel im Meer versank. Diese Katastrophe f\u00fchrte auch zum Untergang der minoischen Kultur auf Kreta. Es wird spekuliert, dass Santorini das sagenhafte Atlantis gewesen sei.<\/p>\n<p>Sie haben etwa 9 Stunden Zeit, um Santorini mit uns zu entdecken. Steil abfallende Klippen und atemberaubende Aussichten warten hier auf Sie. In ihrer wilden Sch\u00f6nheit ist Santorini mit keiner anderen Insel der \u00c4g\u00e4is vergleichbar.<\/p>\n<p>Dieser Ausflug ist vor allem wegen der Kombination Bootsfahrt und Besuch der sch\u00f6nsten griechischen Insel empfehlenswert.<\/p>\n<p><strong>Ausflugsveranstalter:<\/strong> Destination Touristic Services<\/p>\n","protected":false},"excerpt":{"rendered":"<p>Einer der sch\u00f6nsten Orte Griechenlands Schwarzer Sand und wei\u00dfe H\u00e4user, tiefblaues Meer und graue Erde, gr\u00fcne Felder und tote Lavalandschaft \u2013 das ist Santorini. Santorini, die sch\u00f6nste griechische Insel, liegt 110 Kilometer n\u00f6rdlich von Kreta. Mit dem Schnellboot ist die Vulkaninsel wirklich nur einen Katzensprung von Kreta entfernt \u2013 Sie fahren rund 2 Stunden von [&hellip;]<\/p>\n","protected":false},"featured_media":9671,"template":"","meta":{"_acf_changed":false,"ocean_post_layout":"","ocean_both_sidebars_style":"","ocean_both_sidebars_content_width":0,"ocean_both_sidebars_sidebars_width":0,"ocean_sidebar":"0","ocean_second_sidebar":"0","ocean_disable_margins":"enable","ocean_add_body_class":"","ocean_shortcode_before_top_bar":"","ocean_shortcode_after_top_bar":"","ocean_shortcode_before_header":"","ocean_shortcode_after_header":"","ocean_has_shortcode":"","ocean_shortcode_after_title":"","ocean_shortcode_before_footer_widgets":"","ocean_shortcode_after_footer_widgets":"","ocean_shortcode_before_footer_bottom":"","ocean_shortcode_after_footer_bottom":"","ocean_display_top_bar":"default","ocean_display_header":"default","ocean_header_style":"","ocean_center_header_left_menu":"0","ocean_custom_header_template":"0","ocean_custom_logo":0,"ocean_custom_retina_logo":0,"ocean_custom_logo_max_width":0,"ocean_custom_logo_tablet_max_width":0,"ocean_custom_logo_mobile_max_width":0,"ocean_custom_logo_max_height":0,"ocean_custom_logo_tablet_max_height":0,"ocean_custom_logo_mobile_max_height":0,"ocean_header_custom_menu":"0","ocean_menu_typo_font_family":"0","ocean_menu_typo_font_subset":"","ocean_menu_typo_font_size":0,"ocean_menu_typo_font_size_tablet":0,"ocean_menu_typo_font_size_mobile":0,"ocean_menu_typo_font_size_unit":"px","ocean_menu_typo_font_weight":"","ocean_menu_typo_font_weight_tablet":"","ocean_menu_typo_font_weight_mobile":"","ocean_menu_typo_transform":"","ocean_menu_typo_transform_tablet":"","ocean_menu_typo_transform_mobile":"","ocean_menu_typo_line_height":0,"ocean_menu_typo_line_height_tablet":0,"ocean_menu_typo_line_height_mobile":0,"ocean_menu_typo_line_height_unit":"","ocean_menu_typo_spacing":0,"ocean_menu_typo_spacing_tablet":0,"ocean_menu_typo_spacing_mobile":0,"ocean_menu_typo_spacing_unit":"","ocean_menu_link_color":"","ocean_menu_link_color_hover":"","ocean_menu_link_color_active":"","ocean_menu_link_background":"","ocean_menu_link_hover_background":"","ocean_menu_link_active_background":"","ocean_menu_social_links_bg":"","ocean_menu_social_hover_links_bg":"","ocean_menu_social_links_color":"","ocean_menu_social_hover_links_color":"","ocean_disable_title":"default","ocean_disable_heading":"default","ocean_post_title":"","ocean_post_subheading":"","ocean_post_title_style":"background-image","ocean_post_title_background_color":"","ocean_post_title_background":9672,"ocean_post_title_bg_image_position":"","ocean_post_title_bg_image_attachment":"","ocean_post_title_bg_image_repeat":"","ocean_post_title_bg_image_size":"","ocean_post_title_height":0,"ocean_post_title_bg_overlay":0.5,"ocean_post_title_bg_overlay_color":"","ocean_disable_breadcrumbs":"default","ocean_breadcrumbs_color":"","ocean_breadcrumbs_separator_color":"","ocean_breadcrumbs_links_color":"","ocean_breadcrumbs_links_hover_color":"","ocean_display_footer_widgets":"default","ocean_display_footer_bottom":"default","ocean_custom_footer_template":"0","omw_enable_modal_window":"enable","osh_disable_topbar_sticky":"default","osh_disable_header_sticky":"default","osh_sticky_header_style":"default","osh_sticky_header_effect":"","osh_custom_sticky_logo":0,"osh_custom_retina_sticky_logo":0,"osh_custom_sticky_logo_height":0,"osh_background_color":"","osh_links_color":"","osh_links_hover_color":"","osh_links_active_color":"","osh_links_bg_color":"","osh_links_hover_bg_color":"","osh_links_active_bg_color":"","osh_menu_social_links_color":"","osh_menu_social_hover_links_color":""},"ort":[508,511,510],"sichtbarkeit":[],"templateoption":[179],"product_brand":[],"product_cat":[182],"product_tag":[],"class_list":{"0":"post-14135","1":"product","2":"type-product","3":"status-publish","4":"has-post-thumbnail","6":"ort-bali","7":"ort-panormo","8":"ort-rethymnon","9":"templateoption-dertrip-bc","10":"product_cat-ausfluege","11":"pa_nicht-vergessen-badesachen","12":"pa_nicht-vergessen-festes-schuhwerk","13":"pa_nicht-vergessen-sonnenschutz","14":"pa_nicht-vergessen-ausweis-mitnehmen","16":"entry","17":"has-media","19":"first","20":"instock","21":"virtual","22":"purchasable","23":"product-type-simple","24":"has-product-nav","25":"col","26":"span_1_of_3","27":"owp-content-center","28":"owp-thumbs-layout-horizontal","29":"owp-btn-normal","30":"owp-tabs-layout-section","31":"has-no-thumbnails"},"acf":[],"_links":{"self":[{"href":"https:\/\/www.dertour-reiseleitung.com\/kreta\/wp-json\/wp\/v2\/product\/14135","targetHints":{"allow":["GET"]}}],"collection":[{"href":"https:\/\/www.dertour-reiseleitung.com\/kreta\/wp-json\/wp\/v2\/product"}],"about":[{"href":"https:\/\/www.dertour-reiseleitung.com\/kreta\/wp-json\/wp\/v2\/types\/product"}],"version-history":[{"count":2,"href":"https:\/\/www.dertour-reiseleitung.com\/kreta\/wp-json\/wp\/v2\/product\/14135\/revisions"}],"predecessor-version":[{"id":14137,"href":"https:\/\/www.dertour-reiseleitung.com\/kreta\/wp-json\/wp\/v2\/product\/14135\/revisions\/14137"}],"wp:featuredmedia":[{"embeddable":true,"href":"https:\/\/www.dertour-reiseleitung.com\/kreta\/wp-json\/wp\/v2\/media\/9671"}],"wp:attachment":[{"href":"https:\/\/www.dertour-reiseleitung.com\/kreta\/wp-json\/wp\/v2\/media?parent=14135"}],"wp:term":[{"taxonomy":"ort","embeddable":true,"href":"https:\/\/www.dertour-reiseleitung.com\/kreta\/wp-json\/wp\/v2\/ort?post=14135"},{"taxonomy":"sichtbarkeit","embeddable":true,"href":"https:\/\/www.dertour-reiseleitung.com\/kreta\/wp-json\/wp\/v2\/sichtbarkeit?post=14135"},{"taxonomy":"templateoption","embeddable":true,"href":"https:\/\/www.dertour-reiseleitung.com\/kreta\/wp-json\/wp\/v2\/templateoption?post=14135"},{"taxonomy":"product_brand","embeddable":true,"href":"https:\/\/www.dertour-reiseleitung.com\/kreta\/wp-json\/wp\/v2\/product_brand?post=14135"},{"taxonomy":"product_cat","embeddable":true,"href":"https:\/\/www.dertour-reiseleitung.com\/kreta\/wp-json\/wp\/v2\/product_cat?post=14135"},{"taxonomy":"product_tag","embeddable":true,"href":"https:\/\/www.dertour-reiseleitung.com\/kreta\/wp-json\/wp\/v2\/product_tag?post=14135"}],"curies":[{"name":"wp","href":"https:\/\/api.w.org\/{rel}","templated":true}]}}