{"id":14299,"date":"2026-05-06T17:25:32","date_gmt":"2026-05-06T14:25:32","guid":{"rendered":"https:\/\/www.dertour-reiseleitung.com\/kreta\/?post_type=product&#038;p=14299"},"modified":"2026-05-08T18:33:42","modified_gmt":"2026-05-08T15:33:42","slug":"um-die-insel-spinalonga-dds-011-3","status":"publish","type":"product","link":"https:\/\/www.dertour-reiseleitung.com\/kreta\/aktivitaeten\/um-die-insel-spinalonga-dds-011-3\/","title":{"rendered":"Um die Insel &#8211; Spinalonga"},"content":{"rendered":"<h3>Ein abwechslungsreicher Tag wartet auf Sie<\/h3>\n<p>In kleinen Fischerbooten startet vom mond\u00e4nen, kleinen Ort Elounda die Rundfahrt um die Insel Spinalonga. W\u00e4hrend der Fahrt um die Insel erhalten Sie interessante Informationen \u00fcber ihre spannende Geschichte<\/p>\n<p>Spinalonga hat eine abwechslungsreiche, bewegte Geschichte. Die kleine Insel liegt in der sch\u00f6nen Bucht von Mirabello. Erst war sie Seer\u00e4uberst\u00fctzpunkt, sp\u00e4ter venezianische Festung, dann t\u00fcrkische Siedlung und zum Schluss eine Leprakolonie. Ihre Bewohner lebten aufgrund der gro\u00dfen Ansteckungsgefahr in vollkommener Isolation. Sie bildeten auf der Insel eine Dorfgemeinschaft mit kompletter Infrastruktur. So gab es eine Schule, Lebensmittelgesch\u00e4fte und sogar eine Taverne. Nach der Entdeckung des Impfserums wurde die Isolation aufgehoben, wodurch die letzten Bewohner die Insel 1957 verlie\u00dfen.<\/p>\n<p>Gelegenheit zur Mittagspause und zum Baden im kristallklaren Wasser haben Sie danach in Elounda.<\/p>\n<p>Am Nachmittag besuchen sie die kleine, pulsierende Stadt Agios Nikolaos \u2013 das kretische St. Tropez. Direkt neben dem Hafen \u2013 nur durch eine kleine Br\u00fccke getrennt \u2013 befindet sich der S\u00fc\u00dfwassersee Voulismeni. Der Mythologie nach soll hier die G\u00f6ttin Athena gebadet haben.<\/p>\n<p>Bei dieser Fahrt besuchen Sie auch eine Oliven\u00f6l-Fabrik. Besichtigen Sie die moderne Anlage und probieren Sie das \u201efl\u00fcssige Gold\u201c, welches Sie dort auch k\u00e4uflich erwerben k\u00f6nnen.<\/p>\n<p>Ein toller Tag f\u00fcr Gro\u00df und Klein!<\/p>\n<p><strong>Ausflugsveranstalter:<\/strong> Destination Touristic Services<\/p>\n","protected":false},"excerpt":{"rendered":"<p>Ein abwechslungsreicher Tag wartet auf Sie In kleinen Fischerbooten startet vom mond\u00e4nen, kleinen Ort Elounda die Rundfahrt um die Insel Spinalonga. W\u00e4hrend der Fahrt um die Insel erhalten Sie interessante Informationen \u00fcber ihre spannende Geschichte Spinalonga hat eine abwechslungsreiche, bewegte Geschichte. Die kleine Insel liegt in der sch\u00f6nen Bucht von Mirabello. Erst war sie Seer\u00e4uberst\u00fctzpunkt, [&hellip;]<\/p>\n","protected":false},"featured_media":9657,"template":"","meta":{"_acf_changed":false,"ocean_post_layout":"","ocean_both_sidebars_style":"","ocean_both_sidebars_content_width":0,"ocean_both_sidebars_sidebars_width":0,"ocean_sidebar":"0","ocean_second_sidebar":"0","ocean_disable_margins":"enable","ocean_add_body_class":"","ocean_shortcode_before_top_bar":"","ocean_shortcode_after_top_bar":"","ocean_shortcode_before_header":"","ocean_shortcode_after_header":"","ocean_has_shortcode":"","ocean_shortcode_after_title":"","ocean_shortcode_before_footer_widgets":"","ocean_shortcode_after_footer_widgets":"","ocean_shortcode_before_footer_bottom":"","ocean_shortcode_after_footer_bottom":"","ocean_display_top_bar":"default","ocean_display_header":"default","ocean_header_style":"","ocean_center_header_left_menu":"0","ocean_custom_header_template":"0","ocean_custom_logo":0,"ocean_custom_retina_logo":0,"ocean_custom_logo_max_width":0,"ocean_custom_logo_tablet_max_width":0,"ocean_custom_logo_mobile_max_width":0,"ocean_custom_logo_max_height":0,"ocean_custom_logo_tablet_max_height":0,"ocean_custom_logo_mobile_max_height":0,"ocean_header_custom_menu":"0","ocean_menu_typo_font_family":"0","ocean_menu_typo_font_subset":"","ocean_menu_typo_font_size":0,"ocean_menu_typo_font_size_tablet":0,"ocean_menu_typo_font_size_mobile":0,"ocean_menu_typo_font_size_unit":"px","ocean_menu_typo_font_weight":"","ocean_menu_typo_font_weight_tablet":"","ocean_menu_typo_font_weight_mobile":"","ocean_menu_typo_transform":"","ocean_menu_typo_transform_tablet":"","ocean_menu_typo_transform_mobile":"","ocean_menu_typo_line_height":0,"ocean_menu_typo_line_height_tablet":0,"ocean_menu_typo_line_height_mobile":0,"ocean_menu_typo_line_height_unit":"","ocean_menu_typo_spacing":0,"ocean_menu_typo_spacing_tablet":0,"ocean_menu_typo_spacing_mobile":0,"ocean_menu_typo_spacing_unit":"","ocean_menu_link_color":"","ocean_menu_link_color_hover":"","ocean_menu_link_color_active":"","ocean_menu_link_background":"","ocean_menu_link_hover_background":"","ocean_menu_link_active_background":"","ocean_menu_social_links_bg":"","ocean_menu_social_hover_links_bg":"","ocean_menu_social_links_color":"","ocean_menu_social_hover_links_color":"","ocean_disable_title":"default","ocean_disable_heading":"default","ocean_post_title":"","ocean_post_subheading":"","ocean_post_title_style":"background-image","ocean_post_title_background_color":"","ocean_post_title_background":9658,"ocean_post_title_bg_image_position":"","ocean_post_title_bg_image_attachment":"","ocean_post_title_bg_image_repeat":"","ocean_post_title_bg_image_size":"","ocean_post_title_height":0,"ocean_post_title_bg_overlay":0.5,"ocean_post_title_bg_overlay_color":"","ocean_disable_breadcrumbs":"default","ocean_breadcrumbs_color":"","ocean_breadcrumbs_separator_color":"","ocean_breadcrumbs_links_color":"","ocean_breadcrumbs_links_hover_color":"","ocean_display_footer_widgets":"default","ocean_display_footer_bottom":"default","ocean_custom_footer_template":"0","omw_enable_modal_window":"enable","osh_disable_topbar_sticky":"default","osh_disable_header_sticky":"default","osh_sticky_header_style":"default","osh_sticky_header_effect":"","osh_custom_sticky_logo":0,"osh_custom_retina_sticky_logo":0,"osh_custom_sticky_logo_height":0,"osh_background_color":"","osh_links_color":"","osh_links_hover_color":"","osh_links_active_color":"","osh_links_bg_color":"","osh_links_hover_bg_color":"","osh_links_active_bg_color":"","osh_menu_social_links_color":"","osh_menu_social_hover_links_color":""},"ort":[501,500,499,503,502,506,505,504,497,496,498],"sichtbarkeit":[],"templateoption":[179],"product_brand":[],"product_cat":[182],"product_tag":[],"class_list":{"0":"post-14299","1":"product","2":"type-product","3":"status-publish","4":"has-post-thumbnail","6":"ort-analipsi","7":"ort-anissaras","8":"ort-chersonissos","9":"ort-gournes","10":"ort-gouves","11":"ort-heraklion","12":"ort-karteros","13":"ort-kokkini-hani","14":"ort-malia","15":"ort-sissi","16":"ort-stalis","17":"templateoption-dertrip-bc","18":"product_cat-ausfluege","19":"pa_nicht-vergessen-badesachen","20":"pa_nicht-vergessen-festes-schuhwerk","21":"pa_nicht-vergessen-sonnenschutz","22":"pa_nicht-vergessen-ausweis-mitnehmen","24":"entry","25":"has-media","27":"first","28":"instock","29":"virtual","30":"purchasable","31":"product-type-simple","32":"has-product-nav","33":"col","34":"span_1_of_3","35":"owp-content-center","36":"owp-thumbs-layout-horizontal","37":"owp-btn-normal","38":"owp-tabs-layout-section","39":"has-no-thumbnails"},"acf":[],"_links":{"self":[{"href":"https:\/\/www.dertour-reiseleitung.com\/kreta\/wp-json\/wp\/v2\/product\/14299","targetHints":{"allow":["GET"]}}],"collection":[{"href":"https:\/\/www.dertour-reiseleitung.com\/kreta\/wp-json\/wp\/v2\/product"}],"about":[{"href":"https:\/\/www.dertour-reiseleitung.com\/kreta\/wp-json\/wp\/v2\/types\/product"}],"version-history":[{"count":2,"href":"https:\/\/www.dertour-reiseleitung.com\/kreta\/wp-json\/wp\/v2\/product\/14299\/revisions"}],"predecessor-version":[{"id":14412,"href":"https:\/\/www.dertour-reiseleitung.com\/kreta\/wp-json\/wp\/v2\/product\/14299\/revisions\/14412"}],"wp:featuredmedia":[{"embeddable":true,"href":"https:\/\/www.dertour-reiseleitung.com\/kreta\/wp-json\/wp\/v2\/media\/9657"}],"wp:attachment":[{"href":"https:\/\/www.dertour-reiseleitung.com\/kreta\/wp-json\/wp\/v2\/media?parent=14299"}],"wp:term":[{"taxonomy":"ort","embeddable":true,"href":"https:\/\/www.dertour-reiseleitung.com\/kreta\/wp-json\/wp\/v2\/ort?post=14299"},{"taxonomy":"sichtbarkeit","embeddable":true,"href":"https:\/\/www.dertour-reiseleitung.com\/kreta\/wp-json\/wp\/v2\/sichtbarkeit?post=14299"},{"taxonomy":"templateoption","embeddable":true,"href":"https:\/\/www.dertour-reiseleitung.com\/kreta\/wp-json\/wp\/v2\/templateoption?post=14299"},{"taxonomy":"product_brand","embeddable":true,"href":"https:\/\/www.dertour-reiseleitung.com\/kreta\/wp-json\/wp\/v2\/product_brand?post=14299"},{"taxonomy":"product_cat","embeddable":true,"href":"https:\/\/www.dertour-reiseleitung.com\/kreta\/wp-json\/wp\/v2\/product_cat?post=14299"},{"taxonomy":"product_tag","embeddable":true,"href":"https:\/\/www.dertour-reiseleitung.com\/kreta\/wp-json\/wp\/v2\/product_tag?post=14299"}],"curies":[{"name":"wp","href":"https:\/\/api.w.org\/{rel}","templated":true}]}}