{"id":9632,"date":"2025-03-23T11:08:56","date_gmt":"2025-03-23T10:08:56","guid":{"rendered":"https:\/\/www.dertour-reiseleitung.com\/kreta\/aktivitaeten\/kalimera-kreta-ost\/"},"modified":"2026-04-22T17:16:10","modified_gmt":"2026-04-22T14:16:10","slug":"kalimera-kreta-ost","status":"publish","type":"product","link":"https:\/\/www.dertour-reiseleitung.com\/kreta\/aktivitaeten\/kalimera-kreta-ost\/","title":{"rendered":"Kalimera Kreta-Ost"},"content":{"rendered":"<h3>Entdecken Sie das s\u00fcd\u00f6stliche Kreta<\/h3>\n<p>Die bezaubernden Landschaften und malerischen Bergd\u00f6rfer, in denen sich seit Jahrtausenden kaum etwas ver\u00e4ndert hat, sind die H\u00f6hepunkte des Ausflugs. Sie fahren am Fu\u00dfe des Diktigebirges durch Olivenhaine und Weinberge.<br \/>\nIhren ersten Aufenthalt genie\u00dfen Sie im bezaubernden St\u00e4dtchen Agios Nikolaos, an der malerischen Bucht von Mirabello. Hier haben Sie die Gelegenheit zu einem kleinen Stadtbummel mit Besuch des Bauernmarktes.<\/p>\n<p>Danach fahren Sie vorbei an kleinen D\u00f6rfern, Olivenhainen und wundersch\u00f6nen Berglandschaften, bis Sie das urige Bergdorf Kalamafka erreichen.<br \/>\nKalamafka liegt 11km nordwestlich von Ierapetra und 25km s\u00fcdlich von Agios Nikolaos und schmiegt sich eindrucksvoll an den Rand der Berge.<br \/>\nGenie\u00dfen Sie den weitl\u00e4ufigen Ausblick auf die Nord- und S\u00fcdk\u00fcste Kretas und auf bewaldetet H\u00fcgel.<\/p>\n<p>Das am Meer gelegene \u00d6rtchen Myrtos liegt am Ausgang der imposanten Sarakina-Schlucht, 13km westlich von Ierapetra, in einem von Gew\u00e4chsh\u00e4usern und Zitrusfrucht-B\u00e4umen durchzogenen Tal. In dem idyllischen Dorf verbringen Sie ihre Mittagspause.<\/p>\n<p>Auf dem R\u00fcckweg besuchen Sie das traditionelle Bergdorg Kritsa.<\/p>\n<p><strong>Ausflugsveranstalter:<\/strong> Destination Touristic Services<\/p>\n","protected":false},"excerpt":{"rendered":"<p>Entdecken Sie das s\u00fcd\u00f6stliche Kreta Die bezaubernden Landschaften und malerischen Bergd\u00f6rfer, in denen sich seit Jahrtausenden kaum etwas ver\u00e4ndert hat, sind die H\u00f6hepunkte des Ausflugs. Sie fahren am Fu\u00dfe des Diktigebirges durch Olivenhaine und Weinberge. Ihren ersten Aufenthalt genie\u00dfen Sie im bezaubernden St\u00e4dtchen Agios Nikolaos, an der malerischen Bucht von Mirabello. Hier haben Sie die [&hellip;]<\/p>\n","protected":false},"featured_media":9634,"template":"","meta":{"_acf_changed":false,"ocean_post_layout":"","ocean_both_sidebars_style":"","ocean_both_sidebars_content_width":0,"ocean_both_sidebars_sidebars_width":0,"ocean_sidebar":"0","ocean_second_sidebar":"0","ocean_disable_margins":"enable","ocean_add_body_class":"","ocean_shortcode_before_top_bar":"","ocean_shortcode_after_top_bar":"","ocean_shortcode_before_header":"","ocean_shortcode_after_header":"","ocean_has_shortcode":"","ocean_shortcode_after_title":"","ocean_shortcode_before_footer_widgets":"","ocean_shortcode_after_footer_widgets":"","ocean_shortcode_before_footer_bottom":"","ocean_shortcode_after_footer_bottom":"","ocean_display_top_bar":"default","ocean_display_header":"default","ocean_header_style":"","ocean_center_header_left_menu":"0","ocean_custom_header_template":"0","ocean_custom_logo":0,"ocean_custom_retina_logo":0,"ocean_custom_logo_max_width":0,"ocean_custom_logo_tablet_max_width":0,"ocean_custom_logo_mobile_max_width":0,"ocean_custom_logo_max_height":0,"ocean_custom_logo_tablet_max_height":0,"ocean_custom_logo_mobile_max_height":0,"ocean_header_custom_menu":"0","ocean_menu_typo_font_family":"0","ocean_menu_typo_font_subset":"","ocean_menu_typo_font_size":0,"ocean_menu_typo_font_size_tablet":0,"ocean_menu_typo_font_size_mobile":0,"ocean_menu_typo_font_size_unit":"px","ocean_menu_typo_font_weight":"","ocean_menu_typo_font_weight_tablet":"","ocean_menu_typo_font_weight_mobile":"","ocean_menu_typo_transform":"","ocean_menu_typo_transform_tablet":"","ocean_menu_typo_transform_mobile":"","ocean_menu_typo_line_height":0,"ocean_menu_typo_line_height_tablet":0,"ocean_menu_typo_line_height_mobile":0,"ocean_menu_typo_line_height_unit":"","ocean_menu_typo_spacing":0,"ocean_menu_typo_spacing_tablet":0,"ocean_menu_typo_spacing_mobile":0,"ocean_menu_typo_spacing_unit":"","ocean_menu_link_color":"","ocean_menu_link_color_hover":"","ocean_menu_link_color_active":"","ocean_menu_link_background":"","ocean_menu_link_hover_background":"","ocean_menu_link_active_background":"","ocean_menu_social_links_bg":"","ocean_menu_social_hover_links_bg":"","ocean_menu_social_links_color":"","ocean_menu_social_hover_links_color":"","ocean_disable_title":"default","ocean_disable_heading":"default","ocean_post_title":"","ocean_post_subheading":"","ocean_post_title_style":"background-image","ocean_post_title_background_color":"","ocean_post_title_background":9635,"ocean_post_title_bg_image_position":"","ocean_post_title_bg_image_attachment":"","ocean_post_title_bg_image_repeat":"","ocean_post_title_bg_image_size":"","ocean_post_title_height":0,"ocean_post_title_bg_overlay":0.5,"ocean_post_title_bg_overlay_color":"","ocean_disable_breadcrumbs":"default","ocean_breadcrumbs_color":"","ocean_breadcrumbs_separator_color":"","ocean_breadcrumbs_links_color":"","ocean_breadcrumbs_links_hover_color":"","ocean_display_footer_widgets":"default","ocean_display_footer_bottom":"default","ocean_custom_footer_template":"0","omw_enable_modal_window":"enable","osh_disable_topbar_sticky":"default","osh_disable_header_sticky":"default","osh_sticky_header_style":"default","osh_sticky_header_effect":"","osh_custom_sticky_logo":0,"osh_custom_retina_sticky_logo":0,"osh_custom_sticky_logo_height":0,"osh_background_color":"","osh_links_color":"","osh_links_hover_color":"","osh_links_active_color":"","osh_links_bg_color":"","osh_links_hover_bg_color":"","osh_links_active_bg_color":"","osh_menu_social_links_color":"","osh_menu_social_hover_links_color":""},"ort":[507,501,500,499,503,502,506,505,504,497,495,496,498],"sichtbarkeit":[],"templateoption":[176],"product_brand":[],"product_cat":[182],"product_tag":[],"class_list":{"0":"post-9632","1":"product","2":"type-product","3":"status-publish","4":"has-post-thumbnail","6":"ort-ammoudara","7":"ort-analipsi","8":"ort-anissaras","9":"ort-chersonissos","10":"ort-gournes","11":"ort-gouves","12":"ort-heraklion","13":"ort-karteros","14":"ort-kokkini-hani","15":"ort-malia","16":"ort-milatos","17":"ort-sissi","18":"ort-stalis","19":"templateoption-ohne-buchungskalender","20":"product_cat-ausfluege","21":"pa_nicht-vergessen-badesachen","22":"pa_nicht-vergessen-festes-schuhwerk","23":"pa_nicht-vergessen-sonnenschutz","25":"entry","26":"has-media","28":"first","29":"instock","30":"virtual","31":"purchasable","32":"product-type-simple","33":"has-product-nav","34":"col","35":"span_1_of_3","36":"owp-content-center","37":"owp-thumbs-layout-horizontal","38":"owp-btn-normal","39":"owp-tabs-layout-section","40":"has-no-thumbnails"},"acf":[],"_links":{"self":[{"href":"https:\/\/www.dertour-reiseleitung.com\/kreta\/wp-json\/wp\/v2\/product\/9632","targetHints":{"allow":["GET"]}}],"collection":[{"href":"https:\/\/www.dertour-reiseleitung.com\/kreta\/wp-json\/wp\/v2\/product"}],"about":[{"href":"https:\/\/www.dertour-reiseleitung.com\/kreta\/wp-json\/wp\/v2\/types\/product"}],"version-history":[{"count":17,"href":"https:\/\/www.dertour-reiseleitung.com\/kreta\/wp-json\/wp\/v2\/product\/9632\/revisions"}],"predecessor-version":[{"id":13897,"href":"https:\/\/www.dertour-reiseleitung.com\/kreta\/wp-json\/wp\/v2\/product\/9632\/revisions\/13897"}],"wp:featuredmedia":[{"embeddable":true,"href":"https:\/\/www.dertour-reiseleitung.com\/kreta\/wp-json\/wp\/v2\/media\/9634"}],"wp:attachment":[{"href":"https:\/\/www.dertour-reiseleitung.com\/kreta\/wp-json\/wp\/v2\/media?parent=9632"}],"wp:term":[{"taxonomy":"ort","embeddable":true,"href":"https:\/\/www.dertour-reiseleitung.com\/kreta\/wp-json\/wp\/v2\/ort?post=9632"},{"taxonomy":"sichtbarkeit","embeddable":true,"href":"https:\/\/www.dertour-reiseleitung.com\/kreta\/wp-json\/wp\/v2\/sichtbarkeit?post=9632"},{"taxonomy":"templateoption","embeddable":true,"href":"https:\/\/www.dertour-reiseleitung.com\/kreta\/wp-json\/wp\/v2\/templateoption?post=9632"},{"taxonomy":"product_brand","embeddable":true,"href":"https:\/\/www.dertour-reiseleitung.com\/kreta\/wp-json\/wp\/v2\/product_brand?post=9632"},{"taxonomy":"product_cat","embeddable":true,"href":"https:\/\/www.dertour-reiseleitung.com\/kreta\/wp-json\/wp\/v2\/product_cat?post=9632"},{"taxonomy":"product_tag","embeddable":true,"href":"https:\/\/www.dertour-reiseleitung.com\/kreta\/wp-json\/wp\/v2\/product_tag?post=9632"}],"curies":[{"name":"wp","href":"https:\/\/api.w.org\/{rel}","templated":true}]}}