{"id":9677,"date":"2025-03-23T11:10:31","date_gmt":"2025-03-23T10:10:31","guid":{"rendered":"https:\/\/www.dertour-reiseleitung.com\/kreta\/aktivitaeten\/landrover-safari\/"},"modified":"2026-04-23T22:04:08","modified_gmt":"2026-04-23T19:04:08","slug":"landrover-safari","status":"publish","type":"product","link":"https:\/\/www.dertour-reiseleitung.com\/kreta\/aktivitaeten\/landrover-safari\/","title":{"rendered":"Landrover Safari"},"content":{"rendered":"<h3>Ein einzigartiges Erlebnis!<\/h3>\n<p>Bei diesen Touren entdecken Sie das unbekannte Kreta. Lassen Sie sich verzaubern von den eindrucksvollen Berglandschaften und idyllischen Buchten, von Bergtieren, Blumen und Kr\u00e4utern&#8230;. und nat\u00fcrlich von der un\u00fcbertroffenen Gastfreundschaft der heimischen Kreter. Ihre Reiseleitung informiert Sie \u00fcber die ausgew\u00e4hlten Routen.<\/p>\n<div><strong>Ausflugsveranstalter:<\/strong> Destination Touristic Services<\/div>\n","protected":false},"excerpt":{"rendered":"<p>Ein einzigartiges Erlebnis! Bei diesen Touren entdecken Sie das unbekannte Kreta. Lassen Sie sich verzaubern von den eindrucksvollen Berglandschaften und idyllischen Buchten, von Bergtieren, Blumen und Kr\u00e4utern&#8230;. und nat\u00fcrlich von der un\u00fcbertroffenen Gastfreundschaft der heimischen Kreter. Ihre Reiseleitung informiert Sie \u00fcber die ausgew\u00e4hlten Routen. Ausflugsveranstalter: Destination Touristic Services<\/p>\n","protected":false},"featured_media":9679,"template":"","meta":{"_acf_changed":false,"ocean_post_layout":"","ocean_both_sidebars_style":"","ocean_both_sidebars_content_width":0,"ocean_both_sidebars_sidebars_width":0,"ocean_sidebar":"0","ocean_second_sidebar":"0","ocean_disable_margins":"enable","ocean_add_body_class":"","ocean_shortcode_before_top_bar":"","ocean_shortcode_after_top_bar":"","ocean_shortcode_before_header":"","ocean_shortcode_after_header":"","ocean_has_shortcode":"","ocean_shortcode_after_title":"","ocean_shortcode_before_footer_widgets":"","ocean_shortcode_after_footer_widgets":"","ocean_shortcode_before_footer_bottom":"","ocean_shortcode_after_footer_bottom":"","ocean_display_top_bar":"default","ocean_display_header":"default","ocean_header_style":"","ocean_center_header_left_menu":"0","ocean_custom_header_template":"0","ocean_custom_logo":0,"ocean_custom_retina_logo":0,"ocean_custom_logo_max_width":0,"ocean_custom_logo_tablet_max_width":0,"ocean_custom_logo_mobile_max_width":0,"ocean_custom_logo_max_height":0,"ocean_custom_logo_tablet_max_height":0,"ocean_custom_logo_mobile_max_height":0,"ocean_header_custom_menu":"0","ocean_menu_typo_font_family":"0","ocean_menu_typo_font_subset":"","ocean_menu_typo_font_size":0,"ocean_menu_typo_font_size_tablet":0,"ocean_menu_typo_font_size_mobile":0,"ocean_menu_typo_font_size_unit":"px","ocean_menu_typo_font_weight":"","ocean_menu_typo_font_weight_tablet":"","ocean_menu_typo_font_weight_mobile":"","ocean_menu_typo_transform":"","ocean_menu_typo_transform_tablet":"","ocean_menu_typo_transform_mobile":"","ocean_menu_typo_line_height":0,"ocean_menu_typo_line_height_tablet":0,"ocean_menu_typo_line_height_mobile":0,"ocean_menu_typo_line_height_unit":"","ocean_menu_typo_spacing":0,"ocean_menu_typo_spacing_tablet":0,"ocean_menu_typo_spacing_mobile":0,"ocean_menu_typo_spacing_unit":"","ocean_menu_link_color":"","ocean_menu_link_color_hover":"","ocean_menu_link_color_active":"","ocean_menu_link_background":"","ocean_menu_link_hover_background":"","ocean_menu_link_active_background":"","ocean_menu_social_links_bg":"","ocean_menu_social_hover_links_bg":"","ocean_menu_social_links_color":"","ocean_menu_social_hover_links_color":"","ocean_disable_title":"default","ocean_disable_heading":"default","ocean_post_title":"","ocean_post_subheading":"","ocean_post_title_style":"background-image","ocean_post_title_background_color":"","ocean_post_title_background":9680,"ocean_post_title_bg_image_position":"","ocean_post_title_bg_image_attachment":"","ocean_post_title_bg_image_repeat":"","ocean_post_title_bg_image_size":"","ocean_post_title_height":0,"ocean_post_title_bg_overlay":0.5,"ocean_post_title_bg_overlay_color":"","ocean_disable_breadcrumbs":"default","ocean_breadcrumbs_color":"","ocean_breadcrumbs_separator_color":"","ocean_breadcrumbs_links_color":"","ocean_breadcrumbs_links_hover_color":"","ocean_display_footer_widgets":"default","ocean_display_footer_bottom":"default","ocean_custom_footer_template":"0","omw_enable_modal_window":"enable","osh_disable_topbar_sticky":"default","osh_disable_header_sticky":"default","osh_sticky_header_style":"default","osh_sticky_header_effect":"","osh_custom_sticky_logo":0,"osh_custom_retina_sticky_logo":0,"osh_custom_sticky_logo_height":0,"osh_background_color":"","osh_links_color":"","osh_links_hover_color":"","osh_links_active_color":"","osh_links_bg_color":"","osh_links_hover_bg_color":"","osh_links_active_bg_color":"","osh_menu_social_links_color":"","osh_menu_social_hover_links_color":""},"ort":[509,507,501,500,508,499,520,513,503,502,506,505,512,504,497,495,511,510,496,498],"sichtbarkeit":[],"templateoption":[176],"product_brand":[],"product_cat":[182],"product_tag":[],"class_list":{"0":"post-9677","1":"product","2":"type-product","3":"status-publish","4":"has-post-thumbnail","6":"ort-adelianos-kampos","7":"ort-ammoudara","8":"ort-analipsi","9":"ort-anissaras","10":"ort-bali","11":"ort-chersonissos","12":"ort-elounda","13":"ort-georgiopolis","14":"ort-gournes","15":"ort-gouves","16":"ort-heraklion","17":"ort-karteros","18":"ort-kavros","19":"ort-kokkini-hani","20":"ort-malia","21":"ort-milatos","22":"ort-panormo","23":"ort-rethymnon","24":"ort-sissi","25":"ort-stalis","26":"templateoption-ohne-buchungskalender","27":"product_cat-ausfluege","28":"pa_nicht-vergessen-badesachen","29":"pa_nicht-vergessen-festes-schuhwerk","30":"pa_nicht-vergessen-sonnenschutz","32":"entry","33":"has-media","35":"first","36":"instock","37":"virtual","38":"purchasable","39":"product-type-simple","40":"has-product-nav","41":"col","42":"span_1_of_3","43":"owp-content-center","44":"owp-thumbs-layout-horizontal","45":"owp-btn-normal","46":"owp-tabs-layout-section","47":"has-no-thumbnails"},"acf":[],"_links":{"self":[{"href":"https:\/\/www.dertour-reiseleitung.com\/kreta\/wp-json\/wp\/v2\/product\/9677","targetHints":{"allow":["GET"]}}],"collection":[{"href":"https:\/\/www.dertour-reiseleitung.com\/kreta\/wp-json\/wp\/v2\/product"}],"about":[{"href":"https:\/\/www.dertour-reiseleitung.com\/kreta\/wp-json\/wp\/v2\/types\/product"}],"version-history":[{"count":10,"href":"https:\/\/www.dertour-reiseleitung.com\/kreta\/wp-json\/wp\/v2\/product\/9677\/revisions"}],"predecessor-version":[{"id":13602,"href":"https:\/\/www.dertour-reiseleitung.com\/kreta\/wp-json\/wp\/v2\/product\/9677\/revisions\/13602"}],"wp:featuredmedia":[{"embeddable":true,"href":"https:\/\/www.dertour-reiseleitung.com\/kreta\/wp-json\/wp\/v2\/media\/9679"}],"wp:attachment":[{"href":"https:\/\/www.dertour-reiseleitung.com\/kreta\/wp-json\/wp\/v2\/media?parent=9677"}],"wp:term":[{"taxonomy":"ort","embeddable":true,"href":"https:\/\/www.dertour-reiseleitung.com\/kreta\/wp-json\/wp\/v2\/ort?post=9677"},{"taxonomy":"sichtbarkeit","embeddable":true,"href":"https:\/\/www.dertour-reiseleitung.com\/kreta\/wp-json\/wp\/v2\/sichtbarkeit?post=9677"},{"taxonomy":"templateoption","embeddable":true,"href":"https:\/\/www.dertour-reiseleitung.com\/kreta\/wp-json\/wp\/v2\/templateoption?post=9677"},{"taxonomy":"product_brand","embeddable":true,"href":"https:\/\/www.dertour-reiseleitung.com\/kreta\/wp-json\/wp\/v2\/product_brand?post=9677"},{"taxonomy":"product_cat","embeddable":true,"href":"https:\/\/www.dertour-reiseleitung.com\/kreta\/wp-json\/wp\/v2\/product_cat?post=9677"},{"taxonomy":"product_tag","embeddable":true,"href":"https:\/\/www.dertour-reiseleitung.com\/kreta\/wp-json\/wp\/v2\/product_tag?post=9677"}],"curies":[{"name":"wp","href":"https:\/\/api.w.org\/{rel}","templated":true}]}}