{"id":9681,"date":"2025-03-23T11:10:31","date_gmt":"2025-03-23T10:10:31","guid":{"rendered":"https:\/\/www.dertour-reiseleitung.com\/kreta\/aktivitaeten\/quad-safari\/"},"modified":"2026-04-23T22:02:59","modified_gmt":"2026-04-23T19:02:59","slug":"quad-safari","status":"publish","type":"product","link":"https:\/\/www.dertour-reiseleitung.com\/kreta\/aktivitaeten\/quad-safari\/","title":{"rendered":"Quad Safari"},"content":{"rendered":"<p>Erleben Sie die Sch\u00f6nheit Kretas bei einer spannenden und abwechslungsreichen Tour mit dem Quad. Unser Vertragspartner bietet Ihnen ausgew\u00e4hlte Touren an. Ihre Reiseleitung informiert Sie gerne \u00fcber die Quadausfl\u00fcge und versorgt Sie mit weiteren Details.<\/p>\n<p><strong>Ausflugsveranstalter:<\/strong> Destination Touristic Services<\/p>\n","protected":false},"excerpt":{"rendered":"<p>Erleben Sie die Sch\u00f6nheit Kretas bei einer spannenden und abwechslungsreichen Tour mit dem Quad. Unser Vertragspartner bietet Ihnen ausgew\u00e4hlte Touren an. Ihre Reiseleitung informiert Sie gerne \u00fcber die Quadausfl\u00fcge und versorgt Sie mit weiteren Details. Ausflugsveranstalter: Destination Touristic Services<\/p>\n","protected":false},"featured_media":9683,"template":"","meta":{"_acf_changed":false,"ocean_post_layout":"","ocean_both_sidebars_style":"","ocean_both_sidebars_content_width":0,"ocean_both_sidebars_sidebars_width":0,"ocean_sidebar":"0","ocean_second_sidebar":"0","ocean_disable_margins":"enable","ocean_add_body_class":"","ocean_shortcode_before_top_bar":"","ocean_shortcode_after_top_bar":"","ocean_shortcode_before_header":"","ocean_shortcode_after_header":"","ocean_has_shortcode":"","ocean_shortcode_after_title":"","ocean_shortcode_before_footer_widgets":"","ocean_shortcode_after_footer_widgets":"","ocean_shortcode_before_footer_bottom":"","ocean_shortcode_after_footer_bottom":"","ocean_display_top_bar":"default","ocean_display_header":"default","ocean_header_style":"","ocean_center_header_left_menu":"0","ocean_custom_header_template":"0","ocean_custom_logo":0,"ocean_custom_retina_logo":0,"ocean_custom_logo_max_width":0,"ocean_custom_logo_tablet_max_width":0,"ocean_custom_logo_mobile_max_width":0,"ocean_custom_logo_max_height":0,"ocean_custom_logo_tablet_max_height":0,"ocean_custom_logo_mobile_max_height":0,"ocean_header_custom_menu":"0","ocean_menu_typo_font_family":"0","ocean_menu_typo_font_subset":"","ocean_menu_typo_font_size":0,"ocean_menu_typo_font_size_tablet":0,"ocean_menu_typo_font_size_mobile":0,"ocean_menu_typo_font_size_unit":"px","ocean_menu_typo_font_weight":"","ocean_menu_typo_font_weight_tablet":"","ocean_menu_typo_font_weight_mobile":"","ocean_menu_typo_transform":"","ocean_menu_typo_transform_tablet":"","ocean_menu_typo_transform_mobile":"","ocean_menu_typo_line_height":0,"ocean_menu_typo_line_height_tablet":0,"ocean_menu_typo_line_height_mobile":0,"ocean_menu_typo_line_height_unit":"","ocean_menu_typo_spacing":0,"ocean_menu_typo_spacing_tablet":0,"ocean_menu_typo_spacing_mobile":0,"ocean_menu_typo_spacing_unit":"","ocean_menu_link_color":"","ocean_menu_link_color_hover":"","ocean_menu_link_color_active":"","ocean_menu_link_background":"","ocean_menu_link_hover_background":"","ocean_menu_link_active_background":"","ocean_menu_social_links_bg":"","ocean_menu_social_hover_links_bg":"","ocean_menu_social_links_color":"","ocean_menu_social_hover_links_color":"","ocean_disable_title":"default","ocean_disable_heading":"default","ocean_post_title":"","ocean_post_subheading":"","ocean_post_title_style":"background-image","ocean_post_title_background_color":"","ocean_post_title_background":9688,"ocean_post_title_bg_image_position":"","ocean_post_title_bg_image_attachment":"","ocean_post_title_bg_image_repeat":"","ocean_post_title_bg_image_size":"","ocean_post_title_height":0,"ocean_post_title_bg_overlay":0.5,"ocean_post_title_bg_overlay_color":"","ocean_disable_breadcrumbs":"default","ocean_breadcrumbs_color":"","ocean_breadcrumbs_separator_color":"","ocean_breadcrumbs_links_color":"","ocean_breadcrumbs_links_hover_color":"","ocean_display_footer_widgets":"default","ocean_display_footer_bottom":"default","ocean_custom_footer_template":"0","omw_enable_modal_window":"enable","osh_disable_topbar_sticky":"default","osh_disable_header_sticky":"default","osh_sticky_header_style":"default","osh_sticky_header_effect":"","osh_custom_sticky_logo":0,"osh_custom_retina_sticky_logo":0,"osh_custom_sticky_logo_height":0,"osh_background_color":"","osh_links_color":"","osh_links_hover_color":"","osh_links_active_color":"","osh_links_bg_color":"","osh_links_hover_bg_color":"","osh_links_active_bg_color":"","osh_menu_social_links_color":"","osh_menu_social_hover_links_color":""},"ort":[507,501,500,499,503,502,506,505,504,497,495,496,498],"sichtbarkeit":[],"templateoption":[176],"product_brand":[],"product_cat":[182],"product_tag":[],"class_list":{"0":"post-9681","1":"product","2":"type-product","3":"status-publish","4":"has-post-thumbnail","6":"ort-ammoudara","7":"ort-analipsi","8":"ort-anissaras","9":"ort-chersonissos","10":"ort-gournes","11":"ort-gouves","12":"ort-heraklion","13":"ort-karteros","14":"ort-kokkini-hani","15":"ort-malia","16":"ort-milatos","17":"ort-sissi","18":"ort-stalis","19":"templateoption-ohne-buchungskalender","20":"product_cat-ausfluege","21":"pa_nicht-vergessen-festes-schuhwerk","22":"pa_nicht-vergessen-ausweis-mitnehmen","24":"entry","25":"has-media","27":"first","28":"instock","29":"virtual","30":"product-type-simple","31":"has-product-nav","32":"col","33":"span_1_of_3","34":"owp-content-center","35":"owp-thumbs-layout-horizontal","36":"owp-btn-normal","37":"owp-tabs-layout-section"},"acf":[],"_links":{"self":[{"href":"https:\/\/www.dertour-reiseleitung.com\/kreta\/wp-json\/wp\/v2\/product\/9681","targetHints":{"allow":["GET"]}}],"collection":[{"href":"https:\/\/www.dertour-reiseleitung.com\/kreta\/wp-json\/wp\/v2\/product"}],"about":[{"href":"https:\/\/www.dertour-reiseleitung.com\/kreta\/wp-json\/wp\/v2\/types\/product"}],"version-history":[{"count":6,"href":"https:\/\/www.dertour-reiseleitung.com\/kreta\/wp-json\/wp\/v2\/product\/9681\/revisions"}],"predecessor-version":[{"id":14019,"href":"https:\/\/www.dertour-reiseleitung.com\/kreta\/wp-json\/wp\/v2\/product\/9681\/revisions\/14019"}],"wp:featuredmedia":[{"embeddable":true,"href":"https:\/\/www.dertour-reiseleitung.com\/kreta\/wp-json\/wp\/v2\/media\/9683"}],"wp:attachment":[{"href":"https:\/\/www.dertour-reiseleitung.com\/kreta\/wp-json\/wp\/v2\/media?parent=9681"}],"wp:term":[{"taxonomy":"ort","embeddable":true,"href":"https:\/\/www.dertour-reiseleitung.com\/kreta\/wp-json\/wp\/v2\/ort?post=9681"},{"taxonomy":"sichtbarkeit","embeddable":true,"href":"https:\/\/www.dertour-reiseleitung.com\/kreta\/wp-json\/wp\/v2\/sichtbarkeit?post=9681"},{"taxonomy":"templateoption","embeddable":true,"href":"https:\/\/www.dertour-reiseleitung.com\/kreta\/wp-json\/wp\/v2\/templateoption?post=9681"},{"taxonomy":"product_brand","embeddable":true,"href":"https:\/\/www.dertour-reiseleitung.com\/kreta\/wp-json\/wp\/v2\/product_brand?post=9681"},{"taxonomy":"product_cat","embeddable":true,"href":"https:\/\/www.dertour-reiseleitung.com\/kreta\/wp-json\/wp\/v2\/product_cat?post=9681"},{"taxonomy":"product_tag","embeddable":true,"href":"https:\/\/www.dertour-reiseleitung.com\/kreta\/wp-json\/wp\/v2\/product_tag?post=9681"}],"curies":[{"name":"wp","href":"https:\/\/api.w.org\/{rel}","templated":true}]}}