{"id":9697,"date":"2025-03-23T11:11:14","date_gmt":"2025-03-23T10:11:14","guid":{"rendered":"https:\/\/www.dertour-reiseleitung.com\/kreta\/aktivitaeten\/kalispera-mirabello-ab-osten\/"},"modified":"2026-04-23T18:27:13","modified_gmt":"2026-04-23T15:27:13","slug":"kalispera-mirabello-ab-osten","status":"publish","type":"product","link":"https:\/\/www.dertour-reiseleitung.com\/kreta\/aktivitaeten\/kalispera-mirabello-ab-osten\/","title":{"rendered":"Kalispera Mirabello"},"content":{"rendered":"<p>Dieser Ausflug f\u00fchrt Sie \u00fcber die Schnellstra\u00dfe zwischen der Hauptstadt Heraklion und der Stadt Agios Nikolaos zur Mirabello-Bucht.<br \/>\nUnterwegs fahren Sie vorbei an zahlreichen Str\u00e4nden und urigen Bergd\u00f6rfern.<br \/>\nWeites Meer, hohe Berge, noble Hotels und einfache Pensionen \u2013 all das finden Sie ringsherum und k\u00f6nnen es bei einem Fotostopp zur Erinnerung festhalten.<\/p>\n<p>Nach der Weiterfahrt erreichen Sie den kleinen Ort Elounda.<br \/>\nSeit mehr als drei Jahrzehnten ist Elounda auch ein beliebtes Urlaubsziel f\u00fcr ber\u00fchmte Pers\u00f6nlichkeiten aus Politik und Showbusiness.<\/p>\n<p>Nach einem Badeaufenthalt in Elounda startet die Rundfahrt um die Insel Spinalonga.<br \/>\nDie Insel hat eine abwechslungsreiche und bewegte Geschichte:<br \/>\nErst war sie Seer\u00e4uberst\u00fctzpunkt, sp\u00e4ter venezianische Festung, dann t\u00fcrkische Siedlung und zum Schluss eine Leprakolonie.<br \/>\nIhre Bewohner lebten aufgrund der gro\u00dfen Ansteckungsgefahr in vollkommener Isolation. Sie bildeten auf der Insel eine Dorfgemeinschaft mit kompletter Infrastruktur.<br \/>\nEs gab eine Schule, Lebensmittelgesch\u00e4fte und sogar eine Taverne.<br \/>\nNach der Entdeckung des Impfserums wurde die Isolation aufgehoben, und die letzten Bewohner verlie\u00dfen die Insel im Jahr 1957.<\/p>\n<p>Im Anschluss an die Bootsfahrt besuchen Sie Agios Nikolaos.<br \/>\nDas bezaubernde St\u00e4dtchen bietet Ihnen alle m\u00f6glichen Attraktionen: Museen, Caf\u00e9s, Gesch\u00e4fte und Tavernen.<br \/>\nNutzen Sie die Gelegenheit zu einem kleinen Stadtbummel in besonderer Abendstimmung.<\/p>\n<p><strong>Ausflugsveranstalter:<\/strong> Destination Touristic Services<\/p>\n","protected":false},"excerpt":{"rendered":"<p>Dieser Ausflug f\u00fchrt Sie \u00fcber die Schnellstra\u00dfe zwischen der Hauptstadt Heraklion und der Stadt Agios Nikolaos zur Mirabello-Bucht. Unterwegs fahren Sie vorbei an zahlreichen Str\u00e4nden und urigen Bergd\u00f6rfern. Weites Meer, hohe Berge, noble Hotels und einfache Pensionen \u2013 all das finden Sie ringsherum und k\u00f6nnen es bei einem Fotostopp zur Erinnerung festhalten. Nach der Weiterfahrt [&hellip;]<\/p>\n","protected":false},"featured_media":9657,"template":"","meta":{"_acf_changed":false,"ocean_post_layout":"","ocean_both_sidebars_style":"","ocean_both_sidebars_content_width":0,"ocean_both_sidebars_sidebars_width":0,"ocean_sidebar":"0","ocean_second_sidebar":"0","ocean_disable_margins":"enable","ocean_add_body_class":"","ocean_shortcode_before_top_bar":"","ocean_shortcode_after_top_bar":"","ocean_shortcode_before_header":"","ocean_shortcode_after_header":"","ocean_has_shortcode":"","ocean_shortcode_after_title":"","ocean_shortcode_before_footer_widgets":"","ocean_shortcode_after_footer_widgets":"","ocean_shortcode_before_footer_bottom":"","ocean_shortcode_after_footer_bottom":"","ocean_display_top_bar":"default","ocean_display_header":"default","ocean_header_style":"","ocean_center_header_left_menu":"0","ocean_custom_header_template":"0","ocean_custom_logo":0,"ocean_custom_retina_logo":0,"ocean_custom_logo_max_width":0,"ocean_custom_logo_tablet_max_width":0,"ocean_custom_logo_mobile_max_width":0,"ocean_custom_logo_max_height":0,"ocean_custom_logo_tablet_max_height":0,"ocean_custom_logo_mobile_max_height":0,"ocean_header_custom_menu":"0","ocean_menu_typo_font_family":"0","ocean_menu_typo_font_subset":"","ocean_menu_typo_font_size":0,"ocean_menu_typo_font_size_tablet":0,"ocean_menu_typo_font_size_mobile":0,"ocean_menu_typo_font_size_unit":"px","ocean_menu_typo_font_weight":"","ocean_menu_typo_font_weight_tablet":"","ocean_menu_typo_font_weight_mobile":"","ocean_menu_typo_transform":"","ocean_menu_typo_transform_tablet":"","ocean_menu_typo_transform_mobile":"","ocean_menu_typo_line_height":0,"ocean_menu_typo_line_height_tablet":0,"ocean_menu_typo_line_height_mobile":0,"ocean_menu_typo_line_height_unit":"","ocean_menu_typo_spacing":0,"ocean_menu_typo_spacing_tablet":0,"ocean_menu_typo_spacing_mobile":0,"ocean_menu_typo_spacing_unit":"","ocean_menu_link_color":"","ocean_menu_link_color_hover":"","ocean_menu_link_color_active":"","ocean_menu_link_background":"","ocean_menu_link_hover_background":"","ocean_menu_link_active_background":"","ocean_menu_social_links_bg":"","ocean_menu_social_hover_links_bg":"","ocean_menu_social_links_color":"","ocean_menu_social_hover_links_color":"","ocean_disable_title":"default","ocean_disable_heading":"default","ocean_post_title":"","ocean_post_subheading":"","ocean_post_title_style":"background-image","ocean_post_title_background_color":"","ocean_post_title_background":9699,"ocean_post_title_bg_image_position":"","ocean_post_title_bg_image_attachment":"","ocean_post_title_bg_image_repeat":"","ocean_post_title_bg_image_size":"","ocean_post_title_height":0,"ocean_post_title_bg_overlay":0.5,"ocean_post_title_bg_overlay_color":"","ocean_disable_breadcrumbs":"default","ocean_breadcrumbs_color":"","ocean_breadcrumbs_separator_color":"","ocean_breadcrumbs_links_color":"","ocean_breadcrumbs_links_hover_color":"","ocean_display_footer_widgets":"default","ocean_display_footer_bottom":"default","ocean_custom_footer_template":"0","omw_enable_modal_window":"enable","osh_disable_topbar_sticky":"default","osh_disable_header_sticky":"default","osh_sticky_header_style":"default","osh_sticky_header_effect":"","osh_custom_sticky_logo":0,"osh_custom_retina_sticky_logo":0,"osh_custom_sticky_logo_height":0,"osh_background_color":"","osh_links_color":"","osh_links_hover_color":"","osh_links_active_color":"","osh_links_bg_color":"","osh_links_hover_bg_color":"","osh_links_active_bg_color":"","osh_menu_social_links_color":"","osh_menu_social_hover_links_color":""},"ort":[507,501,500,499,503,502,506,505,504,497,495,496,498],"sichtbarkeit":[],"templateoption":[176],"product_brand":[],"product_cat":[182],"product_tag":[],"class_list":{"0":"post-9697","1":"product","2":"type-product","3":"status-publish","4":"has-post-thumbnail","6":"ort-ammoudara","7":"ort-analipsi","8":"ort-anissaras","9":"ort-chersonissos","10":"ort-gournes","11":"ort-gouves","12":"ort-heraklion","13":"ort-karteros","14":"ort-kokkini-hani","15":"ort-malia","16":"ort-milatos","17":"ort-sissi","18":"ort-stalis","19":"templateoption-ohne-buchungskalender","20":"product_cat-ausfluege","21":"pa_nicht-vergessen-badesachen","23":"entry","24":"has-media","26":"first","27":"instock","28":"virtual","29":"purchasable","30":"product-type-simple","31":"has-product-nav","32":"col","33":"span_1_of_3","34":"owp-content-center","35":"owp-thumbs-layout-horizontal","36":"owp-btn-normal","37":"owp-tabs-layout-section","38":"has-no-thumbnails"},"acf":[],"_links":{"self":[{"href":"https:\/\/www.dertour-reiseleitung.com\/kreta\/wp-json\/wp\/v2\/product\/9697","targetHints":{"allow":["GET"]}}],"collection":[{"href":"https:\/\/www.dertour-reiseleitung.com\/kreta\/wp-json\/wp\/v2\/product"}],"about":[{"href":"https:\/\/www.dertour-reiseleitung.com\/kreta\/wp-json\/wp\/v2\/types\/product"}],"version-history":[{"count":11,"href":"https:\/\/www.dertour-reiseleitung.com\/kreta\/wp-json\/wp\/v2\/product\/9697\/revisions"}],"predecessor-version":[{"id":14015,"href":"https:\/\/www.dertour-reiseleitung.com\/kreta\/wp-json\/wp\/v2\/product\/9697\/revisions\/14015"}],"wp:featuredmedia":[{"embeddable":true,"href":"https:\/\/www.dertour-reiseleitung.com\/kreta\/wp-json\/wp\/v2\/media\/9657"}],"wp:attachment":[{"href":"https:\/\/www.dertour-reiseleitung.com\/kreta\/wp-json\/wp\/v2\/media?parent=9697"}],"wp:term":[{"taxonomy":"ort","embeddable":true,"href":"https:\/\/www.dertour-reiseleitung.com\/kreta\/wp-json\/wp\/v2\/ort?post=9697"},{"taxonomy":"sichtbarkeit","embeddable":true,"href":"https:\/\/www.dertour-reiseleitung.com\/kreta\/wp-json\/wp\/v2\/sichtbarkeit?post=9697"},{"taxonomy":"templateoption","embeddable":true,"href":"https:\/\/www.dertour-reiseleitung.com\/kreta\/wp-json\/wp\/v2\/templateoption?post=9697"},{"taxonomy":"product_brand","embeddable":true,"href":"https:\/\/www.dertour-reiseleitung.com\/kreta\/wp-json\/wp\/v2\/product_brand?post=9697"},{"taxonomy":"product_cat","embeddable":true,"href":"https:\/\/www.dertour-reiseleitung.com\/kreta\/wp-json\/wp\/v2\/product_cat?post=9697"},{"taxonomy":"product_tag","embeddable":true,"href":"https:\/\/www.dertour-reiseleitung.com\/kreta\/wp-json\/wp\/v2\/product_tag?post=9697"}],"curies":[{"name":"wp","href":"https:\/\/api.w.org\/{rel}","templated":true}]}}