{"id":9439,"date":"2025-03-29T22:18:52","date_gmt":"2025-03-29T21:18:52","guid":{"rendered":"https:\/\/www.dertour-reiseleitung.com\/kroatien\/aktivitaeten\/split-trogir\/"},"modified":"2025-11-19T13:34:10","modified_gmt":"2025-11-19T11:34:10","slug":"split-trogir","status":"publish","type":"product","link":"https:\/\/www.dertour-reiseleitung.com\/kroatien\/aktivitaeten\/split-trogir\/","title":{"rendered":"Split &#8211; Trogir"},"content":{"rendered":"<p>Auf einer Halbinsel gelesen ist Split umgeben von historischen St\u00e4dten und Siedlungen.<\/p>\n<p>Bei einer interessanten Stadtbesichtigung erkunden Sie den Diokletianpalast aus dem 4. Jahrhundert mit seinen alten Kellern, den Peristyl, r\u00f6mische Tempel (heute christlich), die Kathedrale, das Baptisterium und das ber\u00fchmte Goldene Tor. Nutzen Sie ein wenig Freizeit zum Bummeln oder f\u00fcr Ihre ganz eigene Entdeckungstour, bis es weiter geht Richtung Trogir- eine kleine Stadt, die unter dem Kulturschutz der UNESCO steht.<\/p>\n<p>Trogir entstand aus dem antiken Tragurion und ist voller Geb\u00e4ude und Denkm\u00e4ler, die von seiner reichen Geschichte zeugen. Dort befindet sich die Kathedrale mit ihrem ber\u00fchmten Portal des bekannten lokalen Meisters Radovan, die Stadtloggia aus dem 15. Jahrhundert, der Cipiko Palast, das Rathaus und das Benediktinerkloster aus dem Jahr 1064.<\/p>\n<p><strong>Ausflugsveranstalter:<\/strong> Destination Touristic Services<\/p>\n","protected":false},"excerpt":{"rendered":"<p>Auf einer Halbinsel gelesen ist Split umgeben von historischen St\u00e4dten und Siedlungen. Bei einer interessanten Stadtbesichtigung erkunden Sie den Diokletianpalast aus dem 4. Jahrhundert mit seinen alten Kellern, den Peristyl, r\u00f6mische Tempel (heute christlich), die Kathedrale, das Baptisterium und das ber\u00fchmte Goldene Tor. Nutzen Sie ein wenig Freizeit zum Bummeln oder f\u00fcr Ihre ganz eigene [&hellip;]<\/p>\n","protected":false},"featured_media":9441,"template":"","meta":{"_acf_changed":false,"ocean_post_layout":"","ocean_both_sidebars_style":"","ocean_both_sidebars_content_width":0,"ocean_both_sidebars_sidebars_width":0,"ocean_sidebar":"0","ocean_second_sidebar":"0","ocean_disable_margins":"enable","ocean_add_body_class":"","ocean_shortcode_before_top_bar":"","ocean_shortcode_after_top_bar":"","ocean_shortcode_before_header":"","ocean_shortcode_after_header":"","ocean_has_shortcode":"","ocean_shortcode_after_title":"","ocean_shortcode_before_footer_widgets":"","ocean_shortcode_after_footer_widgets":"","ocean_shortcode_before_footer_bottom":"","ocean_shortcode_after_footer_bottom":"","ocean_display_top_bar":"default","ocean_display_header":"default","ocean_header_style":"","ocean_center_header_left_menu":"0","ocean_custom_header_template":"0","ocean_custom_logo":0,"ocean_custom_retina_logo":0,"ocean_custom_logo_max_width":0,"ocean_custom_logo_tablet_max_width":0,"ocean_custom_logo_mobile_max_width":0,"ocean_custom_logo_max_height":0,"ocean_custom_logo_tablet_max_height":0,"ocean_custom_logo_mobile_max_height":0,"ocean_header_custom_menu":"0","ocean_menu_typo_font_family":"0","ocean_menu_typo_font_subset":"","ocean_menu_typo_font_size":0,"ocean_menu_typo_font_size_tablet":0,"ocean_menu_typo_font_size_mobile":0,"ocean_menu_typo_font_size_unit":"px","ocean_menu_typo_font_weight":"","ocean_menu_typo_font_weight_tablet":"","ocean_menu_typo_font_weight_mobile":"","ocean_menu_typo_transform":"","ocean_menu_typo_transform_tablet":"","ocean_menu_typo_transform_mobile":"","ocean_menu_typo_line_height":0,"ocean_menu_typo_line_height_tablet":0,"ocean_menu_typo_line_height_mobile":0,"ocean_menu_typo_line_height_unit":"","ocean_menu_typo_spacing":0,"ocean_menu_typo_spacing_tablet":0,"ocean_menu_typo_spacing_mobile":0,"ocean_menu_typo_spacing_unit":"","ocean_menu_link_color":"","ocean_menu_link_color_hover":"","ocean_menu_link_color_active":"","ocean_menu_link_background":"","ocean_menu_link_hover_background":"","ocean_menu_link_active_background":"","ocean_menu_social_links_bg":"","ocean_menu_social_hover_links_bg":"","ocean_menu_social_links_color":"","ocean_menu_social_hover_links_color":"","ocean_disable_title":"default","ocean_disable_heading":"default","ocean_post_title":"","ocean_post_subheading":"","ocean_post_title_style":"background-image","ocean_post_title_background_color":"","ocean_post_title_background":9442,"ocean_post_title_bg_image_position":"","ocean_post_title_bg_image_attachment":"","ocean_post_title_bg_image_repeat":"","ocean_post_title_bg_image_size":"","ocean_post_title_height":0,"ocean_post_title_bg_overlay":0.5,"ocean_post_title_bg_overlay_color":"","ocean_disable_breadcrumbs":"default","ocean_breadcrumbs_color":"","ocean_breadcrumbs_separator_color":"","ocean_breadcrumbs_links_color":"","ocean_breadcrumbs_links_hover_color":"","ocean_display_footer_widgets":"default","ocean_display_footer_bottom":"default","ocean_custom_footer_template":"0","omw_enable_modal_window":"enable","osh_disable_topbar_sticky":"default","osh_disable_header_sticky":"default","osh_sticky_header_style":"default","osh_sticky_header_effect":"","osh_custom_sticky_logo":0,"osh_custom_retina_sticky_logo":0,"osh_custom_sticky_logo_height":0,"osh_background_color":"","osh_links_color":"","osh_links_hover_color":"","osh_links_active_color":"","osh_links_bg_color":"","osh_links_hover_bg_color":"","osh_links_active_bg_color":"","osh_menu_social_links_color":"","osh_menu_social_hover_links_color":""},"ort":[521,525,527,522,526,523,524],"sichtbarkeit":[],"templateoption":[176],"product_brand":[],"product_cat":[182],"product_tag":[],"class_list":{"0":"post-9439","1":"product","2":"type-product","3":"status-publish","4":"has-post-thumbnail","6":"ort-baska-voda","7":"ort-drvenik","8":"ort-gradac","9":"ort-makarska","10":"ort-podaca","11":"ort-podgora","12":"ort-tucepi","13":"templateoption-ohne-buchungskalender","14":"product_cat-ausfluege","16":"entry","17":"has-media","19":"first","20":"instock","21":"product-type-simple","22":"has-product-nav","23":"col","24":"span_1_of_3","25":"owp-content-center","26":"owp-thumbs-layout-horizontal","27":"owp-btn-normal","28":"owp-tabs-layout-section","29":"has-no-thumbnails"},"acf":[],"_links":{"self":[{"href":"https:\/\/www.dertour-reiseleitung.com\/kroatien\/wp-json\/wp\/v2\/product\/9439","targetHints":{"allow":["GET"]}}],"collection":[{"href":"https:\/\/www.dertour-reiseleitung.com\/kroatien\/wp-json\/wp\/v2\/product"}],"about":[{"href":"https:\/\/www.dertour-reiseleitung.com\/kroatien\/wp-json\/wp\/v2\/types\/product"}],"version-history":[{"count":2,"href":"https:\/\/www.dertour-reiseleitung.com\/kroatien\/wp-json\/wp\/v2\/product\/9439\/revisions"}],"predecessor-version":[{"id":10409,"href":"https:\/\/www.dertour-reiseleitung.com\/kroatien\/wp-json\/wp\/v2\/product\/9439\/revisions\/10409"}],"wp:featuredmedia":[{"embeddable":true,"href":"https:\/\/www.dertour-reiseleitung.com\/kroatien\/wp-json\/wp\/v2\/media\/9441"}],"wp:attachment":[{"href":"https:\/\/www.dertour-reiseleitung.com\/kroatien\/wp-json\/wp\/v2\/media?parent=9439"}],"wp:term":[{"taxonomy":"ort","embeddable":true,"href":"https:\/\/www.dertour-reiseleitung.com\/kroatien\/wp-json\/wp\/v2\/ort?post=9439"},{"taxonomy":"sichtbarkeit","embeddable":true,"href":"https:\/\/www.dertour-reiseleitung.com\/kroatien\/wp-json\/wp\/v2\/sichtbarkeit?post=9439"},{"taxonomy":"templateoption","embeddable":true,"href":"https:\/\/www.dertour-reiseleitung.com\/kroatien\/wp-json\/wp\/v2\/templateoption?post=9439"},{"taxonomy":"product_brand","embeddable":true,"href":"https:\/\/www.dertour-reiseleitung.com\/kroatien\/wp-json\/wp\/v2\/product_brand?post=9439"},{"taxonomy":"product_cat","embeddable":true,"href":"https:\/\/www.dertour-reiseleitung.com\/kroatien\/wp-json\/wp\/v2\/product_cat?post=9439"},{"taxonomy":"product_tag","embeddable":true,"href":"https:\/\/www.dertour-reiseleitung.com\/kroatien\/wp-json\/wp\/v2\/product_tag?post=9439"}],"curies":[{"name":"wp","href":"https:\/\/api.w.org\/{rel}","templated":true}]}}