{"id":9689,"date":"2025-03-18T11:40:27","date_gmt":"2025-03-18T11:40:27","guid":{"rendered":"https:\/\/www.dertour-reiseleitung.com\/lanzarote\/aktivitaeten\/nordtour-halbtags-rest-der-insel\/"},"modified":"2026-03-25T16:50:36","modified_gmt":"2026-03-25T15:50:36","slug":"nordtour-halbtags-dds-003-1","status":"publish","type":"product","link":"https:\/\/www.dertour-reiseleitung.com\/lanzarote\/aktivitaeten\/nordtour-halbtags-dds-003-1\/","title":{"rendered":"Nordtour (halbtags)"},"content":{"rendered":"<h3>Erleben Sie Lanzarotes Norden zwischen Kunst und Natur!<\/h3>\n<p>\u00dcber Los Valles fahren Sie nach Haria, ins Tal der 1000 Palmen. Dies ist der fruchtbarste und gr\u00fcnste Teil der Insel. Genie\u00dfen Sie einen spektakul\u00e4ren Panoramaausblick vom Aussichtspunkt Mirador del Rio auf die kleine Insel La Graciosa und die vorgelagerten Inseln.<\/p>\n<p>Am Vulkan Monte Corona vorbei geht es zur Jameos del Agua, ein weiteres Kunstwerk des K\u00fcnstlers Cesar Manrique, der so sehr das Inselbild gepr\u00e4gt hat. Diese Grotte geh\u00f6rt zu seinen wichtigsten Werken. Sp\u00fcren Sie hier den harmonischen Einklang zwischen Natur und Kultur.<\/p>\n<p>Falls die Zeit daf\u00fcr reicht, besichtigen Sie auch eine Aloe Vera Farm.<\/p>\n<p>Die Fahrt f\u00fchrt weiter durch die St\u00e4dte Mala und Guatiza. In dieser Landschaft, gepr\u00e4gt von Kaktusplantagen, lebt die Cochinilla Laus, die den roten Farbstoff f\u00fcr Campari produziert.<\/p>\n<p><strong>Ausflugsveranstalter:<\/strong> Go Vacation Spain SLU , CIF B-578 28360<\/p>\n","protected":false},"excerpt":{"rendered":"<p>Erleben Sie Lanzarotes Norden zwischen Kunst und Natur! \u00dcber Los Valles fahren Sie nach Haria, ins Tal der 1000 Palmen. Dies ist der fruchtbarste und gr\u00fcnste Teil der Insel. Genie\u00dfen Sie einen spektakul\u00e4ren Panoramaausblick vom Aussichtspunkt Mirador del Rio auf die kleine Insel La Graciosa und die vorgelagerten Inseln. Am Vulkan Monte Corona vorbei geht [&hellip;]<\/p>\n","protected":false},"featured_media":9691,"template":"","meta":{"_acf_changed":false,"ocean_post_layout":"","ocean_both_sidebars_style":"","ocean_both_sidebars_content_width":0,"ocean_both_sidebars_sidebars_width":0,"ocean_sidebar":"0","ocean_second_sidebar":"0","ocean_disable_margins":"enable","ocean_add_body_class":"","ocean_shortcode_before_top_bar":"","ocean_shortcode_after_top_bar":"","ocean_shortcode_before_header":"","ocean_shortcode_after_header":"","ocean_has_shortcode":"","ocean_shortcode_after_title":"","ocean_shortcode_before_footer_widgets":"","ocean_shortcode_after_footer_widgets":"","ocean_shortcode_before_footer_bottom":"","ocean_shortcode_after_footer_bottom":"","ocean_display_top_bar":"default","ocean_display_header":"default","ocean_header_style":"","ocean_center_header_left_menu":"0","ocean_custom_header_template":"0","ocean_custom_logo":0,"ocean_custom_retina_logo":0,"ocean_custom_logo_max_width":0,"ocean_custom_logo_tablet_max_width":0,"ocean_custom_logo_mobile_max_width":0,"ocean_custom_logo_max_height":0,"ocean_custom_logo_tablet_max_height":0,"ocean_custom_logo_mobile_max_height":0,"ocean_header_custom_menu":"0","ocean_menu_typo_font_family":"0","ocean_menu_typo_font_subset":"","ocean_menu_typo_font_size":0,"ocean_menu_typo_font_size_tablet":0,"ocean_menu_typo_font_size_mobile":0,"ocean_menu_typo_font_size_unit":"px","ocean_menu_typo_font_weight":"","ocean_menu_typo_font_weight_tablet":"","ocean_menu_typo_font_weight_mobile":"","ocean_menu_typo_transform":"","ocean_menu_typo_transform_tablet":"","ocean_menu_typo_transform_mobile":"","ocean_menu_typo_line_height":0,"ocean_menu_typo_line_height_tablet":0,"ocean_menu_typo_line_height_mobile":0,"ocean_menu_typo_line_height_unit":"","ocean_menu_typo_spacing":0,"ocean_menu_typo_spacing_tablet":0,"ocean_menu_typo_spacing_mobile":0,"ocean_menu_typo_spacing_unit":"","ocean_menu_link_color":"","ocean_menu_link_color_hover":"","ocean_menu_link_color_active":"","ocean_menu_link_background":"","ocean_menu_link_hover_background":"","ocean_menu_link_active_background":"","ocean_menu_social_links_bg":"","ocean_menu_social_hover_links_bg":"","ocean_menu_social_links_color":"","ocean_menu_social_hover_links_color":"","ocean_disable_title":"default","ocean_disable_heading":"default","ocean_post_title":"","ocean_post_subheading":"","ocean_post_title_style":"background-image","ocean_post_title_background_color":"","ocean_post_title_background":9696,"ocean_post_title_bg_image_position":"","ocean_post_title_bg_image_attachment":"","ocean_post_title_bg_image_repeat":"","ocean_post_title_bg_image_size":"","ocean_post_title_height":0,"ocean_post_title_bg_overlay":0.5,"ocean_post_title_bg_overlay_color":"","ocean_disable_breadcrumbs":"default","ocean_breadcrumbs_color":"","ocean_breadcrumbs_separator_color":"","ocean_breadcrumbs_links_color":"","ocean_breadcrumbs_links_hover_color":"","ocean_display_footer_widgets":"default","ocean_display_footer_bottom":"default","ocean_custom_footer_template":"0","omw_enable_modal_window":"enable","osh_disable_topbar_sticky":"default","osh_disable_header_sticky":"default","osh_sticky_header_style":"default","osh_sticky_header_effect":"","osh_custom_sticky_logo":0,"osh_custom_retina_sticky_logo":0,"osh_custom_sticky_logo_height":0,"osh_background_color":"","osh_links_color":"","osh_links_hover_color":"","osh_links_active_color":"","osh_links_bg_color":"","osh_links_hover_bg_color":"","osh_links_active_bg_color":"","osh_menu_social_links_color":"","osh_menu_social_hover_links_color":""},"ort":[459,462,461,463,458],"sichtbarkeit":[],"templateoption":[179],"product_brand":[],"product_cat":[182],"product_tag":[],"class_list":{"0":"post-9689","1":"product","2":"type-product","3":"status-publish","4":"has-post-thumbnail","6":"ort-arrecife","7":"ort-costa-teguise","8":"ort-playa-blanca","9":"ort-puerto-calero","10":"ort-puerto-del-carmen","11":"templateoption-dertrip-bc","12":"product_cat-ausfluege","14":"entry","15":"has-media","17":"first","18":"instock","19":"virtual","20":"purchasable","21":"product-type-simple","22":"has-product-nav","23":"col","24":"span_1_of_3","25":"owp-content-center","26":"owp-thumbs-layout-horizontal","27":"owp-btn-normal","28":"owp-tabs-layout-section"},"acf":[],"_links":{"self":[{"href":"https:\/\/www.dertour-reiseleitung.com\/lanzarote\/wp-json\/wp\/v2\/product\/9689","targetHints":{"allow":["GET"]}}],"collection":[{"href":"https:\/\/www.dertour-reiseleitung.com\/lanzarote\/wp-json\/wp\/v2\/product"}],"about":[{"href":"https:\/\/www.dertour-reiseleitung.com\/lanzarote\/wp-json\/wp\/v2\/types\/product"}],"version-history":[{"count":6,"href":"https:\/\/www.dertour-reiseleitung.com\/lanzarote\/wp-json\/wp\/v2\/product\/9689\/revisions"}],"predecessor-version":[{"id":11771,"href":"https:\/\/www.dertour-reiseleitung.com\/lanzarote\/wp-json\/wp\/v2\/product\/9689\/revisions\/11771"}],"wp:featuredmedia":[{"embeddable":true,"href":"https:\/\/www.dertour-reiseleitung.com\/lanzarote\/wp-json\/wp\/v2\/media\/9691"}],"wp:attachment":[{"href":"https:\/\/www.dertour-reiseleitung.com\/lanzarote\/wp-json\/wp\/v2\/media?parent=9689"}],"wp:term":[{"taxonomy":"ort","embeddable":true,"href":"https:\/\/www.dertour-reiseleitung.com\/lanzarote\/wp-json\/wp\/v2\/ort?post=9689"},{"taxonomy":"sichtbarkeit","embeddable":true,"href":"https:\/\/www.dertour-reiseleitung.com\/lanzarote\/wp-json\/wp\/v2\/sichtbarkeit?post=9689"},{"taxonomy":"templateoption","embeddable":true,"href":"https:\/\/www.dertour-reiseleitung.com\/lanzarote\/wp-json\/wp\/v2\/templateoption?post=9689"},{"taxonomy":"product_brand","embeddable":true,"href":"https:\/\/www.dertour-reiseleitung.com\/lanzarote\/wp-json\/wp\/v2\/product_brand?post=9689"},{"taxonomy":"product_cat","embeddable":true,"href":"https:\/\/www.dertour-reiseleitung.com\/lanzarote\/wp-json\/wp\/v2\/product_cat?post=9689"},{"taxonomy":"product_tag","embeddable":true,"href":"https:\/\/www.dertour-reiseleitung.com\/lanzarote\/wp-json\/wp\/v2\/product_tag?post=9689"}],"curies":[{"name":"wp","href":"https:\/\/api.w.org\/{rel}","templated":true}]}}