{"id":9719,"date":"2025-03-18T11:40:12","date_gmt":"2025-03-18T11:40:12","guid":{"rendered":"https:\/\/www.dertour-reiseleitung.com\/lanzarote\/aktivitaeten\/catlanza-gold-rest-der-insel\/"},"modified":"2026-05-04T14:00:25","modified_gmt":"2026-05-04T13:00:25","slug":"catlanza-gold-dds-008-1","status":"publish","type":"product","link":"https:\/\/www.dertour-reiseleitung.com\/lanzarote\/aktivitaeten\/catlanza-gold-dds-008-1\/","title":{"rendered":"Catlanza Gold"},"content":{"rendered":"<h3>Segelspa\u00df und Wasseraction f\u00fcr die ganze Familie!<\/h3>\n<p>Einmal aus dem wundersch\u00f6nen Yachthafen von Puerto Calero heraus, k\u00f6nnen die Kids vorne auf die Netze, sich den Wind um die Ohren wehen, ein bisschen vom Wasser nass spritzen lassen und nach Delfinen und fliegenden Fischen Ausschau halten.<\/p>\n<p>W\u00e4hrend der Katamaran durch das Wasser gleitet und die Crew die Segel setzt, kommt Abenteuerstimmung auf. Wenn Sie m\u00f6gen, dann zeigt Ihnen die Crew ein paar Segelknoten.<\/p>\n<p>An den Papagayo Str\u00e4nden angekommen ankern Sie in einer gesch\u00fctzten Bucht nahe der K\u00fcste und es wird Zeit, das Wasser zu testen.<\/p>\n<p>Es gibt eine Rutsche ins Wasser &#8211; ein Riesenspa\u00df f\u00fcr Gro\u00df und Klein.<\/p>\n<p>Mit Taucherbrillen erkunden Sie das Unterwasserleben. Au\u00dferdem stehen ein Kayak und Standup Paddle Boards zur Verf\u00fcgung zum Ausprobieren.<\/p>\n<p>Hungrig zur\u00fcck an Bord gibt es leckere, frisch gekochte Pasta mit Tomatenso\u00dfe, frischem Saisongem\u00fcse und Parmesan, Salat und frisches Brot. Nach dem Essen ist Zeit, sich nochmal im Wasser abzuk\u00fchlen, bevor es auf den Weg zur\u00fcck nach Puerto Calero geht &#8211; entlang der einzigartigen Vulkank\u00fcste von Lanzarote.<\/p>\n<p><strong>Ausflugsveranstalter:<\/strong> Go Vacation Spain SLU , CIF B-578 28360<\/p>\n","protected":false},"excerpt":{"rendered":"<p>Segelspa\u00df und Wasseraction f\u00fcr die ganze Familie! Einmal aus dem wundersch\u00f6nen Yachthafen von Puerto Calero heraus, k\u00f6nnen die Kids vorne auf die Netze, sich den Wind um die Ohren wehen, ein bisschen vom Wasser nass spritzen lassen und nach Delfinen und fliegenden Fischen Ausschau halten. W\u00e4hrend der Katamaran durch das Wasser gleitet und die Crew [&hellip;]<\/p>\n","protected":false},"featured_media":9723,"template":"","meta":{"_acf_changed":false,"ocean_post_layout":"","ocean_both_sidebars_style":"","ocean_both_sidebars_content_width":0,"ocean_both_sidebars_sidebars_width":0,"ocean_sidebar":"0","ocean_second_sidebar":"0","ocean_disable_margins":"enable","ocean_add_body_class":"","ocean_shortcode_before_top_bar":"","ocean_shortcode_after_top_bar":"","ocean_shortcode_before_header":"","ocean_shortcode_after_header":"","ocean_has_shortcode":"","ocean_shortcode_after_title":"","ocean_shortcode_before_footer_widgets":"","ocean_shortcode_after_footer_widgets":"","ocean_shortcode_before_footer_bottom":"","ocean_shortcode_after_footer_bottom":"","ocean_display_top_bar":"default","ocean_display_header":"default","ocean_header_style":"","ocean_center_header_left_menu":"0","ocean_custom_header_template":"0","ocean_custom_logo":0,"ocean_custom_retina_logo":0,"ocean_custom_logo_max_width":0,"ocean_custom_logo_tablet_max_width":0,"ocean_custom_logo_mobile_max_width":0,"ocean_custom_logo_max_height":0,"ocean_custom_logo_tablet_max_height":0,"ocean_custom_logo_mobile_max_height":0,"ocean_header_custom_menu":"0","ocean_menu_typo_font_family":"0","ocean_menu_typo_font_subset":"","ocean_menu_typo_font_size":0,"ocean_menu_typo_font_size_tablet":0,"ocean_menu_typo_font_size_mobile":0,"ocean_menu_typo_font_size_unit":"px","ocean_menu_typo_font_weight":"","ocean_menu_typo_font_weight_tablet":"","ocean_menu_typo_font_weight_mobile":"","ocean_menu_typo_transform":"","ocean_menu_typo_transform_tablet":"","ocean_menu_typo_transform_mobile":"","ocean_menu_typo_line_height":0,"ocean_menu_typo_line_height_tablet":0,"ocean_menu_typo_line_height_mobile":0,"ocean_menu_typo_line_height_unit":"","ocean_menu_typo_spacing":0,"ocean_menu_typo_spacing_tablet":0,"ocean_menu_typo_spacing_mobile":0,"ocean_menu_typo_spacing_unit":"","ocean_menu_link_color":"","ocean_menu_link_color_hover":"","ocean_menu_link_color_active":"","ocean_menu_link_background":"","ocean_menu_link_hover_background":"","ocean_menu_link_active_background":"","ocean_menu_social_links_bg":"","ocean_menu_social_hover_links_bg":"","ocean_menu_social_links_color":"","ocean_menu_social_hover_links_color":"","ocean_disable_title":"default","ocean_disable_heading":"default","ocean_post_title":"","ocean_post_subheading":"","ocean_post_title_style":"background-image","ocean_post_title_background_color":"","ocean_post_title_background":9732,"ocean_post_title_bg_image_position":"","ocean_post_title_bg_image_attachment":"","ocean_post_title_bg_image_repeat":"","ocean_post_title_bg_image_size":"","ocean_post_title_height":0,"ocean_post_title_bg_overlay":0.5,"ocean_post_title_bg_overlay_color":"","ocean_disable_breadcrumbs":"default","ocean_breadcrumbs_color":"","ocean_breadcrumbs_separator_color":"","ocean_breadcrumbs_links_color":"","ocean_breadcrumbs_links_hover_color":"","ocean_display_footer_widgets":"default","ocean_display_footer_bottom":"default","ocean_custom_footer_template":"0","omw_enable_modal_window":"enable","osh_disable_topbar_sticky":"default","osh_disable_header_sticky":"default","osh_sticky_header_style":"default","osh_sticky_header_effect":"","osh_custom_sticky_logo":0,"osh_custom_retina_sticky_logo":0,"osh_custom_sticky_logo_height":0,"osh_background_color":"","osh_links_color":"","osh_links_hover_color":"","osh_links_active_color":"","osh_links_bg_color":"","osh_links_hover_bg_color":"","osh_links_active_bg_color":"","osh_menu_social_links_color":"","osh_menu_social_hover_links_color":""},"ort":[459,462,461,463,458],"sichtbarkeit":[],"templateoption":[179],"product_brand":[],"product_cat":[182],"product_tag":[],"class_list":{"0":"post-9719","1":"product","2":"type-product","3":"status-publish","4":"has-post-thumbnail","6":"ort-arrecife","7":"ort-costa-teguise","8":"ort-playa-blanca","9":"ort-puerto-calero","10":"ort-puerto-del-carmen","11":"templateoption-dertrip-bc","12":"product_cat-ausfluege","14":"entry","15":"has-media","17":"first","18":"instock","19":"virtual","20":"purchasable","21":"product-type-simple","22":"has-product-nav","23":"col","24":"span_1_of_3","25":"owp-content-center","26":"owp-thumbs-layout-horizontal","27":"owp-btn-normal","28":"owp-tabs-layout-section"},"acf":[],"_links":{"self":[{"href":"https:\/\/www.dertour-reiseleitung.com\/lanzarote\/wp-json\/wp\/v2\/product\/9719","targetHints":{"allow":["GET"]}}],"collection":[{"href":"https:\/\/www.dertour-reiseleitung.com\/lanzarote\/wp-json\/wp\/v2\/product"}],"about":[{"href":"https:\/\/www.dertour-reiseleitung.com\/lanzarote\/wp-json\/wp\/v2\/types\/product"}],"version-history":[{"count":9,"href":"https:\/\/www.dertour-reiseleitung.com\/lanzarote\/wp-json\/wp\/v2\/product\/9719\/revisions"}],"predecessor-version":[{"id":11758,"href":"https:\/\/www.dertour-reiseleitung.com\/lanzarote\/wp-json\/wp\/v2\/product\/9719\/revisions\/11758"}],"wp:featuredmedia":[{"embeddable":true,"href":"https:\/\/www.dertour-reiseleitung.com\/lanzarote\/wp-json\/wp\/v2\/media\/9723"}],"wp:attachment":[{"href":"https:\/\/www.dertour-reiseleitung.com\/lanzarote\/wp-json\/wp\/v2\/media?parent=9719"}],"wp:term":[{"taxonomy":"ort","embeddable":true,"href":"https:\/\/www.dertour-reiseleitung.com\/lanzarote\/wp-json\/wp\/v2\/ort?post=9719"},{"taxonomy":"sichtbarkeit","embeddable":true,"href":"https:\/\/www.dertour-reiseleitung.com\/lanzarote\/wp-json\/wp\/v2\/sichtbarkeit?post=9719"},{"taxonomy":"templateoption","embeddable":true,"href":"https:\/\/www.dertour-reiseleitung.com\/lanzarote\/wp-json\/wp\/v2\/templateoption?post=9719"},{"taxonomy":"product_brand","embeddable":true,"href":"https:\/\/www.dertour-reiseleitung.com\/lanzarote\/wp-json\/wp\/v2\/product_brand?post=9719"},{"taxonomy":"product_cat","embeddable":true,"href":"https:\/\/www.dertour-reiseleitung.com\/lanzarote\/wp-json\/wp\/v2\/product_cat?post=9719"},{"taxonomy":"product_tag","embeddable":true,"href":"https:\/\/www.dertour-reiseleitung.com\/lanzarote\/wp-json\/wp\/v2\/product_tag?post=9719"}],"curies":[{"name":"wp","href":"https:\/\/api.w.org\/{rel}","templated":true}]}}