{"id":9764,"date":"2025-03-18T11:40:12","date_gmt":"2025-03-18T11:40:12","guid":{"rendered":"https:\/\/www.dertour-reiseleitung.com\/lanzarote\/aktivitaeten\/gran-tour-rest-der-insel\/"},"modified":"2026-05-04T13:56:11","modified_gmt":"2026-05-04T12:56:11","slug":"gran-tour-dds-004-1","status":"publish","type":"product","link":"https:\/\/www.dertour-reiseleitung.com\/lanzarote\/aktivitaeten\/gran-tour-dds-004-1\/","title":{"rendered":"Gran Tour"},"content":{"rendered":"<h3>Erleben Sie Feuerberge, Farbenfelder und faszinierende Kunst!<\/h3>\n<p>Sie fahren entlang der Lavak\u00fcste mit Blick auf die Salinas de Janubio. Staunen Sie \u00fcber die Farbenpracht der verschiedenen Salzbecken. Ein fantastisches Fotomotiv ist der gr\u00fcne Kratersee, direkt am Strand bei dem kleinen Fischerdorf El Golfo.<\/p>\n<p>In den Feuerbergen tauchen Sie ein in eine komplett andere Welt. Hier wird eindrucksvoll demonstriert, dass die Vulkane immer noch lebendig sind. Bei einer Rundfahrt auf der \u201eruta de los volcanes\u201c erfahren Sie die Geschichte des Timanfaya Nationalparks. Sie werden verzaubert sein von dem Farbspiel dieser einzigartigen Landschaft. Die Kratertour schildert Ihnen eindrucksvoll die Vulkanausbr\u00fcche jener Zeit.<\/p>\n<p>In Yaiza, mehrfach ausgezeichnet f\u00fcr seine Sch\u00f6nheit, genie\u00dfen sie ein traditionelles Mittagessen (optional, nicht im Preis inbegriffen).<\/p>\n<p>Bei einer kleinen Weinverkostung in einer traditionellen Bodega lernen Sie die spezielle Art der Weinkultivierung auf Lanzarote kennen (gegen Aufpreis).<\/p>\n<p>Vorbei an der ehemaligen Hauptstadt Teguise fahren Sie durch das kleine St\u00e4dtchen Haria und das Tal der 1000 Palmen zu einem der wohl bedeutendsten Kunstwerke Cesar Manriques, der Jameos del Agua. Die durch einen Vulkanausbruch entstandene H\u00f6hle wurde in ein wahres Kunstwerk verwandelt, das Natur und Kultur vereint. Es entstand ein Konzertsaal mit einer phantastischen Akustik und in einem Kratersee befinden sich, einzigartig auf der Welt, kleine wei\u00dfe Krebse, deren Herkunft immer noch eines der gro\u00dfen Geheimnisse birgt.<\/p>\n<p><strong>Ausflugsveranstalter:<\/strong> Go Vacation Spain SLU , CIF B-578 28360<\/p>\n","protected":false},"excerpt":{"rendered":"<p>Erleben Sie Feuerberge, Farbenfelder und faszinierende Kunst! Sie fahren entlang der Lavak\u00fcste mit Blick auf die Salinas de Janubio. Staunen Sie \u00fcber die Farbenpracht der verschiedenen Salzbecken. Ein fantastisches Fotomotiv ist der gr\u00fcne Kratersee, direkt am Strand bei dem kleinen Fischerdorf El Golfo. In den Feuerbergen tauchen Sie ein in eine komplett andere Welt. Hier [&hellip;]<\/p>\n","protected":false},"featured_media":9768,"template":"","meta":{"_acf_changed":false,"ocean_post_layout":"","ocean_both_sidebars_style":"","ocean_both_sidebars_content_width":0,"ocean_both_sidebars_sidebars_width":0,"ocean_sidebar":"0","ocean_second_sidebar":"0","ocean_disable_margins":"enable","ocean_add_body_class":"","ocean_shortcode_before_top_bar":"","ocean_shortcode_after_top_bar":"","ocean_shortcode_before_header":"","ocean_shortcode_after_header":"","ocean_has_shortcode":"","ocean_shortcode_after_title":"","ocean_shortcode_before_footer_widgets":"","ocean_shortcode_after_footer_widgets":"","ocean_shortcode_before_footer_bottom":"","ocean_shortcode_after_footer_bottom":"","ocean_display_top_bar":"default","ocean_display_header":"default","ocean_header_style":"","ocean_center_header_left_menu":"0","ocean_custom_header_template":"0","ocean_custom_logo":0,"ocean_custom_retina_logo":0,"ocean_custom_logo_max_width":0,"ocean_custom_logo_tablet_max_width":0,"ocean_custom_logo_mobile_max_width":0,"ocean_custom_logo_max_height":0,"ocean_custom_logo_tablet_max_height":0,"ocean_custom_logo_mobile_max_height":0,"ocean_header_custom_menu":"0","ocean_menu_typo_font_family":"0","ocean_menu_typo_font_subset":"","ocean_menu_typo_font_size":0,"ocean_menu_typo_font_size_tablet":0,"ocean_menu_typo_font_size_mobile":0,"ocean_menu_typo_font_size_unit":"px","ocean_menu_typo_font_weight":"","ocean_menu_typo_font_weight_tablet":"","ocean_menu_typo_font_weight_mobile":"","ocean_menu_typo_transform":"","ocean_menu_typo_transform_tablet":"","ocean_menu_typo_transform_mobile":"","ocean_menu_typo_line_height":0,"ocean_menu_typo_line_height_tablet":0,"ocean_menu_typo_line_height_mobile":0,"ocean_menu_typo_line_height_unit":"","ocean_menu_typo_spacing":0,"ocean_menu_typo_spacing_tablet":0,"ocean_menu_typo_spacing_mobile":0,"ocean_menu_typo_spacing_unit":"","ocean_menu_link_color":"","ocean_menu_link_color_hover":"","ocean_menu_link_color_active":"","ocean_menu_link_background":"","ocean_menu_link_hover_background":"","ocean_menu_link_active_background":"","ocean_menu_social_links_bg":"","ocean_menu_social_hover_links_bg":"","ocean_menu_social_links_color":"","ocean_menu_social_hover_links_color":"","ocean_disable_title":"default","ocean_disable_heading":"default","ocean_post_title":"","ocean_post_subheading":"","ocean_post_title_style":"background-image","ocean_post_title_background_color":"","ocean_post_title_background":9782,"ocean_post_title_bg_image_position":"","ocean_post_title_bg_image_attachment":"","ocean_post_title_bg_image_repeat":"","ocean_post_title_bg_image_size":"","ocean_post_title_height":0,"ocean_post_title_bg_overlay":0.5,"ocean_post_title_bg_overlay_color":"","ocean_disable_breadcrumbs":"default","ocean_breadcrumbs_color":"","ocean_breadcrumbs_separator_color":"","ocean_breadcrumbs_links_color":"","ocean_breadcrumbs_links_hover_color":"","ocean_display_footer_widgets":"default","ocean_display_footer_bottom":"default","ocean_custom_footer_template":"0","omw_enable_modal_window":"enable","osh_disable_topbar_sticky":"default","osh_disable_header_sticky":"default","osh_sticky_header_style":"default","osh_sticky_header_effect":"","osh_custom_sticky_logo":0,"osh_custom_retina_sticky_logo":0,"osh_custom_sticky_logo_height":0,"osh_background_color":"","osh_links_color":"","osh_links_hover_color":"","osh_links_active_color":"","osh_links_bg_color":"","osh_links_hover_bg_color":"","osh_links_active_bg_color":"","osh_menu_social_links_color":"","osh_menu_social_hover_links_color":""},"ort":[459,462,461,463,458],"sichtbarkeit":[],"templateoption":[179],"product_brand":[],"product_cat":[182],"product_tag":[],"class_list":{"0":"post-9764","1":"product","2":"type-product","3":"status-publish","4":"has-post-thumbnail","6":"ort-arrecife","7":"ort-costa-teguise","8":"ort-playa-blanca","9":"ort-puerto-calero","10":"ort-puerto-del-carmen","11":"templateoption-dertrip-bc","12":"product_cat-ausfluege","14":"entry","15":"has-media","17":"first","18":"instock","19":"virtual","20":"purchasable","21":"product-type-simple","22":"has-product-nav","23":"col","24":"span_1_of_3","25":"owp-content-center","26":"owp-thumbs-layout-horizontal","27":"owp-btn-normal","28":"owp-tabs-layout-section"},"acf":[],"_links":{"self":[{"href":"https:\/\/www.dertour-reiseleitung.com\/lanzarote\/wp-json\/wp\/v2\/product\/9764","targetHints":{"allow":["GET"]}}],"collection":[{"href":"https:\/\/www.dertour-reiseleitung.com\/lanzarote\/wp-json\/wp\/v2\/product"}],"about":[{"href":"https:\/\/www.dertour-reiseleitung.com\/lanzarote\/wp-json\/wp\/v2\/types\/product"}],"version-history":[{"count":11,"href":"https:\/\/www.dertour-reiseleitung.com\/lanzarote\/wp-json\/wp\/v2\/product\/9764\/revisions"}],"predecessor-version":[{"id":11761,"href":"https:\/\/www.dertour-reiseleitung.com\/lanzarote\/wp-json\/wp\/v2\/product\/9764\/revisions\/11761"}],"wp:featuredmedia":[{"embeddable":true,"href":"https:\/\/www.dertour-reiseleitung.com\/lanzarote\/wp-json\/wp\/v2\/media\/9768"}],"wp:attachment":[{"href":"https:\/\/www.dertour-reiseleitung.com\/lanzarote\/wp-json\/wp\/v2\/media?parent=9764"}],"wp:term":[{"taxonomy":"ort","embeddable":true,"href":"https:\/\/www.dertour-reiseleitung.com\/lanzarote\/wp-json\/wp\/v2\/ort?post=9764"},{"taxonomy":"sichtbarkeit","embeddable":true,"href":"https:\/\/www.dertour-reiseleitung.com\/lanzarote\/wp-json\/wp\/v2\/sichtbarkeit?post=9764"},{"taxonomy":"templateoption","embeddable":true,"href":"https:\/\/www.dertour-reiseleitung.com\/lanzarote\/wp-json\/wp\/v2\/templateoption?post=9764"},{"taxonomy":"product_brand","embeddable":true,"href":"https:\/\/www.dertour-reiseleitung.com\/lanzarote\/wp-json\/wp\/v2\/product_brand?post=9764"},{"taxonomy":"product_cat","embeddable":true,"href":"https:\/\/www.dertour-reiseleitung.com\/lanzarote\/wp-json\/wp\/v2\/product_cat?post=9764"},{"taxonomy":"product_tag","embeddable":true,"href":"https:\/\/www.dertour-reiseleitung.com\/lanzarote\/wp-json\/wp\/v2\/product_tag?post=9764"}],"curies":[{"name":"wp","href":"https:\/\/api.w.org\/{rel}","templated":true}]}}