{"id":9929,"date":"2025-03-18T11:43:51","date_gmt":"2025-03-18T11:43:51","guid":{"rendered":"https:\/\/www.dertour-reiseleitung.com\/lanzarote\/aktivitaeten\/wanderung-zum-vulkan-la-corona-puerto-calero\/"},"modified":"2026-04-23T10:53:03","modified_gmt":"2026-04-23T09:53:03","slug":"wanderung-zum-vulkan-la-corona-dds-009-2","status":"publish","type":"product","link":"https:\/\/www.dertour-reiseleitung.com\/lanzarote\/aktivitaeten\/wanderung-zum-vulkan-la-corona-dds-009-2\/","title":{"rendered":"Wanderung zum Vulkan La Corona"},"content":{"rendered":"<h3>Erleben Sie Vulkanpfade, Lavameere und Klippenblicke!<\/h3>\n<p>Diese Wanderung findet im Norden der Insel statt. Sie erwandern zwei Naturschutzgebiete: das Naturdenkmal Vulkan La Corona und die Steilklippen von Famara im Naturpark des Chinijo-Archipels.<\/p>\n<p>Die Tour beginnt in dem kleinen D\u00f6rfchen Ye, von wo aus Sie zum Vulkan La Corona wandern. W\u00e4hrend des Aufstiegs zum Krater genie\u00dfen Sie den herrlichen Blick \u00fcber die vorwiegend zum Weinanbau genutzte Landschaft und \u00fcber das sogenannte Malpais \u2013 ein m\u00e4chtiger Lavastrom voller riesiger Basaltbl\u00f6cke, welcher sich hinunter zum azurblauen Atlantik schiebt. Nachdem Sie den gewaltigen Krater besichtigt haben, umlaufen Sie seine \u00f6stliche Flanke. Von hier oben sehen Sie den 7,6 km langen Lavatunnel des Vulkans, von dem ein 1,6 Kilometer langer Teil heute im Meer liegt. Grund hierf\u00fcr ist: Der Ausbruch des Vulkans La Corona erfolgte zur letzten Eiszeit, als sich der Meeresspiegel mehr als 90 Meter unterhalb des heutigen Pegels befand.<\/p>\n<p>Der Vulkan La Corona bildet mit vier weiteren Bergen eine Kette von Vulkanen. W\u00e4hrend Ihres Ausflugs besteigen Sie noch drei dieser Krater: die Vulkane La Cerca, Los Helechos und La Quemada de Gallo, welche wohl zeitgleich mit dem Vulkan La Corona ausbrachen. Diese Aneinanderreihung von Kratern befindet sich auf dem Famara-Massiv und erreicht H\u00f6hen von 580 bzw. 560 Metern und erm\u00f6glicht daher einen spektakul\u00e4ren Panoramablick.<\/p>\n<p>Anschlie\u00dfend steigen Sie hinab und wandern einige Kilometer auf der eindrucksvollen, 22km langen Steilklippe von Famara. Von hier oben haben Sie einen traumhaften Blick hin\u00fcber auf das gesamte Chinijo-Archipel, insbesondere auf die ganz nah gelegene Insel La Graciosa.<\/p>\n<p><strong>Ausflugsveranstalter:<\/strong> Go Vacation Spain SLU , CIF B-578 28360<\/p>\n","protected":false},"excerpt":{"rendered":"<p>Erleben Sie Vulkanpfade, Lavameere und Klippenblicke! Diese Wanderung findet im Norden der Insel statt. Sie erwandern zwei Naturschutzgebiete: das Naturdenkmal Vulkan La Corona und die Steilklippen von Famara im Naturpark des Chinijo-Archipels. Die Tour beginnt in dem kleinen D\u00f6rfchen Ye, von wo aus Sie zum Vulkan La Corona wandern. W\u00e4hrend des Aufstiegs zum Krater genie\u00dfen [&hellip;]<\/p>\n","protected":false},"featured_media":9786,"template":"","meta":{"_acf_changed":false,"ocean_post_layout":"","ocean_both_sidebars_style":"","ocean_both_sidebars_content_width":0,"ocean_both_sidebars_sidebars_width":0,"ocean_sidebar":"0","ocean_second_sidebar":"0","ocean_disable_margins":"enable","ocean_add_body_class":"","ocean_shortcode_before_top_bar":"","ocean_shortcode_after_top_bar":"","ocean_shortcode_before_header":"","ocean_shortcode_after_header":"","ocean_has_shortcode":"","ocean_shortcode_after_title":"","ocean_shortcode_before_footer_widgets":"","ocean_shortcode_after_footer_widgets":"","ocean_shortcode_before_footer_bottom":"","ocean_shortcode_after_footer_bottom":"","ocean_display_top_bar":"default","ocean_display_header":"default","ocean_header_style":"","ocean_center_header_left_menu":"0","ocean_custom_header_template":"0","ocean_custom_logo":0,"ocean_custom_retina_logo":0,"ocean_custom_logo_max_width":0,"ocean_custom_logo_tablet_max_width":0,"ocean_custom_logo_mobile_max_width":0,"ocean_custom_logo_max_height":0,"ocean_custom_logo_tablet_max_height":0,"ocean_custom_logo_mobile_max_height":0,"ocean_header_custom_menu":"0","ocean_menu_typo_font_family":"0","ocean_menu_typo_font_subset":"","ocean_menu_typo_font_size":0,"ocean_menu_typo_font_size_tablet":0,"ocean_menu_typo_font_size_mobile":0,"ocean_menu_typo_font_size_unit":"px","ocean_menu_typo_font_weight":"","ocean_menu_typo_font_weight_tablet":"","ocean_menu_typo_font_weight_mobile":"","ocean_menu_typo_transform":"","ocean_menu_typo_transform_tablet":"","ocean_menu_typo_transform_mobile":"","ocean_menu_typo_line_height":0,"ocean_menu_typo_line_height_tablet":0,"ocean_menu_typo_line_height_mobile":0,"ocean_menu_typo_line_height_unit":"","ocean_menu_typo_spacing":0,"ocean_menu_typo_spacing_tablet":0,"ocean_menu_typo_spacing_mobile":0,"ocean_menu_typo_spacing_unit":"","ocean_menu_link_color":"","ocean_menu_link_color_hover":"","ocean_menu_link_color_active":"","ocean_menu_link_background":"","ocean_menu_link_hover_background":"","ocean_menu_link_active_background":"","ocean_menu_social_links_bg":"","ocean_menu_social_hover_links_bg":"","ocean_menu_social_links_color":"","ocean_menu_social_hover_links_color":"","ocean_disable_title":"default","ocean_disable_heading":"default","ocean_post_title":"","ocean_post_subheading":"","ocean_post_title_style":"background-image","ocean_post_title_background_color":"","ocean_post_title_background":9804,"ocean_post_title_bg_image_position":"","ocean_post_title_bg_image_attachment":"","ocean_post_title_bg_image_repeat":"","ocean_post_title_bg_image_size":"","ocean_post_title_height":0,"ocean_post_title_bg_overlay":0.5,"ocean_post_title_bg_overlay_color":"","ocean_disable_breadcrumbs":"default","ocean_breadcrumbs_color":"","ocean_breadcrumbs_separator_color":"","ocean_breadcrumbs_links_color":"","ocean_breadcrumbs_links_hover_color":"","ocean_display_footer_widgets":"default","ocean_display_footer_bottom":"default","ocean_custom_footer_template":"0","omw_enable_modal_window":"enable","osh_disable_topbar_sticky":"default","osh_disable_header_sticky":"default","osh_sticky_header_style":"default","osh_sticky_header_effect":"","osh_custom_sticky_logo":0,"osh_custom_retina_sticky_logo":0,"osh_custom_sticky_logo_height":0,"osh_background_color":"","osh_links_color":"","osh_links_hover_color":"","osh_links_active_color":"","osh_links_bg_color":"","osh_links_hover_bg_color":"","osh_links_active_bg_color":"","osh_menu_social_links_color":"","osh_menu_social_hover_links_color":""},"ort":[463],"sichtbarkeit":[],"templateoption":[179],"product_brand":[],"product_cat":[182],"product_tag":[],"class_list":{"0":"post-9929","1":"product","2":"type-product","3":"status-publish","4":"has-post-thumbnail","6":"ort-puerto-calero","7":"templateoption-dertrip-bc","8":"product_cat-ausfluege","10":"entry","11":"has-media","13":"first","14":"instock","15":"virtual","16":"purchasable","17":"product-type-simple","18":"has-product-nav","19":"col","20":"span_1_of_3","21":"owp-content-center","22":"owp-thumbs-layout-horizontal","23":"owp-btn-normal","24":"owp-tabs-layout-section"},"acf":[],"_links":{"self":[{"href":"https:\/\/www.dertour-reiseleitung.com\/lanzarote\/wp-json\/wp\/v2\/product\/9929","targetHints":{"allow":["GET"]}}],"collection":[{"href":"https:\/\/www.dertour-reiseleitung.com\/lanzarote\/wp-json\/wp\/v2\/product"}],"about":[{"href":"https:\/\/www.dertour-reiseleitung.com\/lanzarote\/wp-json\/wp\/v2\/types\/product"}],"version-history":[{"count":9,"href":"https:\/\/www.dertour-reiseleitung.com\/lanzarote\/wp-json\/wp\/v2\/product\/9929\/revisions"}],"predecessor-version":[{"id":11904,"href":"https:\/\/www.dertour-reiseleitung.com\/lanzarote\/wp-json\/wp\/v2\/product\/9929\/revisions\/11904"}],"wp:featuredmedia":[{"embeddable":true,"href":"https:\/\/www.dertour-reiseleitung.com\/lanzarote\/wp-json\/wp\/v2\/media\/9786"}],"wp:attachment":[{"href":"https:\/\/www.dertour-reiseleitung.com\/lanzarote\/wp-json\/wp\/v2\/media?parent=9929"}],"wp:term":[{"taxonomy":"ort","embeddable":true,"href":"https:\/\/www.dertour-reiseleitung.com\/lanzarote\/wp-json\/wp\/v2\/ort?post=9929"},{"taxonomy":"sichtbarkeit","embeddable":true,"href":"https:\/\/www.dertour-reiseleitung.com\/lanzarote\/wp-json\/wp\/v2\/sichtbarkeit?post=9929"},{"taxonomy":"templateoption","embeddable":true,"href":"https:\/\/www.dertour-reiseleitung.com\/lanzarote\/wp-json\/wp\/v2\/templateoption?post=9929"},{"taxonomy":"product_brand","embeddable":true,"href":"https:\/\/www.dertour-reiseleitung.com\/lanzarote\/wp-json\/wp\/v2\/product_brand?post=9929"},{"taxonomy":"product_cat","embeddable":true,"href":"https:\/\/www.dertour-reiseleitung.com\/lanzarote\/wp-json\/wp\/v2\/product_cat?post=9929"},{"taxonomy":"product_tag","embeddable":true,"href":"https:\/\/www.dertour-reiseleitung.com\/lanzarote\/wp-json\/wp\/v2\/product_tag?post=9929"}],"curies":[{"name":"wp","href":"https:\/\/api.w.org\/{rel}","templated":true}]}}