{"id":12103,"date":"2025-12-29T14:07:02","date_gmt":"2025-12-29T13:07:02","guid":{"rendered":"https:\/\/www.dertour-reiseleitung.com\/madeira\/?post_type=product&#038;p=12103"},"modified":"2026-02-10T13:18:33","modified_gmt":"2026-02-10T12:18:33","slug":"wanderung-marocos-dds-015-3","status":"publish","type":"product","link":"https:\/\/www.dertour-reiseleitung.com\/madeira\/aktivitaeten\/wanderung-marocos-dds-015-3\/","title":{"rendered":"Wanderung Maro\u00e7os"},"content":{"rendered":"<h3>Levadawanderung in das Tal der Mimosen<\/h3>\n<p>Durch saftig gr\u00fcne Gem\u00fcseterrassen f\u00fchrt Sie eine der sch\u00f6nsten Levadawanderungen in abgelegene T\u00e4ler mit traumhaften Ausblicken in das Tal von Maro\u00e7os und die Nordostk\u00fcste der Insel. Sie passieren liebevoll angelegte G\u00e4rten, ein Mimosen- und Akazienw\u00e4ldchen und lernen exotische Fr\u00fcchte wie Maracuja, Guave und Anona kennen. Ein besonderes Highlight erwartet Sie im Fr\u00fchling, wenn zahlreiche wei\u00dfe und blaue Bl\u00fcten der afrikanischen Liebesblume (Agaphantus) den Weg begleiten.<\/p>\n<p>Schwierigkeitsgrad leicht &#8211; 6 km &#8211; Dauer ca. 2,5 Stunden<\/p>\n<p><strong>Ausflugsveranstalter:<\/strong> MTS &#8211; Mediterranean Travel Services Incoming Portugal, S.A.<\/p>\n","protected":false},"excerpt":{"rendered":"<p>Levadawanderung in das Tal der Mimosen Durch saftig gr\u00fcne Gem\u00fcseterrassen f\u00fchrt Sie eine der sch\u00f6nsten Levadawanderungen in abgelegene T\u00e4ler mit traumhaften Ausblicken in das Tal von Maro\u00e7os und die Nordostk\u00fcste der Insel. Sie passieren liebevoll angelegte G\u00e4rten, ein Mimosen- und Akazienw\u00e4ldchen und lernen exotische Fr\u00fcchte wie Maracuja, Guave und Anona kennen. Ein besonderes Highlight erwartet [&hellip;]<\/p>\n","protected":false},"featured_media":9802,"template":"","meta":{"_acf_changed":false,"ocean_post_layout":"","ocean_both_sidebars_style":"","ocean_both_sidebars_content_width":0,"ocean_both_sidebars_sidebars_width":0,"ocean_sidebar":"0","ocean_second_sidebar":"0","ocean_disable_margins":"enable","ocean_add_body_class":"","ocean_shortcode_before_top_bar":"","ocean_shortcode_after_top_bar":"","ocean_shortcode_before_header":"","ocean_shortcode_after_header":"","ocean_has_shortcode":"","ocean_shortcode_after_title":"","ocean_shortcode_before_footer_widgets":"","ocean_shortcode_after_footer_widgets":"","ocean_shortcode_before_footer_bottom":"","ocean_shortcode_after_footer_bottom":"","ocean_display_top_bar":"default","ocean_display_header":"default","ocean_header_style":"","ocean_center_header_left_menu":"0","ocean_custom_header_template":"0","ocean_custom_logo":0,"ocean_custom_retina_logo":0,"ocean_custom_logo_max_width":0,"ocean_custom_logo_tablet_max_width":0,"ocean_custom_logo_mobile_max_width":0,"ocean_custom_logo_max_height":0,"ocean_custom_logo_tablet_max_height":0,"ocean_custom_logo_mobile_max_height":0,"ocean_header_custom_menu":"0","ocean_menu_typo_font_family":"0","ocean_menu_typo_font_subset":"","ocean_menu_typo_font_size":0,"ocean_menu_typo_font_size_tablet":0,"ocean_menu_typo_font_size_mobile":0,"ocean_menu_typo_font_size_unit":"px","ocean_menu_typo_font_weight":"","ocean_menu_typo_font_weight_tablet":"","ocean_menu_typo_font_weight_mobile":"","ocean_menu_typo_transform":"","ocean_menu_typo_transform_tablet":"","ocean_menu_typo_transform_mobile":"","ocean_menu_typo_line_height":0,"ocean_menu_typo_line_height_tablet":0,"ocean_menu_typo_line_height_mobile":0,"ocean_menu_typo_line_height_unit":"","ocean_menu_typo_spacing":0,"ocean_menu_typo_spacing_tablet":0,"ocean_menu_typo_spacing_mobile":0,"ocean_menu_typo_spacing_unit":"","ocean_menu_link_color":"","ocean_menu_link_color_hover":"","ocean_menu_link_color_active":"","ocean_menu_link_background":"","ocean_menu_link_hover_background":"","ocean_menu_link_active_background":"","ocean_menu_social_links_bg":"","ocean_menu_social_hover_links_bg":"","ocean_menu_social_links_color":"","ocean_menu_social_hover_links_color":"","ocean_disable_title":"default","ocean_disable_heading":"default","ocean_post_title":"","ocean_post_subheading":"","ocean_post_title_style":"background-image","ocean_post_title_background_color":"","ocean_post_title_background":9805,"ocean_post_title_bg_image_position":"","ocean_post_title_bg_image_attachment":"","ocean_post_title_bg_image_repeat":"","ocean_post_title_bg_image_size":"","ocean_post_title_height":0,"ocean_post_title_bg_overlay":0.5,"ocean_post_title_bg_overlay_color":"","ocean_disable_breadcrumbs":"default","ocean_breadcrumbs_color":"","ocean_breadcrumbs_separator_color":"","ocean_breadcrumbs_links_color":"","ocean_breadcrumbs_links_hover_color":"","ocean_display_footer_widgets":"default","ocean_display_footer_bottom":"default","ocean_custom_footer_template":"0","omw_enable_modal_window":"enable","osh_disable_topbar_sticky":"default","osh_disable_header_sticky":"default","osh_sticky_header_style":"default","osh_sticky_header_effect":"","osh_custom_sticky_logo":0,"osh_custom_retina_sticky_logo":0,"osh_custom_sticky_logo_height":0,"osh_background_color":"","osh_links_color":"","osh_links_hover_color":"","osh_links_active_color":"","osh_links_bg_color":"","osh_links_hover_bg_color":"","osh_links_active_bg_color":"","osh_menu_social_links_color":"","osh_menu_social_hover_links_color":""},"ort":[469,474,461,475],"sichtbarkeit":[],"templateoption":[179],"product_brand":[],"product_cat":[182],"product_tag":[],"class_list":{"0":"post-12103","1":"product","2":"type-product","3":"status-publish","4":"has-post-thumbnail","6":"ort-calheta","7":"ort-canical","8":"ort-ponta-do-sol","9":"ort-ribeira-brava","10":"templateoption-dertrip-bc","11":"product_cat-ausfluege","13":"entry","14":"has-media","16":"first","17":"instock","18":"virtual","19":"purchasable","20":"product-type-simple","21":"has-product-nav","22":"col","23":"span_1_of_3","24":"owp-content-center","25":"owp-thumbs-layout-horizontal","26":"owp-btn-normal","27":"owp-tabs-layout-section"},"acf":[],"_links":{"self":[{"href":"https:\/\/www.dertour-reiseleitung.com\/madeira\/wp-json\/wp\/v2\/product\/12103","targetHints":{"allow":["GET"]}}],"collection":[{"href":"https:\/\/www.dertour-reiseleitung.com\/madeira\/wp-json\/wp\/v2\/product"}],"about":[{"href":"https:\/\/www.dertour-reiseleitung.com\/madeira\/wp-json\/wp\/v2\/types\/product"}],"version-history":[{"count":2,"href":"https:\/\/www.dertour-reiseleitung.com\/madeira\/wp-json\/wp\/v2\/product\/12103\/revisions"}],"predecessor-version":[{"id":12105,"href":"https:\/\/www.dertour-reiseleitung.com\/madeira\/wp-json\/wp\/v2\/product\/12103\/revisions\/12105"}],"wp:featuredmedia":[{"embeddable":true,"href":"https:\/\/www.dertour-reiseleitung.com\/madeira\/wp-json\/wp\/v2\/media\/9802"}],"wp:attachment":[{"href":"https:\/\/www.dertour-reiseleitung.com\/madeira\/wp-json\/wp\/v2\/media?parent=12103"}],"wp:term":[{"taxonomy":"ort","embeddable":true,"href":"https:\/\/www.dertour-reiseleitung.com\/madeira\/wp-json\/wp\/v2\/ort?post=12103"},{"taxonomy":"sichtbarkeit","embeddable":true,"href":"https:\/\/www.dertour-reiseleitung.com\/madeira\/wp-json\/wp\/v2\/sichtbarkeit?post=12103"},{"taxonomy":"templateoption","embeddable":true,"href":"https:\/\/www.dertour-reiseleitung.com\/madeira\/wp-json\/wp\/v2\/templateoption?post=12103"},{"taxonomy":"product_brand","embeddable":true,"href":"https:\/\/www.dertour-reiseleitung.com\/madeira\/wp-json\/wp\/v2\/product_brand?post=12103"},{"taxonomy":"product_cat","embeddable":true,"href":"https:\/\/www.dertour-reiseleitung.com\/madeira\/wp-json\/wp\/v2\/product_cat?post=12103"},{"taxonomy":"product_tag","embeddable":true,"href":"https:\/\/www.dertour-reiseleitung.com\/madeira\/wp-json\/wp\/v2\/product_tag?post=12103"}],"curies":[{"name":"wp","href":"https:\/\/api.w.org\/{rel}","templated":true}]}}