{"id":12114,"date":"2025-12-30T16:24:45","date_gmt":"2025-12-30T15:24:45","guid":{"rendered":"https:\/\/www.dertour-reiseleitung.com\/madeira\/?post_type=product&#038;p=12114"},"modified":"2026-03-10T16:12:57","modified_gmt":"2026-03-10T15:12:57","slug":"wanderung-auf-der-halbinsel-sao-lourenco-dds-008-3","status":"publish","type":"product","link":"https:\/\/www.dertour-reiseleitung.com\/madeira\/aktivitaeten\/wanderung-auf-der-halbinsel-sao-lourenco-dds-008-3\/","title":{"rendered":"Wanderung  auf der Halbinsel S\u00e3o Louren\u00e7o"},"content":{"rendered":"<h3>Wandern auf Madeira einmal ganz anders<\/h3>\n<p>Erleben Sie eine Wanderung die Ihnen atemberaubende Panoramen und unvergessliche Landschaften bietet!<\/p>\n<p>Im Gegensatz zu den \u00fcblichen Levadas erwartet Sie hier eine grandiose Weitsicht, die von einer eher kargen, aber faszinierenden Vegetation gepr\u00e4gt ist. Freuen Sie sich auf spektakul\u00e4re Ausblicke entlang der wildromantischen Felsenk\u00fcste an der Ostspitze der Insel. Im Winter erstrahlt die Landschaft in frischem Gr\u00fcn, w\u00e4hrend sie im Sommer ein eher trockenes, dennoch eindrucksvolles Bild bietet.<\/p>\n<p>Die Wanderung f\u00fchrt Sie \u00fcber gestufte Pflasterwege, felsige Pfade und vulkanische Felsg\u00e4nge. Die imposanten Steilw\u00e4nde und kleinen, steilen Auf- und Abstiege werden immer wieder mit atemberaubenden Aussichten und Panoramen belohnt: Bewundern Sie den Leuchtturm auf der Ilh\u00e9u do Farol und die vorgelagerten Desertas-Inseln und bei klarer Sicht reicht der Blick sogar bis nach Porto Santo.<\/p>\n<p>Genie\u00dfen Sie unterwegs eine wohlverdiente Rast in der Casa do Sardinha und lassen Sie sich von der Umgebung verzaubern.<\/p>\n<p>Im Sommer ist es \u00e4u\u00dferst empfehlenswert, die Badesachen einzupacken, um sich zwischendurch abzuk\u00fchlen. Sonnenschutz ist ebenso wichtig wie festes Schuhwerk, um die Wanderung in vollen Z\u00fcgen genie\u00dfen zu k\u00f6nnen.<\/p>\n<p>Die Dauer der Wanderung betr\u00e4gt etwa 3 Stunden und ist auch f\u00fcr Familien mit Kindern geeignet.<\/p>\n<p>Begeben Sie sich auf diese unvergessliche Reise und lassen Sie sich von der Sch\u00f6nheit der Natur inspirieren!<\/p>\n<p><strong>Ausflugsveranstalter: <\/strong>MTS \u2013 Mediterranean Travel Services Incoming Portugal, S.A.<\/p>\n<p>&nbsp;<\/p>\n","protected":false},"excerpt":{"rendered":"<p>Wandern auf Madeira einmal ganz anders Erleben Sie eine Wanderung die Ihnen atemberaubende Panoramen und unvergessliche Landschaften bietet! Im Gegensatz zu den \u00fcblichen Levadas erwartet Sie hier eine grandiose Weitsicht, die von einer eher kargen, aber faszinierenden Vegetation gepr\u00e4gt ist. Freuen Sie sich auf spektakul\u00e4re Ausblicke entlang der wildromantischen Felsenk\u00fcste an der Ostspitze der Insel. [&hellip;]<\/p>\n","protected":false},"featured_media":9874,"template":"","meta":{"_acf_changed":false,"ocean_post_layout":"","ocean_both_sidebars_style":"","ocean_both_sidebars_content_width":0,"ocean_both_sidebars_sidebars_width":0,"ocean_sidebar":"0","ocean_second_sidebar":"0","ocean_disable_margins":"enable","ocean_add_body_class":"","ocean_shortcode_before_top_bar":"","ocean_shortcode_after_top_bar":"","ocean_shortcode_before_header":"","ocean_shortcode_after_header":"","ocean_has_shortcode":"","ocean_shortcode_after_title":"","ocean_shortcode_before_footer_widgets":"","ocean_shortcode_after_footer_widgets":"","ocean_shortcode_before_footer_bottom":"","ocean_shortcode_after_footer_bottom":"","ocean_display_top_bar":"default","ocean_display_header":"default","ocean_header_style":"","ocean_center_header_left_menu":"0","ocean_custom_header_template":"0","ocean_custom_logo":0,"ocean_custom_retina_logo":0,"ocean_custom_logo_max_width":0,"ocean_custom_logo_tablet_max_width":0,"ocean_custom_logo_mobile_max_width":0,"ocean_custom_logo_max_height":0,"ocean_custom_logo_tablet_max_height":0,"ocean_custom_logo_mobile_max_height":0,"ocean_header_custom_menu":"0","ocean_menu_typo_font_family":"0","ocean_menu_typo_font_subset":"","ocean_menu_typo_font_size":0,"ocean_menu_typo_font_size_tablet":0,"ocean_menu_typo_font_size_mobile":0,"ocean_menu_typo_font_size_unit":"px","ocean_menu_typo_font_weight":"","ocean_menu_typo_font_weight_tablet":"","ocean_menu_typo_font_weight_mobile":"","ocean_menu_typo_transform":"","ocean_menu_typo_transform_tablet":"","ocean_menu_typo_transform_mobile":"","ocean_menu_typo_line_height":0,"ocean_menu_typo_line_height_tablet":0,"ocean_menu_typo_line_height_mobile":0,"ocean_menu_typo_line_height_unit":"","ocean_menu_typo_spacing":0,"ocean_menu_typo_spacing_tablet":0,"ocean_menu_typo_spacing_mobile":0,"ocean_menu_typo_spacing_unit":"","ocean_menu_link_color":"","ocean_menu_link_color_hover":"","ocean_menu_link_color_active":"","ocean_menu_link_background":"","ocean_menu_link_hover_background":"","ocean_menu_link_active_background":"","ocean_menu_social_links_bg":"","ocean_menu_social_hover_links_bg":"","ocean_menu_social_links_color":"","ocean_menu_social_hover_links_color":"","ocean_disable_title":"default","ocean_disable_heading":"default","ocean_post_title":"","ocean_post_subheading":"","ocean_post_title_style":"background-image","ocean_post_title_background_color":"","ocean_post_title_background":11202,"ocean_post_title_bg_image_position":"","ocean_post_title_bg_image_attachment":"","ocean_post_title_bg_image_repeat":"","ocean_post_title_bg_image_size":"","ocean_post_title_height":0,"ocean_post_title_bg_overlay":0.5,"ocean_post_title_bg_overlay_color":"","ocean_disable_breadcrumbs":"default","ocean_breadcrumbs_color":"","ocean_breadcrumbs_separator_color":"","ocean_breadcrumbs_links_color":"","ocean_breadcrumbs_links_hover_color":"","ocean_display_footer_widgets":"default","ocean_display_footer_bottom":"default","ocean_custom_footer_template":"0","omw_enable_modal_window":"enable","osh_disable_topbar_sticky":"default","osh_disable_header_sticky":"default","osh_sticky_header_style":"default","osh_sticky_header_effect":"","osh_custom_sticky_logo":0,"osh_custom_retina_sticky_logo":0,"osh_custom_sticky_logo_height":0,"osh_background_color":"","osh_links_color":"","osh_links_hover_color":"","osh_links_active_color":"","osh_links_bg_color":"","osh_links_hover_bg_color":"","osh_links_active_bg_color":"","osh_menu_social_links_color":"","osh_menu_social_hover_links_color":""},"ort":[462,470],"sichtbarkeit":[],"templateoption":[179],"product_brand":[],"product_cat":[182],"product_tag":[],"class_list":{"0":"post-12114","1":"product","2":"type-product","3":"status-publish","4":"has-post-thumbnail","6":"ort-ponta-delgada","7":"ort-sao-vicente","8":"templateoption-dertrip-bc","9":"product_cat-ausfluege","11":"entry","12":"has-media","14":"first","15":"instock","16":"virtual","17":"purchasable","18":"product-type-simple","19":"has-product-nav","20":"col","21":"span_1_of_3","22":"owp-content-center","23":"owp-thumbs-layout-horizontal","24":"owp-btn-normal","25":"owp-tabs-layout-section"},"acf":[],"_links":{"self":[{"href":"https:\/\/www.dertour-reiseleitung.com\/madeira\/wp-json\/wp\/v2\/product\/12114","targetHints":{"allow":["GET"]}}],"collection":[{"href":"https:\/\/www.dertour-reiseleitung.com\/madeira\/wp-json\/wp\/v2\/product"}],"about":[{"href":"https:\/\/www.dertour-reiseleitung.com\/madeira\/wp-json\/wp\/v2\/types\/product"}],"version-history":[{"count":2,"href":"https:\/\/www.dertour-reiseleitung.com\/madeira\/wp-json\/wp\/v2\/product\/12114\/revisions"}],"predecessor-version":[{"id":12685,"href":"https:\/\/www.dertour-reiseleitung.com\/madeira\/wp-json\/wp\/v2\/product\/12114\/revisions\/12685"}],"wp:featuredmedia":[{"embeddable":true,"href":"https:\/\/www.dertour-reiseleitung.com\/madeira\/wp-json\/wp\/v2\/media\/9874"}],"wp:attachment":[{"href":"https:\/\/www.dertour-reiseleitung.com\/madeira\/wp-json\/wp\/v2\/media?parent=12114"}],"wp:term":[{"taxonomy":"ort","embeddable":true,"href":"https:\/\/www.dertour-reiseleitung.com\/madeira\/wp-json\/wp\/v2\/ort?post=12114"},{"taxonomy":"sichtbarkeit","embeddable":true,"href":"https:\/\/www.dertour-reiseleitung.com\/madeira\/wp-json\/wp\/v2\/sichtbarkeit?post=12114"},{"taxonomy":"templateoption","embeddable":true,"href":"https:\/\/www.dertour-reiseleitung.com\/madeira\/wp-json\/wp\/v2\/templateoption?post=12114"},{"taxonomy":"product_brand","embeddable":true,"href":"https:\/\/www.dertour-reiseleitung.com\/madeira\/wp-json\/wp\/v2\/product_brand?post=12114"},{"taxonomy":"product_cat","embeddable":true,"href":"https:\/\/www.dertour-reiseleitung.com\/madeira\/wp-json\/wp\/v2\/product_cat?post=12114"},{"taxonomy":"product_tag","embeddable":true,"href":"https:\/\/www.dertour-reiseleitung.com\/madeira\/wp-json\/wp\/v2\/product_tag?post=12114"}],"curies":[{"name":"wp","href":"https:\/\/api.w.org\/{rel}","templated":true}]}}