{"id":12535,"date":"2026-02-16T16:55:10","date_gmt":"2026-02-16T15:55:10","guid":{"rendered":"https:\/\/www.dertour-reiseleitung.com\/madeira\/?post_type=product&#038;p=12535"},"modified":"2026-03-10T16:17:43","modified_gmt":"2026-03-10T15:17:43","slug":"leuchtturmfahrt-mit-madeira-sea-emotions-dds-037-1","status":"publish","type":"product","link":"https:\/\/www.dertour-reiseleitung.com\/madeira\/aktivitaeten\/leuchtturmfahrt-mit-madeira-sea-emotions-dds-037-1\/","title":{"rendered":"Leuchtturmfahrt mit Madeira Sea Emotions"},"content":{"rendered":"<p><strong>Tour zum Leuchtturm von Ponta de S\u00e3o Louren\u00e7o<\/strong><\/p>\n<p>Entlang der wundersch\u00f6nen K\u00fcste geht es bis zum 150 Jahre alten Wahrzeichen der Halbinsel.<\/p>\n<p>Entdecken Sie von unterwegs kleinere Inselchen und die schroffe K\u00fcste mit ihren wundersch\u00f6nen H\u00f6hlen und Buchten mit ruhigem Wasser sowie verschiedene Tier- und Pflanzenarten sehen, die nur hier vorkommen<\/p>\n<p>Auf der Insel Farol legen sie an und laufen zum \u00e4ltesten Leuchtturm des Madeira Archipels und besuchen die Taubenh\u00f6hle.<\/p>\n<p>Auf dem R\u00fcckweg machen wir einen kurzen Zwischenstopp in Cais do Sardinha, wo Sie ein Bad im kristallklaren Wasser nehmen k\u00f6nnen.<\/p>\n<p><strong>Ausflugsveranstalter: <\/strong>Destination Touristic Services<\/p>\n","protected":false},"excerpt":{"rendered":"<p>Tour zum Leuchtturm von Ponta de S\u00e3o Louren\u00e7o Entlang der wundersch\u00f6nen K\u00fcste geht es bis zum 150 Jahre alten Wahrzeichen der Halbinsel. Entdecken Sie von unterwegs kleinere Inselchen und die schroffe K\u00fcste mit ihren wundersch\u00f6nen H\u00f6hlen und Buchten mit ruhigem Wasser sowie verschiedene Tier- und Pflanzenarten sehen, die nur hier vorkommen Auf der Insel Farol [&hellip;]<\/p>\n","protected":false},"featured_media":12559,"template":"","meta":{"_acf_changed":false,"ocean_post_layout":"","ocean_both_sidebars_style":"","ocean_both_sidebars_content_width":0,"ocean_both_sidebars_sidebars_width":0,"ocean_sidebar":"0","ocean_second_sidebar":"0","ocean_disable_margins":"enable","ocean_add_body_class":"","ocean_shortcode_before_top_bar":"","ocean_shortcode_after_top_bar":"","ocean_shortcode_before_header":"","ocean_shortcode_after_header":"","ocean_has_shortcode":"","ocean_shortcode_after_title":"","ocean_shortcode_before_footer_widgets":"","ocean_shortcode_after_footer_widgets":"","ocean_shortcode_before_footer_bottom":"","ocean_shortcode_after_footer_bottom":"","ocean_display_top_bar":"default","ocean_display_header":"default","ocean_header_style":"","ocean_center_header_left_menu":"0","ocean_custom_header_template":"0","ocean_custom_logo":0,"ocean_custom_retina_logo":0,"ocean_custom_logo_max_width":0,"ocean_custom_logo_tablet_max_width":0,"ocean_custom_logo_mobile_max_width":0,"ocean_custom_logo_max_height":0,"ocean_custom_logo_tablet_max_height":0,"ocean_custom_logo_mobile_max_height":0,"ocean_header_custom_menu":"0","ocean_menu_typo_font_family":"0","ocean_menu_typo_font_subset":"","ocean_menu_typo_font_size":0,"ocean_menu_typo_font_size_tablet":0,"ocean_menu_typo_font_size_mobile":0,"ocean_menu_typo_font_size_unit":"px","ocean_menu_typo_font_weight":"","ocean_menu_typo_font_weight_tablet":"","ocean_menu_typo_font_weight_mobile":"","ocean_menu_typo_transform":"","ocean_menu_typo_transform_tablet":"","ocean_menu_typo_transform_mobile":"","ocean_menu_typo_line_height":0,"ocean_menu_typo_line_height_tablet":0,"ocean_menu_typo_line_height_mobile":0,"ocean_menu_typo_line_height_unit":"","ocean_menu_typo_spacing":0,"ocean_menu_typo_spacing_tablet":0,"ocean_menu_typo_spacing_mobile":0,"ocean_menu_typo_spacing_unit":"","ocean_menu_link_color":"","ocean_menu_link_color_hover":"","ocean_menu_link_color_active":"","ocean_menu_link_background":"","ocean_menu_link_hover_background":"","ocean_menu_link_active_background":"","ocean_menu_social_links_bg":"","ocean_menu_social_hover_links_bg":"","ocean_menu_social_links_color":"","ocean_menu_social_hover_links_color":"","ocean_disable_title":"default","ocean_disable_heading":"default","ocean_post_title":"","ocean_post_subheading":"","ocean_post_title_style":"background-image","ocean_post_title_background_color":"","ocean_post_title_background":12560,"ocean_post_title_bg_image_position":"","ocean_post_title_bg_image_attachment":"","ocean_post_title_bg_image_repeat":"","ocean_post_title_bg_image_size":"","ocean_post_title_height":0,"ocean_post_title_bg_overlay":0.5,"ocean_post_title_bg_overlay_color":"","ocean_disable_breadcrumbs":"default","ocean_breadcrumbs_color":"","ocean_breadcrumbs_separator_color":"","ocean_breadcrumbs_links_color":"","ocean_breadcrumbs_links_hover_color":"","ocean_display_footer_widgets":"default","ocean_display_footer_bottom":"default","ocean_custom_footer_template":"0","omw_enable_modal_window":"enable","osh_disable_topbar_sticky":"default","osh_disable_header_sticky":"default","osh_sticky_header_style":"default","osh_sticky_header_effect":"","osh_custom_sticky_logo":0,"osh_custom_retina_sticky_logo":0,"osh_custom_sticky_logo_height":0,"osh_background_color":"","osh_links_color":"","osh_links_hover_color":"","osh_links_active_color":"","osh_links_bg_color":"","osh_links_hover_bg_color":"","osh_links_active_bg_color":"","osh_menu_social_links_color":"","osh_menu_social_hover_links_color":""},"ort":[474],"sichtbarkeit":[],"templateoption":[179],"product_brand":[],"product_cat":[24],"product_tag":[],"class_list":{"0":"post-12535","1":"product","2":"type-product","3":"status-publish","4":"has-post-thumbnail","6":"ort-canical","7":"templateoption-dertrip-bc","8":"product_cat-aktivitaeten","10":"entry","11":"has-media","13":"first","14":"instock","15":"shipping-taxable","16":"purchasable","17":"product-type-simple","18":"has-product-nav","19":"col","20":"span_1_of_3","21":"owp-content-center","22":"owp-thumbs-layout-horizontal","23":"owp-btn-normal","24":"owp-tabs-layout-section"},"acf":[],"_links":{"self":[{"href":"https:\/\/www.dertour-reiseleitung.com\/madeira\/wp-json\/wp\/v2\/product\/12535","targetHints":{"allow":["GET"]}}],"collection":[{"href":"https:\/\/www.dertour-reiseleitung.com\/madeira\/wp-json\/wp\/v2\/product"}],"about":[{"href":"https:\/\/www.dertour-reiseleitung.com\/madeira\/wp-json\/wp\/v2\/types\/product"}],"version-history":[{"count":6,"href":"https:\/\/www.dertour-reiseleitung.com\/madeira\/wp-json\/wp\/v2\/product\/12535\/revisions"}],"predecessor-version":[{"id":12687,"href":"https:\/\/www.dertour-reiseleitung.com\/madeira\/wp-json\/wp\/v2\/product\/12535\/revisions\/12687"}],"wp:featuredmedia":[{"embeddable":true,"href":"https:\/\/www.dertour-reiseleitung.com\/madeira\/wp-json\/wp\/v2\/media\/12559"}],"wp:attachment":[{"href":"https:\/\/www.dertour-reiseleitung.com\/madeira\/wp-json\/wp\/v2\/media?parent=12535"}],"wp:term":[{"taxonomy":"ort","embeddable":true,"href":"https:\/\/www.dertour-reiseleitung.com\/madeira\/wp-json\/wp\/v2\/ort?post=12535"},{"taxonomy":"sichtbarkeit","embeddable":true,"href":"https:\/\/www.dertour-reiseleitung.com\/madeira\/wp-json\/wp\/v2\/sichtbarkeit?post=12535"},{"taxonomy":"templateoption","embeddable":true,"href":"https:\/\/www.dertour-reiseleitung.com\/madeira\/wp-json\/wp\/v2\/templateoption?post=12535"},{"taxonomy":"product_brand","embeddable":true,"href":"https:\/\/www.dertour-reiseleitung.com\/madeira\/wp-json\/wp\/v2\/product_brand?post=12535"},{"taxonomy":"product_cat","embeddable":true,"href":"https:\/\/www.dertour-reiseleitung.com\/madeira\/wp-json\/wp\/v2\/product_cat?post=12535"},{"taxonomy":"product_tag","embeddable":true,"href":"https:\/\/www.dertour-reiseleitung.com\/madeira\/wp-json\/wp\/v2\/product_tag?post=12535"}],"curies":[{"name":"wp","href":"https:\/\/api.w.org\/{rel}","templated":true}]}}