{"id":9748,"date":"2025-03-23T13:14:28","date_gmt":"2025-03-23T12:14:28","guid":{"rendered":"https:\/\/www.dertour-reiseleitung.com\/madeira\/aktivitaeten\/land-leute-ost-ab-funchal-canico-calheta-ponta-do-sol\/"},"modified":"2026-03-10T15:23:29","modified_gmt":"2026-03-10T14:23:29","slug":"land-leute-ost-dds-005-1","status":"publish","type":"product","link":"https:\/\/www.dertour-reiseleitung.com\/madeira\/aktivitaeten\/land-leute-ost-dds-005-1\/","title":{"rendered":"Land &amp; Leute Ost"},"content":{"rendered":"<h3>DER Sonntagsausflug<\/h3>\n<p>Ganz entspannt, wie es sich f\u00fcr einen Sonntag geh\u00f6rt, fahren Sie am Vormittag Richtung Garajau. Dort besichtigen Sie die 14 m hohe Statue Cristo Rei. Unternehmen Sie einen Spaziergang zu den einzelnen Aussichtspunkten, welche nicht nur auf die Statue einen tollen Blick bieten, sondern auch zum Naturstrand Garajau und die K\u00fcstenlinie entlang.<\/p>\n<p>Anschlie\u00dfend geht es mit dem Bus weiter nach Camacha in den Bergen.<\/p>\n<p>Hier starten Sie die Schnupperwanderung entlang einer Levada, der traditionellen Bew\u00e4sserungsanlage Madeiras. Diese Wanderung f\u00fchrt durch das sch\u00f6ne Tal von Serra do Faial zu \u00fcppig gr\u00fcnen Terrassenfeldern. Erleben Sie die Vielfalt von Kr\u00e4utern und Heilpflanzen, die dort im \u00dcberfluss gedeihen. Nach circa einer Stunde erreichen Sie ein kleines Cafe, wo sie typisch madeirensisches Geb\u00e4ck probieren und einen Kaffee genie\u00dfen k\u00f6nnen.<\/p>\n<p>Danach geht es weiter Richtung Norden nach Santana. Hier, an der Nordk\u00fcste der Insel, besuchen Sie die alten Bauernh\u00e4user der Madeirenser, die Colmoh\u00e4user, die Sie auf jeder Postkarte wieder finden werden.<\/p>\n<p>Nun ist es Zeit f\u00fcr eine St\u00e4rkung. Die Mittagspause verbringen Sie in der Quinta do Fur\u00e3o, die eingebettet zwischen den Weinbergen und einer \u00fcppigen Gartenanlage liegt. Sie ist nicht nur bekannt f\u00fcr ihr gutes Essen, sondern auch f\u00fcr die einzigartige Lage an der Nordk\u00fcste, \u00fcber die Sie einen atemberaubenden Blick haben werden. Neben dem Mittagessen findet eine Weinverkostung des Madeiraweins statt.<\/p>\n<p>Sie machen Halt auf einem lokalen Markt, auf dem die Bauern der umliegenden D\u00f6rfer ihre Produkte verkaufen. Probieren Sie auch an einem der St\u00e4nde den madeirensischen Poncha, das Lieblingsgetr\u00e4nk der Einheimischen, bestehend aus Fruchtsaft, Honig und Zuckerrohrschnaps.<\/p>\n<p><strong>Ausflugsveranstalter:<\/strong> MTS \u2013 Mediterranean Travel Services Incoming Portugal, S.A.<\/p>\n","protected":false},"excerpt":{"rendered":"<p>DER Sonntagsausflug Ganz entspannt, wie es sich f\u00fcr einen Sonntag geh\u00f6rt, fahren Sie am Vormittag Richtung Garajau. Dort besichtigen Sie die 14 m hohe Statue Cristo Rei. Unternehmen Sie einen Spaziergang zu den einzelnen Aussichtspunkten, welche nicht nur auf die Statue einen tollen Blick bieten, sondern auch zum Naturstrand Garajau und die K\u00fcstenlinie entlang. Anschlie\u00dfend [&hellip;]<\/p>\n","protected":false},"featured_media":9750,"template":"","meta":{"_acf_changed":false,"ocean_post_layout":"","ocean_both_sidebars_style":"","ocean_both_sidebars_content_width":0,"ocean_both_sidebars_sidebars_width":0,"ocean_sidebar":"0","ocean_second_sidebar":"0","ocean_disable_margins":"enable","ocean_add_body_class":"","ocean_shortcode_before_top_bar":"","ocean_shortcode_after_top_bar":"","ocean_shortcode_before_header":"","ocean_shortcode_after_header":"","ocean_has_shortcode":"","ocean_shortcode_after_title":"","ocean_shortcode_before_footer_widgets":"","ocean_shortcode_after_footer_widgets":"","ocean_shortcode_before_footer_bottom":"","ocean_shortcode_after_footer_bottom":"","ocean_display_top_bar":"default","ocean_display_header":"default","ocean_header_style":"","ocean_center_header_left_menu":"0","ocean_custom_header_template":"0","ocean_custom_logo":0,"ocean_custom_retina_logo":0,"ocean_custom_logo_max_width":0,"ocean_custom_logo_tablet_max_width":0,"ocean_custom_logo_mobile_max_width":0,"ocean_custom_logo_max_height":0,"ocean_custom_logo_tablet_max_height":0,"ocean_custom_logo_mobile_max_height":0,"ocean_header_custom_menu":"0","ocean_menu_typo_font_family":"0","ocean_menu_typo_font_subset":"","ocean_menu_typo_font_size":0,"ocean_menu_typo_font_size_tablet":0,"ocean_menu_typo_font_size_mobile":0,"ocean_menu_typo_font_size_unit":"px","ocean_menu_typo_font_weight":"","ocean_menu_typo_font_weight_tablet":"","ocean_menu_typo_font_weight_mobile":"","ocean_menu_typo_transform":"","ocean_menu_typo_transform_tablet":"","ocean_menu_typo_transform_mobile":"","ocean_menu_typo_line_height":0,"ocean_menu_typo_line_height_tablet":0,"ocean_menu_typo_line_height_mobile":0,"ocean_menu_typo_line_height_unit":"","ocean_menu_typo_spacing":0,"ocean_menu_typo_spacing_tablet":0,"ocean_menu_typo_spacing_mobile":0,"ocean_menu_typo_spacing_unit":"","ocean_menu_link_color":"","ocean_menu_link_color_hover":"","ocean_menu_link_color_active":"","ocean_menu_link_background":"","ocean_menu_link_hover_background":"","ocean_menu_link_active_background":"","ocean_menu_social_links_bg":"","ocean_menu_social_hover_links_bg":"","ocean_menu_social_links_color":"","ocean_menu_social_hover_links_color":"","ocean_disable_title":"default","ocean_disable_heading":"default","ocean_post_title":"","ocean_post_subheading":"","ocean_post_title_style":"background-image","ocean_post_title_background_color":"","ocean_post_title_background":9752,"ocean_post_title_bg_image_position":"","ocean_post_title_bg_image_attachment":"","ocean_post_title_bg_image_repeat":"","ocean_post_title_bg_image_size":"","ocean_post_title_height":0,"ocean_post_title_bg_overlay":0.5,"ocean_post_title_bg_overlay_color":"","ocean_disable_breadcrumbs":"default","ocean_breadcrumbs_color":"","ocean_breadcrumbs_separator_color":"","ocean_breadcrumbs_links_color":"","ocean_breadcrumbs_links_hover_color":"","ocean_display_footer_widgets":"default","ocean_display_footer_bottom":"default","ocean_custom_footer_template":"0","omw_enable_modal_window":"enable","osh_disable_topbar_sticky":"default","osh_disable_header_sticky":"default","osh_sticky_header_style":"default","osh_sticky_header_effect":"","osh_custom_sticky_logo":0,"osh_custom_retina_sticky_logo":0,"osh_custom_sticky_logo_height":0,"osh_background_color":"","osh_links_color":"","osh_links_hover_color":"","osh_links_active_color":"","osh_links_bg_color":"","osh_links_hover_bg_color":"","osh_links_active_bg_color":"","osh_menu_social_links_color":"","osh_menu_social_hover_links_color":""},"ort":[459,458,466],"sichtbarkeit":[],"templateoption":[179],"product_brand":[],"product_cat":[182],"product_tag":[],"class_list":{"0":"post-9748","1":"product","2":"type-product","3":"status-publish","4":"has-post-thumbnail","6":"ort-canico","7":"ort-funchal","8":"ort-garajau","9":"templateoption-dertrip-bc","10":"product_cat-ausfluege","12":"entry","13":"has-media","15":"first","16":"instock","17":"virtual","18":"purchasable","19":"product-type-simple","20":"has-product-nav","21":"col","22":"span_1_of_3","23":"owp-content-center","24":"owp-thumbs-layout-horizontal","25":"owp-btn-normal","26":"owp-tabs-layout-section"},"acf":[],"_links":{"self":[{"href":"https:\/\/www.dertour-reiseleitung.com\/madeira\/wp-json\/wp\/v2\/product\/9748","targetHints":{"allow":["GET"]}}],"collection":[{"href":"https:\/\/www.dertour-reiseleitung.com\/madeira\/wp-json\/wp\/v2\/product"}],"about":[{"href":"https:\/\/www.dertour-reiseleitung.com\/madeira\/wp-json\/wp\/v2\/types\/product"}],"version-history":[{"count":12,"href":"https:\/\/www.dertour-reiseleitung.com\/madeira\/wp-json\/wp\/v2\/product\/9748\/revisions"}],"predecessor-version":[{"id":12667,"href":"https:\/\/www.dertour-reiseleitung.com\/madeira\/wp-json\/wp\/v2\/product\/9748\/revisions\/12667"}],"wp:featuredmedia":[{"embeddable":true,"href":"https:\/\/www.dertour-reiseleitung.com\/madeira\/wp-json\/wp\/v2\/media\/9750"}],"wp:attachment":[{"href":"https:\/\/www.dertour-reiseleitung.com\/madeira\/wp-json\/wp\/v2\/media?parent=9748"}],"wp:term":[{"taxonomy":"ort","embeddable":true,"href":"https:\/\/www.dertour-reiseleitung.com\/madeira\/wp-json\/wp\/v2\/ort?post=9748"},{"taxonomy":"sichtbarkeit","embeddable":true,"href":"https:\/\/www.dertour-reiseleitung.com\/madeira\/wp-json\/wp\/v2\/sichtbarkeit?post=9748"},{"taxonomy":"templateoption","embeddable":true,"href":"https:\/\/www.dertour-reiseleitung.com\/madeira\/wp-json\/wp\/v2\/templateoption?post=9748"},{"taxonomy":"product_brand","embeddable":true,"href":"https:\/\/www.dertour-reiseleitung.com\/madeira\/wp-json\/wp\/v2\/product_brand?post=9748"},{"taxonomy":"product_cat","embeddable":true,"href":"https:\/\/www.dertour-reiseleitung.com\/madeira\/wp-json\/wp\/v2\/product_cat?post=9748"},{"taxonomy":"product_tag","embeddable":true,"href":"https:\/\/www.dertour-reiseleitung.com\/madeira\/wp-json\/wp\/v2\/product_tag?post=9748"}],"curies":[{"name":"wp","href":"https:\/\/api.w.org\/{rel}","templated":true}]}}