{"id":9766,"date":"2025-03-23T13:15:12","date_gmt":"2025-03-23T12:15:12","guid":{"rendered":"https:\/\/www.dertour-reiseleitung.com\/madeira\/aktivitaeten\/yellow-bus-alle-zonen\/"},"modified":"2026-02-10T10:14:44","modified_gmt":"2026-02-10T09:14:44","slug":"yellow-bus-dds-010-1","status":"publish","type":"product","link":"https:\/\/www.dertour-reiseleitung.com\/madeira\/aktivitaeten\/yellow-bus-dds-010-1\/","title":{"rendered":"Yellow Bus"},"content":{"rendered":"<h3>Flexible Hop-on\/Hop-off Stadtrundfahrt<\/h3>\n<p>Verschaffen Sie sich mit dem Yellow Bus den besten \u00dcberblick \u00fcber die Stadt Funchal.<\/p>\n<p>Auf zwei verschiedenen Routen k\u00f6nnen Sie im gelben Doppeldecker-Bus die Hauptstadt Madeiras kennenlernen. Steigen Sie so oft ein und aus, wie sie m\u00f6chten, und erleben Sie die gr\u00f6\u00dften Attraktionen der Stadt wie die Kathedrale Se, die Markthalle, die Altstadt sowie die Strandpromenade und Hotelzone Lido. Kaufen Sie in den gr\u00f6\u00dften Shopping Centern der Stadt ein oder bummeln Sie durch die Fu\u00dfg\u00e4ngerzonen der Stadt.<\/p>\n<p>Die gelbe Linie f\u00fchrt sowohl zum Aussichtspunkt Pico dos Barcelos, mit dem wohl sch\u00f6nsten Blick \u00fcber Funchal, als auch zum romantischen Fischerdorf Camara de Lobos, wo Sie das dort kreierte Nationalgetr\u00e4nk Poncha genie\u00dfen und die Fischerboote im Hafenbecken bewundern k\u00f6nnen.<\/p>\n<p>Die blaue Linie beginnt in Camara de Lobos und erg\u00e4nzt die gelbe Linie. Der H\u00f6hepunkt ist die Fahrt hinauf zum Cabo Girao. Hier wurde in luftiger H\u00f6he an der h\u00f6chsten Steilklippe Europas ein Aussichtspunkt aus Glas erschaffen. Der Ausblick und die Konstruktion sind atemberaubend.<\/p>\n<p>Dank der inkludierten Kopfh\u00f6rer erhalten Sie allerhand Informationen in deutscher Sprache.<br \/>\nDie Tickets werden ohne Datum ausgestellt.<\/p>\n<p>Sie k\u00f6nnen die Linien einzeln oder in Kombination kaufen. Die Tickets k\u00f6nnen f\u00fcr einen oder mehrere Tage erworben werden. Der Preis ist abh\u00e4ngig von der gew\u00fcnschten Kombination. Gerne beraten wir Sie pers\u00f6nlich!<\/p>\n<p><strong>Ausflugsveranstalter: <\/strong>MTS &#8211; Mediterranean Travel Services Incoming Portugal, S.A.<\/p>\n","protected":false},"excerpt":{"rendered":"<p>Flexible Hop-on\/Hop-off Stadtrundfahrt Verschaffen Sie sich mit dem Yellow Bus den besten \u00dcberblick \u00fcber die Stadt Funchal. Auf zwei verschiedenen Routen k\u00f6nnen Sie im gelben Doppeldecker-Bus die Hauptstadt Madeiras kennenlernen. Steigen Sie so oft ein und aus, wie sie m\u00f6chten, und erleben Sie die gr\u00f6\u00dften Attraktionen der Stadt wie die Kathedrale Se, die Markthalle, die [&hellip;]<\/p>\n","protected":false},"featured_media":9768,"template":"","meta":{"_acf_changed":false,"ocean_post_layout":"","ocean_both_sidebars_style":"","ocean_both_sidebars_content_width":0,"ocean_both_sidebars_sidebars_width":0,"ocean_sidebar":"0","ocean_second_sidebar":"0","ocean_disable_margins":"enable","ocean_add_body_class":"","ocean_shortcode_before_top_bar":"","ocean_shortcode_after_top_bar":"","ocean_shortcode_before_header":"","ocean_shortcode_after_header":"","ocean_has_shortcode":"","ocean_shortcode_after_title":"","ocean_shortcode_before_footer_widgets":"","ocean_shortcode_after_footer_widgets":"","ocean_shortcode_before_footer_bottom":"","ocean_shortcode_after_footer_bottom":"","ocean_display_top_bar":"default","ocean_display_header":"default","ocean_header_style":"","ocean_center_header_left_menu":"0","ocean_custom_header_template":"0","ocean_custom_logo":0,"ocean_custom_retina_logo":0,"ocean_custom_logo_max_width":0,"ocean_custom_logo_tablet_max_width":0,"ocean_custom_logo_mobile_max_width":0,"ocean_custom_logo_max_height":0,"ocean_custom_logo_tablet_max_height":0,"ocean_custom_logo_mobile_max_height":0,"ocean_header_custom_menu":"0","ocean_menu_typo_font_family":"0","ocean_menu_typo_font_subset":"","ocean_menu_typo_font_size":0,"ocean_menu_typo_font_size_tablet":0,"ocean_menu_typo_font_size_mobile":0,"ocean_menu_typo_font_size_unit":"px","ocean_menu_typo_font_weight":"","ocean_menu_typo_font_weight_tablet":"","ocean_menu_typo_font_weight_mobile":"","ocean_menu_typo_transform":"","ocean_menu_typo_transform_tablet":"","ocean_menu_typo_transform_mobile":"","ocean_menu_typo_line_height":0,"ocean_menu_typo_line_height_tablet":0,"ocean_menu_typo_line_height_mobile":0,"ocean_menu_typo_line_height_unit":"","ocean_menu_typo_spacing":0,"ocean_menu_typo_spacing_tablet":0,"ocean_menu_typo_spacing_mobile":0,"ocean_menu_typo_spacing_unit":"","ocean_menu_link_color":"","ocean_menu_link_color_hover":"","ocean_menu_link_color_active":"","ocean_menu_link_background":"","ocean_menu_link_hover_background":"","ocean_menu_link_active_background":"","ocean_menu_social_links_bg":"","ocean_menu_social_hover_links_bg":"","ocean_menu_social_links_color":"","ocean_menu_social_hover_links_color":"","ocean_disable_title":"default","ocean_disable_heading":"default","ocean_post_title":"","ocean_post_subheading":"","ocean_post_title_style":"background-image","ocean_post_title_background_color":"","ocean_post_title_background":0,"ocean_post_title_bg_image_position":"","ocean_post_title_bg_image_attachment":"","ocean_post_title_bg_image_repeat":"","ocean_post_title_bg_image_size":"","ocean_post_title_height":0,"ocean_post_title_bg_overlay":0.5,"ocean_post_title_bg_overlay_color":"","ocean_disable_breadcrumbs":"default","ocean_breadcrumbs_color":"","ocean_breadcrumbs_separator_color":"","ocean_breadcrumbs_links_color":"","ocean_breadcrumbs_links_hover_color":"","ocean_display_footer_widgets":"default","ocean_display_footer_bottom":"default","ocean_custom_footer_template":"0","omw_enable_modal_window":"enable","osh_disable_topbar_sticky":"default","osh_disable_header_sticky":"default","osh_sticky_header_style":"default","osh_sticky_header_effect":"","osh_custom_sticky_logo":0,"osh_custom_retina_sticky_logo":0,"osh_custom_sticky_logo_height":0,"osh_background_color":"","osh_links_color":"","osh_links_hover_color":"","osh_links_active_color":"","osh_links_bg_color":"","osh_links_hover_bg_color":"","osh_links_active_bg_color":"","osh_menu_social_links_color":"","osh_menu_social_hover_links_color":""},"ort":[469,472,474,459,468,458,466,465,462,461,471,475,473,470],"sichtbarkeit":[],"templateoption":[179],"product_brand":[],"product_cat":[183],"product_tag":[],"class_list":{"0":"post-9766","1":"product","2":"type-product","3":"status-publish","4":"has-post-thumbnail","6":"ort-calheta","7":"ort-camara-do-lobos","8":"ort-canical","9":"ort-canico","10":"ort-estreito-da-calheta","11":"ort-funchal","12":"ort-garajau","13":"ort-machico","14":"ort-ponta-delgada","15":"ort-ponta-do-sol","16":"ort-prazeres","17":"ort-ribeira-brava","18":"ort-santa-cruz","19":"ort-sao-vicente","20":"templateoption-dertrip-bc","21":"product_cat-eintrittskarten","23":"entry","24":"has-media","26":"first","27":"instock","28":"virtual","29":"purchasable","30":"product-type-simple","31":"has-product-nav","32":"col","33":"span_1_of_3","34":"owp-content-center","35":"owp-thumbs-layout-horizontal","36":"owp-btn-normal","37":"owp-tabs-layout-section"},"acf":[],"_links":{"self":[{"href":"https:\/\/www.dertour-reiseleitung.com\/madeira\/wp-json\/wp\/v2\/product\/9766","targetHints":{"allow":["GET"]}}],"collection":[{"href":"https:\/\/www.dertour-reiseleitung.com\/madeira\/wp-json\/wp\/v2\/product"}],"about":[{"href":"https:\/\/www.dertour-reiseleitung.com\/madeira\/wp-json\/wp\/v2\/types\/product"}],"version-history":[{"count":9,"href":"https:\/\/www.dertour-reiseleitung.com\/madeira\/wp-json\/wp\/v2\/product\/9766\/revisions"}],"predecessor-version":[{"id":12070,"href":"https:\/\/www.dertour-reiseleitung.com\/madeira\/wp-json\/wp\/v2\/product\/9766\/revisions\/12070"}],"wp:featuredmedia":[{"embeddable":true,"href":"https:\/\/www.dertour-reiseleitung.com\/madeira\/wp-json\/wp\/v2\/media\/9768"}],"wp:attachment":[{"href":"https:\/\/www.dertour-reiseleitung.com\/madeira\/wp-json\/wp\/v2\/media?parent=9766"}],"wp:term":[{"taxonomy":"ort","embeddable":true,"href":"https:\/\/www.dertour-reiseleitung.com\/madeira\/wp-json\/wp\/v2\/ort?post=9766"},{"taxonomy":"sichtbarkeit","embeddable":true,"href":"https:\/\/www.dertour-reiseleitung.com\/madeira\/wp-json\/wp\/v2\/sichtbarkeit?post=9766"},{"taxonomy":"templateoption","embeddable":true,"href":"https:\/\/www.dertour-reiseleitung.com\/madeira\/wp-json\/wp\/v2\/templateoption?post=9766"},{"taxonomy":"product_brand","embeddable":true,"href":"https:\/\/www.dertour-reiseleitung.com\/madeira\/wp-json\/wp\/v2\/product_brand?post=9766"},{"taxonomy":"product_cat","embeddable":true,"href":"https:\/\/www.dertour-reiseleitung.com\/madeira\/wp-json\/wp\/v2\/product_cat?post=9766"},{"taxonomy":"product_tag","embeddable":true,"href":"https:\/\/www.dertour-reiseleitung.com\/madeira\/wp-json\/wp\/v2\/product_tag?post=9766"}],"curies":[{"name":"wp","href":"https:\/\/api.w.org\/{rel}","templated":true}]}}