{"id":9774,"date":"2025-03-23T13:15:12","date_gmt":"2025-03-23T12:15:12","guid":{"rendered":"https:\/\/www.dertour-reiseleitung.com\/madeira\/aktivitaeten\/osttour-ab-calheta-ponta-do-sol\/"},"modified":"2026-02-10T14:53:25","modified_gmt":"2026-02-10T13:53:25","slug":"osttour-dds-006-2","status":"publish","type":"product","link":"https:\/\/www.dertour-reiseleitung.com\/madeira\/aktivitaeten\/osttour-dds-006-2\/","title":{"rendered":"Osttour"},"content":{"rendered":"<h3>Entlang abwechslungsreicher Kulisse und zauberhafter D\u00f6rfer<\/h3>\n<p>Zu Beginn geht es hoch hinauf in die faszinierende Bergwelt. Begleitet von einem \u00fcberw\u00e4ltigenden Panorama erreichen Sie den dritth\u00f6chsten Gipfel der Insel, den Pico do Arieiro (1.818 m). Meist \u00fcber den Wolken liegend, werden Sie sich an dem unvergleichlichen Rundblick nicht sattsehen k\u00f6nnen. Auf dem Dach der Insel liegt Ihnen Madeira zu F\u00fc\u00dfen.<\/p>\n<p>Durch die unter Naturschutz stehenden, oft saftigen Lorbeerw\u00e4lder geht es nach Ribeiro Frio (= kalter Fluss), welches in einem tiefen Tal, umgeben von schroffen Bergen liegt. Das Dorf ist bekannt f\u00fcr seine Forellenfarm.<\/p>\n<p>Im Anschluss fahren Sie \u00fcber Faial, ein pittoreskes Dorf, entlang der Nordk\u00fcste bis nach Santana. Dieses ist ber\u00fchmt f\u00fcr seine typischen strohgedeckten und spitzgiebeligen Bauernh\u00e4user, welche in den Farben wei\u00df, blau und rot bemalt sind. Diese kleinen urigen H\u00e4user, an denen das Strohdach bis fast zum Boden ragt, waren die fr\u00fchere Wohnform der Einheimischen und sind das Wahrzeichen der Insel. Tipp: Probieren Sie doch einfach mal die leckeren Honigkekse im Souvenirladen oder trinken Sie einen selbstgemachten Poncha, das Nationalgetr\u00e4nk. Einfach lecker!<\/p>\n<p>Nach dem Mittagessen geht die Fahrt vorbei an Porto da Cruz mit Blick auf den imposanten Adlerfelsen. Seine steil zum Atlantik abfallende Felswand ist eine der beeindruckendsten Klippen der Insel.<\/p>\n<p>Ihre letzte Station ist die zweitgr\u00f6\u00dfte Stadt Machico. Das erste Gebiet der Insel, auf das die portugiesischen Seefahrer zum Zeitpunkt der Entdeckung stie\u00dfen. Besuchen Sie in Ihrer dortigen Freizeit den hellen, feinen Sandstrand, schlendern gem\u00fctlich durch den Ortskern oder an der Promenade entlang.<\/p>\n<p><strong>Ausflugsveranstalter:<\/strong> MTS \u2013 Mediterranean Travel Services Incoming Portugal, S.A.<\/p>\n","protected":false},"excerpt":{"rendered":"<p>Entlang abwechslungsreicher Kulisse und zauberhafter D\u00f6rfer Zu Beginn geht es hoch hinauf in die faszinierende Bergwelt. Begleitet von einem \u00fcberw\u00e4ltigenden Panorama erreichen Sie den dritth\u00f6chsten Gipfel der Insel, den Pico do Arieiro (1.818 m). Meist \u00fcber den Wolken liegend, werden Sie sich an dem unvergleichlichen Rundblick nicht sattsehen k\u00f6nnen. Auf dem Dach der Insel liegt [&hellip;]<\/p>\n","protected":false},"featured_media":9671,"template":"","meta":{"_acf_changed":false,"ocean_post_layout":"","ocean_both_sidebars_style":"","ocean_both_sidebars_content_width":0,"ocean_both_sidebars_sidebars_width":0,"ocean_sidebar":"0","ocean_second_sidebar":"0","ocean_disable_margins":"enable","ocean_add_body_class":"","ocean_shortcode_before_top_bar":"","ocean_shortcode_after_top_bar":"","ocean_shortcode_before_header":"","ocean_shortcode_after_header":"","ocean_has_shortcode":"","ocean_shortcode_after_title":"","ocean_shortcode_before_footer_widgets":"","ocean_shortcode_after_footer_widgets":"","ocean_shortcode_before_footer_bottom":"","ocean_shortcode_after_footer_bottom":"","ocean_display_top_bar":"default","ocean_display_header":"default","ocean_header_style":"","ocean_center_header_left_menu":"0","ocean_custom_header_template":"0","ocean_custom_logo":0,"ocean_custom_retina_logo":0,"ocean_custom_logo_max_width":0,"ocean_custom_logo_tablet_max_width":0,"ocean_custom_logo_mobile_max_width":0,"ocean_custom_logo_max_height":0,"ocean_custom_logo_tablet_max_height":0,"ocean_custom_logo_mobile_max_height":0,"ocean_header_custom_menu":"0","ocean_menu_typo_font_family":"0","ocean_menu_typo_font_subset":"","ocean_menu_typo_font_size":0,"ocean_menu_typo_font_size_tablet":0,"ocean_menu_typo_font_size_mobile":0,"ocean_menu_typo_font_size_unit":"px","ocean_menu_typo_font_weight":"","ocean_menu_typo_font_weight_tablet":"","ocean_menu_typo_font_weight_mobile":"","ocean_menu_typo_transform":"","ocean_menu_typo_transform_tablet":"","ocean_menu_typo_transform_mobile":"","ocean_menu_typo_line_height":0,"ocean_menu_typo_line_height_tablet":0,"ocean_menu_typo_line_height_mobile":0,"ocean_menu_typo_line_height_unit":"","ocean_menu_typo_spacing":0,"ocean_menu_typo_spacing_tablet":0,"ocean_menu_typo_spacing_mobile":0,"ocean_menu_typo_spacing_unit":"","ocean_menu_link_color":"","ocean_menu_link_color_hover":"","ocean_menu_link_color_active":"","ocean_menu_link_background":"","ocean_menu_link_hover_background":"","ocean_menu_link_active_background":"","ocean_menu_social_links_bg":"","ocean_menu_social_hover_links_bg":"","ocean_menu_social_links_color":"","ocean_menu_social_hover_links_color":"","ocean_disable_title":"default","ocean_disable_heading":"default","ocean_post_title":"","ocean_post_subheading":"","ocean_post_title_style":"background-image","ocean_post_title_background_color":"","ocean_post_title_background":9776,"ocean_post_title_bg_image_position":"","ocean_post_title_bg_image_attachment":"","ocean_post_title_bg_image_repeat":"","ocean_post_title_bg_image_size":"","ocean_post_title_height":0,"ocean_post_title_bg_overlay":0.5,"ocean_post_title_bg_overlay_color":"","ocean_disable_breadcrumbs":"default","ocean_breadcrumbs_color":"","ocean_breadcrumbs_separator_color":"","ocean_breadcrumbs_links_color":"","ocean_breadcrumbs_links_hover_color":"","ocean_display_footer_widgets":"default","ocean_display_footer_bottom":"default","ocean_custom_footer_template":"0","omw_enable_modal_window":"enable","osh_disable_topbar_sticky":"default","osh_disable_header_sticky":"default","osh_sticky_header_style":"default","osh_sticky_header_effect":"","osh_custom_sticky_logo":0,"osh_custom_retina_sticky_logo":0,"osh_custom_sticky_logo_height":0,"osh_background_color":"","osh_links_color":"","osh_links_hover_color":"","osh_links_active_color":"","osh_links_bg_color":"","osh_links_hover_bg_color":"","osh_links_active_bg_color":"","osh_menu_social_links_color":"","osh_menu_social_hover_links_color":""},"ort":[469,465,471],"sichtbarkeit":[],"templateoption":[179],"product_brand":[],"product_cat":[182],"product_tag":[],"class_list":{"0":"post-9774","1":"product","2":"type-product","3":"status-publish","4":"has-post-thumbnail","6":"ort-calheta","7":"ort-machico","8":"ort-prazeres","9":"templateoption-dertrip-bc","10":"product_cat-ausfluege","12":"entry","13":"has-media","15":"first","16":"instock","17":"virtual","18":"purchasable","19":"product-type-simple","20":"has-product-nav","21":"col","22":"span_1_of_3","23":"owp-content-center","24":"owp-thumbs-layout-horizontal","25":"owp-btn-normal","26":"owp-tabs-layout-section"},"acf":[],"_links":{"self":[{"href":"https:\/\/www.dertour-reiseleitung.com\/madeira\/wp-json\/wp\/v2\/product\/9774","targetHints":{"allow":["GET"]}}],"collection":[{"href":"https:\/\/www.dertour-reiseleitung.com\/madeira\/wp-json\/wp\/v2\/product"}],"about":[{"href":"https:\/\/www.dertour-reiseleitung.com\/madeira\/wp-json\/wp\/v2\/types\/product"}],"version-history":[{"count":8,"href":"https:\/\/www.dertour-reiseleitung.com\/madeira\/wp-json\/wp\/v2\/product\/9774\/revisions"}],"predecessor-version":[{"id":11668,"href":"https:\/\/www.dertour-reiseleitung.com\/madeira\/wp-json\/wp\/v2\/product\/9774\/revisions\/11668"}],"wp:featuredmedia":[{"embeddable":true,"href":"https:\/\/www.dertour-reiseleitung.com\/madeira\/wp-json\/wp\/v2\/media\/9671"}],"wp:attachment":[{"href":"https:\/\/www.dertour-reiseleitung.com\/madeira\/wp-json\/wp\/v2\/media?parent=9774"}],"wp:term":[{"taxonomy":"ort","embeddable":true,"href":"https:\/\/www.dertour-reiseleitung.com\/madeira\/wp-json\/wp\/v2\/ort?post=9774"},{"taxonomy":"sichtbarkeit","embeddable":true,"href":"https:\/\/www.dertour-reiseleitung.com\/madeira\/wp-json\/wp\/v2\/sichtbarkeit?post=9774"},{"taxonomy":"templateoption","embeddable":true,"href":"https:\/\/www.dertour-reiseleitung.com\/madeira\/wp-json\/wp\/v2\/templateoption?post=9774"},{"taxonomy":"product_brand","embeddable":true,"href":"https:\/\/www.dertour-reiseleitung.com\/madeira\/wp-json\/wp\/v2\/product_brand?post=9774"},{"taxonomy":"product_cat","embeddable":true,"href":"https:\/\/www.dertour-reiseleitung.com\/madeira\/wp-json\/wp\/v2\/product_cat?post=9774"},{"taxonomy":"product_tag","embeddable":true,"href":"https:\/\/www.dertour-reiseleitung.com\/madeira\/wp-json\/wp\/v2\/product_tag?post=9774"}],"curies":[{"name":"wp","href":"https:\/\/api.w.org\/{rel}","templated":true}]}}