{"id":9843,"date":"2025-03-23T13:18:01","date_gmt":"2025-03-23T12:18:01","guid":{"rendered":"https:\/\/www.dertour-reiseleitung.com\/madeira\/aktivitaeten\/wanderung-queimadas-caldeirao-verde-ab-calheta-ponta-do-sol\/"},"modified":"2026-03-18T14:54:00","modified_gmt":"2026-03-18T13:54:00","slug":"wanderung-queimadas-caldeirao-verde-dds-017-3","status":"publish","type":"product","link":"https:\/\/www.dertour-reiseleitung.com\/madeira\/aktivitaeten\/wanderung-queimadas-caldeirao-verde-dds-017-3\/","title":{"rendered":"Wanderung Queimadas \/ Caldeir\u00e3o Verde"},"content":{"rendered":"<h3>Besonders empfehlenswerte Wanderung zu einigen der entlegensten Natursch\u00f6nheiten der Insel<\/h3>\n<p>Beginnend am Queimadas Forsthaus werden Sie in eine andere Welt gef\u00fchrt. Auf einer H\u00f6he von ca. 900 m entlang der Levada spazieren Sie westw\u00e4rts durch ein smaragdgr\u00fcnes Paradies, in dem Farne und Moose die Felsw\u00e4nde des gr\u00fcnen Tals \u00fcberwuchern und ein einzigartiges Naturschauspiel bieten. Schon bald zeigen sich spektakul\u00e4re Aussichten auf die unten liegenden D\u00f6rfer oder hinein in die von Nebel umwobene Schlucht.<\/p>\n<p>Als gelungene Abwechslung durchqueren Sie auf dem Weg mehrere eher kurze Tunnel, bevor ein riesiger Wasserfall in Sicht kommt, den Sie nur kurze Zeit sp\u00e4ter erreichen. Majest\u00e4tisch st\u00fcrzt er in den saftig-gr\u00fcnen Kessel, den eindrucksvollen Caldeir\u00e3o Verde.<\/p>\n<p>Bei einer Pause kosten Sie diesen Moment aus und machen sich anschlie\u00dfend auf den R\u00fcckweg, um diese reizvolle, sogar teils mystische Landschaft von einer anderen Perspektive zu genie\u00dfen.<\/p>\n<p>Schwierigkeitsgrad mittel &#8211; 13 km &#8211; Dauer ca. 4,5 Stunden<\/p>\n<p><strong>Ausflugsveranstalter:<\/strong> MTS &#8211; Mediterranean Travel Services Incoming Portugal, S.A.<\/p>\n","protected":false},"excerpt":{"rendered":"<p>Besonders empfehlenswerte Wanderung zu einigen der entlegensten Natursch\u00f6nheiten der Insel Beginnend am Queimadas Forsthaus werden Sie in eine andere Welt gef\u00fchrt. Auf einer H\u00f6he von ca. 900 m entlang der Levada spazieren Sie westw\u00e4rts durch ein smaragdgr\u00fcnes Paradies, in dem Farne und Moose die Felsw\u00e4nde des gr\u00fcnen Tals \u00fcberwuchern und ein einzigartiges Naturschauspiel bieten. Schon [&hellip;]<\/p>\n","protected":false},"featured_media":9814,"template":"","meta":{"_acf_changed":false,"ocean_post_layout":"","ocean_both_sidebars_style":"","ocean_both_sidebars_content_width":0,"ocean_both_sidebars_sidebars_width":0,"ocean_sidebar":"0","ocean_second_sidebar":"0","ocean_disable_margins":"enable","ocean_add_body_class":"","ocean_shortcode_before_top_bar":"","ocean_shortcode_after_top_bar":"","ocean_shortcode_before_header":"","ocean_shortcode_after_header":"","ocean_has_shortcode":"","ocean_shortcode_after_title":"","ocean_shortcode_before_footer_widgets":"","ocean_shortcode_after_footer_widgets":"","ocean_shortcode_before_footer_bottom":"","ocean_shortcode_after_footer_bottom":"","ocean_display_top_bar":"default","ocean_display_header":"default","ocean_header_style":"","ocean_center_header_left_menu":"0","ocean_custom_header_template":"0","ocean_custom_logo":0,"ocean_custom_retina_logo":0,"ocean_custom_logo_max_width":0,"ocean_custom_logo_tablet_max_width":0,"ocean_custom_logo_mobile_max_width":0,"ocean_custom_logo_max_height":0,"ocean_custom_logo_tablet_max_height":0,"ocean_custom_logo_mobile_max_height":0,"ocean_header_custom_menu":"0","ocean_menu_typo_font_family":"0","ocean_menu_typo_font_subset":"","ocean_menu_typo_font_size":0,"ocean_menu_typo_font_size_tablet":0,"ocean_menu_typo_font_size_mobile":0,"ocean_menu_typo_font_size_unit":"px","ocean_menu_typo_font_weight":"","ocean_menu_typo_font_weight_tablet":"","ocean_menu_typo_font_weight_mobile":"","ocean_menu_typo_transform":"","ocean_menu_typo_transform_tablet":"","ocean_menu_typo_transform_mobile":"","ocean_menu_typo_line_height":0,"ocean_menu_typo_line_height_tablet":0,"ocean_menu_typo_line_height_mobile":0,"ocean_menu_typo_line_height_unit":"","ocean_menu_typo_spacing":0,"ocean_menu_typo_spacing_tablet":0,"ocean_menu_typo_spacing_mobile":0,"ocean_menu_typo_spacing_unit":"","ocean_menu_link_color":"","ocean_menu_link_color_hover":"","ocean_menu_link_color_active":"","ocean_menu_link_background":"","ocean_menu_link_hover_background":"","ocean_menu_link_active_background":"","ocean_menu_social_links_bg":"","ocean_menu_social_hover_links_bg":"","ocean_menu_social_links_color":"","ocean_menu_social_hover_links_color":"","ocean_disable_title":"default","ocean_disable_heading":"default","ocean_post_title":"","ocean_post_subheading":"","ocean_post_title_style":"background-image","ocean_post_title_background_color":"","ocean_post_title_background":12718,"ocean_post_title_bg_image_position":"","ocean_post_title_bg_image_attachment":"","ocean_post_title_bg_image_repeat":"","ocean_post_title_bg_image_size":"","ocean_post_title_height":0,"ocean_post_title_bg_overlay":0.5,"ocean_post_title_bg_overlay_color":"","ocean_disable_breadcrumbs":"default","ocean_breadcrumbs_color":"","ocean_breadcrumbs_separator_color":"","ocean_breadcrumbs_links_color":"","ocean_breadcrumbs_links_hover_color":"","ocean_display_footer_widgets":"default","ocean_display_footer_bottom":"default","ocean_custom_footer_template":"0","omw_enable_modal_window":"enable","osh_disable_topbar_sticky":"default","osh_disable_header_sticky":"default","osh_sticky_header_style":"default","osh_sticky_header_effect":"","osh_custom_sticky_logo":0,"osh_custom_retina_sticky_logo":0,"osh_custom_sticky_logo_height":0,"osh_background_color":"","osh_links_color":"","osh_links_hover_color":"","osh_links_active_color":"","osh_links_bg_color":"","osh_links_hover_bg_color":"","osh_links_active_bg_color":"","osh_menu_social_links_color":"","osh_menu_social_hover_links_color":""},"ort":[475],"sichtbarkeit":[],"templateoption":[179],"product_brand":[],"product_cat":[182],"product_tag":[],"class_list":{"0":"post-9843","1":"product","2":"type-product","3":"status-publish","4":"has-post-thumbnail","6":"ort-ribeira-brava","7":"templateoption-dertrip-bc","8":"product_cat-ausfluege","10":"entry","11":"has-media","13":"first","14":"instock","15":"virtual","16":"purchasable","17":"product-type-simple","18":"has-product-nav","19":"col","20":"span_1_of_3","21":"owp-content-center","22":"owp-thumbs-layout-horizontal","23":"owp-btn-normal","24":"owp-tabs-layout-section"},"acf":[],"_links":{"self":[{"href":"https:\/\/www.dertour-reiseleitung.com\/madeira\/wp-json\/wp\/v2\/product\/9843","targetHints":{"allow":["GET"]}}],"collection":[{"href":"https:\/\/www.dertour-reiseleitung.com\/madeira\/wp-json\/wp\/v2\/product"}],"about":[{"href":"https:\/\/www.dertour-reiseleitung.com\/madeira\/wp-json\/wp\/v2\/types\/product"}],"version-history":[{"count":8,"href":"https:\/\/www.dertour-reiseleitung.com\/madeira\/wp-json\/wp\/v2\/product\/9843\/revisions"}],"predecessor-version":[{"id":11797,"href":"https:\/\/www.dertour-reiseleitung.com\/madeira\/wp-json\/wp\/v2\/product\/9843\/revisions\/11797"}],"wp:featuredmedia":[{"embeddable":true,"href":"https:\/\/www.dertour-reiseleitung.com\/madeira\/wp-json\/wp\/v2\/media\/9814"}],"wp:attachment":[{"href":"https:\/\/www.dertour-reiseleitung.com\/madeira\/wp-json\/wp\/v2\/media?parent=9843"}],"wp:term":[{"taxonomy":"ort","embeddable":true,"href":"https:\/\/www.dertour-reiseleitung.com\/madeira\/wp-json\/wp\/v2\/ort?post=9843"},{"taxonomy":"sichtbarkeit","embeddable":true,"href":"https:\/\/www.dertour-reiseleitung.com\/madeira\/wp-json\/wp\/v2\/sichtbarkeit?post=9843"},{"taxonomy":"templateoption","embeddable":true,"href":"https:\/\/www.dertour-reiseleitung.com\/madeira\/wp-json\/wp\/v2\/templateoption?post=9843"},{"taxonomy":"product_brand","embeddable":true,"href":"https:\/\/www.dertour-reiseleitung.com\/madeira\/wp-json\/wp\/v2\/product_brand?post=9843"},{"taxonomy":"product_cat","embeddable":true,"href":"https:\/\/www.dertour-reiseleitung.com\/madeira\/wp-json\/wp\/v2\/product_cat?post=9843"},{"taxonomy":"product_tag","embeddable":true,"href":"https:\/\/www.dertour-reiseleitung.com\/madeira\/wp-json\/wp\/v2\/product_tag?post=9843"}],"curies":[{"name":"wp","href":"https:\/\/api.w.org\/{rel}","templated":true}]}}