{"id":10412,"date":"2025-04-28T09:58:27","date_gmt":"2025-04-28T07:58:27","guid":{"rendered":"https:\/\/www.dertour-reiseleitung.com\/mallorca\/?post_type=product&#038;p=10412"},"modified":"2026-03-27T16:56:09","modified_gmt":"2026-03-27T14:56:09","slug":"city-xperience-palma-kathedralenbesuch-valldemossa-011-2","status":"publish","type":"product","link":"https:\/\/www.dertour-reiseleitung.com\/mallorca\/aktivitaeten\/city-xperience-palma-kathedralenbesuch-valldemossa-011-2\/","title":{"rendered":"City Xperience Palma &amp; Kathedralenbesuch &amp; Valldemossa"},"content":{"rendered":"<h3>Die Hauptstadt der Balearen und Valldemossa<\/h3>\n<p>Bei dieser abwechslungsreichen Tour erleben Sie das pulsierende Stadtleben von Palma sowie das ruhige, historische Dorf Valldemossa.<\/p>\n<p>Der Ausflug beginnt in Palma, der Hauptstadt Mallorcas, wo Sie zun\u00e4chst die beeindruckende gotische Kathedrale besichtigen. Mit ihrer einzigartigen Architektur und den farbenpr\u00e4chtigen Buntglasfenstern z\u00e4hlt sie zu den Highlights der Insel.<\/p>\n<p>Nach der F\u00fchrung durch die Kathedrale haben Sie rund anderthalb Stunden Zeit, um die Stadt auf eigene Faust zu entdecken. Flanieren Sie durch die eleganten Einkaufsstra\u00dfen, in denen sich Designerboutiquen und kleine Gesch\u00e4fte aneinanderreihen, oder genie\u00dfen Sie die N\u00e4he zum Meer, da der Strand von Palma nur einen kurzen Spaziergang entfernt ist.<\/p>\n<p>Nachdem Sie das urbane Flair Palmas genossen haben, fahren Sie weiter in das idyllische Dorf Valldemossa. Dort erwartet Sie eine ganz andere Atmosph\u00e4re: enge, gepflasterte Gassen und wundersch\u00f6ne, blumengeschm\u00fcckte Mauern verleihen dem Ort einen malerischen Charme.<\/p>\n<p>Sie haben Zeit, durch das traditionelle Dorf zu schlendern und den l\u00e4ndlichen Charme auf sich wirken zu lassen, bevor es zur\u00fcck geht.<\/p>\n<p>Ein wunderbarer Ausflug, der das moderne Leben und die historische Sch\u00f6nheit Mallorcas vereint.<\/p>\n<p><strong>Ausflugsveranstalter:<\/strong> Go Vacation Spain SLU, CIF: B-57828360<\/p>\n","protected":false},"excerpt":{"rendered":"<p>Die Hauptstadt der Balearen und Valldemossa Bei dieser abwechslungsreichen Tour erleben Sie das pulsierende Stadtleben von Palma sowie das ruhige, historische Dorf Valldemossa. Der Ausflug beginnt in Palma, der Hauptstadt Mallorcas, wo Sie zun\u00e4chst die beeindruckende gotische Kathedrale besichtigen. Mit ihrer einzigartigen Architektur und den farbenpr\u00e4chtigen Buntglasfenstern z\u00e4hlt sie zu den Highlights der Insel. Nach [&hellip;]<\/p>\n","protected":false},"featured_media":8676,"template":"","meta":{"_acf_changed":false,"ocean_post_layout":"","ocean_both_sidebars_style":"","ocean_both_sidebars_content_width":0,"ocean_both_sidebars_sidebars_width":0,"ocean_sidebar":"0","ocean_second_sidebar":"0","ocean_disable_margins":"enable","ocean_add_body_class":"","ocean_shortcode_before_top_bar":"","ocean_shortcode_after_top_bar":"","ocean_shortcode_before_header":"","ocean_shortcode_after_header":"","ocean_has_shortcode":"","ocean_shortcode_after_title":"","ocean_shortcode_before_footer_widgets":"","ocean_shortcode_after_footer_widgets":"","ocean_shortcode_before_footer_bottom":"","ocean_shortcode_after_footer_bottom":"","ocean_display_top_bar":"default","ocean_display_header":"default","ocean_header_style":"","ocean_center_header_left_menu":"0","ocean_custom_header_template":"0","ocean_custom_logo":0,"ocean_custom_retina_logo":0,"ocean_custom_logo_max_width":0,"ocean_custom_logo_tablet_max_width":0,"ocean_custom_logo_mobile_max_width":0,"ocean_custom_logo_max_height":0,"ocean_custom_logo_tablet_max_height":0,"ocean_custom_logo_mobile_max_height":0,"ocean_header_custom_menu":"0","ocean_menu_typo_font_family":"0","ocean_menu_typo_font_subset":"","ocean_menu_typo_font_size":0,"ocean_menu_typo_font_size_tablet":0,"ocean_menu_typo_font_size_mobile":0,"ocean_menu_typo_font_size_unit":"px","ocean_menu_typo_font_weight":"","ocean_menu_typo_font_weight_tablet":"","ocean_menu_typo_font_weight_mobile":"","ocean_menu_typo_transform":"","ocean_menu_typo_transform_tablet":"","ocean_menu_typo_transform_mobile":"","ocean_menu_typo_line_height":0,"ocean_menu_typo_line_height_tablet":0,"ocean_menu_typo_line_height_mobile":0,"ocean_menu_typo_line_height_unit":"","ocean_menu_typo_spacing":0,"ocean_menu_typo_spacing_tablet":0,"ocean_menu_typo_spacing_mobile":0,"ocean_menu_typo_spacing_unit":"","ocean_menu_link_color":"","ocean_menu_link_color_hover":"","ocean_menu_link_color_active":"","ocean_menu_link_background":"","ocean_menu_link_hover_background":"","ocean_menu_link_active_background":"","ocean_menu_social_links_bg":"","ocean_menu_social_hover_links_bg":"","ocean_menu_social_links_color":"","ocean_menu_social_hover_links_color":"","ocean_disable_title":"default","ocean_disable_heading":"default","ocean_post_title":"","ocean_post_subheading":"","ocean_post_title_style":"background-image","ocean_post_title_background_color":"","ocean_post_title_background":8425,"ocean_post_title_bg_image_position":"","ocean_post_title_bg_image_attachment":"","ocean_post_title_bg_image_repeat":"","ocean_post_title_bg_image_size":"","ocean_post_title_height":0,"ocean_post_title_bg_overlay":0.5,"ocean_post_title_bg_overlay_color":"","ocean_disable_breadcrumbs":"default","ocean_breadcrumbs_color":"","ocean_breadcrumbs_separator_color":"","ocean_breadcrumbs_links_color":"","ocean_breadcrumbs_links_hover_color":"","ocean_display_footer_widgets":"default","ocean_display_footer_bottom":"default","ocean_custom_footer_template":"0","omw_enable_modal_window":"enable","osh_disable_topbar_sticky":"default","osh_disable_header_sticky":"default","osh_sticky_header_style":"default","osh_sticky_header_effect":"","osh_custom_sticky_logo":0,"osh_custom_retina_sticky_logo":0,"osh_custom_sticky_logo_height":0,"osh_background_color":"","osh_links_color":"","osh_links_hover_color":"","osh_links_active_color":"","osh_links_bg_color":"","osh_links_hover_bg_color":"","osh_links_active_bg_color":"","osh_menu_social_links_color":"","osh_menu_social_hover_links_color":""},"ort":[321,353,337,307,308,363,370,365,341,317,375,311,310,360,314,313,339,354,367],"sichtbarkeit":[],"templateoption":[179],"product_brand":[],"product_cat":[182],"product_tag":[],"class_list":{"0":"post-10412","1":"product","2":"type-product","3":"status-publish","4":"has-post-thumbnail","6":"ort-cala-fornells","7":"ort-cala-mayor","8":"ort-cala-vinas","9":"ort-camp-de-mar","10":"ort-can-pastilla","11":"ort-cas-catala","12":"ort-costa-de-la-calma","13":"ort-costa-den-blanes","14":"ort-el-arenal","15":"ort-illetas","16":"ort-magaluf","17":"ort-paguera","18":"ort-palma-de-mallorca","19":"ort-palmanova","20":"ort-playa-de-palma","21":"ort-portals-nous","22":"ort-santa-ponsa","23":"ort-son-caliu","24":"ort-torrenova","25":"templateoption-dertrip-bc","26":"product_cat-ausfluege","28":"entry","29":"has-media","31":"first","32":"instock","33":"virtual","34":"purchasable","35":"product-type-simple","36":"has-product-nav","37":"col","38":"span_1_of_3","39":"owp-content-center","40":"owp-thumbs-layout-horizontal","41":"owp-btn-normal","42":"owp-tabs-layout-section"},"acf":[],"_links":{"self":[{"href":"https:\/\/www.dertour-reiseleitung.com\/mallorca\/wp-json\/wp\/v2\/product\/10412","targetHints":{"allow":["GET"]}}],"collection":[{"href":"https:\/\/www.dertour-reiseleitung.com\/mallorca\/wp-json\/wp\/v2\/product"}],"about":[{"href":"https:\/\/www.dertour-reiseleitung.com\/mallorca\/wp-json\/wp\/v2\/types\/product"}],"version-history":[{"count":8,"href":"https:\/\/www.dertour-reiseleitung.com\/mallorca\/wp-json\/wp\/v2\/product\/10412\/revisions"}],"predecessor-version":[{"id":14915,"href":"https:\/\/www.dertour-reiseleitung.com\/mallorca\/wp-json\/wp\/v2\/product\/10412\/revisions\/14915"}],"wp:featuredmedia":[{"embeddable":true,"href":"https:\/\/www.dertour-reiseleitung.com\/mallorca\/wp-json\/wp\/v2\/media\/8676"}],"wp:attachment":[{"href":"https:\/\/www.dertour-reiseleitung.com\/mallorca\/wp-json\/wp\/v2\/media?parent=10412"}],"wp:term":[{"taxonomy":"ort","embeddable":true,"href":"https:\/\/www.dertour-reiseleitung.com\/mallorca\/wp-json\/wp\/v2\/ort?post=10412"},{"taxonomy":"sichtbarkeit","embeddable":true,"href":"https:\/\/www.dertour-reiseleitung.com\/mallorca\/wp-json\/wp\/v2\/sichtbarkeit?post=10412"},{"taxonomy":"templateoption","embeddable":true,"href":"https:\/\/www.dertour-reiseleitung.com\/mallorca\/wp-json\/wp\/v2\/templateoption?post=10412"},{"taxonomy":"product_brand","embeddable":true,"href":"https:\/\/www.dertour-reiseleitung.com\/mallorca\/wp-json\/wp\/v2\/product_brand?post=10412"},{"taxonomy":"product_cat","embeddable":true,"href":"https:\/\/www.dertour-reiseleitung.com\/mallorca\/wp-json\/wp\/v2\/product_cat?post=10412"},{"taxonomy":"product_tag","embeddable":true,"href":"https:\/\/www.dertour-reiseleitung.com\/mallorca\/wp-json\/wp\/v2\/product_tag?post=10412"}],"curies":[{"name":"wp","href":"https:\/\/api.w.org\/{rel}","templated":true}]}}