{"id":12830,"date":"2025-08-19T12:09:47","date_gmt":"2025-08-19T10:09:47","guid":{"rendered":"https:\/\/www.dertour-reiseleitung.com\/mallorca\/?post_type=product&#038;p=12830"},"modified":"2025-10-23T12:53:47","modified_gmt":"2025-10-23T10:53:47","slug":"segel-katamaran-blue-mediterraneum-mit-ohne-transfer-dds-027-2","status":"publish","type":"product","link":"https:\/\/www.dertour-reiseleitung.com\/mallorca\/aktivitaeten\/segel-katamaran-blue-mediterraneum-mit-ohne-transfer-dds-027-2\/","title":{"rendered":"Segel-Katamaran Blue Mediterraneum (mit\/ohne Transfer)"},"content":{"rendered":"<h3>Ein ganz entspannter Tag auf dem Meer<\/h3>\n<p>Sie hat Traumma\u00dfe \u2013 ist 75 Fu\u00df lang, 39 Fu\u00df breit und der Mast misst 25 m. Sie hei\u00dft Blue Mediterraneo und ist das Highlight Ihres Urlaubs.<\/p>\n<p>Im Hafen von Cala Ratjada, direkt am maritimen Naturpark Levant, geht es an Bord. Erleben Sie, wie sich 225 m\u00b2 Segel bl\u00e4hen und das Boot Fahrt aufnimmt.<\/p>\n<p>Entlang der wildromantischen, von Pinien ges\u00e4umten Felsenk\u00fcste, vorbei an kleinen Badebuchten, geht der Kurs auf das offene Meer hinaus. Ob im Schatten oder in der Sonne, ob in den Netzen liegend, nur wenige Zentimeter \u00fcber der Meeresoberfl\u00e4che, oder auf den Sitzb\u00e4nken \u2013 Sie finden garantiert ein gem\u00fctliches Pl\u00e4tzchen.<\/p>\n<p>Zur Mittagspause wird der Anker geworfen und dann geht es ab ins azurblaue Wasser \u2013 erstmal abk\u00fchlen! Ein leckeres Barbecue ist nat\u00fcrlich inklusive und wird von der Crew an Bord frisch zubereitet. Danach erstmal eine kleine Siesta oder doch lieber Schnorcheln und Schwimmen? Das Wasser ist einfach zu verlockend.<\/p>\n<p>Ob Segeln, Schlemmen, Sonnenbaden oder von allem etwas \u2013 das wird ein entspannter Urlaubstag!<\/p>\n<p><strong>Ausflugsveranstalter:<\/strong> Go Vacation Spain SLU, CIF: B-57828360<\/p>\n","protected":false},"excerpt":{"rendered":"<p>Ein ganz entspannter Tag auf dem Meer Sie hat Traumma\u00dfe \u2013 ist 75 Fu\u00df lang, 39 Fu\u00df breit und der Mast misst 25 m. Sie hei\u00dft Blue Mediterraneo und ist das Highlight Ihres Urlaubs. Im Hafen von Cala Ratjada, direkt am maritimen Naturpark Levant, geht es an Bord. Erleben Sie, wie sich 225 m\u00b2 Segel [&hellip;]<\/p>\n","protected":false},"featured_media":8474,"template":"","meta":{"_acf_changed":false,"ocean_post_layout":"","ocean_both_sidebars_style":"","ocean_both_sidebars_content_width":0,"ocean_both_sidebars_sidebars_width":0,"ocean_sidebar":"0","ocean_second_sidebar":"0","ocean_disable_margins":"enable","ocean_add_body_class":"","ocean_shortcode_before_top_bar":"","ocean_shortcode_after_top_bar":"","ocean_shortcode_before_header":"","ocean_shortcode_after_header":"","ocean_has_shortcode":"","ocean_shortcode_after_title":"","ocean_shortcode_before_footer_widgets":"","ocean_shortcode_after_footer_widgets":"","ocean_shortcode_before_footer_bottom":"","ocean_shortcode_after_footer_bottom":"","ocean_display_top_bar":"default","ocean_display_header":"default","ocean_header_style":"","ocean_center_header_left_menu":"0","ocean_custom_header_template":"0","ocean_custom_logo":0,"ocean_custom_retina_logo":0,"ocean_custom_logo_max_width":0,"ocean_custom_logo_tablet_max_width":0,"ocean_custom_logo_mobile_max_width":0,"ocean_custom_logo_max_height":0,"ocean_custom_logo_tablet_max_height":0,"ocean_custom_logo_mobile_max_height":0,"ocean_header_custom_menu":"0","ocean_menu_typo_font_family":"0","ocean_menu_typo_font_subset":"","ocean_menu_typo_font_size":0,"ocean_menu_typo_font_size_tablet":0,"ocean_menu_typo_font_size_mobile":0,"ocean_menu_typo_font_size_unit":"px","ocean_menu_typo_font_weight":"","ocean_menu_typo_font_weight_tablet":"","ocean_menu_typo_font_weight_mobile":"","ocean_menu_typo_transform":"","ocean_menu_typo_transform_tablet":"","ocean_menu_typo_transform_mobile":"","ocean_menu_typo_line_height":0,"ocean_menu_typo_line_height_tablet":0,"ocean_menu_typo_line_height_mobile":0,"ocean_menu_typo_line_height_unit":"","ocean_menu_typo_spacing":0,"ocean_menu_typo_spacing_tablet":0,"ocean_menu_typo_spacing_mobile":0,"ocean_menu_typo_spacing_unit":"","ocean_menu_link_color":"","ocean_menu_link_color_hover":"","ocean_menu_link_color_active":"","ocean_menu_link_background":"","ocean_menu_link_hover_background":"","ocean_menu_link_active_background":"","ocean_menu_social_links_bg":"","ocean_menu_social_hover_links_bg":"","ocean_menu_social_links_color":"","ocean_menu_social_hover_links_color":"","ocean_disable_title":"default","ocean_disable_heading":"default","ocean_post_title":"","ocean_post_subheading":"","ocean_post_title_style":"background-image","ocean_post_title_background_color":"","ocean_post_title_background":8475,"ocean_post_title_bg_image_position":"","ocean_post_title_bg_image_attachment":"","ocean_post_title_bg_image_repeat":"","ocean_post_title_bg_image_size":"","ocean_post_title_height":0,"ocean_post_title_bg_overlay":0.5,"ocean_post_title_bg_overlay_color":"","ocean_disable_breadcrumbs":"default","ocean_breadcrumbs_color":"","ocean_breadcrumbs_separator_color":"","ocean_breadcrumbs_links_color":"","ocean_breadcrumbs_links_hover_color":"","ocean_display_footer_widgets":"default","ocean_display_footer_bottom":"default","ocean_custom_footer_template":"0","omw_enable_modal_window":"enable","osh_disable_topbar_sticky":"default","osh_disable_header_sticky":"default","osh_sticky_header_style":"default","osh_sticky_header_effect":"","osh_custom_sticky_logo":0,"osh_custom_retina_sticky_logo":0,"osh_custom_sticky_logo_height":0,"osh_background_color":"","osh_links_color":"","osh_links_hover_color":"","osh_links_active_color":"","osh_links_bg_color":"","osh_links_hover_bg_color":"","osh_links_active_bg_color":"","osh_menu_social_links_color":"","osh_menu_social_hover_links_color":""},"ort":[327,322,326,325],"sichtbarkeit":[],"templateoption":[177],"product_brand":[],"product_cat":[182],"product_tag":[],"class_list":{"0":"post-12830","1":"product","2":"type-product","3":"status-publish","4":"has-post-thumbnail","6":"ort-cala-bona","7":"ort-cala-millor","8":"ort-sa-coma","9":"ort-sillot","10":"templateoption-dds","11":"product_cat-ausfluege","13":"entry","14":"has-media","16":"first","17":"instock","18":"virtual","19":"purchasable","20":"product-type-simple","21":"has-product-nav","22":"col","23":"span_1_of_3","24":"owp-content-center","25":"owp-thumbs-layout-horizontal","26":"owp-btn-normal","27":"owp-tabs-layout-section","28":"has-no-thumbnails"},"acf":[],"_links":{"self":[{"href":"https:\/\/www.dertour-reiseleitung.com\/mallorca\/wp-json\/wp\/v2\/product\/12830","targetHints":{"allow":["GET"]}}],"collection":[{"href":"https:\/\/www.dertour-reiseleitung.com\/mallorca\/wp-json\/wp\/v2\/product"}],"about":[{"href":"https:\/\/www.dertour-reiseleitung.com\/mallorca\/wp-json\/wp\/v2\/types\/product"}],"version-history":[{"count":4,"href":"https:\/\/www.dertour-reiseleitung.com\/mallorca\/wp-json\/wp\/v2\/product\/12830\/revisions"}],"predecessor-version":[{"id":13940,"href":"https:\/\/www.dertour-reiseleitung.com\/mallorca\/wp-json\/wp\/v2\/product\/12830\/revisions\/13940"}],"wp:featuredmedia":[{"embeddable":true,"href":"https:\/\/www.dertour-reiseleitung.com\/mallorca\/wp-json\/wp\/v2\/media\/8474"}],"wp:attachment":[{"href":"https:\/\/www.dertour-reiseleitung.com\/mallorca\/wp-json\/wp\/v2\/media?parent=12830"}],"wp:term":[{"taxonomy":"ort","embeddable":true,"href":"https:\/\/www.dertour-reiseleitung.com\/mallorca\/wp-json\/wp\/v2\/ort?post=12830"},{"taxonomy":"sichtbarkeit","embeddable":true,"href":"https:\/\/www.dertour-reiseleitung.com\/mallorca\/wp-json\/wp\/v2\/sichtbarkeit?post=12830"},{"taxonomy":"templateoption","embeddable":true,"href":"https:\/\/www.dertour-reiseleitung.com\/mallorca\/wp-json\/wp\/v2\/templateoption?post=12830"},{"taxonomy":"product_brand","embeddable":true,"href":"https:\/\/www.dertour-reiseleitung.com\/mallorca\/wp-json\/wp\/v2\/product_brand?post=12830"},{"taxonomy":"product_cat","embeddable":true,"href":"https:\/\/www.dertour-reiseleitung.com\/mallorca\/wp-json\/wp\/v2\/product_cat?post=12830"},{"taxonomy":"product_tag","embeddable":true,"href":"https:\/\/www.dertour-reiseleitung.com\/mallorca\/wp-json\/wp\/v2\/product_tag?post=12830"}],"curies":[{"name":"wp","href":"https:\/\/api.w.org\/{rel}","templated":true}]}}