{"id":12851,"date":"2025-08-19T17:28:27","date_gmt":"2025-08-19T15:28:27","guid":{"rendered":"https:\/\/www.dertour-reiseleitung.com\/mallorca\/?post_type=product&#038;p=12851"},"modified":"2026-03-27T13:28:34","modified_gmt":"2026-03-27T11:28:34","slug":"segel-katamaran-magic-palma-bay-ohne-transfer-dds-030-1","status":"publish","type":"product","link":"https:\/\/www.dertour-reiseleitung.com\/mallorca\/aktivitaeten\/segel-katamaran-magic-palma-bay-ohne-transfer-dds-030-1\/","title":{"rendered":"Segel-Katamaran Magic Palma Bay (ohne Transfer)"},"content":{"rendered":"<h3>Atemberaubende Aussichten auf den S\u00fcden Mallorcas vom Meer aus genie\u00dfen<\/h3>\n<p>Katamaran \u2013 das Wort stammt aus dem Tamilischen und bedeutet soviel wie: ein Boot aus zusammengebundenen Baumst\u00e4mmen.<\/p>\n<p>Sie haben Gl\u00fcck! Unser Katamaran Magic ist einer der modernsten Segelkatamarane und bietet Ihnen einen exzellenten Komfort. Ob im Schatten oder in der prallen Sonne, ob in den Netzen liegend, nur wenige Zentimeter \u00fcber der Meeresoberfl\u00e4che oder auf den Liegen und Sitzb\u00e4nken \u2013 Sie finden garantiert ein gem\u00fctliches Pl\u00e4tzchen. Je nach Wind steuert der Katamaran nach S\u00fcdwesten oder S\u00fcdosten. Genie\u00dfen Sie den Blick auf die S\u00fcdk\u00fcste Mallorcas.<\/p>\n<p>Lust auf Schnorcheln? Nichts leichter als das, Taucherbrillen gibt es an Bord. Nur Ihre Badesachen m\u00fcssen Sie einpacken oder besser gleich anziehen. Genie\u00dfen Sie das kristallklare Wasser und die Unterwasserwelt.<\/p>\n<p>Sie haben Hunger? Dann ran an das Buffet. Zur Mittagspause wird der Anker geworfen und der Grill eingeheizt. Verschiedene Gerichte, frische Salate und leckerer Kuchen stehen zur f\u00fcr Sie bereit. Speisen und alkoholfreie Getr\u00e4nke sind w\u00e4hrend der Mittagspause inklusive.<\/p>\n<p>Und auf der R\u00fcckfahrt eine typisch spanische Siesta, nach dem Motto: Viva la vida!<\/p>\n<p><strong>Ausflugsveranstalter:<\/strong> Go Vacation Spain SLU, CIF: B-57828360<\/p>\n","protected":false},"excerpt":{"rendered":"<p>Atemberaubende Aussichten auf den S\u00fcden Mallorcas vom Meer aus genie\u00dfen Katamaran \u2013 das Wort stammt aus dem Tamilischen und bedeutet soviel wie: ein Boot aus zusammengebundenen Baumst\u00e4mmen. Sie haben Gl\u00fcck! Unser Katamaran Magic ist einer der modernsten Segelkatamarane und bietet Ihnen einen exzellenten Komfort. Ob im Schatten oder in der prallen Sonne, ob in den [&hellip;]<\/p>\n","protected":false},"featured_media":8477,"template":"","meta":{"_acf_changed":false,"ocean_post_layout":"","ocean_both_sidebars_style":"","ocean_both_sidebars_content_width":0,"ocean_both_sidebars_sidebars_width":0,"ocean_sidebar":"0","ocean_second_sidebar":"0","ocean_disable_margins":"enable","ocean_add_body_class":"","ocean_shortcode_before_top_bar":"","ocean_shortcode_after_top_bar":"","ocean_shortcode_before_header":"","ocean_shortcode_after_header":"","ocean_has_shortcode":"","ocean_shortcode_after_title":"","ocean_shortcode_before_footer_widgets":"","ocean_shortcode_after_footer_widgets":"","ocean_shortcode_before_footer_bottom":"","ocean_shortcode_after_footer_bottom":"","ocean_display_top_bar":"default","ocean_display_header":"default","ocean_header_style":"","ocean_center_header_left_menu":"0","ocean_custom_header_template":"0","ocean_custom_logo":0,"ocean_custom_retina_logo":0,"ocean_custom_logo_max_width":0,"ocean_custom_logo_tablet_max_width":0,"ocean_custom_logo_mobile_max_width":0,"ocean_custom_logo_max_height":0,"ocean_custom_logo_tablet_max_height":0,"ocean_custom_logo_mobile_max_height":0,"ocean_header_custom_menu":"0","ocean_menu_typo_font_family":"0","ocean_menu_typo_font_subset":"","ocean_menu_typo_font_size":0,"ocean_menu_typo_font_size_tablet":0,"ocean_menu_typo_font_size_mobile":0,"ocean_menu_typo_font_size_unit":"px","ocean_menu_typo_font_weight":"","ocean_menu_typo_font_weight_tablet":"","ocean_menu_typo_font_weight_mobile":"","ocean_menu_typo_transform":"","ocean_menu_typo_transform_tablet":"","ocean_menu_typo_transform_mobile":"","ocean_menu_typo_line_height":0,"ocean_menu_typo_line_height_tablet":0,"ocean_menu_typo_line_height_mobile":0,"ocean_menu_typo_line_height_unit":"","ocean_menu_typo_spacing":0,"ocean_menu_typo_spacing_tablet":0,"ocean_menu_typo_spacing_mobile":0,"ocean_menu_typo_spacing_unit":"","ocean_menu_link_color":"","ocean_menu_link_color_hover":"","ocean_menu_link_color_active":"","ocean_menu_link_background":"","ocean_menu_link_hover_background":"","ocean_menu_link_active_background":"","ocean_menu_social_links_bg":"","ocean_menu_social_hover_links_bg":"","ocean_menu_social_links_color":"","ocean_menu_social_hover_links_color":"","ocean_disable_title":"default","ocean_disable_heading":"default","ocean_post_title":"","ocean_post_subheading":"","ocean_post_title_style":"background-image","ocean_post_title_background_color":"","ocean_post_title_background":8478,"ocean_post_title_bg_image_position":"","ocean_post_title_bg_image_attachment":"","ocean_post_title_bg_image_repeat":"","ocean_post_title_bg_image_size":"","ocean_post_title_height":0,"ocean_post_title_bg_overlay":0.5,"ocean_post_title_bg_overlay_color":"","ocean_disable_breadcrumbs":"default","ocean_breadcrumbs_color":"","ocean_breadcrumbs_separator_color":"","ocean_breadcrumbs_links_color":"","ocean_breadcrumbs_links_hover_color":"","ocean_display_footer_widgets":"default","ocean_display_footer_bottom":"default","ocean_custom_footer_template":"0","omw_enable_modal_window":"enable","osh_disable_topbar_sticky":"default","osh_disable_header_sticky":"default","osh_sticky_header_style":"default","osh_sticky_header_effect":"","osh_custom_sticky_logo":0,"osh_custom_retina_sticky_logo":0,"osh_custom_sticky_logo_height":0,"osh_background_color":"","osh_links_color":"","osh_links_hover_color":"","osh_links_active_color":"","osh_links_bg_color":"","osh_links_hover_bg_color":"","osh_links_active_bg_color":"","osh_menu_social_links_color":"","osh_menu_social_hover_links_color":""},"ort":[321,353,337,307,308,363,370,365,341,364,317,375,311,310,360,314,313,320,339,354,367],"sichtbarkeit":[],"templateoption":[177],"product_brand":[],"product_cat":[182],"product_tag":[],"class_list":{"0":"post-12851","1":"product","2":"type-product","3":"status-publish","4":"has-post-thumbnail","6":"ort-cala-fornells","7":"ort-cala-mayor","8":"ort-cala-vinas","9":"ort-camp-de-mar","10":"ort-can-pastilla","11":"ort-cas-catala","12":"ort-costa-de-la-calma","13":"ort-costa-den-blanes","14":"ort-el-arenal","15":"ort-el-toro","16":"ort-illetas","17":"ort-magaluf","18":"ort-paguera","19":"ort-palma-de-mallorca","20":"ort-palmanova","21":"ort-playa-de-palma","22":"ort-portals-nous","23":"ort-puerto-de-andratx","24":"ort-santa-ponsa","25":"ort-son-caliu","26":"ort-torrenova","27":"templateoption-dds","28":"product_cat-ausfluege","30":"entry","31":"has-media","33":"first","34":"instock","35":"virtual","36":"purchasable","37":"product-type-simple","38":"has-product-nav","39":"col","40":"span_1_of_3","41":"owp-content-center","42":"owp-thumbs-layout-horizontal","43":"owp-btn-normal","44":"owp-tabs-layout-section","45":"has-no-thumbnails"},"acf":[],"_links":{"self":[{"href":"https:\/\/www.dertour-reiseleitung.com\/mallorca\/wp-json\/wp\/v2\/product\/12851","targetHints":{"allow":["GET"]}}],"collection":[{"href":"https:\/\/www.dertour-reiseleitung.com\/mallorca\/wp-json\/wp\/v2\/product"}],"about":[{"href":"https:\/\/www.dertour-reiseleitung.com\/mallorca\/wp-json\/wp\/v2\/types\/product"}],"version-history":[{"count":2,"href":"https:\/\/www.dertour-reiseleitung.com\/mallorca\/wp-json\/wp\/v2\/product\/12851\/revisions"}],"predecessor-version":[{"id":14106,"href":"https:\/\/www.dertour-reiseleitung.com\/mallorca\/wp-json\/wp\/v2\/product\/12851\/revisions\/14106"}],"wp:featuredmedia":[{"embeddable":true,"href":"https:\/\/www.dertour-reiseleitung.com\/mallorca\/wp-json\/wp\/v2\/media\/8477"}],"wp:attachment":[{"href":"https:\/\/www.dertour-reiseleitung.com\/mallorca\/wp-json\/wp\/v2\/media?parent=12851"}],"wp:term":[{"taxonomy":"ort","embeddable":true,"href":"https:\/\/www.dertour-reiseleitung.com\/mallorca\/wp-json\/wp\/v2\/ort?post=12851"},{"taxonomy":"sichtbarkeit","embeddable":true,"href":"https:\/\/www.dertour-reiseleitung.com\/mallorca\/wp-json\/wp\/v2\/sichtbarkeit?post=12851"},{"taxonomy":"templateoption","embeddable":true,"href":"https:\/\/www.dertour-reiseleitung.com\/mallorca\/wp-json\/wp\/v2\/templateoption?post=12851"},{"taxonomy":"product_brand","embeddable":true,"href":"https:\/\/www.dertour-reiseleitung.com\/mallorca\/wp-json\/wp\/v2\/product_brand?post=12851"},{"taxonomy":"product_cat","embeddable":true,"href":"https:\/\/www.dertour-reiseleitung.com\/mallorca\/wp-json\/wp\/v2\/product_cat?post=12851"},{"taxonomy":"product_tag","embeddable":true,"href":"https:\/\/www.dertour-reiseleitung.com\/mallorca\/wp-json\/wp\/v2\/product_tag?post=12851"}],"curies":[{"name":"wp","href":"https:\/\/api.w.org\/{rel}","templated":true}]}}