{"id":12861,"date":"2025-08-20T13:41:03","date_gmt":"2025-08-20T11:41:03","guid":{"rendered":"https:\/\/www.dertour-reiseleitung.com\/mallorca\/?post_type=product&#038;p=12861"},"modified":"2025-10-06T12:17:06","modified_gmt":"2025-10-06T10:17:06","slug":"urspruengliches-mallorca-dds-029-1","status":"publish","type":"product","link":"https:\/\/www.dertour-reiseleitung.com\/mallorca\/aktivitaeten\/urspruengliches-mallorca-dds-029-1\/","title":{"rendered":"Urspr\u00fcngliches Mallorca"},"content":{"rendered":"<p>Tauchen Sie ein in das authentische Mallorca und genie\u00dfen Sie die malerischen Landschaften des Inselinneren, bequem und klimatisiert in einem Minibus. Ihr erfahrener, deutschsprachiger Reisef\u00fchrer wird Ihnen viel Wissenswertes vermitteln.<\/p>\n<p>Auf kleinen, abgelegenen Nebenstra\u00dfen erreichen Sie das charmante St\u00e4dtchen Petra, das ber\u00fchmt daf\u00fcr ist, der Geburtsort des Franziskanerm\u00f6nchs und Missionars Fray Jun\u00edpero Serra zu sein, der als Gr\u00fcnder Kaliforniens gilt.<\/p>\n<p>Weiter geht es nach Inca, die drittgr\u00f6\u00dfte Stadt Mallorcas, wo Sie den gr\u00f6\u00dften Wochenmarkt der Insel besuchen. Der Markt zieht sich durch den gesamten historischen Stadtkern und bietet ein vielf\u00e4ltiges Angebot.<\/p>\n<p>Sie fahren durch vertr\u00e4umte D\u00f6rfer zum idyllischen Caimari, das direkt am Fu\u00dfe des Tramuntanagebirges liegt. In diesem Dorf, das weniger als 1.000 Einwohner z\u00e4hlt, dominieren die typischen alten Steinh\u00e4user. Caimari ist bekannt f\u00fcr seine Oliven und die Oliven\u00f6lproduktion. Hier besuchen Sie die bekannte \u00d6lm\u00fchle von Caimari.<\/p>\n<p>W\u00e4hrend eines traditionellen Mittagessens (nicht im Preis enthalten) haben Sie die Gelegenheit, die typisch mallorquinische K\u00fcche kennenzulernen.<\/p>\n<p>Anschlie\u00dfend geht es weiter zum H\u00fcgel der Eremita de Bonany, von wo aus Sie eine atemberaubende Aussicht genie\u00dfen k\u00f6nnen.<\/p>\n<p>Erleben Sie das urspr\u00fcngliche Mallorca und verbringen Sie einen unvergesslichen Tag voller Entdeckungen!<\/p>\n<p><strong>Ausflugsveranstalter:<\/strong> Go Vacation Spain SLU, CIF: B-57828360<\/p>\n","protected":false},"excerpt":{"rendered":"<p>Tauchen Sie ein in das authentische Mallorca und genie\u00dfen Sie die malerischen Landschaften des Inselinneren, bequem und klimatisiert in einem Minibus. Ihr erfahrener, deutschsprachiger Reisef\u00fchrer wird Ihnen viel Wissenswertes vermitteln. Auf kleinen, abgelegenen Nebenstra\u00dfen erreichen Sie das charmante St\u00e4dtchen Petra, das ber\u00fchmt daf\u00fcr ist, der Geburtsort des Franziskanerm\u00f6nchs und Missionars Fray Jun\u00edpero Serra zu sein, [&hellip;]<\/p>\n","protected":false},"featured_media":12864,"template":"","meta":{"_acf_changed":false,"ocean_post_layout":"","ocean_both_sidebars_style":"","ocean_both_sidebars_content_width":0,"ocean_both_sidebars_sidebars_width":0,"ocean_sidebar":"0","ocean_second_sidebar":"0","ocean_disable_margins":"enable","ocean_add_body_class":"","ocean_shortcode_before_top_bar":"","ocean_shortcode_after_top_bar":"","ocean_shortcode_before_header":"","ocean_shortcode_after_header":"","ocean_has_shortcode":"","ocean_shortcode_after_title":"","ocean_shortcode_before_footer_widgets":"","ocean_shortcode_after_footer_widgets":"","ocean_shortcode_before_footer_bottom":"","ocean_shortcode_after_footer_bottom":"","ocean_display_top_bar":"default","ocean_display_header":"default","ocean_header_style":"","ocean_center_header_left_menu":"0","ocean_custom_header_template":"0","ocean_custom_logo":0,"ocean_custom_retina_logo":0,"ocean_custom_logo_max_width":0,"ocean_custom_logo_tablet_max_width":0,"ocean_custom_logo_mobile_max_width":0,"ocean_custom_logo_max_height":0,"ocean_custom_logo_tablet_max_height":0,"ocean_custom_logo_mobile_max_height":0,"ocean_header_custom_menu":"0","ocean_menu_typo_font_family":"0","ocean_menu_typo_font_subset":"","ocean_menu_typo_font_size":0,"ocean_menu_typo_font_size_tablet":0,"ocean_menu_typo_font_size_mobile":0,"ocean_menu_typo_font_size_unit":"px","ocean_menu_typo_font_weight":"","ocean_menu_typo_font_weight_tablet":"","ocean_menu_typo_font_weight_mobile":"","ocean_menu_typo_transform":"","ocean_menu_typo_transform_tablet":"","ocean_menu_typo_transform_mobile":"","ocean_menu_typo_line_height":0,"ocean_menu_typo_line_height_tablet":0,"ocean_menu_typo_line_height_mobile":0,"ocean_menu_typo_line_height_unit":"","ocean_menu_typo_spacing":0,"ocean_menu_typo_spacing_tablet":0,"ocean_menu_typo_spacing_mobile":0,"ocean_menu_typo_spacing_unit":"","ocean_menu_link_color":"","ocean_menu_link_color_hover":"","ocean_menu_link_color_active":"","ocean_menu_link_background":"","ocean_menu_link_hover_background":"","ocean_menu_link_active_background":"","ocean_menu_social_links_bg":"","ocean_menu_social_hover_links_bg":"","ocean_menu_social_links_color":"","ocean_menu_social_hover_links_color":"","ocean_disable_title":"default","ocean_disable_heading":"default","ocean_post_title":"","ocean_post_subheading":"","ocean_post_title_style":"background-image","ocean_post_title_background_color":"","ocean_post_title_background":12868,"ocean_post_title_bg_image_position":"","ocean_post_title_bg_image_attachment":"","ocean_post_title_bg_image_repeat":"","ocean_post_title_bg_image_size":"","ocean_post_title_height":0,"ocean_post_title_bg_overlay":0.5,"ocean_post_title_bg_overlay_color":"","ocean_disable_breadcrumbs":"default","ocean_breadcrumbs_color":"","ocean_breadcrumbs_separator_color":"","ocean_breadcrumbs_links_color":"","ocean_breadcrumbs_links_hover_color":"","ocean_display_footer_widgets":"default","ocean_display_footer_bottom":"default","ocean_custom_footer_template":"0","omw_enable_modal_window":"enable","osh_disable_topbar_sticky":"default","osh_disable_header_sticky":"default","osh_sticky_header_style":"default","osh_sticky_header_effect":"","osh_custom_sticky_logo":0,"osh_custom_retina_sticky_logo":0,"osh_custom_sticky_logo_height":0,"osh_background_color":"","osh_links_color":"","osh_links_hover_color":"","osh_links_active_color":"","osh_links_bg_color":"","osh_links_hover_bg_color":"","osh_links_active_bg_color":"","osh_menu_social_links_color":"","osh_menu_social_hover_links_color":""},"ort":[312,345,316,369,346,336,344,357,343],"sichtbarkeit":[],"templateoption":[177],"product_brand":[],"product_cat":[182],"product_tag":[],"class_list":{"0":"post-12861","1":"product","2":"type-product","3":"status-publish","4":"has-post-thumbnail","6":"ort-cala-dor","7":"ort-cala-ferrera","8":"ort-cala-mandia","9":"ort-cala-romantica","10":"ort-cala-santanyi","11":"ort-calas-de-mallorca","12":"ort-porto-colom","13":"ort-porto-cristo","14":"ort-porto-petro","15":"templateoption-dds","16":"product_cat-ausfluege","18":"entry","19":"has-media","21":"first","22":"instock","23":"virtual","24":"purchasable","25":"product-type-simple","26":"has-product-nav","27":"col","28":"span_1_of_3","29":"owp-content-center","30":"owp-thumbs-layout-horizontal","31":"owp-btn-normal","32":"owp-tabs-layout-section"},"acf":[],"_links":{"self":[{"href":"https:\/\/www.dertour-reiseleitung.com\/mallorca\/wp-json\/wp\/v2\/product\/12861","targetHints":{"allow":["GET"]}}],"collection":[{"href":"https:\/\/www.dertour-reiseleitung.com\/mallorca\/wp-json\/wp\/v2\/product"}],"about":[{"href":"https:\/\/www.dertour-reiseleitung.com\/mallorca\/wp-json\/wp\/v2\/types\/product"}],"version-history":[{"count":3,"href":"https:\/\/www.dertour-reiseleitung.com\/mallorca\/wp-json\/wp\/v2\/product\/12861\/revisions"}],"predecessor-version":[{"id":13708,"href":"https:\/\/www.dertour-reiseleitung.com\/mallorca\/wp-json\/wp\/v2\/product\/12861\/revisions\/13708"}],"wp:featuredmedia":[{"embeddable":true,"href":"https:\/\/www.dertour-reiseleitung.com\/mallorca\/wp-json\/wp\/v2\/media\/12864"}],"wp:attachment":[{"href":"https:\/\/www.dertour-reiseleitung.com\/mallorca\/wp-json\/wp\/v2\/media?parent=12861"}],"wp:term":[{"taxonomy":"ort","embeddable":true,"href":"https:\/\/www.dertour-reiseleitung.com\/mallorca\/wp-json\/wp\/v2\/ort?post=12861"},{"taxonomy":"sichtbarkeit","embeddable":true,"href":"https:\/\/www.dertour-reiseleitung.com\/mallorca\/wp-json\/wp\/v2\/sichtbarkeit?post=12861"},{"taxonomy":"templateoption","embeddable":true,"href":"https:\/\/www.dertour-reiseleitung.com\/mallorca\/wp-json\/wp\/v2\/templateoption?post=12861"},{"taxonomy":"product_brand","embeddable":true,"href":"https:\/\/www.dertour-reiseleitung.com\/mallorca\/wp-json\/wp\/v2\/product_brand?post=12861"},{"taxonomy":"product_cat","embeddable":true,"href":"https:\/\/www.dertour-reiseleitung.com\/mallorca\/wp-json\/wp\/v2\/product_cat?post=12861"},{"taxonomy":"product_tag","embeddable":true,"href":"https:\/\/www.dertour-reiseleitung.com\/mallorca\/wp-json\/wp\/v2\/product_tag?post=12861"}],"curies":[{"name":"wp","href":"https:\/\/api.w.org\/{rel}","templated":true}]}}