{"id":12932,"date":"2025-08-21T17:51:38","date_gmt":"2025-08-21T15:51:38","guid":{"rendered":"https:\/\/www.dertour-reiseleitung.com\/mallorca\/?post_type=product&#038;p=12932"},"modified":"2026-05-13T16:17:25","modified_gmt":"2026-05-13T14:17:25","slug":"dinos-hamshoehlen-xperience-dds-044-2","status":"publish","type":"product","link":"https:\/\/www.dertour-reiseleitung.com\/mallorca\/aktivitaeten\/dinos-hamshoehlen-xperience-dds-044-2\/","title":{"rendered":"Dinos &amp; Hamsh\u00f6hlen Xperience"},"content":{"rendered":"<h3>Tauchen Sie ein: H\u00f6hlenzauber trifft Dinosaurierwelt!<\/h3>\n<p>Starten Sie diese unvergessliche Tour mit einer Fahrt zu den beeindruckenden Cuevas dels Hams, die weltweit f\u00fcr ihre einzigartigen, hakenf\u00f6rmigen Gesteinsformationen bekannt sind.<\/p>\n<p>Bevor Sie die H\u00f6hlen betreten, besuchen Sie zun\u00e4chst die Cueva Redonda \u2013 eine ehemals vollst\u00e4ndig geschlossene unterirdische H\u00f6hle, die sich \u00fcber Millionen von Jahren in einen offenen botanischen Garten verwandelt hat. Ein ruhiger Ort, um die Natur zu genie\u00dfen und sich auf das bevorstehende Abenteuer einzustimmen.<\/p>\n<p>Anschlie\u00dfend geht es hinab in die Tiefen der H\u00f6hlen, wo Sie verschiedene Kammern mit faszinierenden geologischen Formationen erwarten. Durch gezielte Lichtinstallationen werden die au\u00dfergew\u00f6hnlichen Felsformen in lebendigen Farben inszeniert, sodass eine fast magische Atmosph\u00e4re entsteht.<\/p>\n<p>Nach dem Besuch der H\u00f6hlen f\u00fchrt Sie die Tour weiter zum einzigen Dinosaurierpark auf Mallorca. Hier k\u00f6nnen Sie zwischen \u00fcber 100 lebensgro\u00dfen Dinosauriernachbildungen wandeln und mehr \u00fcber die verschiedenen Arten sowie ihre Lebensr\u00e4ume vor Millionen von Jahren erfahren.<\/p>\n<p>Diese Kombination aus beeindruckender Natur und faszinierender Erdgeschichte macht die Tour zu einem besonderen Erlebnis f\u00fcr alle, die die Geheimnisse der Vergangenheit und die verborgenen Sch\u00e4tze der Erde entdecken m\u00f6chten.<\/p>\n<p><strong>Ausflugsveranstalter:<\/strong> Go Vacation Spain SLU, CIF: B-57828360<\/p>\n","protected":false},"excerpt":{"rendered":"<p>Tauchen Sie ein: H\u00f6hlenzauber trifft Dinosaurierwelt! Starten Sie diese unvergessliche Tour mit einer Fahrt zu den beeindruckenden Cuevas dels Hams, die weltweit f\u00fcr ihre einzigartigen, hakenf\u00f6rmigen Gesteinsformationen bekannt sind. Bevor Sie die H\u00f6hlen betreten, besuchen Sie zun\u00e4chst die Cueva Redonda \u2013 eine ehemals vollst\u00e4ndig geschlossene unterirdische H\u00f6hle, die sich \u00fcber Millionen von Jahren in einen [&hellip;]<\/p>\n","protected":false},"featured_media":12926,"template":"","meta":{"_acf_changed":false,"ocean_post_layout":"","ocean_both_sidebars_style":"","ocean_both_sidebars_content_width":0,"ocean_both_sidebars_sidebars_width":0,"ocean_sidebar":"0","ocean_second_sidebar":"0","ocean_disable_margins":"enable","ocean_add_body_class":"","ocean_shortcode_before_top_bar":"","ocean_shortcode_after_top_bar":"","ocean_shortcode_before_header":"","ocean_shortcode_after_header":"","ocean_has_shortcode":"","ocean_shortcode_after_title":"","ocean_shortcode_before_footer_widgets":"","ocean_shortcode_after_footer_widgets":"","ocean_shortcode_before_footer_bottom":"","ocean_shortcode_after_footer_bottom":"","ocean_display_top_bar":"default","ocean_display_header":"default","ocean_header_style":"","ocean_center_header_left_menu":"0","ocean_custom_header_template":"0","ocean_custom_logo":0,"ocean_custom_retina_logo":0,"ocean_custom_logo_max_width":0,"ocean_custom_logo_tablet_max_width":0,"ocean_custom_logo_mobile_max_width":0,"ocean_custom_logo_max_height":0,"ocean_custom_logo_tablet_max_height":0,"ocean_custom_logo_mobile_max_height":0,"ocean_header_custom_menu":"0","ocean_menu_typo_font_family":"0","ocean_menu_typo_font_subset":"","ocean_menu_typo_font_size":0,"ocean_menu_typo_font_size_tablet":0,"ocean_menu_typo_font_size_mobile":0,"ocean_menu_typo_font_size_unit":"px","ocean_menu_typo_font_weight":"","ocean_menu_typo_font_weight_tablet":"","ocean_menu_typo_font_weight_mobile":"","ocean_menu_typo_transform":"","ocean_menu_typo_transform_tablet":"","ocean_menu_typo_transform_mobile":"","ocean_menu_typo_line_height":0,"ocean_menu_typo_line_height_tablet":0,"ocean_menu_typo_line_height_mobile":0,"ocean_menu_typo_line_height_unit":"","ocean_menu_typo_spacing":0,"ocean_menu_typo_spacing_tablet":0,"ocean_menu_typo_spacing_mobile":0,"ocean_menu_typo_spacing_unit":"","ocean_menu_link_color":"","ocean_menu_link_color_hover":"","ocean_menu_link_color_active":"","ocean_menu_link_background":"","ocean_menu_link_hover_background":"","ocean_menu_link_active_background":"","ocean_menu_social_links_bg":"","ocean_menu_social_hover_links_bg":"","ocean_menu_social_links_color":"","ocean_menu_social_hover_links_color":"","ocean_disable_title":"default","ocean_disable_heading":"default","ocean_post_title":"","ocean_post_subheading":"","ocean_post_title_style":"background-image","ocean_post_title_background_color":"","ocean_post_title_background":12927,"ocean_post_title_bg_image_position":"","ocean_post_title_bg_image_attachment":"","ocean_post_title_bg_image_repeat":"","ocean_post_title_bg_image_size":"","ocean_post_title_height":0,"ocean_post_title_bg_overlay":0.5,"ocean_post_title_bg_overlay_color":"","ocean_disable_breadcrumbs":"default","ocean_breadcrumbs_color":"","ocean_breadcrumbs_separator_color":"","ocean_breadcrumbs_links_color":"","ocean_breadcrumbs_links_hover_color":"","ocean_display_footer_widgets":"default","ocean_display_footer_bottom":"default","ocean_custom_footer_template":"0","omw_enable_modal_window":"enable","osh_disable_topbar_sticky":"default","osh_disable_header_sticky":"default","osh_sticky_header_style":"default","osh_sticky_header_effect":"","osh_custom_sticky_logo":0,"osh_custom_retina_sticky_logo":0,"osh_custom_sticky_logo_height":0,"osh_background_color":"","osh_links_color":"","osh_links_hover_color":"","osh_links_active_color":"","osh_links_bg_color":"","osh_links_hover_bg_color":"","osh_links_active_bg_color":"","osh_menu_social_links_color":"","osh_menu_social_hover_links_color":""},"ort":[321,353,337,307,308,363,370,365,341,317,375,311,310,360,314,313,339,354,367],"sichtbarkeit":[],"templateoption":[177],"product_brand":[],"product_cat":[182],"product_tag":[],"class_list":{"0":"post-12932","1":"product","2":"type-product","3":"status-publish","4":"has-post-thumbnail","6":"ort-cala-fornells","7":"ort-cala-mayor","8":"ort-cala-vinas","9":"ort-camp-de-mar","10":"ort-can-pastilla","11":"ort-cas-catala","12":"ort-costa-de-la-calma","13":"ort-costa-den-blanes","14":"ort-el-arenal","15":"ort-illetas","16":"ort-magaluf","17":"ort-paguera","18":"ort-palma-de-mallorca","19":"ort-palmanova","20":"ort-playa-de-palma","21":"ort-portals-nous","22":"ort-santa-ponsa","23":"ort-son-caliu","24":"ort-torrenova","25":"templateoption-dds","26":"product_cat-ausfluege","28":"entry","29":"has-media","31":"first","32":"instock","33":"virtual","34":"purchasable","35":"product-type-simple","36":"has-product-nav","37":"col","38":"span_1_of_3","39":"owp-content-center","40":"owp-thumbs-layout-horizontal","41":"owp-btn-normal","42":"owp-tabs-layout-section"},"acf":[],"_links":{"self":[{"href":"https:\/\/www.dertour-reiseleitung.com\/mallorca\/wp-json\/wp\/v2\/product\/12932","targetHints":{"allow":["GET"]}}],"collection":[{"href":"https:\/\/www.dertour-reiseleitung.com\/mallorca\/wp-json\/wp\/v2\/product"}],"about":[{"href":"https:\/\/www.dertour-reiseleitung.com\/mallorca\/wp-json\/wp\/v2\/types\/product"}],"version-history":[{"count":4,"href":"https:\/\/www.dertour-reiseleitung.com\/mallorca\/wp-json\/wp\/v2\/product\/12932\/revisions"}],"predecessor-version":[{"id":16030,"href":"https:\/\/www.dertour-reiseleitung.com\/mallorca\/wp-json\/wp\/v2\/product\/12932\/revisions\/16030"}],"wp:featuredmedia":[{"embeddable":true,"href":"https:\/\/www.dertour-reiseleitung.com\/mallorca\/wp-json\/wp\/v2\/media\/12926"}],"wp:attachment":[{"href":"https:\/\/www.dertour-reiseleitung.com\/mallorca\/wp-json\/wp\/v2\/media?parent=12932"}],"wp:term":[{"taxonomy":"ort","embeddable":true,"href":"https:\/\/www.dertour-reiseleitung.com\/mallorca\/wp-json\/wp\/v2\/ort?post=12932"},{"taxonomy":"sichtbarkeit","embeddable":true,"href":"https:\/\/www.dertour-reiseleitung.com\/mallorca\/wp-json\/wp\/v2\/sichtbarkeit?post=12932"},{"taxonomy":"templateoption","embeddable":true,"href":"https:\/\/www.dertour-reiseleitung.com\/mallorca\/wp-json\/wp\/v2\/templateoption?post=12932"},{"taxonomy":"product_brand","embeddable":true,"href":"https:\/\/www.dertour-reiseleitung.com\/mallorca\/wp-json\/wp\/v2\/product_brand?post=12932"},{"taxonomy":"product_cat","embeddable":true,"href":"https:\/\/www.dertour-reiseleitung.com\/mallorca\/wp-json\/wp\/v2\/product_cat?post=12932"},{"taxonomy":"product_tag","embeddable":true,"href":"https:\/\/www.dertour-reiseleitung.com\/mallorca\/wp-json\/wp\/v2\/product_tag?post=12932"}],"curies":[{"name":"wp","href":"https:\/\/api.w.org\/{rel}","templated":true}]}}