{"id":12952,"date":"2025-08-22T13:26:14","date_gmt":"2025-08-22T11:26:14","guid":{"rendered":"https:\/\/www.dertour-reiseleitung.com\/mallorca\/?post_type=product&#038;p=12952"},"modified":"2026-05-13T14:25:49","modified_gmt":"2026-05-13T12:25:49","slug":"city-xperience-valldemossa-soller-dds-043-3","status":"publish","type":"product","link":"https:\/\/www.dertour-reiseleitung.com\/mallorca\/aktivitaeten\/city-xperience-valldemossa-soller-dds-043-3\/","title":{"rendered":"City Xperience Valldemossa &amp; Soller"},"content":{"rendered":"<h3>Folgen Sie Panoramastra\u00dfen zu Mallorcas sch\u00f6nsten Orten!<\/h3>\n<p>Diese abwechslungsreiche Tour beginnt in Palma mit der Abfahrt am Parc de la Mar und f\u00fchrt Sie in das Herz des zum UNESCO-Welterbe geh\u00f6renden Tramuntana-Gebirges.<\/p>\n<p>Der erste Halt ist das idyllische Dorf Valldemossa, das f\u00fcr seine kopfsteingepflasterten Gassen, die traditionellen Steinh\u00e4user und seine blumengeschm\u00fcckten Fassaden bekannt ist. Hier haben Sie freie Zeit, um das Dorf in Ihrem eigenen Tempo zu entdecken \u2013 bummeln Sie durch die Gassen, st\u00f6bern Sie in kleinen L\u00e4den oder genie\u00dfen Sie ein typisches Geb\u00e4ck in einem der gem\u00fctlichen Caf\u00e9s (nicht inklusive).<\/p>\n<p>Anschlie\u00dfend geht es weiter entlang einer der sch\u00f6nsten Panoramastra\u00dfen der Insel. Unterwegs halten Sie am Aussichtspunkt Son Marroig, von dem aus Sie spektakul\u00e4re Ausblicke auf die K\u00fcste und die ber\u00fchmte Felsformation Sa Foradada genie\u00dfen k\u00f6nnen \u2013 ein beeindruckender Fels mit einem nat\u00fcrlichen Loch, der zu den Wahrzeichen Mallorcas z\u00e4hlt.<\/p>\n<p>Das n\u00e4chste Ziel ist das charmante St\u00e4dtchen Soller, eingebettet in ein fruchtbares Tal voller Orangen- und Zitronenhaine. Auch hier haben Sie freie Zeit, um die lebendige Altstadt zu erkunden \u2013 entspannen Sie auf dem Hauptplatz, bewundern Sie die beeindruckende Architektur der Kirche oder lassen Sie sich in einem der zahlreichen Caf\u00e9s kulinarisch verw\u00f6hnen (nicht inklusive).<\/p>\n<p>Diese Tagestour ist die perfekte Kombination aus Natur, Kultur und entspanntem Entdecken \u2013 ideal, um die authentische Seite Mallorcas abseits der K\u00fcste kennenzulernen.<\/p>\n<p><strong>Ausflugsveranstalter:<\/strong> Go Vacation Spain SLU, CIF: B-57828360<\/p>\n","protected":false},"excerpt":{"rendered":"<p>Folgen Sie Panoramastra\u00dfen zu Mallorcas sch\u00f6nsten Orten! Diese abwechslungsreiche Tour beginnt in Palma mit der Abfahrt am Parc de la Mar und f\u00fchrt Sie in das Herz des zum UNESCO-Welterbe geh\u00f6renden Tramuntana-Gebirges. Der erste Halt ist das idyllische Dorf Valldemossa, das f\u00fcr seine kopfsteingepflasterten Gassen, die traditionellen Steinh\u00e4user und seine blumengeschm\u00fcckten Fassaden bekannt ist. Hier [&hellip;]<\/p>\n","protected":false},"featured_media":12945,"template":"","meta":{"_acf_changed":false,"ocean_post_layout":"","ocean_both_sidebars_style":"","ocean_both_sidebars_content_width":0,"ocean_both_sidebars_sidebars_width":0,"ocean_sidebar":"0","ocean_second_sidebar":"0","ocean_disable_margins":"enable","ocean_add_body_class":"","ocean_shortcode_before_top_bar":"","ocean_shortcode_after_top_bar":"","ocean_shortcode_before_header":"","ocean_shortcode_after_header":"","ocean_has_shortcode":"","ocean_shortcode_after_title":"","ocean_shortcode_before_footer_widgets":"","ocean_shortcode_after_footer_widgets":"","ocean_shortcode_before_footer_bottom":"","ocean_shortcode_after_footer_bottom":"","ocean_display_top_bar":"default","ocean_display_header":"default","ocean_header_style":"","ocean_center_header_left_menu":"0","ocean_custom_header_template":"0","ocean_custom_logo":0,"ocean_custom_retina_logo":0,"ocean_custom_logo_max_width":0,"ocean_custom_logo_tablet_max_width":0,"ocean_custom_logo_mobile_max_width":0,"ocean_custom_logo_max_height":0,"ocean_custom_logo_tablet_max_height":0,"ocean_custom_logo_mobile_max_height":0,"ocean_header_custom_menu":"0","ocean_menu_typo_font_family":"0","ocean_menu_typo_font_subset":"","ocean_menu_typo_font_size":0,"ocean_menu_typo_font_size_tablet":0,"ocean_menu_typo_font_size_mobile":0,"ocean_menu_typo_font_size_unit":"px","ocean_menu_typo_font_weight":"","ocean_menu_typo_font_weight_tablet":"","ocean_menu_typo_font_weight_mobile":"","ocean_menu_typo_transform":"","ocean_menu_typo_transform_tablet":"","ocean_menu_typo_transform_mobile":"","ocean_menu_typo_line_height":0,"ocean_menu_typo_line_height_tablet":0,"ocean_menu_typo_line_height_mobile":0,"ocean_menu_typo_line_height_unit":"","ocean_menu_typo_spacing":0,"ocean_menu_typo_spacing_tablet":0,"ocean_menu_typo_spacing_mobile":0,"ocean_menu_typo_spacing_unit":"","ocean_menu_link_color":"","ocean_menu_link_color_hover":"","ocean_menu_link_color_active":"","ocean_menu_link_background":"","ocean_menu_link_hover_background":"","ocean_menu_link_active_background":"","ocean_menu_social_links_bg":"","ocean_menu_social_hover_links_bg":"","ocean_menu_social_links_color":"","ocean_menu_social_hover_links_color":"","ocean_disable_title":"default","ocean_disable_heading":"default","ocean_post_title":"","ocean_post_subheading":"","ocean_post_title_style":"background-image","ocean_post_title_background_color":"","ocean_post_title_background":15104,"ocean_post_title_bg_image_position":"","ocean_post_title_bg_image_attachment":"","ocean_post_title_bg_image_repeat":"","ocean_post_title_bg_image_size":"","ocean_post_title_height":0,"ocean_post_title_bg_overlay":0.5,"ocean_post_title_bg_overlay_color":"","ocean_disable_breadcrumbs":"default","ocean_breadcrumbs_color":"","ocean_breadcrumbs_separator_color":"","ocean_breadcrumbs_links_color":"","ocean_breadcrumbs_links_hover_color":"","ocean_display_footer_widgets":"default","ocean_display_footer_bottom":"default","ocean_custom_footer_template":"0","omw_enable_modal_window":"enable","osh_disable_topbar_sticky":"default","osh_disable_header_sticky":"default","osh_sticky_header_style":"default","osh_sticky_header_effect":"","osh_custom_sticky_logo":0,"osh_custom_retina_sticky_logo":0,"osh_custom_sticky_logo_height":0,"osh_background_color":"","osh_links_color":"","osh_links_hover_color":"","osh_links_active_color":"","osh_links_bg_color":"","osh_links_hover_bg_color":"","osh_links_active_bg_color":"","osh_menu_social_links_color":"","osh_menu_social_hover_links_color":""},"ort":[346,315],"sichtbarkeit":[],"templateoption":[177],"product_brand":[],"product_cat":[182],"product_tag":[],"class_list":{"0":"post-12952","1":"product","2":"type-product","3":"status-publish","4":"has-post-thumbnail","6":"ort-cala-santanyi","7":"ort-colonia-sant-jordi","8":"templateoption-dds","9":"product_cat-ausfluege","11":"entry","12":"has-media","14":"first","15":"instock","16":"virtual","17":"purchasable","18":"product-type-simple","19":"has-product-nav","20":"col","21":"span_1_of_3","22":"owp-content-center","23":"owp-thumbs-layout-horizontal","24":"owp-btn-normal","25":"owp-tabs-layout-section"},"acf":[],"_links":{"self":[{"href":"https:\/\/www.dertour-reiseleitung.com\/mallorca\/wp-json\/wp\/v2\/product\/12952","targetHints":{"allow":["GET"]}}],"collection":[{"href":"https:\/\/www.dertour-reiseleitung.com\/mallorca\/wp-json\/wp\/v2\/product"}],"about":[{"href":"https:\/\/www.dertour-reiseleitung.com\/mallorca\/wp-json\/wp\/v2\/types\/product"}],"version-history":[{"count":4,"href":"https:\/\/www.dertour-reiseleitung.com\/mallorca\/wp-json\/wp\/v2\/product\/12952\/revisions"}],"predecessor-version":[{"id":16026,"href":"https:\/\/www.dertour-reiseleitung.com\/mallorca\/wp-json\/wp\/v2\/product\/12952\/revisions\/16026"}],"wp:featuredmedia":[{"embeddable":true,"href":"https:\/\/www.dertour-reiseleitung.com\/mallorca\/wp-json\/wp\/v2\/media\/12945"}],"wp:attachment":[{"href":"https:\/\/www.dertour-reiseleitung.com\/mallorca\/wp-json\/wp\/v2\/media?parent=12952"}],"wp:term":[{"taxonomy":"ort","embeddable":true,"href":"https:\/\/www.dertour-reiseleitung.com\/mallorca\/wp-json\/wp\/v2\/ort?post=12952"},{"taxonomy":"sichtbarkeit","embeddable":true,"href":"https:\/\/www.dertour-reiseleitung.com\/mallorca\/wp-json\/wp\/v2\/sichtbarkeit?post=12952"},{"taxonomy":"templateoption","embeddable":true,"href":"https:\/\/www.dertour-reiseleitung.com\/mallorca\/wp-json\/wp\/v2\/templateoption?post=12952"},{"taxonomy":"product_brand","embeddable":true,"href":"https:\/\/www.dertour-reiseleitung.com\/mallorca\/wp-json\/wp\/v2\/product_brand?post=12952"},{"taxonomy":"product_cat","embeddable":true,"href":"https:\/\/www.dertour-reiseleitung.com\/mallorca\/wp-json\/wp\/v2\/product_cat?post=12952"},{"taxonomy":"product_tag","embeddable":true,"href":"https:\/\/www.dertour-reiseleitung.com\/mallorca\/wp-json\/wp\/v2\/product_tag?post=12952"}],"curies":[{"name":"wp","href":"https:\/\/api.w.org\/{rel}","templated":true}]}}