{"id":12986,"date":"2025-08-25T12:14:11","date_gmt":"2025-08-25T10:14:11","guid":{"rendered":"https:\/\/www.dertour-reiseleitung.com\/mallorca\/?post_type=product&#038;p=12986"},"modified":"2025-10-23T12:56:58","modified_gmt":"2025-10-23T10:56:58","slug":"katamaran-anacaona-dds-047-1","status":"publish","type":"product","link":"https:\/\/www.dertour-reiseleitung.com\/mallorca\/aktivitaeten\/katamaran-anacaona-dds-047-1\/","title":{"rendered":"Katamaran Anacaona"},"content":{"rendered":"<h3>Ein besonderer Tag!<\/h3>\n<p>Die traumhafte Nordk\u00fcste Mallorcas l\u00e4sst sich bei einem entspannten Segelt\u00f6rn auf einem komfortablen Katamaran auf ganz besondere Weise erleben.<\/p>\n<p>Der Ausflug startet im Hafen von Puerto de Alcudia und f\u00fchrt entlang malerischer K\u00fcstenabschnitte, abgelegener Buchten und t\u00fcrkisfarbener Gew\u00e4sser. Je nach Windverh\u00e4ltnissen kann sich die Route leicht ver\u00e4ndern \u2013 jede Fahrt wird dadurch zu einem einzigartigen Erlebnis.<\/p>\n<p>W\u00e4hrend des Aufenthalts in einer ruhigen Bucht haben Sie Zeit, im Meer zu schwimmen, mit dem Kajak durch das klare Wasser zu gleiten oder beim Schnorcheln die Unterwasserwelt zu erkunden. Parallel bereitet die Crew ein leckeres Barbecue vor \u2013 mit gegrilltem H\u00e4hnchen, Schweinefleisch und W\u00fcrstchen, dazu Pasta-Salat, frisches Brot, saisonales Obst und ein erfrischendes Getr\u00e4nk.<\/p>\n<p>Im Gesamtpreis enthalten sind die rund f\u00fcnfst\u00fcndige Segeltour mit mehreren Stopps, ein frisch zubereitetes Mittagessen, eine Reiseversicherung sowie die Nutzung der Ausr\u00fcstung f\u00fcr Aktivit\u00e4ten wie Kajakfahren oder Schnorcheln.<\/p>\n<p>Der Katamaran bietet gro\u00dfz\u00fcgige Liegefl\u00e4chen zum Sonnen, Meerzug\u00e4nge \u00fcber Leitern, eine Bar sowie sanit\u00e4re Einrichtungen an Bord. Die erfahrene Crew sorgt daf\u00fcr, dass die G\u00e4ste sich rundum wohlf\u00fchlen und den Tag einfach genie\u00dfen k\u00f6nnen.<\/p>\n<p>Ob mit der Familie, zu zweit oder mit Freunden \u2013 dieser Ausflug ist ideal, um Mallorcas Natur vom Wasser aus zu entdecken und dem Alltag zu entfliehen.<\/p>\n<p>Ein rundum gelungener Tag voller Erholung, Genuss und Meer.<\/p>\n<p><strong>Ausflugsveranstalter:<\/strong> Go Vacation Spain SLU, CIF: B-57828360<\/p>\n","protected":false},"excerpt":{"rendered":"<p>Ein besonderer Tag! Die traumhafte Nordk\u00fcste Mallorcas l\u00e4sst sich bei einem entspannten Segelt\u00f6rn auf einem komfortablen Katamaran auf ganz besondere Weise erleben. Der Ausflug startet im Hafen von Puerto de Alcudia und f\u00fchrt entlang malerischer K\u00fcstenabschnitte, abgelegener Buchten und t\u00fcrkisfarbener Gew\u00e4sser. Je nach Windverh\u00e4ltnissen kann sich die Route leicht ver\u00e4ndern \u2013 jede Fahrt wird dadurch [&hellip;]<\/p>\n","protected":false},"featured_media":12987,"template":"","meta":{"_acf_changed":false,"ocean_post_layout":"","ocean_both_sidebars_style":"","ocean_both_sidebars_content_width":0,"ocean_both_sidebars_sidebars_width":0,"ocean_sidebar":"0","ocean_second_sidebar":"0","ocean_disable_margins":"enable","ocean_add_body_class":"","ocean_shortcode_before_top_bar":"","ocean_shortcode_after_top_bar":"","ocean_shortcode_before_header":"","ocean_shortcode_after_header":"","ocean_has_shortcode":"","ocean_shortcode_after_title":"","ocean_shortcode_before_footer_widgets":"","ocean_shortcode_after_footer_widgets":"","ocean_shortcode_before_footer_bottom":"","ocean_shortcode_after_footer_bottom":"","ocean_display_top_bar":"default","ocean_display_header":"default","ocean_header_style":"","ocean_center_header_left_menu":"0","ocean_custom_header_template":"0","ocean_custom_logo":0,"ocean_custom_retina_logo":0,"ocean_custom_logo_max_width":0,"ocean_custom_logo_tablet_max_width":0,"ocean_custom_logo_mobile_max_width":0,"ocean_custom_logo_max_height":0,"ocean_custom_logo_tablet_max_height":0,"ocean_custom_logo_mobile_max_height":0,"ocean_header_custom_menu":"0","ocean_menu_typo_font_family":"0","ocean_menu_typo_font_subset":"","ocean_menu_typo_font_size":0,"ocean_menu_typo_font_size_tablet":0,"ocean_menu_typo_font_size_mobile":0,"ocean_menu_typo_font_size_unit":"px","ocean_menu_typo_font_weight":"","ocean_menu_typo_font_weight_tablet":"","ocean_menu_typo_font_weight_mobile":"","ocean_menu_typo_transform":"","ocean_menu_typo_transform_tablet":"","ocean_menu_typo_transform_mobile":"","ocean_menu_typo_line_height":0,"ocean_menu_typo_line_height_tablet":0,"ocean_menu_typo_line_height_mobile":0,"ocean_menu_typo_line_height_unit":"","ocean_menu_typo_spacing":0,"ocean_menu_typo_spacing_tablet":0,"ocean_menu_typo_spacing_mobile":0,"ocean_menu_typo_spacing_unit":"","ocean_menu_link_color":"","ocean_menu_link_color_hover":"","ocean_menu_link_color_active":"","ocean_menu_link_background":"","ocean_menu_link_hover_background":"","ocean_menu_link_active_background":"","ocean_menu_social_links_bg":"","ocean_menu_social_hover_links_bg":"","ocean_menu_social_links_color":"","ocean_menu_social_hover_links_color":"","ocean_disable_title":"default","ocean_disable_heading":"default","ocean_post_title":"","ocean_post_subheading":"","ocean_post_title_style":"background-image","ocean_post_title_background_color":"","ocean_post_title_background":12990,"ocean_post_title_bg_image_position":"","ocean_post_title_bg_image_attachment":"","ocean_post_title_bg_image_repeat":"","ocean_post_title_bg_image_size":"","ocean_post_title_height":0,"ocean_post_title_bg_overlay":0.5,"ocean_post_title_bg_overlay_color":"","ocean_disable_breadcrumbs":"default","ocean_breadcrumbs_color":"","ocean_breadcrumbs_separator_color":"","ocean_breadcrumbs_links_color":"","ocean_breadcrumbs_links_hover_color":"","ocean_display_footer_widgets":"default","ocean_display_footer_bottom":"default","ocean_custom_footer_template":"0","omw_enable_modal_window":"enable","osh_disable_topbar_sticky":"default","osh_disable_header_sticky":"default","osh_sticky_header_style":"default","osh_sticky_header_effect":"","osh_custom_sticky_logo":0,"osh_custom_retina_sticky_logo":0,"osh_custom_sticky_logo_height":0,"osh_background_color":"","osh_links_color":"","osh_links_hover_color":"","osh_links_active_color":"","osh_links_bg_color":"","osh_links_hover_bg_color":"","osh_links_active_bg_color":"","osh_menu_social_links_color":"","osh_menu_social_hover_links_color":""},"ort":[318,305],"sichtbarkeit":[],"templateoption":[177],"product_brand":[],"product_cat":[182],"product_tag":[],"class_list":{"0":"post-12986","1":"product","2":"type-product","3":"status-publish","4":"has-post-thumbnail","6":"ort-playa-de-muro","7":"ort-puerto-alcudia","8":"templateoption-dds","9":"product_cat-ausfluege","11":"entry","12":"has-media","14":"first","15":"instock","16":"virtual","17":"purchasable","18":"product-type-simple","19":"has-product-nav","20":"col","21":"span_1_of_3","22":"owp-content-center","23":"owp-thumbs-layout-horizontal","24":"owp-btn-normal","25":"owp-tabs-layout-section"},"acf":[],"_links":{"self":[{"href":"https:\/\/www.dertour-reiseleitung.com\/mallorca\/wp-json\/wp\/v2\/product\/12986","targetHints":{"allow":["GET"]}}],"collection":[{"href":"https:\/\/www.dertour-reiseleitung.com\/mallorca\/wp-json\/wp\/v2\/product"}],"about":[{"href":"https:\/\/www.dertour-reiseleitung.com\/mallorca\/wp-json\/wp\/v2\/types\/product"}],"version-history":[{"count":4,"href":"https:\/\/www.dertour-reiseleitung.com\/mallorca\/wp-json\/wp\/v2\/product\/12986\/revisions"}],"predecessor-version":[{"id":13943,"href":"https:\/\/www.dertour-reiseleitung.com\/mallorca\/wp-json\/wp\/v2\/product\/12986\/revisions\/13943"}],"wp:featuredmedia":[{"embeddable":true,"href":"https:\/\/www.dertour-reiseleitung.com\/mallorca\/wp-json\/wp\/v2\/media\/12987"}],"wp:attachment":[{"href":"https:\/\/www.dertour-reiseleitung.com\/mallorca\/wp-json\/wp\/v2\/media?parent=12986"}],"wp:term":[{"taxonomy":"ort","embeddable":true,"href":"https:\/\/www.dertour-reiseleitung.com\/mallorca\/wp-json\/wp\/v2\/ort?post=12986"},{"taxonomy":"sichtbarkeit","embeddable":true,"href":"https:\/\/www.dertour-reiseleitung.com\/mallorca\/wp-json\/wp\/v2\/sichtbarkeit?post=12986"},{"taxonomy":"templateoption","embeddable":true,"href":"https:\/\/www.dertour-reiseleitung.com\/mallorca\/wp-json\/wp\/v2\/templateoption?post=12986"},{"taxonomy":"product_brand","embeddable":true,"href":"https:\/\/www.dertour-reiseleitung.com\/mallorca\/wp-json\/wp\/v2\/product_brand?post=12986"},{"taxonomy":"product_cat","embeddable":true,"href":"https:\/\/www.dertour-reiseleitung.com\/mallorca\/wp-json\/wp\/v2\/product_cat?post=12986"},{"taxonomy":"product_tag","embeddable":true,"href":"https:\/\/www.dertour-reiseleitung.com\/mallorca\/wp-json\/wp\/v2\/product_tag?post=12986"}],"curies":[{"name":"wp","href":"https:\/\/api.w.org\/{rel}","templated":true}]}}