{"id":12995,"date":"2025-08-25T13:00:12","date_gmt":"2025-08-25T11:00:12","guid":{"rendered":"https:\/\/www.dertour-reiseleitung.com\/mallorca\/?post_type=product&#038;p=12995"},"modified":"2026-05-13T14:35:14","modified_gmt":"2026-05-13T12:35:14","slug":"delfin-trip-aubarca-dds-048-1","status":"publish","type":"product","link":"https:\/\/www.dertour-reiseleitung.com\/mallorca\/aktivitaeten\/delfin-trip-aubarca-dds-048-1\/","title":{"rendered":"Delfin Trip Aubarca"},"content":{"rendered":"<h3>Erleben Sie Delfine, K\u00fcste und stille Buchten!<\/h3>\n<p>An Bord der Aubarca, einem speziell f\u00fcr die Beobachtung von Meerestieren ausgestatteten Boot, beginnt eine faszinierende Fahrt entlang der beeindruckenden Nordk\u00fcste Mallorcas.<\/p>\n<p>Diese Tour bietet die einmalige Gelegenheit, Delfine in ihrer nat\u00fcrlichen Umgebung zu erleben \u2013 ganz fernab vom Alltagstrubel.<\/p>\n<p>Die Route f\u00fchrt entlang der schroffen K\u00fcste und vorbei an den imposanten Gipfeln der Serra de Tramuntana, einem UNESCO-Welterbe, das durch seine au\u00dfergew\u00f6hnliche Landschaft besticht. Das ruhige Meer und der weite Himmel schaffen eine Atmosph\u00e4re voller Ruhe und Staunen.<\/p>\n<p>Die Tour dauert etwa drei Stunden. W\u00e4hrend dieser Zeit k\u00f6nnen die Delfine in ihrem offenen Lebensraum beobachtet werden. Sofern es die Wetter- und Meeresbedingungen erlauben, steuert das Boot im Anschluss die abgelegene Bucht Es Coll Baix an. Dieser versteckte Strand, der nur vom Meer oder \u00fcber einen l\u00e4ngeren Fu\u00dfweg erreichbar ist, besticht durch kristallklares Wasser und unber\u00fchrte Natur. Hier besteht die M\u00f6glichkeit f\u00fcr ein erfrischendes Bad, bevor es zur\u00fcck in den Hafen geht.<\/p>\n<p>Diese Fahrt verbindet Naturerlebnis, Abenteuer und entspannte Momente und er\u00f6ffnet so eine ganz besondere Sicht auf die wilde Seite Mallorcas \u2013 von der Begeisterung, Delfine aus n\u00e4chster N\u00e4he zu beobachten, bis zur Ruhe einer der unber\u00fchrtesten Buchten der Insel.<\/p>\n<p><strong>Ausflugsveranstalter:<\/strong> Go Vacation Spain SLU, CIF: B-57828360<\/p>\n","protected":false},"excerpt":{"rendered":"<p>Erleben Sie Delfine, K\u00fcste und stille Buchten! An Bord der Aubarca, einem speziell f\u00fcr die Beobachtung von Meerestieren ausgestatteten Boot, beginnt eine faszinierende Fahrt entlang der beeindruckenden Nordk\u00fcste Mallorcas. Diese Tour bietet die einmalige Gelegenheit, Delfine in ihrer nat\u00fcrlichen Umgebung zu erleben \u2013 ganz fernab vom Alltagstrubel. Die Route f\u00fchrt entlang der schroffen K\u00fcste und [&hellip;]<\/p>\n","protected":false},"featured_media":13009,"template":"","meta":{"_acf_changed":false,"ocean_post_layout":"","ocean_both_sidebars_style":"","ocean_both_sidebars_content_width":0,"ocean_both_sidebars_sidebars_width":0,"ocean_sidebar":"0","ocean_second_sidebar":"0","ocean_disable_margins":"enable","ocean_add_body_class":"","ocean_shortcode_before_top_bar":"","ocean_shortcode_after_top_bar":"","ocean_shortcode_before_header":"","ocean_shortcode_after_header":"","ocean_has_shortcode":"","ocean_shortcode_after_title":"","ocean_shortcode_before_footer_widgets":"","ocean_shortcode_after_footer_widgets":"","ocean_shortcode_before_footer_bottom":"","ocean_shortcode_after_footer_bottom":"","ocean_display_top_bar":"default","ocean_display_header":"default","ocean_header_style":"","ocean_center_header_left_menu":"0","ocean_custom_header_template":"0","ocean_custom_logo":0,"ocean_custom_retina_logo":0,"ocean_custom_logo_max_width":0,"ocean_custom_logo_tablet_max_width":0,"ocean_custom_logo_mobile_max_width":0,"ocean_custom_logo_max_height":0,"ocean_custom_logo_tablet_max_height":0,"ocean_custom_logo_mobile_max_height":0,"ocean_header_custom_menu":"0","ocean_menu_typo_font_family":"0","ocean_menu_typo_font_subset":"","ocean_menu_typo_font_size":0,"ocean_menu_typo_font_size_tablet":0,"ocean_menu_typo_font_size_mobile":0,"ocean_menu_typo_font_size_unit":"px","ocean_menu_typo_font_weight":"","ocean_menu_typo_font_weight_tablet":"","ocean_menu_typo_font_weight_mobile":"","ocean_menu_typo_transform":"","ocean_menu_typo_transform_tablet":"","ocean_menu_typo_transform_mobile":"","ocean_menu_typo_line_height":0,"ocean_menu_typo_line_height_tablet":0,"ocean_menu_typo_line_height_mobile":0,"ocean_menu_typo_line_height_unit":"","ocean_menu_typo_spacing":0,"ocean_menu_typo_spacing_tablet":0,"ocean_menu_typo_spacing_mobile":0,"ocean_menu_typo_spacing_unit":"","ocean_menu_link_color":"","ocean_menu_link_color_hover":"","ocean_menu_link_color_active":"","ocean_menu_link_background":"","ocean_menu_link_hover_background":"","ocean_menu_link_active_background":"","ocean_menu_social_links_bg":"","ocean_menu_social_hover_links_bg":"","ocean_menu_social_links_color":"","ocean_menu_social_hover_links_color":"","ocean_disable_title":"default","ocean_disable_heading":"default","ocean_post_title":"","ocean_post_subheading":"","ocean_post_title_style":"background-image","ocean_post_title_background_color":"","ocean_post_title_background":13008,"ocean_post_title_bg_image_position":"","ocean_post_title_bg_image_attachment":"","ocean_post_title_bg_image_repeat":"","ocean_post_title_bg_image_size":"","ocean_post_title_height":0,"ocean_post_title_bg_overlay":0.5,"ocean_post_title_bg_overlay_color":"","ocean_disable_breadcrumbs":"default","ocean_breadcrumbs_color":"","ocean_breadcrumbs_separator_color":"","ocean_breadcrumbs_links_color":"","ocean_breadcrumbs_links_hover_color":"","ocean_display_footer_widgets":"default","ocean_display_footer_bottom":"default","ocean_custom_footer_template":"0","omw_enable_modal_window":"enable","osh_disable_topbar_sticky":"default","osh_disable_header_sticky":"default","osh_sticky_header_style":"default","osh_sticky_header_effect":"","osh_custom_sticky_logo":0,"osh_custom_retina_sticky_logo":0,"osh_custom_sticky_logo_height":0,"osh_background_color":"","osh_links_color":"","osh_links_hover_color":"","osh_links_active_color":"","osh_links_bg_color":"","osh_links_hover_bg_color":"","osh_links_active_bg_color":"","osh_menu_social_links_color":"","osh_menu_social_hover_links_color":""},"ort":[338,319,318,305,342],"sichtbarkeit":[],"templateoption":[177],"product_brand":[],"product_cat":[182],"product_tag":[],"class_list":{"0":"post-12995","1":"product","2":"type-product","3":"status-publish","4":"has-post-thumbnail","6":"ort-cala-san-vicente","7":"ort-can-picafort","8":"ort-playa-de-muro","9":"ort-puerto-alcudia","10":"ort-puerto-de-pollensa","11":"templateoption-dds","12":"product_cat-ausfluege","14":"entry","15":"has-media","17":"first","18":"instock","19":"virtual","20":"purchasable","21":"product-type-simple","22":"has-product-nav","23":"col","24":"span_1_of_3","25":"owp-content-center","26":"owp-thumbs-layout-horizontal","27":"owp-btn-normal","28":"owp-tabs-layout-section","29":"has-no-thumbnails"},"acf":[],"_links":{"self":[{"href":"https:\/\/www.dertour-reiseleitung.com\/mallorca\/wp-json\/wp\/v2\/product\/12995","targetHints":{"allow":["GET"]}}],"collection":[{"href":"https:\/\/www.dertour-reiseleitung.com\/mallorca\/wp-json\/wp\/v2\/product"}],"about":[{"href":"https:\/\/www.dertour-reiseleitung.com\/mallorca\/wp-json\/wp\/v2\/types\/product"}],"version-history":[{"count":4,"href":"https:\/\/www.dertour-reiseleitung.com\/mallorca\/wp-json\/wp\/v2\/product\/12995\/revisions"}],"predecessor-version":[{"id":16028,"href":"https:\/\/www.dertour-reiseleitung.com\/mallorca\/wp-json\/wp\/v2\/product\/12995\/revisions\/16028"}],"wp:featuredmedia":[{"embeddable":true,"href":"https:\/\/www.dertour-reiseleitung.com\/mallorca\/wp-json\/wp\/v2\/media\/13009"}],"wp:attachment":[{"href":"https:\/\/www.dertour-reiseleitung.com\/mallorca\/wp-json\/wp\/v2\/media?parent=12995"}],"wp:term":[{"taxonomy":"ort","embeddable":true,"href":"https:\/\/www.dertour-reiseleitung.com\/mallorca\/wp-json\/wp\/v2\/ort?post=12995"},{"taxonomy":"sichtbarkeit","embeddable":true,"href":"https:\/\/www.dertour-reiseleitung.com\/mallorca\/wp-json\/wp\/v2\/sichtbarkeit?post=12995"},{"taxonomy":"templateoption","embeddable":true,"href":"https:\/\/www.dertour-reiseleitung.com\/mallorca\/wp-json\/wp\/v2\/templateoption?post=12995"},{"taxonomy":"product_brand","embeddable":true,"href":"https:\/\/www.dertour-reiseleitung.com\/mallorca\/wp-json\/wp\/v2\/product_brand?post=12995"},{"taxonomy":"product_cat","embeddable":true,"href":"https:\/\/www.dertour-reiseleitung.com\/mallorca\/wp-json\/wp\/v2\/product_cat?post=12995"},{"taxonomy":"product_tag","embeddable":true,"href":"https:\/\/www.dertour-reiseleitung.com\/mallorca\/wp-json\/wp\/v2\/product_tag?post=12995"}],"curies":[{"name":"wp","href":"https:\/\/api.w.org\/{rel}","templated":true}]}}