{"id":13087,"date":"2025-08-26T16:34:12","date_gmt":"2025-08-26T14:34:12","guid":{"rendered":"https:\/\/www.dertour-reiseleitung.com\/mallorca\/?post_type=product&#038;p=13087"},"modified":"2026-05-13T09:57:51","modified_gmt":"2026-05-13T07:57:51","slug":"citysightseeing-bus-supreme-dds-012-3","status":"publish","type":"product","link":"https:\/\/www.dertour-reiseleitung.com\/mallorca\/aktivitaeten\/citysightseeing-bus-supreme-dds-012-3\/","title":{"rendered":"Citysightseeing Bus Supreme"},"content":{"rendered":"<h3>Erleben Sie Palma Supreme: Stadt, Meer und Kultur pur!<\/h3>\n<p>Erleben Sie Palma de Mallorca in all seinen Facetten mit dem Palma Supreme Erlebnis \u2013 eine einzigartige Kombination aus Kultur, Geschichte und Panorama, zu Land und vom Wasser aus. Mit nur einem Ticket erhalten Sie Zugang zu den wichtigsten Sehensw\u00fcrdigkeiten der Stadt und genie\u00dfen maximale Flexibilit\u00e4t bei Ihrer Erkundung.<\/p>\n<p>Starten Sie Ihre Entdeckungstour mit einer entspannten Bootsfahrt, bei der Sie Palma vom Meer aus erleben. Genie\u00dfen Sie den Blick auf das eindrucksvolle Schloss Bellver, die imposante Kathedrale La Seu und den K\u00f6nigspalast \u2013 ein unvergessliches Panorama, das Ihnen Palma aus einer v\u00f6llig neuen Perspektive zeigt.<\/p>\n<p>Im Rahmen Ihres Tickets k\u00f6nnen Sie au\u00dferdem zwischen zwei spannenden Attraktionen w\u00e4hlen: Das Schloss Bellver, eine seltene kreisf\u00f6rmige Festung aus dem 14. Jahrhundert mit fantastischem Ausblick und stadtgeschichtlichem Museum, oder das charmante Poble Espanyol, ein nachgebautes spanisches Dorf, das architektonische Highlights aus ganz Spanien in einem Spaziergang vereint.<\/p>\n<p>Kunst und Kultur kommen ebenfalls nicht zu kurz: Mit Ihrem Ticket erhalten Sie Zugang zum CaixaForum Palma, einem lebendigen Kulturzentrum im Jugendstilgeb\u00e4ude, das regelm\u00e4\u00dfig Ausstellungen, Konzerte und Veranstaltungen bietet. Ebenfalls enthalten ist der Eintritt ins Es Baluard Museum, das \u00fcber 700 Werke bedeutender K\u00fcnstler zeigt \u2013 darunter Picasso, Mir\u00f3 und Sorolla \u2013 alle mit Bezug zu den Balearen.<\/p>\n<p>Zur bequemen Fortbewegung nutzen Sie den Hop-On-Hop-Off-Stadtrundfahrtbus, mit dem Sie innerhalb von 24 Stunden flexibel an den wichtigsten Sehensw\u00fcrdigkeiten ein- und aussteigen k\u00f6nnen. Besuchen Sie Highlights wie den Almudaina-Palast, die Kathedrale La Seu oder die sch\u00f6ne Promenade am Meer \u2013 ganz nach Ihrem Tempo.<\/p>\n<p>Das Rundum-sorglos-Paket beinhaltet:<\/p>\n<ul class=\"square\">\n<li>eine 24-Stunden-Fahrt mit dem City Sightseeing Bus<\/li>\n<li>eine Stadtkarte von Palma<\/li>\n<li>Kopfh\u00f6rer<\/li>\n<li>eine City Sightseeing-Kappe<\/li>\n<li>Audioguide f\u00fcr eine selbstgef\u00fchrte Tour<\/li>\n<\/ul>\n<p>Ebenfalls inbegriffen sind die Bootsfahrt, der Eintritt ins CaixaForum, ins Es Baluard Museum und wahlweise ins Bellver-Schloss oder ins Poble Espanyol. Zus\u00e4tzlich erhalten Sie ein kostenloses Getr\u00e4nk bei Caf\u00e9 Maura oder Bodega Mayor (bei Mindestverzehr von 10 \u20ac) und 10 % Rabatt bei ausgew\u00e4hlten Partnern wie dem Restaurant Dalil\u00ed, der Flamenco-Show ALMA, der FOKO Immersive Gallery und der Stadiontour von RCD Mallorca.<\/p>\n<p>Entdecken Sie Palma auf die umfassendste Weise \u2013 buchen Sie Ihr Palma Supreme Erlebnis noch heute!<\/p>\n<p><strong>Ausflugsveranstalter:<\/strong> Go Vacation Spain SLU, CIF: B-57828360<\/p>\n","protected":false},"excerpt":{"rendered":"<p>Erleben Sie Palma Supreme: Stadt, Meer und Kultur pur! Erleben Sie Palma de Mallorca in all seinen Facetten mit dem Palma Supreme Erlebnis \u2013 eine einzigartige Kombination aus Kultur, Geschichte und Panorama, zu Land und vom Wasser aus. Mit nur einem Ticket erhalten Sie Zugang zu den wichtigsten Sehensw\u00fcrdigkeiten der Stadt und genie\u00dfen maximale Flexibilit\u00e4t [&hellip;]<\/p>\n","protected":false},"featured_media":8522,"template":"","meta":{"_acf_changed":false,"ocean_post_layout":"","ocean_both_sidebars_style":"","ocean_both_sidebars_content_width":0,"ocean_both_sidebars_sidebars_width":0,"ocean_sidebar":"0","ocean_second_sidebar":"0","ocean_disable_margins":"enable","ocean_add_body_class":"","ocean_shortcode_before_top_bar":"","ocean_shortcode_after_top_bar":"","ocean_shortcode_before_header":"","ocean_shortcode_after_header":"","ocean_has_shortcode":"","ocean_shortcode_after_title":"","ocean_shortcode_before_footer_widgets":"","ocean_shortcode_after_footer_widgets":"","ocean_shortcode_before_footer_bottom":"","ocean_shortcode_after_footer_bottom":"","ocean_display_top_bar":"default","ocean_display_header":"default","ocean_header_style":"","ocean_center_header_left_menu":"0","ocean_custom_header_template":"0","ocean_custom_logo":0,"ocean_custom_retina_logo":0,"ocean_custom_logo_max_width":0,"ocean_custom_logo_tablet_max_width":0,"ocean_custom_logo_mobile_max_width":0,"ocean_custom_logo_max_height":0,"ocean_custom_logo_tablet_max_height":0,"ocean_custom_logo_mobile_max_height":0,"ocean_header_custom_menu":"0","ocean_menu_typo_font_family":"0","ocean_menu_typo_font_subset":"","ocean_menu_typo_font_size":0,"ocean_menu_typo_font_size_tablet":0,"ocean_menu_typo_font_size_mobile":0,"ocean_menu_typo_font_size_unit":"px","ocean_menu_typo_font_weight":"","ocean_menu_typo_font_weight_tablet":"","ocean_menu_typo_font_weight_mobile":"","ocean_menu_typo_transform":"","ocean_menu_typo_transform_tablet":"","ocean_menu_typo_transform_mobile":"","ocean_menu_typo_line_height":0,"ocean_menu_typo_line_height_tablet":0,"ocean_menu_typo_line_height_mobile":0,"ocean_menu_typo_line_height_unit":"","ocean_menu_typo_spacing":0,"ocean_menu_typo_spacing_tablet":0,"ocean_menu_typo_spacing_mobile":0,"ocean_menu_typo_spacing_unit":"","ocean_menu_link_color":"","ocean_menu_link_color_hover":"","ocean_menu_link_color_active":"","ocean_menu_link_background":"","ocean_menu_link_hover_background":"","ocean_menu_link_active_background":"","ocean_menu_social_links_bg":"","ocean_menu_social_hover_links_bg":"","ocean_menu_social_links_color":"","ocean_menu_social_hover_links_color":"","ocean_disable_title":"default","ocean_disable_heading":"default","ocean_post_title":"","ocean_post_subheading":"","ocean_post_title_style":"background-image","ocean_post_title_background_color":"","ocean_post_title_background":8525,"ocean_post_title_bg_image_position":"","ocean_post_title_bg_image_attachment":"","ocean_post_title_bg_image_repeat":"","ocean_post_title_bg_image_size":"","ocean_post_title_height":0,"ocean_post_title_bg_overlay":0.5,"ocean_post_title_bg_overlay_color":"","ocean_disable_breadcrumbs":"default","ocean_breadcrumbs_color":"","ocean_breadcrumbs_separator_color":"","ocean_breadcrumbs_links_color":"","ocean_breadcrumbs_links_hover_color":"","ocean_display_footer_widgets":"default","ocean_display_footer_bottom":"default","ocean_custom_footer_template":"0","omw_enable_modal_window":"enable","osh_disable_topbar_sticky":"default","osh_disable_header_sticky":"default","osh_sticky_header_style":"default","osh_sticky_header_effect":"","osh_custom_sticky_logo":0,"osh_custom_retina_sticky_logo":0,"osh_custom_sticky_logo_height":0,"osh_background_color":"","osh_links_color":"","osh_links_hover_color":"","osh_links_active_color":"","osh_links_bg_color":"","osh_links_hover_bg_color":"","osh_links_active_bg_color":"","osh_menu_social_links_color":"","osh_menu_social_hover_links_color":""},"ort":[327,312,345,321,316,353,359,322,306,369,338,346,337,336,307,308,319,324,363,315,370,340,365,341,364,309,317,375,311,310,360,318,314,313,344,357,343,305,320,342,326,339,325,354,367],"sichtbarkeit":[],"templateoption":[179],"product_brand":[],"product_cat":[183],"product_tag":[],"class_list":{"0":"post-13087","1":"product","2":"type-product","3":"status-publish","4":"has-post-thumbnail","6":"ort-cala-bona","7":"ort-cala-dor","8":"ort-cala-ferrera","9":"ort-cala-fornells","10":"ort-cala-mandia","11":"ort-cala-mayor","12":"ort-cala-mesquida","13":"ort-cala-millor","14":"ort-cala-ratjada","15":"ort-cala-romantica","16":"ort-cala-san-vicente","17":"ort-cala-santanyi","18":"ort-cala-vinas","19":"ort-calas-de-mallorca","20":"ort-camp-de-mar","21":"ort-can-pastilla","22":"ort-can-picafort","23":"ort-canyamel","24":"ort-cas-catala","25":"ort-colonia-sant-jordi","26":"ort-costa-de-la-calma","27":"ort-costa-de-los-pinos","28":"ort-costa-den-blanes","29":"ort-el-arenal","30":"ort-el-toro","31":"ort-font-de-sa-cala","32":"ort-illetas","33":"ort-magaluf","34":"ort-paguera","35":"ort-palma-de-mallorca","36":"ort-palmanova","37":"ort-playa-de-muro","38":"ort-playa-de-palma","39":"ort-portals-nous","40":"ort-porto-colom","41":"ort-porto-cristo","42":"ort-porto-petro","43":"ort-puerto-alcudia","44":"ort-puerto-de-andratx","45":"ort-puerto-de-pollensa","46":"ort-sa-coma","47":"ort-santa-ponsa","48":"ort-sillot","49":"ort-son-caliu","50":"ort-torrenova","51":"templateoption-dertrip-bc","52":"product_cat-eintrittskarten","54":"entry","55":"has-media","57":"first","58":"instock","59":"virtual","60":"purchasable","61":"product-type-simple","62":"has-product-nav","63":"col","64":"span_1_of_3","65":"owp-content-center","66":"owp-thumbs-layout-horizontal","67":"owp-btn-normal","68":"owp-tabs-layout-section"},"acf":[],"_links":{"self":[{"href":"https:\/\/www.dertour-reiseleitung.com\/mallorca\/wp-json\/wp\/v2\/product\/13087","targetHints":{"allow":["GET"]}}],"collection":[{"href":"https:\/\/www.dertour-reiseleitung.com\/mallorca\/wp-json\/wp\/v2\/product"}],"about":[{"href":"https:\/\/www.dertour-reiseleitung.com\/mallorca\/wp-json\/wp\/v2\/types\/product"}],"version-history":[{"count":12,"href":"https:\/\/www.dertour-reiseleitung.com\/mallorca\/wp-json\/wp\/v2\/product\/13087\/revisions"}],"predecessor-version":[{"id":16002,"href":"https:\/\/www.dertour-reiseleitung.com\/mallorca\/wp-json\/wp\/v2\/product\/13087\/revisions\/16002"}],"wp:featuredmedia":[{"embeddable":true,"href":"https:\/\/www.dertour-reiseleitung.com\/mallorca\/wp-json\/wp\/v2\/media\/8522"}],"wp:attachment":[{"href":"https:\/\/www.dertour-reiseleitung.com\/mallorca\/wp-json\/wp\/v2\/media?parent=13087"}],"wp:term":[{"taxonomy":"ort","embeddable":true,"href":"https:\/\/www.dertour-reiseleitung.com\/mallorca\/wp-json\/wp\/v2\/ort?post=13087"},{"taxonomy":"sichtbarkeit","embeddable":true,"href":"https:\/\/www.dertour-reiseleitung.com\/mallorca\/wp-json\/wp\/v2\/sichtbarkeit?post=13087"},{"taxonomy":"templateoption","embeddable":true,"href":"https:\/\/www.dertour-reiseleitung.com\/mallorca\/wp-json\/wp\/v2\/templateoption?post=13087"},{"taxonomy":"product_brand","embeddable":true,"href":"https:\/\/www.dertour-reiseleitung.com\/mallorca\/wp-json\/wp\/v2\/product_brand?post=13087"},{"taxonomy":"product_cat","embeddable":true,"href":"https:\/\/www.dertour-reiseleitung.com\/mallorca\/wp-json\/wp\/v2\/product_cat?post=13087"},{"taxonomy":"product_tag","embeddable":true,"href":"https:\/\/www.dertour-reiseleitung.com\/mallorca\/wp-json\/wp\/v2\/product_tag?post=13087"}],"curies":[{"name":"wp","href":"https:\/\/api.w.org\/{rel}","templated":true}]}}