{"id":8435,"date":"2025-03-05T18:04:18","date_gmt":"2025-03-05T17:04:18","guid":{"rendered":"https:\/\/rldev.dts.dmcit.tech\/mallorca\/aktivitaeten\/drachenhoehlen-xperience-ab-osten-calas\/"},"modified":"2026-03-27T16:59:37","modified_gmt":"2026-03-27T14:59:37","slug":"drachenhoehlen-xperience-dds-017-3","status":"publish","type":"product","link":"https:\/\/www.dertour-reiseleitung.com\/mallorca\/aktivitaeten\/drachenhoehlen-xperience-dds-017-3\/","title":{"rendered":"Drachenh\u00f6hlen Xperience"},"content":{"rendered":"<h3>Eine spannende Reise in die Unterwelt<\/h3>\n<p>Lassen Sie sich in die Unterwelt Mallorcas entf\u00fchren!<\/p>\n<p>Dieser Ausflug f\u00fchrt Sie nach Porto Cristo, einem Fischerdorf, das f\u00fcr eine der gr\u00f6\u00dften begehbaren H\u00f6hlen der Insel bekannt ist: die Drachenh\u00f6hlen.<\/p>\n<p>Diese vier H\u00f6hlen erstrecken sich bis zu einer Tiefe von 25 Metern, sind miteinander verbunden und beherbergen einen der l\u00e4ngsten unterirdischen Seen der Welt. Die Besichtigung dauert etwa eine Stunde, in der Sie die verschiedenen Formationen bewundern k\u00f6nnen, die das Wasser im Laufe der Zeit geformt hat.<\/p>\n<p>Au\u00dferdem k\u00f6nnen Sie ein kleines Konzert eines klassischen Quartetts genie\u00dfen, das vier St\u00fccke an Bord eines der Boote auf dem See spielt (10 Minuten). Am Ende der Besichtigung haben Sie die M\u00f6glichkeit, den See mit einem Boot zu \u00fcberqueren, eine kurze Fahrt von h\u00f6chstens 2 Minuten, um die Merkmale der Formationen, die die Schifffahrt auf dem See erm\u00f6glichen, aus der N\u00e4he zu betrachten.<\/p>\n<p>Der Ausflug endet mit einem Halt im Sporthafen von Porto Cristo, wo man spazieren gehen, etwas trinken oder die Ausstellung der Perlenfabrik Maj\u00f3rica besuchen kann.<\/p>\n<p>Der Halbtagesausflug in Mallorcas \u201eUnderground\u201c \u2013 ein Tag zum Staunen!<\/p>\n<p><strong>Ausflugsveranstalter:<\/strong> Go Vacation Spain SLU, CIF: B-57828360<\/p>\n","protected":false},"excerpt":{"rendered":"<p>Eine spannende Reise in die Unterwelt Lassen Sie sich in die Unterwelt Mallorcas entf\u00fchren! Dieser Ausflug f\u00fchrt Sie nach Porto Cristo, einem Fischerdorf, das f\u00fcr eine der gr\u00f6\u00dften begehbaren H\u00f6hlen der Insel bekannt ist: die Drachenh\u00f6hlen. Diese vier H\u00f6hlen erstrecken sich bis zu einer Tiefe von 25 Metern, sind miteinander verbunden und beherbergen einen der [&hellip;]<\/p>\n","protected":false},"featured_media":8436,"template":"","meta":{"_acf_changed":false,"ocean_post_layout":"","ocean_both_sidebars_style":"","ocean_both_sidebars_content_width":0,"ocean_both_sidebars_sidebars_width":0,"ocean_sidebar":"0","ocean_second_sidebar":"0","ocean_disable_margins":"enable","ocean_add_body_class":"","ocean_shortcode_before_top_bar":"","ocean_shortcode_after_top_bar":"","ocean_shortcode_before_header":"","ocean_shortcode_after_header":"","ocean_has_shortcode":"","ocean_shortcode_after_title":"","ocean_shortcode_before_footer_widgets":"","ocean_shortcode_after_footer_widgets":"","ocean_shortcode_before_footer_bottom":"","ocean_shortcode_after_footer_bottom":"","ocean_display_top_bar":"default","ocean_display_header":"default","ocean_header_style":"","ocean_center_header_left_menu":"0","ocean_custom_header_template":"0","ocean_custom_logo":0,"ocean_custom_retina_logo":0,"ocean_custom_logo_max_width":0,"ocean_custom_logo_tablet_max_width":0,"ocean_custom_logo_mobile_max_width":0,"ocean_custom_logo_max_height":0,"ocean_custom_logo_tablet_max_height":0,"ocean_custom_logo_mobile_max_height":0,"ocean_header_custom_menu":"0","ocean_menu_typo_font_family":"0","ocean_menu_typo_font_subset":"","ocean_menu_typo_font_size":0,"ocean_menu_typo_font_size_tablet":0,"ocean_menu_typo_font_size_mobile":0,"ocean_menu_typo_font_size_unit":"px","ocean_menu_typo_font_weight":"","ocean_menu_typo_font_weight_tablet":"","ocean_menu_typo_font_weight_mobile":"","ocean_menu_typo_transform":"","ocean_menu_typo_transform_tablet":"","ocean_menu_typo_transform_mobile":"","ocean_menu_typo_line_height":0,"ocean_menu_typo_line_height_tablet":0,"ocean_menu_typo_line_height_mobile":0,"ocean_menu_typo_line_height_unit":"","ocean_menu_typo_spacing":0,"ocean_menu_typo_spacing_tablet":0,"ocean_menu_typo_spacing_mobile":0,"ocean_menu_typo_spacing_unit":"","ocean_menu_link_color":"","ocean_menu_link_color_hover":"","ocean_menu_link_color_active":"","ocean_menu_link_background":"","ocean_menu_link_hover_background":"","ocean_menu_link_active_background":"","ocean_menu_social_links_bg":"","ocean_menu_social_hover_links_bg":"","ocean_menu_social_links_color":"","ocean_menu_social_hover_links_color":"","ocean_disable_title":"default","ocean_disable_heading":"default","ocean_post_title":"","ocean_post_subheading":"","ocean_post_title_style":"background-image","ocean_post_title_background_color":"","ocean_post_title_background":8437,"ocean_post_title_bg_image_position":"","ocean_post_title_bg_image_attachment":"","ocean_post_title_bg_image_repeat":"","ocean_post_title_bg_image_size":"","ocean_post_title_height":0,"ocean_post_title_bg_overlay":0.5,"ocean_post_title_bg_overlay_color":"","ocean_disable_breadcrumbs":"default","ocean_breadcrumbs_color":"","ocean_breadcrumbs_separator_color":"","ocean_breadcrumbs_links_color":"","ocean_breadcrumbs_links_hover_color":"","ocean_display_footer_widgets":"default","ocean_display_footer_bottom":"default","ocean_custom_footer_template":"0","omw_enable_modal_window":"enable","osh_disable_topbar_sticky":"default","osh_disable_header_sticky":"default","osh_sticky_header_style":"default","osh_sticky_header_effect":"","osh_custom_sticky_logo":0,"osh_custom_retina_sticky_logo":0,"osh_custom_sticky_logo_height":0,"osh_background_color":"","osh_links_color":"","osh_links_hover_color":"","osh_links_active_color":"","osh_links_bg_color":"","osh_links_hover_bg_color":"","osh_links_active_bg_color":"","osh_menu_social_links_color":"","osh_menu_social_hover_links_color":""},"ort":[312,345,316,369,336,344,357,343],"sichtbarkeit":[],"templateoption":[179],"product_brand":[],"product_cat":[182],"product_tag":[],"class_list":{"0":"post-8435","1":"product","2":"type-product","3":"status-publish","4":"has-post-thumbnail","6":"ort-cala-dor","7":"ort-cala-ferrera","8":"ort-cala-mandia","9":"ort-cala-romantica","10":"ort-calas-de-mallorca","11":"ort-porto-colom","12":"ort-porto-cristo","13":"ort-porto-petro","14":"templateoption-dertrip-bc","15":"product_cat-ausfluege","17":"entry","18":"has-media","20":"first","21":"instock","22":"virtual","23":"purchasable","24":"product-type-simple","25":"has-product-nav","26":"col","27":"span_1_of_3","28":"owp-content-center","29":"owp-thumbs-layout-horizontal","30":"owp-btn-normal","31":"owp-tabs-layout-section","32":"has-no-thumbnails"},"acf":[],"_links":{"self":[{"href":"https:\/\/www.dertour-reiseleitung.com\/mallorca\/wp-json\/wp\/v2\/product\/8435","targetHints":{"allow":["GET"]}}],"collection":[{"href":"https:\/\/www.dertour-reiseleitung.com\/mallorca\/wp-json\/wp\/v2\/product"}],"about":[{"href":"https:\/\/www.dertour-reiseleitung.com\/mallorca\/wp-json\/wp\/v2\/types\/product"}],"version-history":[{"count":9,"href":"https:\/\/www.dertour-reiseleitung.com\/mallorca\/wp-json\/wp\/v2\/product\/8435\/revisions"}],"predecessor-version":[{"id":14904,"href":"https:\/\/www.dertour-reiseleitung.com\/mallorca\/wp-json\/wp\/v2\/product\/8435\/revisions\/14904"}],"wp:featuredmedia":[{"embeddable":true,"href":"https:\/\/www.dertour-reiseleitung.com\/mallorca\/wp-json\/wp\/v2\/media\/8436"}],"wp:attachment":[{"href":"https:\/\/www.dertour-reiseleitung.com\/mallorca\/wp-json\/wp\/v2\/media?parent=8435"}],"wp:term":[{"taxonomy":"ort","embeddable":true,"href":"https:\/\/www.dertour-reiseleitung.com\/mallorca\/wp-json\/wp\/v2\/ort?post=8435"},{"taxonomy":"sichtbarkeit","embeddable":true,"href":"https:\/\/www.dertour-reiseleitung.com\/mallorca\/wp-json\/wp\/v2\/sichtbarkeit?post=8435"},{"taxonomy":"templateoption","embeddable":true,"href":"https:\/\/www.dertour-reiseleitung.com\/mallorca\/wp-json\/wp\/v2\/templateoption?post=8435"},{"taxonomy":"product_brand","embeddable":true,"href":"https:\/\/www.dertour-reiseleitung.com\/mallorca\/wp-json\/wp\/v2\/product_brand?post=8435"},{"taxonomy":"product_cat","embeddable":true,"href":"https:\/\/www.dertour-reiseleitung.com\/mallorca\/wp-json\/wp\/v2\/product_cat?post=8435"},{"taxonomy":"product_tag","embeddable":true,"href":"https:\/\/www.dertour-reiseleitung.com\/mallorca\/wp-json\/wp\/v2\/product_tag?post=8435"}],"curies":[{"name":"wp","href":"https:\/\/api.w.org\/{rel}","templated":true}]}}