{"id":8444,"date":"2025-03-05T18:04:18","date_gmt":"2025-03-05T17:04:18","guid":{"rendered":"https:\/\/rldev.dts.dmcit.tech\/mallorca\/aktivitaeten\/formentor-xperience-und-markt-alcudia\/"},"modified":"2026-03-27T17:19:47","modified_gmt":"2026-03-27T15:19:47","slug":"formentor-xperience-und-markt-alcudia-dds-018-1","status":"publish","type":"product","link":"https:\/\/www.dertour-reiseleitung.com\/mallorca\/aktivitaeten\/formentor-xperience-und-markt-alcudia-dds-018-1\/","title":{"rendered":"Formentor Xperience und Markt Alcudia"},"content":{"rendered":"<h3>Zum Cap de Formentor und einem der sch\u00f6nsten Wochenm\u00e4rkte der Insel<\/h3>\n<p>Diese Tour bringt sie direkt in das traditionelle Mallorca und in den hohen Norden der Insel. Hinter der alten Stadtmauer von Alcudia \u2013 im historischen Stadtkern \u2013 findet dienstags und sonntags der traditionelle Wochenmarkt statt. Erleben Sie eine bunte Mischung aus Obst und Gem\u00fcse, Souvenirs und allem, was der mallorquinische Haushalt ben\u00f6tigt. Lebensmittelpreise sind fix, bei allem anderen sollten Sie unbedingt handeln! Machen Sie es wie die Mallorquiner und kehren Sie nach dem Marktbesuch auf einen Caf\u00e9 con leche in eine der vielen Marktkneipen ein!<\/p>\n<p>Am Nachmittag geht es weiter in Richtung Norden. Eine 30-min\u00fctige Bootsfahrt bringt Sie von Puerto Pollensa zum Strand von Formentor. Hier genie\u00dfen Sie eine Pause zum Baden und Entspannen, bis es dann zur Panoramafahrt auf das Cap Formentor geht. Highlight dieser Tour ist der Fotostopp an einem der sch\u00f6nsten Aussichtspunkte der Insel: Es Colomer. <span data-olk-copy-source=\"MessageBody\">Der Fotostopp ist nur anfahrbar, wenn es freie Parkpl\u00e4tze gibt. Sollten keine freien Parkpl\u00e4tze verf\u00fcgbar sein, wird dieser ausgelassen und es geht direkt zum Strand.<\/span><\/p>\n<p>Vielfalt, die immer wieder \u00fcberrascht!<\/p>\n<p><strong>Ausflugsveranstalter:<\/strong> Go Vacation Spain SLU, CIF: B-57828360<\/p>\n","protected":false},"excerpt":{"rendered":"<p>Zum Cap de Formentor und einem der sch\u00f6nsten Wochenm\u00e4rkte der Insel Diese Tour bringt sie direkt in das traditionelle Mallorca und in den hohen Norden der Insel. Hinter der alten Stadtmauer von Alcudia \u2013 im historischen Stadtkern \u2013 findet dienstags und sonntags der traditionelle Wochenmarkt statt. Erleben Sie eine bunte Mischung aus Obst und Gem\u00fcse, [&hellip;]<\/p>\n","protected":false},"featured_media":8445,"template":"","meta":{"_acf_changed":false,"ocean_post_layout":"","ocean_both_sidebars_style":"","ocean_both_sidebars_content_width":0,"ocean_both_sidebars_sidebars_width":0,"ocean_sidebar":"0","ocean_second_sidebar":"0","ocean_disable_margins":"enable","ocean_add_body_class":"","ocean_shortcode_before_top_bar":"","ocean_shortcode_after_top_bar":"","ocean_shortcode_before_header":"","ocean_shortcode_after_header":"","ocean_has_shortcode":"","ocean_shortcode_after_title":"","ocean_shortcode_before_footer_widgets":"","ocean_shortcode_after_footer_widgets":"","ocean_shortcode_before_footer_bottom":"","ocean_shortcode_after_footer_bottom":"","ocean_display_top_bar":"default","ocean_display_header":"default","ocean_header_style":"","ocean_center_header_left_menu":"0","ocean_custom_header_template":"0","ocean_custom_logo":0,"ocean_custom_retina_logo":0,"ocean_custom_logo_max_width":0,"ocean_custom_logo_tablet_max_width":0,"ocean_custom_logo_mobile_max_width":0,"ocean_custom_logo_max_height":0,"ocean_custom_logo_tablet_max_height":0,"ocean_custom_logo_mobile_max_height":0,"ocean_header_custom_menu":"0","ocean_menu_typo_font_family":"0","ocean_menu_typo_font_subset":"","ocean_menu_typo_font_size":0,"ocean_menu_typo_font_size_tablet":0,"ocean_menu_typo_font_size_mobile":0,"ocean_menu_typo_font_size_unit":"px","ocean_menu_typo_font_weight":"","ocean_menu_typo_font_weight_tablet":"","ocean_menu_typo_font_weight_mobile":"","ocean_menu_typo_transform":"","ocean_menu_typo_transform_tablet":"","ocean_menu_typo_transform_mobile":"","ocean_menu_typo_line_height":0,"ocean_menu_typo_line_height_tablet":0,"ocean_menu_typo_line_height_mobile":0,"ocean_menu_typo_line_height_unit":"","ocean_menu_typo_spacing":0,"ocean_menu_typo_spacing_tablet":0,"ocean_menu_typo_spacing_mobile":0,"ocean_menu_typo_spacing_unit":"","ocean_menu_link_color":"","ocean_menu_link_color_hover":"","ocean_menu_link_color_active":"","ocean_menu_link_background":"","ocean_menu_link_hover_background":"","ocean_menu_link_active_background":"","ocean_menu_social_links_bg":"","ocean_menu_social_hover_links_bg":"","ocean_menu_social_links_color":"","ocean_menu_social_hover_links_color":"","ocean_disable_title":"default","ocean_disable_heading":"default","ocean_post_title":"","ocean_post_subheading":"","ocean_post_title_style":"background-image","ocean_post_title_background_color":"","ocean_post_title_background":8449,"ocean_post_title_bg_image_position":"","ocean_post_title_bg_image_attachment":"","ocean_post_title_bg_image_repeat":"","ocean_post_title_bg_image_size":"","ocean_post_title_height":0,"ocean_post_title_bg_overlay":0.5,"ocean_post_title_bg_overlay_color":"","ocean_disable_breadcrumbs":"default","ocean_breadcrumbs_color":"","ocean_breadcrumbs_separator_color":"","ocean_breadcrumbs_links_color":"","ocean_breadcrumbs_links_hover_color":"","ocean_display_footer_widgets":"default","ocean_display_footer_bottom":"default","ocean_custom_footer_template":"0","omw_enable_modal_window":"enable","osh_disable_topbar_sticky":"default","osh_disable_header_sticky":"default","osh_sticky_header_style":"default","osh_sticky_header_effect":"","osh_custom_sticky_logo":0,"osh_custom_retina_sticky_logo":0,"osh_custom_sticky_logo_height":0,"osh_background_color":"","osh_links_color":"","osh_links_hover_color":"","osh_links_active_color":"","osh_links_bg_color":"","osh_links_hover_bg_color":"","osh_links_active_bg_color":"","osh_menu_social_links_color":"","osh_menu_social_hover_links_color":""},"ort":[327,312,345,321,316,353,359,322,306,369,337,336,307,308,324,363,370,340,365,341,309,317,375,311,310,360,314,313,344,357,343,326,339,325,354,367],"sichtbarkeit":[],"templateoption":[179],"product_brand":[],"product_cat":[182],"product_tag":[],"class_list":{"0":"post-8444","1":"product","2":"type-product","3":"status-publish","4":"has-post-thumbnail","6":"ort-cala-bona","7":"ort-cala-dor","8":"ort-cala-ferrera","9":"ort-cala-fornells","10":"ort-cala-mandia","11":"ort-cala-mayor","12":"ort-cala-mesquida","13":"ort-cala-millor","14":"ort-cala-ratjada","15":"ort-cala-romantica","16":"ort-cala-vinas","17":"ort-calas-de-mallorca","18":"ort-camp-de-mar","19":"ort-can-pastilla","20":"ort-canyamel","21":"ort-cas-catala","22":"ort-costa-de-la-calma","23":"ort-costa-de-los-pinos","24":"ort-costa-den-blanes","25":"ort-el-arenal","26":"ort-font-de-sa-cala","27":"ort-illetas","28":"ort-magaluf","29":"ort-paguera","30":"ort-palma-de-mallorca","31":"ort-palmanova","32":"ort-playa-de-palma","33":"ort-portals-nous","34":"ort-porto-colom","35":"ort-porto-cristo","36":"ort-porto-petro","37":"ort-sa-coma","38":"ort-santa-ponsa","39":"ort-sillot","40":"ort-son-caliu","41":"ort-torrenova","42":"templateoption-dertrip-bc","43":"product_cat-ausfluege","45":"entry","46":"has-media","48":"first","49":"instock","50":"virtual","51":"purchasable","52":"product-type-simple","53":"has-product-nav","54":"col","55":"span_1_of_3","56":"owp-content-center","57":"owp-thumbs-layout-horizontal","58":"owp-btn-normal","59":"owp-tabs-layout-section"},"acf":[],"_links":{"self":[{"href":"https:\/\/www.dertour-reiseleitung.com\/mallorca\/wp-json\/wp\/v2\/product\/8444","targetHints":{"allow":["GET"]}}],"collection":[{"href":"https:\/\/www.dertour-reiseleitung.com\/mallorca\/wp-json\/wp\/v2\/product"}],"about":[{"href":"https:\/\/www.dertour-reiseleitung.com\/mallorca\/wp-json\/wp\/v2\/types\/product"}],"version-history":[{"count":8,"href":"https:\/\/www.dertour-reiseleitung.com\/mallorca\/wp-json\/wp\/v2\/product\/8444\/revisions"}],"predecessor-version":[{"id":15076,"href":"https:\/\/www.dertour-reiseleitung.com\/mallorca\/wp-json\/wp\/v2\/product\/8444\/revisions\/15076"}],"wp:featuredmedia":[{"embeddable":true,"href":"https:\/\/www.dertour-reiseleitung.com\/mallorca\/wp-json\/wp\/v2\/media\/8445"}],"wp:attachment":[{"href":"https:\/\/www.dertour-reiseleitung.com\/mallorca\/wp-json\/wp\/v2\/media?parent=8444"}],"wp:term":[{"taxonomy":"ort","embeddable":true,"href":"https:\/\/www.dertour-reiseleitung.com\/mallorca\/wp-json\/wp\/v2\/ort?post=8444"},{"taxonomy":"sichtbarkeit","embeddable":true,"href":"https:\/\/www.dertour-reiseleitung.com\/mallorca\/wp-json\/wp\/v2\/sichtbarkeit?post=8444"},{"taxonomy":"templateoption","embeddable":true,"href":"https:\/\/www.dertour-reiseleitung.com\/mallorca\/wp-json\/wp\/v2\/templateoption?post=8444"},{"taxonomy":"product_brand","embeddable":true,"href":"https:\/\/www.dertour-reiseleitung.com\/mallorca\/wp-json\/wp\/v2\/product_brand?post=8444"},{"taxonomy":"product_cat","embeddable":true,"href":"https:\/\/www.dertour-reiseleitung.com\/mallorca\/wp-json\/wp\/v2\/product_cat?post=8444"},{"taxonomy":"product_tag","embeddable":true,"href":"https:\/\/www.dertour-reiseleitung.com\/mallorca\/wp-json\/wp\/v2\/product_tag?post=8444"}],"curies":[{"name":"wp","href":"https:\/\/api.w.org\/{rel}","templated":true}]}}