{"id":8470,"date":"2025-03-05T18:04:18","date_gmt":"2025-03-05T17:04:18","guid":{"rendered":"https:\/\/rldev.dts.dmcit.tech\/mallorca\/aktivitaeten\/palma-aquarium-inkl-transfer-ab-sueden\/"},"modified":"2026-03-13T14:10:37","modified_gmt":"2026-03-13T12:10:37","slug":"palma-aquarium-dds-025-3","status":"publish","type":"product","link":"https:\/\/www.dertour-reiseleitung.com\/mallorca\/aktivitaeten\/palma-aquarium-dds-025-3\/","title":{"rendered":"Palma Aquarium"},"content":{"rendered":"<h3>Einer der sch\u00f6nsten Meeresparks weltweit<\/h3>\n<p>Wie viele Z\u00e4hne hat ein wei\u00dfer Hai? Wie alt werden Schildkr\u00f6ten? Gibt es Nemo wirklich? Fragen \u00fcber Fragen, auf die Sie im Palma Aquarium die Antworten finden.<\/p>\n<p>Begeben Sie sich auf eine Entdeckungsreise durch die Jahrhunderte mit mehr als 8.000 Meeresbewohnern in insgesamt 55 Aquarien. Mittels eines Touchscreens rufen Sie interaktiv alle Informationen zu den Aquarien ab. Vor der Panoramascheibe des Big Blue (Aquadome), dem tiefsten Aquarium Europas, stehen Sie Auge in Auge mit Haifischen und Rochen. Im transparenten Tunnel sind Sie umringt von Hunderten von Schwarmfischen. Bestaunen Sie die atemberaubende Korallenvielfalt und machen Sie sich auf die Suche nach Nemo \u2013 dem ber\u00fchmten Clownfisch.<\/p>\n<p>Lust auf Abenteuer? Im Touch-Pool gibt es lebende Rochen, Seegurken und andere Fische zum Greifen nah \u2013 wer traut sich? Kinder werden hier zu Piraten und k\u00f6nnen auf einem Piratenschiff die Weltmeere erobern. Auf den Spuren von Indiana Jones Dschungelpfaden folgen, an Wasserf\u00e4llen vorbei bis zu den Mangrovenw\u00e4ldern und deren Unterwasserwelt. Das Palma Aquarium er\u00f6ffnet Ihnen neue Welten, Sie werden nie wieder auftauchen wollen.<\/p>\n<p>F\u00fcr Landratten, Wasserm\u00e4nner &amp; Meerjungfrauen!<\/p>\n<p><strong>Hinweis:<\/strong> Buchen Sie Ihr Ticket \u00fcber diese Website oder bei Ihrer DERTOUR Group Reiseleitung und profitieren Sie von 10% Rabatt im Restaurant und Shop des Palma Aquariums!<\/p>\n<p><strong>Ausflugsveranstalter:<\/strong> Go Vacation Spain SLU, CIF: B-57828360<\/p>\n","protected":false},"excerpt":{"rendered":"<p>Einer der sch\u00f6nsten Meeresparks weltweit Wie viele Z\u00e4hne hat ein wei\u00dfer Hai? Wie alt werden Schildkr\u00f6ten? Gibt es Nemo wirklich? Fragen \u00fcber Fragen, auf die Sie im Palma Aquarium die Antworten finden. Begeben Sie sich auf eine Entdeckungsreise durch die Jahrhunderte mit mehr als 8.000 Meeresbewohnern in insgesamt 55 Aquarien. Mittels eines Touchscreens rufen Sie [&hellip;]<\/p>\n","protected":false},"featured_media":8471,"template":"","meta":{"_acf_changed":false,"ocean_post_layout":"","ocean_both_sidebars_style":"","ocean_both_sidebars_content_width":0,"ocean_both_sidebars_sidebars_width":0,"ocean_sidebar":"0","ocean_second_sidebar":"0","ocean_disable_margins":"enable","ocean_add_body_class":"","ocean_shortcode_before_top_bar":"","ocean_shortcode_after_top_bar":"","ocean_shortcode_before_header":"","ocean_shortcode_after_header":"","ocean_has_shortcode":"","ocean_shortcode_after_title":"","ocean_shortcode_before_footer_widgets":"","ocean_shortcode_after_footer_widgets":"","ocean_shortcode_before_footer_bottom":"","ocean_shortcode_after_footer_bottom":"","ocean_display_top_bar":"default","ocean_display_header":"default","ocean_header_style":"","ocean_center_header_left_menu":"0","ocean_custom_header_template":"0","ocean_custom_logo":0,"ocean_custom_retina_logo":0,"ocean_custom_logo_max_width":0,"ocean_custom_logo_tablet_max_width":0,"ocean_custom_logo_mobile_max_width":0,"ocean_custom_logo_max_height":0,"ocean_custom_logo_tablet_max_height":0,"ocean_custom_logo_mobile_max_height":0,"ocean_header_custom_menu":"0","ocean_menu_typo_font_family":"0","ocean_menu_typo_font_subset":"","ocean_menu_typo_font_size":0,"ocean_menu_typo_font_size_tablet":0,"ocean_menu_typo_font_size_mobile":0,"ocean_menu_typo_font_size_unit":"px","ocean_menu_typo_font_weight":"","ocean_menu_typo_font_weight_tablet":"","ocean_menu_typo_font_weight_mobile":"","ocean_menu_typo_transform":"","ocean_menu_typo_transform_tablet":"","ocean_menu_typo_transform_mobile":"","ocean_menu_typo_line_height":0,"ocean_menu_typo_line_height_tablet":0,"ocean_menu_typo_line_height_mobile":0,"ocean_menu_typo_line_height_unit":"","ocean_menu_typo_spacing":0,"ocean_menu_typo_spacing_tablet":0,"ocean_menu_typo_spacing_mobile":0,"ocean_menu_typo_spacing_unit":"","ocean_menu_link_color":"","ocean_menu_link_color_hover":"","ocean_menu_link_color_active":"","ocean_menu_link_background":"","ocean_menu_link_hover_background":"","ocean_menu_link_active_background":"","ocean_menu_social_links_bg":"","ocean_menu_social_hover_links_bg":"","ocean_menu_social_links_color":"","ocean_menu_social_hover_links_color":"","ocean_disable_title":"default","ocean_disable_heading":"default","ocean_post_title":"","ocean_post_subheading":"","ocean_post_title_style":"background-image","ocean_post_title_background_color":"","ocean_post_title_background":8472,"ocean_post_title_bg_image_position":"","ocean_post_title_bg_image_attachment":"","ocean_post_title_bg_image_repeat":"","ocean_post_title_bg_image_size":"","ocean_post_title_height":0,"ocean_post_title_bg_overlay":0.5,"ocean_post_title_bg_overlay_color":"","ocean_disable_breadcrumbs":"default","ocean_breadcrumbs_color":"","ocean_breadcrumbs_separator_color":"","ocean_breadcrumbs_links_color":"","ocean_breadcrumbs_links_hover_color":"","ocean_display_footer_widgets":"default","ocean_display_footer_bottom":"default","ocean_custom_footer_template":"0","omw_enable_modal_window":"enable","osh_disable_topbar_sticky":"default","osh_disable_header_sticky":"default","osh_sticky_header_style":"default","osh_sticky_header_effect":"","osh_custom_sticky_logo":0,"osh_custom_retina_sticky_logo":0,"osh_custom_sticky_logo_height":0,"osh_background_color":"","osh_links_color":"","osh_links_hover_color":"","osh_links_active_color":"","osh_links_bg_color":"","osh_links_hover_bg_color":"","osh_links_active_bg_color":"","osh_menu_social_links_color":"","osh_menu_social_hover_links_color":""},"ort":[321,353,337,307,370,365,375,311,360,339,367],"sichtbarkeit":[],"templateoption":[177],"product_brand":[],"product_cat":[182],"product_tag":[],"class_list":{"0":"post-8470","1":"product","2":"type-product","3":"status-publish","4":"has-post-thumbnail","6":"ort-cala-fornells","7":"ort-cala-mayor","8":"ort-cala-vinas","9":"ort-camp-de-mar","10":"ort-costa-de-la-calma","11":"ort-costa-den-blanes","12":"ort-magaluf","13":"ort-paguera","14":"ort-palmanova","15":"ort-santa-ponsa","16":"ort-torrenova","17":"templateoption-dds","18":"product_cat-ausfluege","20":"entry","21":"has-media","23":"first","24":"instock","25":"virtual","26":"purchasable","27":"product-type-simple","28":"has-product-nav","29":"col","30":"span_1_of_3","31":"owp-content-center","32":"owp-thumbs-layout-horizontal","33":"owp-btn-normal","34":"owp-tabs-layout-section","35":"has-no-thumbnails"},"acf":[],"_links":{"self":[{"href":"https:\/\/www.dertour-reiseleitung.com\/mallorca\/wp-json\/wp\/v2\/product\/8470","targetHints":{"allow":["GET"]}}],"collection":[{"href":"https:\/\/www.dertour-reiseleitung.com\/mallorca\/wp-json\/wp\/v2\/product"}],"about":[{"href":"https:\/\/www.dertour-reiseleitung.com\/mallorca\/wp-json\/wp\/v2\/types\/product"}],"version-history":[{"count":9,"href":"https:\/\/www.dertour-reiseleitung.com\/mallorca\/wp-json\/wp\/v2\/product\/8470\/revisions"}],"predecessor-version":[{"id":15083,"href":"https:\/\/www.dertour-reiseleitung.com\/mallorca\/wp-json\/wp\/v2\/product\/8470\/revisions\/15083"}],"wp:featuredmedia":[{"embeddable":true,"href":"https:\/\/www.dertour-reiseleitung.com\/mallorca\/wp-json\/wp\/v2\/media\/8471"}],"wp:attachment":[{"href":"https:\/\/www.dertour-reiseleitung.com\/mallorca\/wp-json\/wp\/v2\/media?parent=8470"}],"wp:term":[{"taxonomy":"ort","embeddable":true,"href":"https:\/\/www.dertour-reiseleitung.com\/mallorca\/wp-json\/wp\/v2\/ort?post=8470"},{"taxonomy":"sichtbarkeit","embeddable":true,"href":"https:\/\/www.dertour-reiseleitung.com\/mallorca\/wp-json\/wp\/v2\/sichtbarkeit?post=8470"},{"taxonomy":"templateoption","embeddable":true,"href":"https:\/\/www.dertour-reiseleitung.com\/mallorca\/wp-json\/wp\/v2\/templateoption?post=8470"},{"taxonomy":"product_brand","embeddable":true,"href":"https:\/\/www.dertour-reiseleitung.com\/mallorca\/wp-json\/wp\/v2\/product_brand?post=8470"},{"taxonomy":"product_cat","embeddable":true,"href":"https:\/\/www.dertour-reiseleitung.com\/mallorca\/wp-json\/wp\/v2\/product_cat?post=8470"},{"taxonomy":"product_tag","embeddable":true,"href":"https:\/\/www.dertour-reiseleitung.com\/mallorca\/wp-json\/wp\/v2\/product_tag?post=8470"}],"curies":[{"name":"wp","href":"https:\/\/api.w.org\/{rel}","templated":true}]}}