{"id":8521,"date":"2025-03-05T18:07:31","date_gmt":"2025-03-05T17:07:31","guid":{"rendered":"https:\/\/rldev.dts.dmcit.tech\/mallorca\/aktivitaeten\/citysightseeing-bus-eintrittskarte\/"},"modified":"2026-04-10T13:48:21","modified_gmt":"2026-04-10T11:48:21","slug":"citysightseeing-bus-iconic-dds-012-1","status":"publish","type":"product","link":"https:\/\/www.dertour-reiseleitung.com\/mallorca\/aktivitaeten\/citysightseeing-bus-iconic-dds-012-1\/","title":{"rendered":"Citysightseeing Bus Iconic"},"content":{"rendered":"<p>Palma bietet eine gute Mischung aus Geschichte, Kultur und Nachtleben. Sie fahren durch das faszinierende Zentrum, wo sie die Sch\u00f6nheit der engen Gassen und der alten Geb\u00e4ude bewundern k\u00f6nnen. Fahren Sie auf zwei Busrouten mit 20 Haltestellen und vielen Informationen \u00fcber Audioguides in acht Sprachen.<\/p>\n<p>Einfach am Antoni Maura in einen der 360\u00b0 Panoramablick Busse steigen, und los geht&#8217;s!<\/p>\n<p><strong>Ausflugsveranstalter:<\/strong> Go Vacation Spain SLU, CIF: B-57828360<\/p>\n","protected":false},"excerpt":{"rendered":"<p>Palma bietet eine gute Mischung aus Geschichte, Kultur und Nachtleben. Sie fahren durch das faszinierende Zentrum, wo sie die Sch\u00f6nheit der engen Gassen und der alten Geb\u00e4ude bewundern k\u00f6nnen. Fahren Sie auf zwei Busrouten mit 20 Haltestellen und vielen Informationen \u00fcber Audioguides in acht Sprachen. Einfach am Antoni Maura in einen der 360\u00b0 Panoramablick Busse [&hellip;]<\/p>\n","protected":false},"featured_media":8522,"template":"","meta":{"_acf_changed":false,"ocean_post_layout":"","ocean_both_sidebars_style":"","ocean_both_sidebars_content_width":0,"ocean_both_sidebars_sidebars_width":0,"ocean_sidebar":"0","ocean_second_sidebar":"0","ocean_disable_margins":"enable","ocean_add_body_class":"","ocean_shortcode_before_top_bar":"","ocean_shortcode_after_top_bar":"","ocean_shortcode_before_header":"","ocean_shortcode_after_header":"","ocean_has_shortcode":"","ocean_shortcode_after_title":"","ocean_shortcode_before_footer_widgets":"","ocean_shortcode_after_footer_widgets":"","ocean_shortcode_before_footer_bottom":"","ocean_shortcode_after_footer_bottom":"","ocean_display_top_bar":"default","ocean_display_header":"default","ocean_header_style":"","ocean_center_header_left_menu":"0","ocean_custom_header_template":"0","ocean_custom_logo":0,"ocean_custom_retina_logo":0,"ocean_custom_logo_max_width":0,"ocean_custom_logo_tablet_max_width":0,"ocean_custom_logo_mobile_max_width":0,"ocean_custom_logo_max_height":0,"ocean_custom_logo_tablet_max_height":0,"ocean_custom_logo_mobile_max_height":0,"ocean_header_custom_menu":"0","ocean_menu_typo_font_family":"0","ocean_menu_typo_font_subset":"","ocean_menu_typo_font_size":0,"ocean_menu_typo_font_size_tablet":0,"ocean_menu_typo_font_size_mobile":0,"ocean_menu_typo_font_size_unit":"px","ocean_menu_typo_font_weight":"","ocean_menu_typo_font_weight_tablet":"","ocean_menu_typo_font_weight_mobile":"","ocean_menu_typo_transform":"","ocean_menu_typo_transform_tablet":"","ocean_menu_typo_transform_mobile":"","ocean_menu_typo_line_height":0,"ocean_menu_typo_line_height_tablet":0,"ocean_menu_typo_line_height_mobile":0,"ocean_menu_typo_line_height_unit":"","ocean_menu_typo_spacing":0,"ocean_menu_typo_spacing_tablet":0,"ocean_menu_typo_spacing_mobile":0,"ocean_menu_typo_spacing_unit":"","ocean_menu_link_color":"","ocean_menu_link_color_hover":"","ocean_menu_link_color_active":"","ocean_menu_link_background":"","ocean_menu_link_hover_background":"","ocean_menu_link_active_background":"","ocean_menu_social_links_bg":"","ocean_menu_social_hover_links_bg":"","ocean_menu_social_links_color":"","ocean_menu_social_hover_links_color":"","ocean_disable_title":"default","ocean_disable_heading":"default","ocean_post_title":"","ocean_post_subheading":"","ocean_post_title_style":"background-image","ocean_post_title_background_color":"","ocean_post_title_background":8525,"ocean_post_title_bg_image_position":"","ocean_post_title_bg_image_attachment":"","ocean_post_title_bg_image_repeat":"","ocean_post_title_bg_image_size":"","ocean_post_title_height":0,"ocean_post_title_bg_overlay":0.5,"ocean_post_title_bg_overlay_color":"","ocean_disable_breadcrumbs":"default","ocean_breadcrumbs_color":"","ocean_breadcrumbs_separator_color":"","ocean_breadcrumbs_links_color":"","ocean_breadcrumbs_links_hover_color":"","ocean_display_footer_widgets":"default","ocean_display_footer_bottom":"default","ocean_custom_footer_template":"0","omw_enable_modal_window":"enable","osh_disable_topbar_sticky":"default","osh_disable_header_sticky":"default","osh_sticky_header_style":"default","osh_sticky_header_effect":"","osh_custom_sticky_logo":0,"osh_custom_retina_sticky_logo":0,"osh_custom_sticky_logo_height":0,"osh_background_color":"","osh_links_color":"","osh_links_hover_color":"","osh_links_active_color":"","osh_links_bg_color":"","osh_links_hover_bg_color":"","osh_links_active_bg_color":"","osh_menu_social_links_color":"","osh_menu_social_hover_links_color":""},"ort":[327,312,345,321,316,353,359,322,306,369,338,346,337,336,307,308,319,324,363,315,370,340,365,341,364,309,317,335,375,311,310,360,318,314,313,344,357,343,305,320,342,326,339,325,354,367],"sichtbarkeit":[],"templateoption":[179],"product_brand":[],"product_cat":[183],"product_tag":[],"class_list":{"0":"post-8521","1":"product","2":"type-product","3":"status-publish","4":"has-post-thumbnail","6":"ort-cala-bona","7":"ort-cala-dor","8":"ort-cala-ferrera","9":"ort-cala-fornells","10":"ort-cala-mandia","11":"ort-cala-mayor","12":"ort-cala-mesquida","13":"ort-cala-millor","14":"ort-cala-ratjada","15":"ort-cala-romantica","16":"ort-cala-san-vicente","17":"ort-cala-santanyi","18":"ort-cala-vinas","19":"ort-calas-de-mallorca","20":"ort-camp-de-mar","21":"ort-can-pastilla","22":"ort-can-picafort","23":"ort-canyamel","24":"ort-cas-catala","25":"ort-colonia-sant-jordi","26":"ort-costa-de-la-calma","27":"ort-costa-de-los-pinos","28":"ort-costa-den-blanes","29":"ort-el-arenal","30":"ort-el-toro","31":"ort-font-de-sa-cala","32":"ort-illetas","33":"ort-llucmajor","34":"ort-magaluf","35":"ort-paguera","36":"ort-palma-de-mallorca","37":"ort-palmanova","38":"ort-playa-de-muro","39":"ort-playa-de-palma","40":"ort-portals-nous","41":"ort-porto-colom","42":"ort-porto-cristo","43":"ort-porto-petro","44":"ort-puerto-alcudia","45":"ort-puerto-de-andratx","46":"ort-puerto-de-pollensa","47":"ort-sa-coma","48":"ort-santa-ponsa","49":"ort-sillot","50":"ort-son-caliu","51":"ort-torrenova","52":"templateoption-dertrip-bc","53":"product_cat-eintrittskarten","55":"entry","56":"has-media","58":"first","59":"instock","60":"virtual","61":"purchasable","62":"product-type-simple","63":"has-product-nav","64":"col","65":"span_1_of_3","66":"owp-content-center","67":"owp-thumbs-layout-horizontal","68":"owp-btn-normal","69":"owp-tabs-layout-section"},"acf":[],"_links":{"self":[{"href":"https:\/\/www.dertour-reiseleitung.com\/mallorca\/wp-json\/wp\/v2\/product\/8521","targetHints":{"allow":["GET"]}}],"collection":[{"href":"https:\/\/www.dertour-reiseleitung.com\/mallorca\/wp-json\/wp\/v2\/product"}],"about":[{"href":"https:\/\/www.dertour-reiseleitung.com\/mallorca\/wp-json\/wp\/v2\/types\/product"}],"version-history":[{"count":10,"href":"https:\/\/www.dertour-reiseleitung.com\/mallorca\/wp-json\/wp\/v2\/product\/8521\/revisions"}],"predecessor-version":[{"id":15551,"href":"https:\/\/www.dertour-reiseleitung.com\/mallorca\/wp-json\/wp\/v2\/product\/8521\/revisions\/15551"}],"wp:featuredmedia":[{"embeddable":true,"href":"https:\/\/www.dertour-reiseleitung.com\/mallorca\/wp-json\/wp\/v2\/media\/8522"}],"wp:attachment":[{"href":"https:\/\/www.dertour-reiseleitung.com\/mallorca\/wp-json\/wp\/v2\/media?parent=8521"}],"wp:term":[{"taxonomy":"ort","embeddable":true,"href":"https:\/\/www.dertour-reiseleitung.com\/mallorca\/wp-json\/wp\/v2\/ort?post=8521"},{"taxonomy":"sichtbarkeit","embeddable":true,"href":"https:\/\/www.dertour-reiseleitung.com\/mallorca\/wp-json\/wp\/v2\/sichtbarkeit?post=8521"},{"taxonomy":"templateoption","embeddable":true,"href":"https:\/\/www.dertour-reiseleitung.com\/mallorca\/wp-json\/wp\/v2\/templateoption?post=8521"},{"taxonomy":"product_brand","embeddable":true,"href":"https:\/\/www.dertour-reiseleitung.com\/mallorca\/wp-json\/wp\/v2\/product_brand?post=8521"},{"taxonomy":"product_cat","embeddable":true,"href":"https:\/\/www.dertour-reiseleitung.com\/mallorca\/wp-json\/wp\/v2\/product_cat?post=8521"},{"taxonomy":"product_tag","embeddable":true,"href":"https:\/\/www.dertour-reiseleitung.com\/mallorca\/wp-json\/wp\/v2\/product_tag?post=8521"}],"curies":[{"name":"wp","href":"https:\/\/api.w.org\/{rel}","templated":true}]}}