{"id":8631,"date":"2025-03-05T18:12:00","date_gmt":"2025-03-05T17:12:00","guid":{"rendered":"https:\/\/rldev.dts.dmcit.tech\/mallorca\/aktivitaeten\/city-xperience-palma-ballermann-ab-sueden\/"},"modified":"2025-10-31T11:34:15","modified_gmt":"2025-10-31T09:34:15","slug":"city-xperience-palma-ballermann-dds-009-3","status":"publish","type":"product","link":"https:\/\/www.dertour-reiseleitung.com\/mallorca\/aktivitaeten\/city-xperience-palma-ballermann-dds-009-3\/","title":{"rendered":"City Xperience Palma &amp; Ballermann"},"content":{"rendered":"<h3>Von der Hauptstadt bis zur Partyhochburg<\/h3>\n<p>Bei der Ankunft in Palma begeben sie sich zuerst auf eine ca. 15-min\u00fctige Panoramatour. Sie sehen die sch\u00f6nsten Winkel Palmas (Paseo Maritimo, Jaime III, Castell de Bellver und Allee des Borne).<\/p>\n<p>Anschlie\u00dfend genie\u00dfen Sie die Stadt in eigener Regie &#8211; ob Shoppen, Kultur oder einfach im Stra\u00dfencaf\u00e9 beim \u201eCaf\u00e9 con leche\u201c den Puls der Stadt sp\u00fcren.<\/p>\n<p>Am Nachmittag erwartet Sie das Kontrastprogramm. Von der mond\u00e4nen Metropole am Mittelmeer wechseln Sie an die Playa de Palma. F\u00fcr manche die sch\u00f6nste Partymeile der Welt, f\u00fcr andere eine perfekte Urlaubszone mit tollem Strand und gepflegten Hotels.<\/p>\n<p>Palma vs. Ballermann \u2013 machen Sie sich Ihr eigenes Bild!<\/p>\n<p><strong>Ausflugsveranstalter:<\/strong> Go Vacation Spain SLU, CIF: B-57828360<\/p>\n","protected":false},"excerpt":{"rendered":"<p>Von der Hauptstadt bis zur Partyhochburg Bei der Ankunft in Palma begeben sie sich zuerst auf eine ca. 15-min\u00fctige Panoramatour. Sie sehen die sch\u00f6nsten Winkel Palmas (Paseo Maritimo, Jaime III, Castell de Bellver und Allee des Borne). Anschlie\u00dfend genie\u00dfen Sie die Stadt in eigener Regie &#8211; ob Shoppen, Kultur oder einfach im Stra\u00dfencaf\u00e9 beim \u201eCaf\u00e9 [&hellip;]<\/p>\n","protected":false},"featured_media":8483,"template":"","meta":{"_acf_changed":false,"ocean_post_layout":"","ocean_both_sidebars_style":"","ocean_both_sidebars_content_width":0,"ocean_both_sidebars_sidebars_width":0,"ocean_sidebar":"0","ocean_second_sidebar":"0","ocean_disable_margins":"enable","ocean_add_body_class":"","ocean_shortcode_before_top_bar":"","ocean_shortcode_after_top_bar":"","ocean_shortcode_before_header":"","ocean_shortcode_after_header":"","ocean_has_shortcode":"","ocean_shortcode_after_title":"","ocean_shortcode_before_footer_widgets":"","ocean_shortcode_after_footer_widgets":"","ocean_shortcode_before_footer_bottom":"","ocean_shortcode_after_footer_bottom":"","ocean_display_top_bar":"default","ocean_display_header":"default","ocean_header_style":"","ocean_center_header_left_menu":"0","ocean_custom_header_template":"0","ocean_custom_logo":0,"ocean_custom_retina_logo":0,"ocean_custom_logo_max_width":0,"ocean_custom_logo_tablet_max_width":0,"ocean_custom_logo_mobile_max_width":0,"ocean_custom_logo_max_height":0,"ocean_custom_logo_tablet_max_height":0,"ocean_custom_logo_mobile_max_height":0,"ocean_header_custom_menu":"0","ocean_menu_typo_font_family":"0","ocean_menu_typo_font_subset":"","ocean_menu_typo_font_size":0,"ocean_menu_typo_font_size_tablet":0,"ocean_menu_typo_font_size_mobile":0,"ocean_menu_typo_font_size_unit":"px","ocean_menu_typo_font_weight":"","ocean_menu_typo_font_weight_tablet":"","ocean_menu_typo_font_weight_mobile":"","ocean_menu_typo_transform":"","ocean_menu_typo_transform_tablet":"","ocean_menu_typo_transform_mobile":"","ocean_menu_typo_line_height":0,"ocean_menu_typo_line_height_tablet":0,"ocean_menu_typo_line_height_mobile":0,"ocean_menu_typo_line_height_unit":"","ocean_menu_typo_spacing":0,"ocean_menu_typo_spacing_tablet":0,"ocean_menu_typo_spacing_mobile":0,"ocean_menu_typo_spacing_unit":"","ocean_menu_link_color":"","ocean_menu_link_color_hover":"","ocean_menu_link_color_active":"","ocean_menu_link_background":"","ocean_menu_link_hover_background":"","ocean_menu_link_active_background":"","ocean_menu_social_links_bg":"","ocean_menu_social_hover_links_bg":"","ocean_menu_social_links_color":"","ocean_menu_social_hover_links_color":"","ocean_disable_title":"default","ocean_disable_heading":"default","ocean_post_title":"","ocean_post_subheading":"","ocean_post_title_style":"background-image","ocean_post_title_background_color":"","ocean_post_title_background":0,"ocean_post_title_bg_image_position":"","ocean_post_title_bg_image_attachment":"","ocean_post_title_bg_image_repeat":"","ocean_post_title_bg_image_size":"","ocean_post_title_height":0,"ocean_post_title_bg_overlay":0.5,"ocean_post_title_bg_overlay_color":"","ocean_disable_breadcrumbs":"default","ocean_breadcrumbs_color":"","ocean_breadcrumbs_separator_color":"","ocean_breadcrumbs_links_color":"","ocean_breadcrumbs_links_hover_color":"","ocean_display_footer_widgets":"default","ocean_display_footer_bottom":"default","ocean_custom_footer_template":"0","omw_enable_modal_window":"enable","osh_disable_topbar_sticky":"default","osh_disable_header_sticky":"default","osh_sticky_header_style":"default","osh_sticky_header_effect":"","osh_custom_sticky_logo":0,"osh_custom_retina_sticky_logo":0,"osh_custom_sticky_logo_height":0,"osh_background_color":"","osh_links_color":"","osh_links_hover_color":"","osh_links_active_color":"","osh_links_bg_color":"","osh_links_hover_bg_color":"","osh_links_active_bg_color":"","osh_menu_social_links_color":"","osh_menu_social_hover_links_color":""},"ort":[321,353,337,307,308,363,370,365,341,317,375,311,310,360,314,313,339,354,367],"sichtbarkeit":[],"templateoption":[177],"product_brand":[],"product_cat":[182],"product_tag":[],"class_list":{"0":"post-8631","1":"product","2":"type-product","3":"status-publish","4":"has-post-thumbnail","6":"ort-cala-fornells","7":"ort-cala-mayor","8":"ort-cala-vinas","9":"ort-camp-de-mar","10":"ort-can-pastilla","11":"ort-cas-catala","12":"ort-costa-de-la-calma","13":"ort-costa-den-blanes","14":"ort-el-arenal","15":"ort-illetas","16":"ort-magaluf","17":"ort-paguera","18":"ort-palma-de-mallorca","19":"ort-palmanova","20":"ort-playa-de-palma","21":"ort-portals-nous","22":"ort-santa-ponsa","23":"ort-son-caliu","24":"ort-torrenova","25":"templateoption-dds","26":"product_cat-ausfluege","28":"entry","29":"has-media","31":"first","32":"instock","33":"virtual","34":"purchasable","35":"product-type-simple","36":"has-product-nav","37":"col","38":"span_1_of_3","39":"owp-content-center","40":"owp-thumbs-layout-horizontal","41":"owp-btn-normal","42":"owp-tabs-layout-section"},"acf":[],"_links":{"self":[{"href":"https:\/\/www.dertour-reiseleitung.com\/mallorca\/wp-json\/wp\/v2\/product\/8631","targetHints":{"allow":["GET"]}}],"collection":[{"href":"https:\/\/www.dertour-reiseleitung.com\/mallorca\/wp-json\/wp\/v2\/product"}],"about":[{"href":"https:\/\/www.dertour-reiseleitung.com\/mallorca\/wp-json\/wp\/v2\/types\/product"}],"version-history":[{"count":7,"href":"https:\/\/www.dertour-reiseleitung.com\/mallorca\/wp-json\/wp\/v2\/product\/8631\/revisions"}],"predecessor-version":[{"id":14073,"href":"https:\/\/www.dertour-reiseleitung.com\/mallorca\/wp-json\/wp\/v2\/product\/8631\/revisions\/14073"}],"wp:featuredmedia":[{"embeddable":true,"href":"https:\/\/www.dertour-reiseleitung.com\/mallorca\/wp-json\/wp\/v2\/media\/8483"}],"wp:attachment":[{"href":"https:\/\/www.dertour-reiseleitung.com\/mallorca\/wp-json\/wp\/v2\/media?parent=8631"}],"wp:term":[{"taxonomy":"ort","embeddable":true,"href":"https:\/\/www.dertour-reiseleitung.com\/mallorca\/wp-json\/wp\/v2\/ort?post=8631"},{"taxonomy":"sichtbarkeit","embeddable":true,"href":"https:\/\/www.dertour-reiseleitung.com\/mallorca\/wp-json\/wp\/v2\/sichtbarkeit?post=8631"},{"taxonomy":"templateoption","embeddable":true,"href":"https:\/\/www.dertour-reiseleitung.com\/mallorca\/wp-json\/wp\/v2\/templateoption?post=8631"},{"taxonomy":"product_brand","embeddable":true,"href":"https:\/\/www.dertour-reiseleitung.com\/mallorca\/wp-json\/wp\/v2\/product_brand?post=8631"},{"taxonomy":"product_cat","embeddable":true,"href":"https:\/\/www.dertour-reiseleitung.com\/mallorca\/wp-json\/wp\/v2\/product_cat?post=8631"},{"taxonomy":"product_tag","embeddable":true,"href":"https:\/\/www.dertour-reiseleitung.com\/mallorca\/wp-json\/wp\/v2\/product_tag?post=8631"}],"curies":[{"name":"wp","href":"https:\/\/api.w.org\/{rel}","templated":true}]}}