{"id":8633,"date":"2025-03-05T18:12:00","date_gmt":"2025-03-05T17:12:00","guid":{"rendered":"https:\/\/rldev.dts.dmcit.tech\/mallorca\/aktivitaeten\/city-xperience-palma-ab-sueden\/"},"modified":"2026-04-10T10:27:30","modified_gmt":"2026-04-10T08:27:30","slug":"city-xperience-palma-dds-008-3","status":"publish","type":"product","link":"https:\/\/www.dertour-reiseleitung.com\/mallorca\/aktivitaeten\/city-xperience-palma-dds-008-3\/","title":{"rendered":"City Xperience Palma"},"content":{"rendered":"<h3>Die Inselhauptstadt ganz individuell erkunden<\/h3>\n<p>Die Mallorquiner sagen nur Ciutat, wenn Sie von Ihrer Inselhauptstadt Palma sprechen. Dabei gibt es \u00fcber diese typische Mittelmeerstadt sehr viel mehr zu sagen. Allein die Lage an der gro\u00dfen Bucht von Palma ist grandios.<\/p>\n<p>Die Kathedrale, eine der gr\u00f6\u00dften in Europa, ist etwas ganz Besonderes. Am Morgen, wenn das Licht durch das gro\u00dfe Rosettenfenster scheint, erleuchtet es das Innere der Kathedrale in bunten Farben. Die Altstadt mit ihren verwinkelten G\u00e4sschen und ihren schattigen Alleen l\u00e4dt zu einem Bummel ein. Entdecken Sie die vertr\u00e4umten Innenh\u00f6fe in den alten Stadtpal\u00e4sten oder besuchen Sie eines der zahlreichen Museen. Palma ist auch ein herrliches Einkaufsparadies.<\/p>\n<p>Durchst\u00f6bern Sie die mehr als 300 Schuhgesch\u00e4fte und die Boutiquen in Palmas Altstadt. Hier findet garantiert jeder etwas Passendes. Wenn dann der gro\u00dfe Hunger kommt, sind in den vielen Bars und Restaurants die Tische f\u00fcr Sie gedeckt. Wie w\u00e4re es mal mit Tapas, den typisch spanischen Spezialit\u00e4ten (nicht inklusive)?<\/p>\n<p>Palma erwartet Sie mit offenen T\u00fcren!<\/p>\n<p><strong>Ausflugsveranstalter:<\/strong> Go Vacation Spain SLU, CIF: B-57828360<\/p>\n","protected":false},"excerpt":{"rendered":"<p>Die Inselhauptstadt ganz individuell erkunden Die Mallorquiner sagen nur Ciutat, wenn Sie von Ihrer Inselhauptstadt Palma sprechen. Dabei gibt es \u00fcber diese typische Mittelmeerstadt sehr viel mehr zu sagen. Allein die Lage an der gro\u00dfen Bucht von Palma ist grandios. Die Kathedrale, eine der gr\u00f6\u00dften in Europa, ist etwas ganz Besonderes. Am Morgen, wenn das [&hellip;]<\/p>\n","protected":false},"featured_media":8425,"template":"","meta":{"_acf_changed":false,"ocean_post_layout":"","ocean_both_sidebars_style":"","ocean_both_sidebars_content_width":0,"ocean_both_sidebars_sidebars_width":0,"ocean_sidebar":"0","ocean_second_sidebar":"0","ocean_disable_margins":"enable","ocean_add_body_class":"","ocean_shortcode_before_top_bar":"","ocean_shortcode_after_top_bar":"","ocean_shortcode_before_header":"","ocean_shortcode_after_header":"","ocean_has_shortcode":"","ocean_shortcode_after_title":"","ocean_shortcode_before_footer_widgets":"","ocean_shortcode_after_footer_widgets":"","ocean_shortcode_before_footer_bottom":"","ocean_shortcode_after_footer_bottom":"","ocean_display_top_bar":"default","ocean_display_header":"default","ocean_header_style":"","ocean_center_header_left_menu":"0","ocean_custom_header_template":"0","ocean_custom_logo":0,"ocean_custom_retina_logo":0,"ocean_custom_logo_max_width":0,"ocean_custom_logo_tablet_max_width":0,"ocean_custom_logo_mobile_max_width":0,"ocean_custom_logo_max_height":0,"ocean_custom_logo_tablet_max_height":0,"ocean_custom_logo_mobile_max_height":0,"ocean_header_custom_menu":"0","ocean_menu_typo_font_family":"0","ocean_menu_typo_font_subset":"","ocean_menu_typo_font_size":0,"ocean_menu_typo_font_size_tablet":0,"ocean_menu_typo_font_size_mobile":0,"ocean_menu_typo_font_size_unit":"px","ocean_menu_typo_font_weight":"","ocean_menu_typo_font_weight_tablet":"","ocean_menu_typo_font_weight_mobile":"","ocean_menu_typo_transform":"","ocean_menu_typo_transform_tablet":"","ocean_menu_typo_transform_mobile":"","ocean_menu_typo_line_height":0,"ocean_menu_typo_line_height_tablet":0,"ocean_menu_typo_line_height_mobile":0,"ocean_menu_typo_line_height_unit":"","ocean_menu_typo_spacing":0,"ocean_menu_typo_spacing_tablet":0,"ocean_menu_typo_spacing_mobile":0,"ocean_menu_typo_spacing_unit":"","ocean_menu_link_color":"","ocean_menu_link_color_hover":"","ocean_menu_link_color_active":"","ocean_menu_link_background":"","ocean_menu_link_hover_background":"","ocean_menu_link_active_background":"","ocean_menu_social_links_bg":"","ocean_menu_social_hover_links_bg":"","ocean_menu_social_links_color":"","ocean_menu_social_hover_links_color":"","ocean_disable_title":"default","ocean_disable_heading":"default","ocean_post_title":"","ocean_post_subheading":"","ocean_post_title_style":"background-image","ocean_post_title_background_color":"","ocean_post_title_background":0,"ocean_post_title_bg_image_position":"","ocean_post_title_bg_image_attachment":"","ocean_post_title_bg_image_repeat":"","ocean_post_title_bg_image_size":"","ocean_post_title_height":0,"ocean_post_title_bg_overlay":0.5,"ocean_post_title_bg_overlay_color":"","ocean_disable_breadcrumbs":"default","ocean_breadcrumbs_color":"","ocean_breadcrumbs_separator_color":"","ocean_breadcrumbs_links_color":"","ocean_breadcrumbs_links_hover_color":"","ocean_display_footer_widgets":"default","ocean_display_footer_bottom":"default","ocean_custom_footer_template":"0","omw_enable_modal_window":"enable","osh_disable_topbar_sticky":"default","osh_disable_header_sticky":"default","osh_sticky_header_style":"default","osh_sticky_header_effect":"","osh_custom_sticky_logo":0,"osh_custom_retina_sticky_logo":0,"osh_custom_sticky_logo_height":0,"osh_background_color":"","osh_links_color":"","osh_links_hover_color":"","osh_links_active_color":"","osh_links_bg_color":"","osh_links_hover_bg_color":"","osh_links_active_bg_color":"","osh_menu_social_links_color":"","osh_menu_social_hover_links_color":""},"ort":[321,353,337,307,308,363,370,365,341,375,311,310,360,314,313,339,354,367],"sichtbarkeit":[],"templateoption":[179],"product_brand":[],"product_cat":[182],"product_tag":[],"class_list":{"0":"post-8633","1":"product","2":"type-product","3":"status-publish","4":"has-post-thumbnail","6":"ort-cala-fornells","7":"ort-cala-mayor","8":"ort-cala-vinas","9":"ort-camp-de-mar","10":"ort-can-pastilla","11":"ort-cas-catala","12":"ort-costa-de-la-calma","13":"ort-costa-den-blanes","14":"ort-el-arenal","15":"ort-magaluf","16":"ort-paguera","17":"ort-palma-de-mallorca","18":"ort-palmanova","19":"ort-playa-de-palma","20":"ort-portals-nous","21":"ort-santa-ponsa","22":"ort-son-caliu","23":"ort-torrenova","24":"templateoption-dertrip-bc","25":"product_cat-ausfluege","27":"entry","28":"has-media","30":"first","31":"instock","32":"virtual","33":"purchasable","34":"product-type-simple","35":"has-product-nav","36":"col","37":"span_1_of_3","38":"owp-content-center","39":"owp-thumbs-layout-horizontal","40":"owp-btn-normal","41":"owp-tabs-layout-section"},"acf":[],"_links":{"self":[{"href":"https:\/\/www.dertour-reiseleitung.com\/mallorca\/wp-json\/wp\/v2\/product\/8633","targetHints":{"allow":["GET"]}}],"collection":[{"href":"https:\/\/www.dertour-reiseleitung.com\/mallorca\/wp-json\/wp\/v2\/product"}],"about":[{"href":"https:\/\/www.dertour-reiseleitung.com\/mallorca\/wp-json\/wp\/v2\/types\/product"}],"version-history":[{"count":7,"href":"https:\/\/www.dertour-reiseleitung.com\/mallorca\/wp-json\/wp\/v2\/product\/8633\/revisions"}],"predecessor-version":[{"id":14922,"href":"https:\/\/www.dertour-reiseleitung.com\/mallorca\/wp-json\/wp\/v2\/product\/8633\/revisions\/14922"}],"wp:featuredmedia":[{"embeddable":true,"href":"https:\/\/www.dertour-reiseleitung.com\/mallorca\/wp-json\/wp\/v2\/media\/8425"}],"wp:attachment":[{"href":"https:\/\/www.dertour-reiseleitung.com\/mallorca\/wp-json\/wp\/v2\/media?parent=8633"}],"wp:term":[{"taxonomy":"ort","embeddable":true,"href":"https:\/\/www.dertour-reiseleitung.com\/mallorca\/wp-json\/wp\/v2\/ort?post=8633"},{"taxonomy":"sichtbarkeit","embeddable":true,"href":"https:\/\/www.dertour-reiseleitung.com\/mallorca\/wp-json\/wp\/v2\/sichtbarkeit?post=8633"},{"taxonomy":"templateoption","embeddable":true,"href":"https:\/\/www.dertour-reiseleitung.com\/mallorca\/wp-json\/wp\/v2\/templateoption?post=8633"},{"taxonomy":"product_brand","embeddable":true,"href":"https:\/\/www.dertour-reiseleitung.com\/mallorca\/wp-json\/wp\/v2\/product_brand?post=8633"},{"taxonomy":"product_cat","embeddable":true,"href":"https:\/\/www.dertour-reiseleitung.com\/mallorca\/wp-json\/wp\/v2\/product_cat?post=8633"},{"taxonomy":"product_tag","embeddable":true,"href":"https:\/\/www.dertour-reiseleitung.com\/mallorca\/wp-json\/wp\/v2\/product_tag?post=8633"}],"curies":[{"name":"wp","href":"https:\/\/api.w.org\/{rel}","templated":true}]}}