{"id":8672,"date":"2025-03-05T18:13:40","date_gmt":"2025-03-05T17:13:40","guid":{"rendered":"https:\/\/rldev.dts.dmcit.tech\/mallorca\/aktivitaeten\/palma-stadt-inkl-kathedralenbesichtigung-und-freizeit\/"},"modified":"2026-05-12T16:54:15","modified_gmt":"2026-05-12T14:54:15","slug":"palma-stadt-inkl-kathedralenbesichtigung-und-freizeit-dds-060-1","status":"publish","type":"product","link":"https:\/\/www.dertour-reiseleitung.com\/mallorca\/aktivitaeten\/palma-stadt-inkl-kathedralenbesichtigung-und-freizeit-dds-060-1\/","title":{"rendered":"Palma Stadt inkl. Kathedralenbesichtigung und Freizeit"},"content":{"rendered":"<h3>Erleben Sie Palmas Kathedrale und mediterranes Lebensgef\u00fchl!<\/h3>\n<p>Entdecken Sie die faszinierende Metropole Palma, die Hauptstadt der Balearen und eine der meistbesuchten St\u00e4dte Europas.<\/p>\n<p>Im Herzen der Stadt befindet sich die beeindruckende gotische Kathedrale, deren Bau im 13. Jahrhundert begann und sich \u00fcber mehrere Jahrhunderte erstreckte. Palma blickt auf eine reiche Geschichte zur\u00fcck, die sowohl von den R\u00f6mern als auch von den Arabern beeinflusst wurde. Entdecken Sie die beeindruckende Kathedrale bei einer gef\u00fchrten Tour am Vormittag.<\/p>\n<p>Bummeln Sie anschlie\u00dfend auf eigene Faust durch die verwinkelten Gassen Palmas mit ihren zahlreichen Boutiquen, Designerl\u00e4den und typisch spanischen Caf\u00e9s und Restaurants. Genie\u00dfen Sie das mediterrane Flair und lassen Sie sich von der Vielfalt der Stadt verzaubern.<\/p>\n<p>Ein unvergesslicher Ausflug, um die Stadt Palma in ihrer ganzen Sch\u00f6nheit kennenzulernen!<\/p>\n<p><strong>Ausflugsveranstalter:<\/strong> Go Vacation Spain SLU, CIF: B-57828360<\/p>\n","protected":false},"excerpt":{"rendered":"<p>Erleben Sie Palmas Kathedrale und mediterranes Lebensgef\u00fchl! Entdecken Sie die faszinierende Metropole Palma, die Hauptstadt der Balearen und eine der meistbesuchten St\u00e4dte Europas. Im Herzen der Stadt befindet sich die beeindruckende gotische Kathedrale, deren Bau im 13. Jahrhundert begann und sich \u00fcber mehrere Jahrhunderte erstreckte. Palma blickt auf eine reiche Geschichte zur\u00fcck, die sowohl von [&hellip;]<\/p>\n","protected":false},"featured_media":8673,"template":"","meta":{"_acf_changed":false,"ocean_post_layout":"","ocean_both_sidebars_style":"","ocean_both_sidebars_content_width":0,"ocean_both_sidebars_sidebars_width":0,"ocean_sidebar":"0","ocean_second_sidebar":"0","ocean_disable_margins":"enable","ocean_add_body_class":"","ocean_shortcode_before_top_bar":"","ocean_shortcode_after_top_bar":"","ocean_shortcode_before_header":"","ocean_shortcode_after_header":"","ocean_has_shortcode":"","ocean_shortcode_after_title":"","ocean_shortcode_before_footer_widgets":"","ocean_shortcode_after_footer_widgets":"","ocean_shortcode_before_footer_bottom":"","ocean_shortcode_after_footer_bottom":"","ocean_display_top_bar":"default","ocean_display_header":"default","ocean_header_style":"","ocean_center_header_left_menu":"0","ocean_custom_header_template":"0","ocean_custom_logo":0,"ocean_custom_retina_logo":0,"ocean_custom_logo_max_width":0,"ocean_custom_logo_tablet_max_width":0,"ocean_custom_logo_mobile_max_width":0,"ocean_custom_logo_max_height":0,"ocean_custom_logo_tablet_max_height":0,"ocean_custom_logo_mobile_max_height":0,"ocean_header_custom_menu":"0","ocean_menu_typo_font_family":"0","ocean_menu_typo_font_subset":"","ocean_menu_typo_font_size":0,"ocean_menu_typo_font_size_tablet":0,"ocean_menu_typo_font_size_mobile":0,"ocean_menu_typo_font_size_unit":"px","ocean_menu_typo_font_weight":"","ocean_menu_typo_font_weight_tablet":"","ocean_menu_typo_font_weight_mobile":"","ocean_menu_typo_transform":"","ocean_menu_typo_transform_tablet":"","ocean_menu_typo_transform_mobile":"","ocean_menu_typo_line_height":0,"ocean_menu_typo_line_height_tablet":0,"ocean_menu_typo_line_height_mobile":0,"ocean_menu_typo_line_height_unit":"","ocean_menu_typo_spacing":0,"ocean_menu_typo_spacing_tablet":0,"ocean_menu_typo_spacing_mobile":0,"ocean_menu_typo_spacing_unit":"","ocean_menu_link_color":"","ocean_menu_link_color_hover":"","ocean_menu_link_color_active":"","ocean_menu_link_background":"","ocean_menu_link_hover_background":"","ocean_menu_link_active_background":"","ocean_menu_social_links_bg":"","ocean_menu_social_hover_links_bg":"","ocean_menu_social_links_color":"","ocean_menu_social_hover_links_color":"","ocean_disable_title":"default","ocean_disable_heading":"default","ocean_post_title":"","ocean_post_subheading":"","ocean_post_title_style":"background-image","ocean_post_title_background_color":"","ocean_post_title_background":0,"ocean_post_title_bg_image_position":"","ocean_post_title_bg_image_attachment":"","ocean_post_title_bg_image_repeat":"","ocean_post_title_bg_image_size":"","ocean_post_title_height":0,"ocean_post_title_bg_overlay":0.5,"ocean_post_title_bg_overlay_color":"","ocean_disable_breadcrumbs":"default","ocean_breadcrumbs_color":"","ocean_breadcrumbs_separator_color":"","ocean_breadcrumbs_links_color":"","ocean_breadcrumbs_links_hover_color":"","ocean_display_footer_widgets":"default","ocean_display_footer_bottom":"default","ocean_custom_footer_template":"0","omw_enable_modal_window":"enable","osh_disable_topbar_sticky":"default","osh_disable_header_sticky":"default","osh_sticky_header_style":"default","osh_sticky_header_effect":"","osh_custom_sticky_logo":0,"osh_custom_retina_sticky_logo":0,"osh_custom_sticky_logo_height":0,"osh_background_color":"","osh_links_color":"","osh_links_hover_color":"","osh_links_active_color":"","osh_links_bg_color":"","osh_links_hover_bg_color":"","osh_links_active_bg_color":"","osh_menu_social_links_color":"","osh_menu_social_hover_links_color":""},"ort":[327,312,345,321,316,353,359,322,306,369,338,346,337,336,307,308,319,324,363,315,370,340,365,341,364,309,317,375,311,310,360,318,314,313,344,357,343,305,320,342,326,339,325,354,367],"sichtbarkeit":[],"templateoption":[179],"product_brand":[],"product_cat":[182],"product_tag":[],"class_list":{"0":"post-8672","1":"product","2":"type-product","3":"status-publish","4":"has-post-thumbnail","6":"ort-cala-bona","7":"ort-cala-dor","8":"ort-cala-ferrera","9":"ort-cala-fornells","10":"ort-cala-mandia","11":"ort-cala-mayor","12":"ort-cala-mesquida","13":"ort-cala-millor","14":"ort-cala-ratjada","15":"ort-cala-romantica","16":"ort-cala-san-vicente","17":"ort-cala-santanyi","18":"ort-cala-vinas","19":"ort-calas-de-mallorca","20":"ort-camp-de-mar","21":"ort-can-pastilla","22":"ort-can-picafort","23":"ort-canyamel","24":"ort-cas-catala","25":"ort-colonia-sant-jordi","26":"ort-costa-de-la-calma","27":"ort-costa-de-los-pinos","28":"ort-costa-den-blanes","29":"ort-el-arenal","30":"ort-el-toro","31":"ort-font-de-sa-cala","32":"ort-illetas","33":"ort-magaluf","34":"ort-paguera","35":"ort-palma-de-mallorca","36":"ort-palmanova","37":"ort-playa-de-muro","38":"ort-playa-de-palma","39":"ort-portals-nous","40":"ort-porto-colom","41":"ort-porto-cristo","42":"ort-porto-petro","43":"ort-puerto-alcudia","44":"ort-puerto-de-andratx","45":"ort-puerto-de-pollensa","46":"ort-sa-coma","47":"ort-santa-ponsa","48":"ort-sillot","49":"ort-son-caliu","50":"ort-torrenova","51":"templateoption-dertrip-bc","52":"product_cat-ausfluege","54":"entry","55":"has-media","57":"first","58":"instock","59":"purchasable","60":"product-type-simple","61":"has-product-nav","62":"col","63":"span_1_of_3","64":"owp-content-center","65":"owp-thumbs-layout-horizontal","66":"owp-btn-normal","67":"owp-tabs-layout-section"},"acf":[],"_links":{"self":[{"href":"https:\/\/www.dertour-reiseleitung.com\/mallorca\/wp-json\/wp\/v2\/product\/8672","targetHints":{"allow":["GET"]}}],"collection":[{"href":"https:\/\/www.dertour-reiseleitung.com\/mallorca\/wp-json\/wp\/v2\/product"}],"about":[{"href":"https:\/\/www.dertour-reiseleitung.com\/mallorca\/wp-json\/wp\/v2\/types\/product"}],"version-history":[{"count":9,"href":"https:\/\/www.dertour-reiseleitung.com\/mallorca\/wp-json\/wp\/v2\/product\/8672\/revisions"}],"predecessor-version":[{"id":15996,"href":"https:\/\/www.dertour-reiseleitung.com\/mallorca\/wp-json\/wp\/v2\/product\/8672\/revisions\/15996"}],"wp:featuredmedia":[{"embeddable":true,"href":"https:\/\/www.dertour-reiseleitung.com\/mallorca\/wp-json\/wp\/v2\/media\/8673"}],"wp:attachment":[{"href":"https:\/\/www.dertour-reiseleitung.com\/mallorca\/wp-json\/wp\/v2\/media?parent=8672"}],"wp:term":[{"taxonomy":"ort","embeddable":true,"href":"https:\/\/www.dertour-reiseleitung.com\/mallorca\/wp-json\/wp\/v2\/ort?post=8672"},{"taxonomy":"sichtbarkeit","embeddable":true,"href":"https:\/\/www.dertour-reiseleitung.com\/mallorca\/wp-json\/wp\/v2\/sichtbarkeit?post=8672"},{"taxonomy":"templateoption","embeddable":true,"href":"https:\/\/www.dertour-reiseleitung.com\/mallorca\/wp-json\/wp\/v2\/templateoption?post=8672"},{"taxonomy":"product_brand","embeddable":true,"href":"https:\/\/www.dertour-reiseleitung.com\/mallorca\/wp-json\/wp\/v2\/product_brand?post=8672"},{"taxonomy":"product_cat","embeddable":true,"href":"https:\/\/www.dertour-reiseleitung.com\/mallorca\/wp-json\/wp\/v2\/product_cat?post=8672"},{"taxonomy":"product_tag","embeddable":true,"href":"https:\/\/www.dertour-reiseleitung.com\/mallorca\/wp-json\/wp\/v2\/product_tag?post=8672"}],"curies":[{"name":"wp","href":"https:\/\/api.w.org\/{rel}","templated":true}]}}