{"id":9507,"date":"2025-03-26T09:33:45","date_gmt":"2025-03-26T08:33:45","guid":{"rendered":"https:\/\/www.dertour-reiseleitung.com\/menorca\/aktivitaeten\/tag-auf-dem-meer-mit-ohne-transfer\/"},"modified":"2026-05-13T13:16:09","modified_gmt":"2026-05-13T11:16:09","slug":"tag-auf-dem-meer-mit-ohne-transfer-dds-001-1","status":"publish","type":"product","link":"https:\/\/www.dertour-reiseleitung.com\/menorca\/aktivitaeten\/tag-auf-dem-meer-mit-ohne-transfer-dds-001-1\/","title":{"rendered":"Tag auf dem Meer (mit\/ohne Transfer)"},"content":{"rendered":"<h3>Genie\u00dfen Sie die salzige Meeresluft<\/h3>\n<p>Nach der Einschiffung fahren Sie die Westk\u00fcste herunter und entlang der S\u00fcdk\u00fcste der Insel um verschiedene unber\u00fchrte Str\u00e4nde wie Son Saura, Cala Turqueta und Cala Macarella-Macarelleta zu besuchen. <\/p>\n<p>An einem dieser Str\u00e4nde setzen Sie den Anker und es wird Ihnen ein leckeres Mittagessen an Bord serviert (Paella und Sangria oder Erfrischungsgetr\u00e4nk).<\/p>\n<p>Genie\u00dfen Sie die salzige Meeresluft und nutzen Sie die Zwischenstopps zum Baden im kristallklaren Wasser oder entspannen Sie sich an Deck.<\/p>\n<p><strong>Ausflugsveranstalter:<\/strong>\u00a0Go Vacation Spain SLU, CIF: B-57828360<\/p>\n","protected":false},"excerpt":{"rendered":"<p>Genie\u00dfen Sie die salzige Meeresluft Nach der Einschiffung fahren Sie die Westk\u00fcste herunter und entlang der S\u00fcdk\u00fcste der Insel um verschiedene unber\u00fchrte Str\u00e4nde wie Son Saura, Cala Turqueta und Cala Macarella-Macarelleta zu besuchen. An einem dieser Str\u00e4nde setzen Sie den Anker und es wird Ihnen ein leckeres Mittagessen an Bord serviert (Paella und Sangria oder [&hellip;]<\/p>\n","protected":false},"featured_media":9509,"template":"","meta":{"_acf_changed":false,"ocean_post_layout":"","ocean_both_sidebars_style":"","ocean_both_sidebars_content_width":0,"ocean_both_sidebars_sidebars_width":0,"ocean_sidebar":"0","ocean_second_sidebar":"0","ocean_disable_margins":"enable","ocean_add_body_class":"","ocean_shortcode_before_top_bar":"","ocean_shortcode_after_top_bar":"","ocean_shortcode_before_header":"","ocean_shortcode_after_header":"","ocean_has_shortcode":"","ocean_shortcode_after_title":"","ocean_shortcode_before_footer_widgets":"","ocean_shortcode_after_footer_widgets":"","ocean_shortcode_before_footer_bottom":"","ocean_shortcode_after_footer_bottom":"","ocean_display_top_bar":"default","ocean_display_header":"default","ocean_header_style":"","ocean_center_header_left_menu":"0","ocean_custom_header_template":"0","ocean_custom_logo":0,"ocean_custom_retina_logo":0,"ocean_custom_logo_max_width":0,"ocean_custom_logo_tablet_max_width":0,"ocean_custom_logo_mobile_max_width":0,"ocean_custom_logo_max_height":0,"ocean_custom_logo_tablet_max_height":0,"ocean_custom_logo_mobile_max_height":0,"ocean_header_custom_menu":"0","ocean_menu_typo_font_family":"0","ocean_menu_typo_font_subset":"","ocean_menu_typo_font_size":0,"ocean_menu_typo_font_size_tablet":0,"ocean_menu_typo_font_size_mobile":0,"ocean_menu_typo_font_size_unit":"px","ocean_menu_typo_font_weight":"","ocean_menu_typo_font_weight_tablet":"","ocean_menu_typo_font_weight_mobile":"","ocean_menu_typo_transform":"","ocean_menu_typo_transform_tablet":"","ocean_menu_typo_transform_mobile":"","ocean_menu_typo_line_height":0,"ocean_menu_typo_line_height_tablet":0,"ocean_menu_typo_line_height_mobile":0,"ocean_menu_typo_line_height_unit":"","ocean_menu_typo_spacing":0,"ocean_menu_typo_spacing_tablet":0,"ocean_menu_typo_spacing_mobile":0,"ocean_menu_typo_spacing_unit":"","ocean_menu_link_color":"","ocean_menu_link_color_hover":"","ocean_menu_link_color_active":"","ocean_menu_link_background":"","ocean_menu_link_hover_background":"","ocean_menu_link_active_background":"","ocean_menu_social_links_bg":"","ocean_menu_social_hover_links_bg":"","ocean_menu_social_links_color":"","ocean_menu_social_hover_links_color":"","ocean_disable_title":"default","ocean_disable_heading":"default","ocean_post_title":"","ocean_post_subheading":"","ocean_post_title_style":"background-image","ocean_post_title_background_color":"","ocean_post_title_background":9513,"ocean_post_title_bg_image_position":"","ocean_post_title_bg_image_attachment":"","ocean_post_title_bg_image_repeat":"","ocean_post_title_bg_image_size":"","ocean_post_title_height":0,"ocean_post_title_bg_overlay":0.5,"ocean_post_title_bg_overlay_color":"","ocean_disable_breadcrumbs":"default","ocean_breadcrumbs_color":"","ocean_breadcrumbs_separator_color":"","ocean_breadcrumbs_links_color":"","ocean_breadcrumbs_links_hover_color":"","ocean_display_footer_widgets":"default","ocean_display_footer_bottom":"default","ocean_custom_footer_template":"0","omw_enable_modal_window":"enable","osh_disable_topbar_sticky":"default","osh_disable_header_sticky":"default","osh_sticky_header_style":"default","osh_sticky_header_effect":"","osh_custom_sticky_logo":0,"osh_custom_retina_sticky_logo":0,"osh_custom_sticky_logo_height":0,"osh_background_color":"","osh_links_color":"","osh_links_hover_color":"","osh_links_active_color":"","osh_links_bg_color":"","osh_links_hover_bg_color":"","osh_links_active_bg_color":"","osh_menu_social_links_color":"","osh_menu_social_hover_links_color":""},"ort":[458,470,467,468,461,466,463,459,465,474,464,471,460,473,469,462,472],"sichtbarkeit":[],"templateoption":[179],"product_brand":[],"product_cat":[182],"product_tag":[],"class_list":{"0":"post-9507","1":"product","2":"type-product","3":"status-publish","4":"has-post-thumbnail","6":"ort-arenal-den-castell","7":"ort-cala-biniancolla","8":"ort-cala-blanca","9":"ort-cala-canutells","10":"ort-cala-galdana","11":"ort-cala-piques","12":"ort-cala-santandria","13":"ort-calan-bosch","14":"ort-calan-porter","15":"ort-los-delfines","16":"ort-playa-de-fornells","17":"ort-punta-prima","18":"ort-salgar","19":"ort-santo-tomas","20":"ort-son-bou","21":"ort-son-parc","22":"ort-son-xoriguer","23":"templateoption-dertrip-bc","24":"product_cat-ausfluege","26":"entry","27":"has-media","29":"first","30":"instock","31":"virtual","32":"purchasable","33":"product-type-simple","34":"has-product-nav","35":"col","36":"span_1_of_3","37":"owp-content-center","38":"owp-thumbs-layout-horizontal","39":"owp-btn-normal","40":"owp-tabs-layout-section"},"acf":[],"_links":{"self":[{"href":"https:\/\/www.dertour-reiseleitung.com\/menorca\/wp-json\/wp\/v2\/product\/9507","targetHints":{"allow":["GET"]}}],"collection":[{"href":"https:\/\/www.dertour-reiseleitung.com\/menorca\/wp-json\/wp\/v2\/product"}],"about":[{"href":"https:\/\/www.dertour-reiseleitung.com\/menorca\/wp-json\/wp\/v2\/types\/product"}],"version-history":[{"count":7,"href":"https:\/\/www.dertour-reiseleitung.com\/menorca\/wp-json\/wp\/v2\/product\/9507\/revisions"}],"predecessor-version":[{"id":10072,"href":"https:\/\/www.dertour-reiseleitung.com\/menorca\/wp-json\/wp\/v2\/product\/9507\/revisions\/10072"}],"wp:featuredmedia":[{"embeddable":true,"href":"https:\/\/www.dertour-reiseleitung.com\/menorca\/wp-json\/wp\/v2\/media\/9509"}],"wp:attachment":[{"href":"https:\/\/www.dertour-reiseleitung.com\/menorca\/wp-json\/wp\/v2\/media?parent=9507"}],"wp:term":[{"taxonomy":"ort","embeddable":true,"href":"https:\/\/www.dertour-reiseleitung.com\/menorca\/wp-json\/wp\/v2\/ort?post=9507"},{"taxonomy":"sichtbarkeit","embeddable":true,"href":"https:\/\/www.dertour-reiseleitung.com\/menorca\/wp-json\/wp\/v2\/sichtbarkeit?post=9507"},{"taxonomy":"templateoption","embeddable":true,"href":"https:\/\/www.dertour-reiseleitung.com\/menorca\/wp-json\/wp\/v2\/templateoption?post=9507"},{"taxonomy":"product_brand","embeddable":true,"href":"https:\/\/www.dertour-reiseleitung.com\/menorca\/wp-json\/wp\/v2\/product_brand?post=9507"},{"taxonomy":"product_cat","embeddable":true,"href":"https:\/\/www.dertour-reiseleitung.com\/menorca\/wp-json\/wp\/v2\/product_cat?post=9507"},{"taxonomy":"product_tag","embeddable":true,"href":"https:\/\/www.dertour-reiseleitung.com\/menorca\/wp-json\/wp\/v2\/product_tag?post=9507"}],"curies":[{"name":"wp","href":"https:\/\/api.w.org\/{rel}","templated":true}]}}