{"id":9514,"date":"2025-03-26T09:34:15","date_gmt":"2025-03-26T08:34:15","guid":{"rendered":"https:\/\/www.dertour-reiseleitung.com\/menorca\/aktivitaeten\/bootsausflug-an-der-nordkueste\/"},"modified":"2026-05-13T12:29:03","modified_gmt":"2026-05-13T10:29:03","slug":"bootsausflug-an-der-nordkueste-dds-003-1","status":"publish","type":"product","link":"https:\/\/www.dertour-reiseleitung.com\/menorca\/aktivitaeten\/bootsausflug-an-der-nordkueste-dds-003-1\/","title":{"rendered":"Bootsausflug an der Nordk\u00fcste (mit\/ ohne Transfer)"},"content":{"rendered":"<h3>Ein Tag auf dem kristallklaren Meer: Entdecken Sie die Sch\u00f6nheit Menorcas!<\/h3>\n<p>Kommen Sie mit an Bord der \u201eDON JOAN\u201c im malerischen Hafen von Mahon und segeln Sie in Richtung Norden der bezaubernden Insel. Entlang der majest\u00e4tischen Steilk\u00fcste erreichen wir den traumhaften Strand von Sa Mesquida.<\/p>\n<p>Hier haben Sie die M\u00f6glichkeit, im kristallklaren Wasser zu baden oder die farbenfrohe Unterwasserwelt beim Schnorcheln zu entdecken. Die Schnorchelausr\u00fcstung steht Ihnen an Bord kostenfrei zur Verf\u00fcgung.<\/p>\n<p>Sollte das Wetter nicht mitspielen, \u00e4ndern wir unseren Kurs und segeln gen S\u00fcden nach Binibeca, einem ebenso idyllischen Ziel.<\/p>\n<p>Tauchen Sie ein in ein unvergessliches Erlebnis und lassen Sie sich von der Sch\u00f6nheit Menorcas verzaubern!<\/p>\n<p><strong>Ausflugsveranstalter:\u00a0<\/strong>Go Vacation Spain SLU, CIF: B-57828360<\/p>\n","protected":false},"excerpt":{"rendered":"<p>Ein Tag auf dem kristallklaren Meer: Entdecken Sie die Sch\u00f6nheit Menorcas! Kommen Sie mit an Bord der \u201eDON JOAN\u201c im malerischen Hafen von Mahon und segeln Sie in Richtung Norden der bezaubernden Insel. Entlang der majest\u00e4tischen Steilk\u00fcste erreichen wir den traumhaften Strand von Sa Mesquida. Hier haben Sie die M\u00f6glichkeit, im kristallklaren Wasser zu baden [&hellip;]<\/p>\n","protected":false},"featured_media":9516,"template":"","meta":{"_acf_changed":false,"ocean_post_layout":"","ocean_both_sidebars_style":"","ocean_both_sidebars_content_width":0,"ocean_both_sidebars_sidebars_width":0,"ocean_sidebar":"0","ocean_second_sidebar":"0","ocean_disable_margins":"enable","ocean_add_body_class":"","ocean_shortcode_before_top_bar":"","ocean_shortcode_after_top_bar":"","ocean_shortcode_before_header":"","ocean_shortcode_after_header":"","ocean_has_shortcode":"","ocean_shortcode_after_title":"","ocean_shortcode_before_footer_widgets":"","ocean_shortcode_after_footer_widgets":"","ocean_shortcode_before_footer_bottom":"","ocean_shortcode_after_footer_bottom":"","ocean_display_top_bar":"default","ocean_display_header":"default","ocean_header_style":"","ocean_center_header_left_menu":"0","ocean_custom_header_template":"0","ocean_custom_logo":0,"ocean_custom_retina_logo":0,"ocean_custom_logo_max_width":0,"ocean_custom_logo_tablet_max_width":0,"ocean_custom_logo_mobile_max_width":0,"ocean_custom_logo_max_height":0,"ocean_custom_logo_tablet_max_height":0,"ocean_custom_logo_mobile_max_height":0,"ocean_header_custom_menu":"0","ocean_menu_typo_font_family":"0","ocean_menu_typo_font_subset":"","ocean_menu_typo_font_size":0,"ocean_menu_typo_font_size_tablet":0,"ocean_menu_typo_font_size_mobile":0,"ocean_menu_typo_font_size_unit":"px","ocean_menu_typo_font_weight":"","ocean_menu_typo_font_weight_tablet":"","ocean_menu_typo_font_weight_mobile":"","ocean_menu_typo_transform":"","ocean_menu_typo_transform_tablet":"","ocean_menu_typo_transform_mobile":"","ocean_menu_typo_line_height":0,"ocean_menu_typo_line_height_tablet":0,"ocean_menu_typo_line_height_mobile":0,"ocean_menu_typo_line_height_unit":"","ocean_menu_typo_spacing":0,"ocean_menu_typo_spacing_tablet":0,"ocean_menu_typo_spacing_mobile":0,"ocean_menu_typo_spacing_unit":"","ocean_menu_link_color":"","ocean_menu_link_color_hover":"","ocean_menu_link_color_active":"","ocean_menu_link_background":"","ocean_menu_link_hover_background":"","ocean_menu_link_active_background":"","ocean_menu_social_links_bg":"","ocean_menu_social_hover_links_bg":"","ocean_menu_social_links_color":"","ocean_menu_social_hover_links_color":"","ocean_disable_title":"default","ocean_disable_heading":"default","ocean_post_title":"","ocean_post_subheading":"","ocean_post_title_style":"background-image","ocean_post_title_background_color":"","ocean_post_title_background":9876,"ocean_post_title_bg_image_position":"","ocean_post_title_bg_image_attachment":"","ocean_post_title_bg_image_repeat":"","ocean_post_title_bg_image_size":"","ocean_post_title_height":0,"ocean_post_title_bg_overlay":0.5,"ocean_post_title_bg_overlay_color":"","ocean_disable_breadcrumbs":"default","ocean_breadcrumbs_color":"","ocean_breadcrumbs_separator_color":"","ocean_breadcrumbs_links_color":"","ocean_breadcrumbs_links_hover_color":"","ocean_display_footer_widgets":"default","ocean_display_footer_bottom":"default","ocean_custom_footer_template":"0","omw_enable_modal_window":"enable","osh_disable_topbar_sticky":"default","osh_disable_header_sticky":"default","osh_sticky_header_style":"default","osh_sticky_header_effect":"","osh_custom_sticky_logo":0,"osh_custom_retina_sticky_logo":0,"osh_custom_sticky_logo_height":0,"osh_background_color":"","osh_links_color":"","osh_links_hover_color":"","osh_links_active_color":"","osh_links_bg_color":"","osh_links_hover_bg_color":"","osh_links_active_bg_color":"","osh_menu_social_links_color":"","osh_menu_social_hover_links_color":""},"ort":[458,470,467,468,461,466,463,459,465,474,464,471,460,473,469,462,472],"sichtbarkeit":[],"templateoption":[179],"product_brand":[],"product_cat":[182],"product_tag":[],"class_list":{"0":"post-9514","1":"product","2":"type-product","3":"status-publish","4":"has-post-thumbnail","6":"ort-arenal-den-castell","7":"ort-cala-biniancolla","8":"ort-cala-blanca","9":"ort-cala-canutells","10":"ort-cala-galdana","11":"ort-cala-piques","12":"ort-cala-santandria","13":"ort-calan-bosch","14":"ort-calan-porter","15":"ort-los-delfines","16":"ort-playa-de-fornells","17":"ort-punta-prima","18":"ort-salgar","19":"ort-santo-tomas","20":"ort-son-bou","21":"ort-son-parc","22":"ort-son-xoriguer","23":"templateoption-dertrip-bc","24":"product_cat-ausfluege","26":"entry","27":"has-media","29":"first","30":"instock","31":"product-type-simple","32":"has-product-nav","33":"col","34":"span_1_of_3","35":"owp-content-center","36":"owp-thumbs-layout-horizontal","37":"owp-btn-normal","38":"owp-tabs-layout-section"},"acf":[],"_links":{"self":[{"href":"https:\/\/www.dertour-reiseleitung.com\/menorca\/wp-json\/wp\/v2\/product\/9514","targetHints":{"allow":["GET"]}}],"collection":[{"href":"https:\/\/www.dertour-reiseleitung.com\/menorca\/wp-json\/wp\/v2\/product"}],"about":[{"href":"https:\/\/www.dertour-reiseleitung.com\/menorca\/wp-json\/wp\/v2\/types\/product"}],"version-history":[{"count":5,"href":"https:\/\/www.dertour-reiseleitung.com\/menorca\/wp-json\/wp\/v2\/product\/9514\/revisions"}],"predecessor-version":[{"id":10066,"href":"https:\/\/www.dertour-reiseleitung.com\/menorca\/wp-json\/wp\/v2\/product\/9514\/revisions\/10066"}],"wp:featuredmedia":[{"embeddable":true,"href":"https:\/\/www.dertour-reiseleitung.com\/menorca\/wp-json\/wp\/v2\/media\/9516"}],"wp:attachment":[{"href":"https:\/\/www.dertour-reiseleitung.com\/menorca\/wp-json\/wp\/v2\/media?parent=9514"}],"wp:term":[{"taxonomy":"ort","embeddable":true,"href":"https:\/\/www.dertour-reiseleitung.com\/menorca\/wp-json\/wp\/v2\/ort?post=9514"},{"taxonomy":"sichtbarkeit","embeddable":true,"href":"https:\/\/www.dertour-reiseleitung.com\/menorca\/wp-json\/wp\/v2\/sichtbarkeit?post=9514"},{"taxonomy":"templateoption","embeddable":true,"href":"https:\/\/www.dertour-reiseleitung.com\/menorca\/wp-json\/wp\/v2\/templateoption?post=9514"},{"taxonomy":"product_brand","embeddable":true,"href":"https:\/\/www.dertour-reiseleitung.com\/menorca\/wp-json\/wp\/v2\/product_brand?post=9514"},{"taxonomy":"product_cat","embeddable":true,"href":"https:\/\/www.dertour-reiseleitung.com\/menorca\/wp-json\/wp\/v2\/product_cat?post=9514"},{"taxonomy":"product_tag","embeddable":true,"href":"https:\/\/www.dertour-reiseleitung.com\/menorca\/wp-json\/wp\/v2\/product_tag?post=9514"}],"curies":[{"name":"wp","href":"https:\/\/api.w.org\/{rel}","templated":true}]}}